{"id":10381,"date":"2021-11-03T08:15:03","date_gmt":"2021-11-03T07:15:03","guid":{"rendered":"https:\/\/mdw.ac.at\/altemusik\/?page_id=10381"},"modified":"2026-03-08T12:31:02","modified_gmt":"2026-03-08T11:31:02","slug":"michael-meixner-2","status":"publish","type":"page","link":"https:\/\/mdw.ac.at\/altemusik\/lehrende\/michael-meixner-2\/","title":{"rendered":"Michael MEIXNER (Inst. 6)"},"content":{"rendered":"<div class=\"flex_column av_two_fifth  flex_column_div av-zero-column-padding first  avia-builder-el-0  el_before_av_three_fifth  avia-builder-el-first  \" style='border-radius:0px; '><div class='avia-image-container  av-styling-    avia-builder-el-1  avia-builder-el-no-sibling   avia-align-center '  itemprop=\"image\" itemscope=\"itemscope\" itemtype=\"https:\/\/schema.org\/ImageObject\"  ><div class='avia-image-container-inner'><div class='avia-image-overlay-wrap'><img class='avia_image' src='https:\/\/mdw.ac.at\/altemusik\/blog2\/wp-content\/uploads\/2021\/11\/webacc-604x1030.png' alt='Michael MEIXNER' title='Michael MEIXNER' height=\"1030\" width=\"604\"  itemprop=\"thumbnailUrl\"  \/><\/div><\/div><\/div><\/div>\n<div class=\"flex_column av_three_fifth  flex_column_div av-zero-column-padding   avia-builder-el-2  el_after_av_two_fifth  el_before_av_one_full  \" style='border-radius:0px; '><section class=\"av_textblock_section \"  itemscope=\"itemscope\" itemtype=\"https:\/\/schema.org\/CreativeWork\" ><div class='avia_textblock  '   itemprop=\"text\" ><h2>Michael MEIXNER (Inst. 6)<\/h2>\n<\/div><\/section><br \/>\n<section class=\"av_textblock_section \"  itemscope=\"itemscope\" itemtype=\"https:\/\/schema.org\/CreativeWork\" ><div class='avia_textblock  '   itemprop=\"text\" ><h5>Geh\u00f6rschulung Alte Musik<\/h5>\n<\/div><\/section><br \/>\n<div style='height:20px' class='hr hr-invisible   avia-builder-el-5  el_after_av_textblock  el_before_av_textblock  '><span class='hr-inner ' ><span class='hr-inner-style'><\/span><\/span><\/div><br \/>\n<section class=\"av_textblock_section \"  itemscope=\"itemscope\" itemtype=\"https:\/\/schema.org\/CreativeWork\" ><div class='avia_textblock  '   itemprop=\"text\" ><div>\n<p>Michael Meixner wurde 1962 geboren, zeigte sehr fr\u00fch schon musikalische Neigung und durchlief von fr\u00fcher Jugend an eine reichhaltige musikalische Ausbildung (Violine, Klavier, Orgel). Diese setzte sich schlie\u00dflich an der Universit\u00e4t f\u00fcr Musik und darstellende Kunst in Wien in den F\u00e4chern Komposition (Neumann, Urbanner), Kirchenmusik (u.a Planyavsky) und Dirigieren fort.<\/p>\n<div>Seit fast 30 Jahren unterrichtet er am selben Haus Musiktheorie, Geh\u00f6rbildung, Analyse, Notation, Improvisation u.v.m. mit einem stark ausgepr\u00e4gten Schwerpunkt in Theorie und Praxis der alten Musik. Das Hauptinteresse liegt hier vor allem in der praktischen Anwendung &#8211; daraus folgend besch\u00e4ftigt er sich vor allem mit historisch informierter P\u00e4dagogik in diesen F\u00e4chern.<\/div>\n<\/div>\n<\/div><\/section><\/p><\/div><div class=\"flex_column av_one_full  flex_column_div av-zero-column-padding first  avia-builder-el-7  el_after_av_three_fifth  avia-builder-el-last  \" style='border-radius:0px; '><div class='avia-buttonrow-wrap avia-buttonrow-right   avia-builder-el-8  avia-builder-el-no-sibling  '>\n<a href='https:\/\/online.mdw.ac.at\/mdw_online\/pl\/ui\/$ctx\/visitenkarte.show_vcard?pPersonenId=02B750591C2ABAD0&pPersonenGruppe=3'  class='avia-button  avia-icon_select-no avia-color-theme-color avia-size-small '  target=\"_blank\"  style='margin-bottom:5px; margin-left:5px; ' ><span class='avia_iconbox_title' >Visitenkarte<\/span><\/a>\n<a href='https:\/\/online.mdw.ac.at\/mdw_online\/pl\/ui\/$ctx\/wblvangebot.wbshowlvoffer?ppersonnr=18590'  class='avia-button  avia-icon_select-no avia-color-theme-color avia-size-small '  target=\"_blank\"  style='margin-bottom:5px; margin-left:5px; ' ><span class='avia_iconbox_title' >Lehrveranstaltungen<\/span><\/a>\n<\/div><\/div><\/p>\n","protected":false},"excerpt":{"rendered":"","protected":false},"author":18,"featured_media":0,"parent":257,"menu_order":0,"comment_status":"closed","ping_status":"closed","template":"","meta":{"_price":"","_stock":"","_tribe_ticket_header":"","_tribe_default_ticket_provider":"","_tribe_ticket_capacity":"","_ticket_start_date":"","_ticket_end_date":"","_tribe_ticket_show_description":"","_tribe_ticket_show_not_going":false,"_tribe_ticket_use_global_stock":"","_tribe_ticket_global_stock_level":"","_global_stock_mode":"","_global_stock_cap":"","_tribe_rsvp_for_event":"","_tribe_ticket_going_count":"","_tribe_ticket_not_going_count":"","_tribe_tickets_list":"[]","_tribe_ticket_has_attendee_info_fields":false,"footnotes":""},"class_list":["post-10381","page","type-page","status-publish","hentry"],"_links":{"self":[{"href":"https:\/\/mdw.ac.at\/altemusik\/wp-json\/wp\/v2\/pages\/10381","targetHints":{"allow":["GET"]}}],"collection":[{"href":"https:\/\/mdw.ac.at\/altemusik\/wp-json\/wp\/v2\/pages"}],"about":[{"href":"https:\/\/mdw.ac.at\/altemusik\/wp-json\/wp\/v2\/types\/page"}],"author":[{"embeddable":true,"href":"https:\/\/mdw.ac.at\/altemusik\/wp-json\/wp\/v2\/users\/18"}],"replies":[{"embeddable":true,"href":"https:\/\/mdw.ac.at\/altemusik\/wp-json\/wp\/v2\/comments?post=10381"}],"version-history":[{"count":12,"href":"https:\/\/mdw.ac.at\/altemusik\/wp-json\/wp\/v2\/pages\/10381\/revisions"}],"predecessor-version":[{"id":18876,"href":"https:\/\/mdw.ac.at\/altemusik\/wp-json\/wp\/v2\/pages\/10381\/revisions\/18876"}],"up":[{"embeddable":true,"href":"https:\/\/mdw.ac.at\/altemusik\/wp-json\/wp\/v2\/pages\/257"}],"wp:attachment":[{"href":"https:\/\/mdw.ac.at\/altemusik\/wp-json\/wp\/v2\/media?parent=10381"}],"curies":[{"name":"wp","href":"https:\/\/api.w.org\/{rel}","templated":true}]}}