{"id":10448,"date":"2021-11-06T13:02:24","date_gmt":"2021-11-06T12:02:24","guid":{"rendered":"https:\/\/mdw.ac.at\/altemusik\/?page_id=10448"},"modified":"2026-03-08T12:32:57","modified_gmt":"2026-03-08T11:32:57","slug":"bernhard-rainer-2","status":"publish","type":"page","link":"https:\/\/mdw.ac.at\/altemusik\/lehrende\/bernhard-rainer-2\/","title":{"rendered":"Bernhard RAINER"},"content":{"rendered":"<div class=\"flex_column av_two_fifth  flex_column_div av-zero-column-padding first  avia-builder-el-0  el_before_av_three_fifth  avia-builder-el-first  \" style='border-radius:0px; '><div class='avia-image-container  av-styling-    avia-builder-el-1  avia-builder-el-no-sibling   avia-align-center '  itemprop=\"image\" itemscope=\"itemscope\" itemtype=\"https:\/\/schema.org\/ImageObject\"  ><div class='avia-image-container-inner'><div class='avia-image-overlay-wrap'><a href=\"https:\/\/mdw.ac.at\/altemusik\/blog2\/wp-content\/uploads\/2021\/11\/Bernhard-Rainer-barock-678x1030.jpg\" class='avia_image'   data-rel=\"lightbox-image-0\" data-rl_title=\"\" data-rl_caption=\"\"><img class='avia_image ' src='https:\/\/mdw.ac.at\/altemusik\/blog2\/wp-content\/uploads\/2021\/11\/Bernhard-Rainer-barock-678x1030.jpg' alt='' title=''  itemprop=\"thumbnailUrl\"  \/><\/a><\/div><\/div><\/div><\/div>\n<div class=\"flex_column av_three_fifth  flex_column_div av-zero-column-padding   avia-builder-el-2  el_after_av_two_fifth  el_before_av_buttonrow  \" style='border-radius:0px; '><section class=\"av_textblock_section \"  itemscope=\"itemscope\" itemtype=\"https:\/\/schema.org\/CreativeWork\" ><div class='avia_textblock  '   itemprop=\"text\" ><h2>Bernhard RAINER<\/h2>\n<\/div><\/section><br \/>\n<section class=\"av_textblock_section \"  itemscope=\"itemscope\" itemtype=\"https:\/\/schema.org\/CreativeWork\" ><div class='avia_textblock  '   itemprop=\"text\" ><h5>Historische Posauneninstrumente<\/h5>\n<\/div><\/section><br \/>\n<div style='height:20px' class='hr hr-invisible   avia-builder-el-5  el_after_av_textblock  el_before_av_textblock  '><span class='hr-inner ' ><span class='hr-inner-style'><\/span><\/span><\/div><br \/>\n<section class=\"av_textblock_section \"  itemscope=\"itemscope\" itemtype=\"https:\/\/schema.org\/CreativeWork\" ><div class='avia_textblock  '   itemprop=\"text\" ><p>Bernhard Rainer wurde 1974 in Zell am See in \u00d6sterreich geboren. Nach dem Schulbesuch in seiner Heimat folgte ein Musikstudium im Fach Posaune in Graz (Hochschule f\u00fcr Musik) und Wien (Universit\u00e4t f\u00fcr Musik). Anschlie\u00dfend bildete er sich in London (Royal Academy of Music) und Basel (Schola Cantorum) weiter. Des Weiteren besch\u00e4ftigte er sich autodidaktisch mit Zink, Block- und Traversfl\u00f6ten und nahm privaten Unterricht in historischem Gesang.<\/p>\n<p>2018 erfolgt eine Promotion in Musikwissenschaft mit einer Arbeit zu Instrumentalisten im 16. Jahrhundert.<\/p>\n<p>Bernhard Rainer h\u00e4lt Vorlesungen \u00fcber Historische Auff\u00fchrungspraxis am IES abroad in Wien und unterrichtet Historische Posaune sowie Theorie Alte Musik an der Kunstuniversit\u00e4t Graz.<\/p>\n<p>Sein T\u00e4tigkeitsbereich als freiberuflicher Musiker erstreckt sich auf zahlreiche Ensembles und Orchester der internationalen Originalklang-Szene wie zum Beispiel: Wiener Akademie, Clemencic Consort, Concerto Palatino, Amsterdam Baroque Orchestra, Collegium 1704, Akademie f\u00fcr Alte Musik Berlin, Concerto K\u00f6ln und Freiburger Barockorchester.<\/p>\n<p><a href=\"http:\/\/bernhard-rainer.com\">http:\/\/bernhard-rainer.com<\/a><\/p>\n<\/div><\/section><\/p><\/div><div class='avia-buttonrow-wrap avia-buttonrow-right   avia-builder-el-7  el_after_av_three_fifth  avia-builder-el-last  '>\n<a href='https:\/\/online.mdw.ac.at\/mdw_online\/pl\/ui\/$ctx\/visitenkarte.show_vcard?pPersonenId=E8F566AFF37B272F&pPersonenGruppe=3'  class='avia-button  avia-icon_select-no avia-color-theme-color avia-size-small '  target=\"_blank\"  style='margin-bottom:5px; margin-left:5px; ' ><span class='avia_iconbox_title' >Visitenkarte<\/span><\/a>\n<a href='https:\/\/online.mdw.ac.at\/mdw_online\/pl\/ui\/$ctx\/wblvangebot.wbshowlvoffer?ppersonnr=38390'  class='avia-button  avia-icon_select-no avia-color-theme-color avia-size-small '  target=\"_blank\"  style='margin-bottom:5px; margin-left:5px; ' ><span class='avia_iconbox_title' >Lehrveranstaltungen<\/span><\/a>\n<\/div><\/p>\n","protected":false},"excerpt":{"rendered":"","protected":false},"author":1,"featured_media":0,"parent":257,"menu_order":0,"comment_status":"closed","ping_status":"closed","template":"","meta":{"_price":"","_stock":"","_tribe_ticket_header":"","_tribe_default_ticket_provider":"","_tribe_ticket_capacity":"","_ticket_start_date":"","_ticket_end_date":"","_tribe_ticket_show_description":"","_tribe_ticket_show_not_going":false,"_tribe_ticket_use_global_stock":"","_tribe_ticket_global_stock_level":"","_global_stock_mode":"","_global_stock_cap":"","_tribe_rsvp_for_event":"","_tribe_ticket_going_count":"","_tribe_ticket_not_going_count":"","_tribe_tickets_list":"[]","_tribe_ticket_has_attendee_info_fields":false,"footnotes":""},"class_list":["post-10448","page","type-page","status-publish","hentry"],"_links":{"self":[{"href":"https:\/\/mdw.ac.at\/altemusik\/wp-json\/wp\/v2\/pages\/10448","targetHints":{"allow":["GET"]}}],"collection":[{"href":"https:\/\/mdw.ac.at\/altemusik\/wp-json\/wp\/v2\/pages"}],"about":[{"href":"https:\/\/mdw.ac.at\/altemusik\/wp-json\/wp\/v2\/types\/page"}],"author":[{"embeddable":true,"href":"https:\/\/mdw.ac.at\/altemusik\/wp-json\/wp\/v2\/users\/1"}],"replies":[{"embeddable":true,"href":"https:\/\/mdw.ac.at\/altemusik\/wp-json\/wp\/v2\/comments?post=10448"}],"version-history":[{"count":4,"href":"https:\/\/mdw.ac.at\/altemusik\/wp-json\/wp\/v2\/pages\/10448\/revisions"}],"predecessor-version":[{"id":18877,"href":"https:\/\/mdw.ac.at\/altemusik\/wp-json\/wp\/v2\/pages\/10448\/revisions\/18877"}],"up":[{"embeddable":true,"href":"https:\/\/mdw.ac.at\/altemusik\/wp-json\/wp\/v2\/pages\/257"}],"wp:attachment":[{"href":"https:\/\/mdw.ac.at\/altemusik\/wp-json\/wp\/v2\/media?parent=10448"}],"curies":[{"name":"wp","href":"https:\/\/api.w.org\/{rel}","templated":true}]}}