{"id":1147,"date":"2019-07-13T13:30:40","date_gmt":"2019-07-13T11:30:40","guid":{"rendered":"https:\/\/www.mdw.ac.at\/altemusik\/?page_id=1147"},"modified":"2026-02-26T11:35:42","modified_gmt":"2026-02-26T10:35:42","slug":"das-institut","status":"publish","type":"page","link":"https:\/\/mdw.ac.at\/altemusik\/das-institut\/","title":{"rendered":"Das Institut"},"content":{"rendered":"<div class=\"flex_column av_one_full  av-hide-on-mobile  flex_column_div av-zero-column-padding first  avia-builder-el-0  el_before_av_one_full  avia-builder-el-first   \" style='border-radius:0px; '><div class='avia-image-container  av-styling-  av-has-copyright av-copyright-icon-reveal   avia-builder-el-1  avia-builder-el-no-sibling   avia-align-center '  itemprop=\"image\" itemscope=\"itemscope\" itemtype=\"https:\/\/schema.org\/ImageObject\"  ><div class='avia-image-container-inner'><div class='avia-image-overlay-wrap'><img class='avia_image' src='https:\/\/mdw.ac.at\/altemusik\/blog2\/wp-content\/uploads\/2022\/10\/AMI-by-Theresa-Pewal-8-1-1030x687.jpg' alt='' title='AMI-by-Theresa-Pewal-8' height=\"687\" width=\"1030\"  itemprop=\"thumbnailUrl\"  \/><\/div><small class='avia-copyright'>\u00a92022 Theresa Pewal<\/small><\/div><\/div><\/div>\n<div class=\"flex_column av_one_full  flex_column_div av-zero-column-padding first  avia-builder-el-2  el_after_av_one_full  el_before_av_three_fourth  column-top-margin\" style='border-radius:0px; '><section class=\"av_textblock_section \"  itemscope=\"itemscope\" itemtype=\"https:\/\/schema.org\/CreativeWork\" ><div class='avia_textblock  '   itemprop=\"text\" ><h1>Das Institut<\/h1>\n<\/div><\/section><br \/>\n<div style='height:10px' class='hr hr-invisible   avia-builder-el-4  el_after_av_textblock  avia-builder-el-last  '><span class='hr-inner ' ><span class='hr-inner-style'><\/span><\/span><\/div><\/p><\/div>\n<div class=\"flex_column av_three_fourth  flex_column_div av-zero-column-padding first  avia-builder-el-5  el_after_av_one_full  el_before_av_one_fourth  column-top-margin\" style='border-radius:0px; '><section class=\"av_textblock_section \"  itemscope=\"itemscope\" itemtype=\"https:\/\/schema.org\/CreativeWork\" ><div class='avia_textblock  '   itemprop=\"text\" ><h5>Institutsleitung<\/h5>\n<p><a href=\"https:\/\/mdw.ac.at\/altemusik\/lehrende\/eugene-michelangeli\/\">Mag. art. Eug\u00e8ne MICHELANGELI<\/a> (Institutsleiter)<br \/>\n<a href=\"https:\/\/mdw.ac.at\/altemusik\/lehrende\/johannes-weiss\/\">Johannes WEISS, SenL<\/a> (stv. Institutsleiter)<br \/>\n<a href=\"https:\/\/mdw.ac.at\/altemusik\/lehrende\/magdalena-hasibeder\/\">Magdalena HASIBEDER, Mag.art., MA<\/a> (stv. Institutsleiterin)<\/p>\n<\/div><\/section><br \/>\n<div style='height:20px' class='hr hr-invisible   avia-builder-el-7  el_after_av_textblock  el_before_av_textblock  '><span class='hr-inner ' ><span class='hr-inner-style'><\/span><\/span><\/div><br \/>\n<section class=\"av_textblock_section \"  itemscope=\"itemscope\" itemtype=\"https:\/\/schema.org\/CreativeWork\" ><div class='avia_textblock  '   itemprop=\"text\" ><h5>B\u00fcro<\/h5>\n<p><a href=\"https:\/\/mdw.ac.at\/altemusik\/birgit-ursula-baumgartner\/\">Birgit Ursula BAUMGARTNER<\/a><\/p>\n<\/div><\/section><br \/>\n<div style='height:20px' class='hr hr-invisible   avia-builder-el-9  el_after_av_textblock  el_before_av_textblock  '><span class='hr-inner ' ><span class='hr-inner-style'><\/span><\/span><\/div><br \/>\n<section class=\"av_textblock_section \"  itemscope=\"itemscope\" itemtype=\"https:\/\/schema.org\/CreativeWork\" ><div class='avia_textblock  '   itemprop=\"text\" ><h5>Veranstaltungsmanagement \/ Disposition Tasteninstrumente<\/h5>\n<p><a href=\"https:\/\/mdw.ac.at\/altemusik\/lehrende\/marco-primultini\/\">Marco PRIMULTINI<\/a><\/p>\n<\/div><\/section><\/p><\/div><div class=\"flex_column av_one_fourth  flex_column_div av-zero-column-padding   avia-builder-el-11  el_after_av_three_fourth  el_before_av_hr  column-top-margin\" style='border-radius:0px; '><p><div class='avia-button-wrap avia-button-left  avia-builder-el-12  el_before_av_button  avia-builder-el-first  '><a href='https:\/\/online.mdw.ac.at\/mdw_online\/wborg.display?pOrgNr=504146'  class='avia-button   avia-icon_select-no avia-color-theme-color avia-size-small avia-position-left '  target=\"_blank\"   ><span class='avia_iconbox_title' >mdw.online<\/span><\/a><\/div><br \/>\n<div class='avia-button-wrap avia-button-left  avia-builder-el-13  el_after_av_button  avia-builder-el-last  '><a href='https:\/\/mdw.ac.at\/altemusik\/blog2\/wp-content\/uploads\/2025\/05\/iAM2025_FOL.pdf'  class='avia-button   avia-icon_select-yes-left-icon avia-color-theme-color avia-size-small avia-position-left '  target=\"_blank\"   ><span class='avia_button_icon avia_button_icon_left ' aria-hidden='true' data-av_icon='\ue82d' data-av_iconfont='entypo-fontello'><\/span><span class='avia_iconbox_title' >aktuelle Brosch\u00fcre<\/span><\/a><\/div><\/p><\/div><\/p>\n<div style='height:20px' class='hr hr-invisible   avia-builder-el-14  el_after_av_one_fourth  el_before_av_one_full  '><span class='hr-inner ' ><span class='hr-inner-style'><\/span><\/span><\/div>\n<div class=\"flex_column av_one_full  flex_column_div av-zero-column-padding first  avia-builder-el-15  el_after_av_hr  avia-builder-el-last  \" style='border-radius:0px; '><section class=\"av_textblock_section \"  itemscope=\"itemscope\" itemtype=\"https:\/\/schema.org\/CreativeWork\" ><div class='avia_textblock  '   itemprop=\"text\" ><p>Das\u00a0<em>Institut f\u00fcr Alte Musik<\/em>\u00a0der\u00a0<em>Universit\u00e4t f\u00fcr Musik und darstellende Kunst Wien<\/em> hat zum Ziel, an dieser Universit\u00e4t die zentrale Stelle f\u00fcr historisch informierte Auff\u00fchrungspraxis f\u00fcr Instrumentalist_innen und S\u00e4nger_innen zu sein. Ein international anerkanntes all-round Institut, an dem ein Verst\u00e4ndnis f\u00fcr die \u00c4sthetik der abendl\u00e4ndischen Musik von ca. 1550 bis 1850 vermittelt wird, soll etabliert werden. Ein spezielles Augenmerk wird auf Wiener und \u00d6sterreichische Musik gelegt, insbesondere auf die Musik am Kaiserhof im 17. Jahrhundert und die Wiener Klassik. Theoretische und praktische Kenntnisse bilden die Grundlagen f\u00fcr eine eigenst\u00e4ndige k\u00fcnstlerische Auseinandersetzung mit dem entsprechenden Repertoire.<\/p>\n<\/div><\/section><\/div>\n","protected":false},"excerpt":{"rendered":"","protected":false},"author":1,"featured_media":0,"parent":0,"menu_order":0,"comment_status":"closed","ping_status":"closed","template":"","meta":{"_price":"","_stock":"","_tribe_ticket_header":"","_tribe_default_ticket_provider":"","_tribe_ticket_capacity":"","_ticket_start_date":"","_ticket_end_date":"","_tribe_ticket_show_description":"","_tribe_ticket_show_not_going":false,"_tribe_ticket_use_global_stock":"","_tribe_ticket_global_stock_level":"","_global_stock_mode":"","_global_stock_cap":"","_tribe_rsvp_for_event":"","_tribe_ticket_going_count":"","_tribe_ticket_not_going_count":"","_tribe_tickets_list":"[]","_tribe_ticket_has_attendee_info_fields":false,"footnotes":""},"class_list":["post-1147","page","type-page","status-publish","hentry"],"_links":{"self":[{"href":"https:\/\/mdw.ac.at\/altemusik\/wp-json\/wp\/v2\/pages\/1147","targetHints":{"allow":["GET"]}}],"collection":[{"href":"https:\/\/mdw.ac.at\/altemusik\/wp-json\/wp\/v2\/pages"}],"about":[{"href":"https:\/\/mdw.ac.at\/altemusik\/wp-json\/wp\/v2\/types\/page"}],"author":[{"embeddable":true,"href":"https:\/\/mdw.ac.at\/altemusik\/wp-json\/wp\/v2\/users\/1"}],"replies":[{"embeddable":true,"href":"https:\/\/mdw.ac.at\/altemusik\/wp-json\/wp\/v2\/comments?post=1147"}],"version-history":[{"count":82,"href":"https:\/\/mdw.ac.at\/altemusik\/wp-json\/wp\/v2\/pages\/1147\/revisions"}],"predecessor-version":[{"id":18525,"href":"https:\/\/mdw.ac.at\/altemusik\/wp-json\/wp\/v2\/pages\/1147\/revisions\/18525"}],"wp:attachment":[{"href":"https:\/\/mdw.ac.at\/altemusik\/wp-json\/wp\/v2\/media?parent=1147"}],"curies":[{"name":"wp","href":"https:\/\/api.w.org\/{rel}","templated":true}]}}