{"id":12868,"date":"2023-01-07T11:07:12","date_gmt":"2023-01-07T10:07:12","guid":{"rendered":"https:\/\/mdw.ac.at\/altemusik\/?page_id=12868"},"modified":"2026-02-27T15:19:34","modified_gmt":"2026-02-27T14:19:34","slug":"forschung","status":"publish","type":"page","link":"https:\/\/mdw.ac.at\/altemusik\/forschung\/","title":{"rendered":"Forschung"},"content":{"rendered":"<div class=\"flex_column av_two_fifth  flex_column_div av-zero-column-padding first  avia-builder-el-0  el_before_av_three_fifth  avia-builder-el-first  \" style='border-radius:0px; '><div class='avia-image-container  av-styling-    avia-builder-el-1  avia-builder-el-no-sibling   avia-align-center '  itemprop=\"image\" itemscope=\"itemscope\" itemtype=\"https:\/\/schema.org\/ImageObject\"  ><div class='avia-image-container-inner'><div class='avia-image-overlay-wrap'><img class='avia_image' src='https:\/\/mdw.ac.at\/altemusik\/blog2\/wp-content\/uploads\/2023\/01\/Kircher_-Musurgia_universalis-_musical_organ_with_diagram_Wellcome_L0025813-699x1030.jpg' alt='' title='L0025813 Kircher, &quot;Musurgia universalis&quot;: musical organ with diagram' height=\"1030\" width=\"699\"  itemprop=\"thumbnailUrl\"  \/><\/div><\/div><\/div><\/div>\n<div class=\"flex_column av_three_fifth  flex_column_div av-zero-column-padding   avia-builder-el-2  el_after_av_two_fifth  el_before_av_hr  \" style='border-radius:0px; '><section class=\"av_textblock_section \"  itemscope=\"itemscope\" itemtype=\"https:\/\/schema.org\/CreativeWork\" ><div class='avia_textblock  '   itemprop=\"text\" ><h2>Forschung<\/h2>\n<\/div><\/section><br \/>\n<div style='height:30px' class='hr hr-invisible   avia-builder-el-4  el_after_av_textblock  el_before_av_textblock  '><span class='hr-inner ' ><span class='hr-inner-style'><\/span><\/span><\/div><br \/>\n<section class=\"av_textblock_section \"  itemscope=\"itemscope\" itemtype=\"https:\/\/schema.org\/CreativeWork\" ><div class='avia_textblock  '   itemprop=\"text\" ><p>Die Auseinandersetzung mit historischen Quellen ist ein wesentlicher Bestandteil der Historischen Auff\u00fchrungspraxis und somit hat die Forschung einen wichtigen Platz am Institut f\u00fcr Alte Musik.<\/p>\n<p>Wir besch\u00e4ftigen uns damit, Musik wiederzuentdecken und alten Handschriften in unserer musikalisch-k\u00fcnstlerischen T\u00e4tigkeit neues Leben einzuhauchen. Dazu geh\u00f6ren Forschungen an historischen Instrumenten und die Anschaffung von spezifischen Nachbauten, um auch den Studierenden die M\u00f6glichkeit zu bieten, praxisnah wissenschaftlich zu arbeiten.<\/p>\n<p>Die Forschungst\u00e4tigkeit des Instituts schl\u00e4gt sich somit auch in den Arbeiten der Studierenden nieder.<\/p>\n<p>Eine Reihe mit Publikationen zu Alter Musik ist aktuell in Arbeit.<\/p>\n<\/div><\/section><\/p><\/div>\n<div style='height:50px' class='hr hr-invisible   avia-builder-el-6  el_after_av_three_fifth  el_before_av_one_fourth  '><span class='hr-inner ' ><span class='hr-inner-style'><\/span><\/span><\/div>\n<div class=\"flex_column av_one_fourth  flex_column_div av-zero-column-padding avia-link-column av-column-link first  avia-builder-el-7  el_after_av_hr  el_before_av_one_fourth   \" style='border-radius:0px; ' data-link-column-url=\"https:\/\/mdw.ac.at\/altemusik\/forschung\/publikationen\/wissenschaftliche-publikationen\/\" ><a class=\"av-screen-reader-only\" href=https:\/\/mdw.ac.at\/altemusik\/forschung\/publikationen\/wissenschaftliche-publikationen\/ >Link to: Wissenschaftliche Publikationen<\/a><section class=\"av_textblock_section \"  itemscope=\"itemscope\" itemtype=\"https:\/\/schema.org\/CreativeWork\" ><div class='avia_textblock  '   itemprop=\"text\" ><h4>Wiss. Publikationen<\/h4>\n<\/div><\/section><br \/>\n<div style='height:15px' class='hr hr-invisible   avia-builder-el-9  el_after_av_textblock  el_before_av_image  '><span class='hr-inner ' ><span class='hr-inner-style'><\/span><\/span><\/div><br \/>\n<div class='avia-image-container  av-styling-    avia-builder-el-10  el_after_av_hr  avia-builder-el-last   avia-align-center '  itemprop=\"image\" itemscope=\"itemscope\" itemtype=\"https:\/\/schema.org\/ImageObject\"  ><div class='avia-image-container-inner'><div class='avia-image-overlay-wrap'><img class='avia_image' src='https:\/\/mdw.ac.at\/altemusik\/blog2\/wp-content\/uploads\/2023\/01\/apidqpjmq__36246-e1673099188282-495x400.jpg' alt='' title='apidqpjmq__36246' height=\"400\" width=\"495\"  itemprop=\"thumbnailUrl\"  \/><\/div><\/div><\/div><\/p><\/div>\n<div class=\"flex_column av_one_fourth  flex_column_div av-zero-column-padding avia-link-column av-column-link   avia-builder-el-11  el_after_av_one_fourth  el_before_av_one_fourth   \" style='border-radius:0px; ' data-link-column-url=\"https:\/\/mdw.ac.at\/altemusik\/forschung\/publikationen\/musikeditionen\/\" ><a class=\"av-screen-reader-only\" href=https:\/\/mdw.ac.at\/altemusik\/forschung\/publikationen\/musikeditionen\/ >Link to: Musikeditionen<\/a><section class=\"av_textblock_section \"  itemscope=\"itemscope\" itemtype=\"https:\/\/schema.org\/CreativeWork\" ><div class='avia_textblock  '   itemprop=\"text\" ><h4>Musikeditionen<\/h4>\n<\/div><\/section><br \/>\n<div style='height:15px' class='hr hr-invisible   avia-builder-el-13  el_after_av_textblock  el_before_av_image  '><span class='hr-inner ' ><span class='hr-inner-style'><\/span><\/span><\/div><br \/>\n<div class='avia-image-container  av-styling-    avia-builder-el-14  el_after_av_hr  avia-builder-el-last   avia-align-center '  itemprop=\"image\" itemscope=\"itemscope\" itemtype=\"https:\/\/schema.org\/ImageObject\"  ><div class='avia-image-container-inner'><div class='avia-image-overlay-wrap'><img class='avia_image' src='https:\/\/mdw.ac.at\/altemusik\/blog2\/wp-content\/uploads\/2023\/01\/DTL_4252428-Kopie_Seite_020_Bild_0001-e1673092619969-495x400.jpg' alt='' title='DTL_4252428 - Kopie_Seite_020_Bild_0001' height=\"400\" width=\"495\"  itemprop=\"thumbnailUrl\"  \/><\/div><\/div><\/div><\/p><\/div>\n<div class=\"flex_column av_one_fourth  flex_column_div av-zero-column-padding avia-link-column av-column-link   avia-builder-el-15  el_after_av_one_fourth  avia-builder-el-last   \" style='border-radius:0px; ' data-link-column-url=\"https:\/\/mdw.ac.at\/altemusik\/instrumentenbau\/\" ><a class=\"av-screen-reader-only\" href=https:\/\/mdw.ac.at\/altemusik\/instrumentenbau\/ >Link to: Instrumentenbau<\/a><section class=\"av_textblock_section \"  itemscope=\"itemscope\" itemtype=\"https:\/\/schema.org\/CreativeWork\" ><div class='avia_textblock  '   itemprop=\"text\" ><h4>Instrumentenbau<\/h4>\n<\/div><\/section><br \/>\n<div style='height:15px' class='hr hr-invisible   avia-builder-el-17  el_after_av_textblock  el_before_av_image  '><span class='hr-inner ' ><span class='hr-inner-style'><\/span><\/span><\/div><br \/>\n<div class='avia-image-container  av-styling-    avia-builder-el-18  el_after_av_hr  avia-builder-el-last   avia-align-center '  itemprop=\"image\" itemscope=\"itemscope\" itemtype=\"https:\/\/schema.org\/ImageObject\"  ><div class='avia-image-container-inner'><div class='avia-image-overlay-wrap'><img class='avia_image' src='https:\/\/mdw.ac.at\/altemusik\/blog2\/wp-content\/uploads\/2019\/07\/CON8387-495x400.jpg' alt='' title='Wiener Cembalo vorne' height=\"400\" width=\"495\"  itemprop=\"thumbnailUrl\"  \/><\/div><\/div><\/div><\/p><\/div>\n","protected":false},"excerpt":{"rendered":"","protected":false},"author":1,"featured_media":0,"parent":0,"menu_order":0,"comment_status":"closed","ping_status":"closed","template":"","meta":{"_price":"","_stock":"","_tribe_ticket_header":"","_tribe_default_ticket_provider":"","_tribe_ticket_capacity":"","_ticket_start_date":"","_ticket_end_date":"","_tribe_ticket_show_description":"","_tribe_ticket_show_not_going":false,"_tribe_ticket_use_global_stock":"","_tribe_ticket_global_stock_level":"","_global_stock_mode":"","_global_stock_cap":"","_tribe_rsvp_for_event":"","_tribe_ticket_going_count":"","_tribe_ticket_not_going_count":"","_tribe_tickets_list":"[]","_tribe_ticket_has_attendee_info_fields":false,"footnotes":""},"class_list":["post-12868","page","type-page","status-publish","hentry"],"_links":{"self":[{"href":"https:\/\/mdw.ac.at\/altemusik\/wp-json\/wp\/v2\/pages\/12868","targetHints":{"allow":["GET"]}}],"collection":[{"href":"https:\/\/mdw.ac.at\/altemusik\/wp-json\/wp\/v2\/pages"}],"about":[{"href":"https:\/\/mdw.ac.at\/altemusik\/wp-json\/wp\/v2\/types\/page"}],"author":[{"embeddable":true,"href":"https:\/\/mdw.ac.at\/altemusik\/wp-json\/wp\/v2\/users\/1"}],"replies":[{"embeddable":true,"href":"https:\/\/mdw.ac.at\/altemusik\/wp-json\/wp\/v2\/comments?post=12868"}],"version-history":[{"count":28,"href":"https:\/\/mdw.ac.at\/altemusik\/wp-json\/wp\/v2\/pages\/12868\/revisions"}],"predecessor-version":[{"id":18668,"href":"https:\/\/mdw.ac.at\/altemusik\/wp-json\/wp\/v2\/pages\/12868\/revisions\/18668"}],"wp:attachment":[{"href":"https:\/\/mdw.ac.at\/altemusik\/wp-json\/wp\/v2\/media?parent=12868"}],"curies":[{"name":"wp","href":"https:\/\/api.w.org\/{rel}","templated":true}]}}