{"id":13866,"date":"2023-08-30T19:15:38","date_gmt":"2023-08-30T17:15:38","guid":{"rendered":"https:\/\/mdw.ac.at\/altemusik\/?page_id=13866"},"modified":"2026-03-08T13:39:32","modified_gmt":"2026-03-08T12:39:32","slug":"giulia-semenzato","status":"publish","type":"page","link":"https:\/\/mdw.ac.at\/altemusik\/lehrende\/giulia-semenzato\/","title":{"rendered":"Giulia SEMENZATO"},"content":{"rendered":"<div class=\"flex_column av_two_third  flex_column_div av-zero-column-padding first  avia-builder-el-0  el_before_av_one_third  avia-builder-el-first  \" style='border-radius:0px; '><div class='avia-image-container  av-styling-    avia-builder-el-1  avia-builder-el-no-sibling   avia-align-center '  itemprop=\"image\" itemscope=\"itemscope\" itemtype=\"https:\/\/schema.org\/ImageObject\"  ><div class='avia-image-container-inner'><div class='avia-image-overlay-wrap'><img class='avia_image' src='https:\/\/mdw.ac.at\/altemusik\/blog2\/wp-content\/uploads\/2023\/08\/giulia_portfolio_02.jpg' alt='' title='giulia_portfolio_02' height=\"618\" width=\"824\"  itemprop=\"thumbnailUrl\"  \/><\/div><\/div><\/div><\/div>\n<div class=\"flex_column av_one_third  flex_column_div av-zero-column-padding   avia-builder-el-2  el_after_av_two_third  el_before_av_one_full  \" style='border-radius:0px; '><\/div>\n<div class=\"flex_column av_one_full  flex_column_div av-zero-column-padding first  avia-builder-el-3  el_after_av_one_third  el_before_av_one_full  column-top-margin\" style='border-radius:0px; '><section class=\"av_textblock_section \"  itemscope=\"itemscope\" itemtype=\"https:\/\/schema.org\/CreativeWork\" ><div class='avia_textblock  '   itemprop=\"text\" ><h2>Giulia SEMENZATO<\/h2>\n<\/div><\/section><br \/>\n<section class=\"av_textblock_section \"  itemscope=\"itemscope\" itemtype=\"https:\/\/schema.org\/CreativeWork\" ><div class='avia_textblock  '   itemprop=\"text\" ><h5>Univ.-Prof. f\u00fcr Gesang Alte Musik<\/h5>\n<\/div><\/section><br \/>\n<div style='height:20px' class='hr hr-invisible   avia-builder-el-6  el_after_av_textblock  el_before_av_textblock  '><span class='hr-inner ' ><span class='hr-inner-style'><\/span><\/span><\/div><br \/>\n<section class=\"av_textblock_section \"  itemscope=\"itemscope\" itemtype=\"https:\/\/schema.org\/CreativeWork\" ><div class='avia_textblock  '   itemprop=\"text\" ><p>Giulia Semenzato ist eine international anerkannte Sopranistin, insbesondere bekannt f\u00fcr ihre Interpretation des Barock- und Mozart-Repertoires.<\/p>\n<p>Nach ihrem Abschluss mit Auszeichnung am Konservatorium B. Marcello in Venedig spezialisierte sie sich bei Rosa Dominguez an der Schola Cantorum in Basel (CH) auf das Barockrepertoire. Als Gewinnerin des Wettbewerbs Toti dal Monte di Treviso (2012) und des Farinelli-Preises beim Wettbewerb in Bologna 2013 sowie beim Cesti-Wettbewerb in Innsbruck 2014 begann sie bald eine internationale Karriere, die sie an die gro\u00dfen europ\u00e4ischen Theater und Konzerts\u00e4le f\u00fchrte, wo sie bei verschiedensten Produktionen wirkte &#8211; darunter im Teatro La Fenice in \u201eJuditha Triumphans\u201d und \u201eOttone in Villa\u201d von A. Vivaldi, im Teatro alla Scala in \u201eLucio Silla\u201d (2015), in \u201eDon Giovanni\u201d, \u201eLa finta Giardiniera\u201d von W.A. Mozart und als Nannetta in \u201eFalstaff\u201d von G. Verdi mit Zubin Metha (2017), in \u201eCosi fan tutte\u201d an der Oper Z\u00fcrich und in \u201eDie Zauberfl\u00f6te\u201d am Muscat Opera House.<\/p>\n<p>Sie sang als Carolina in \u201eMatromonio Segreto\u201c bei den Innsbrucker Festwochen (2016), als Michael am Theater an der Wien in \u201eSaul\u201c (2018) und als Dorinda in \u201eOrlando\u201c (2019) von H\u00e4ndel, als Susanna in \u201eLe Nozze di Figaro\u201c am Royal Opera House London unter der Leitung von Sir. A. Pappano (2022) und an den Mozartwochen und Salzburger Festspielen (Suor Angelica 2022 und Falstaff 2023).<\/p>\n<p>Als spezialisierte Interpretin des italienischen Repertoires des 17. und 18. Jahrhunderts sang sie die Hauptrolle in Monteverdis \u201eL&#8217;Incoronazione di Poppea\u201c an der Op\u00e9ra du Rhin, Venere in \u201eErcole Amante\u201c an der Op\u00e9ra Comique in Paris, Salome in \u201eSan Giovanni Battista\u201c von A. Stradella im Concertgebouw in Amsterdam und die Hauptrollen der Elena und Eritrea in den Opern von F. Cavalli in Aix-en-Provence, an der Op\u00e9ra Comique, am Th\u00e9\u00e2tre de Versailles und erneut am Teatro La Fenice.<\/p>\n<p>Im Konzertbereich wurde sie eingeladen f\u00fcr Mozarts Requiem (Teatro San Carlo, Madrid, Cuenca), Messiah mit dem Collegium 1704 und der Melk Stiftung mit D. Harding, Poulencs \u201eGloria\u201d am Teatro Regio in Turin, \u201eMaddalena ai piedi di Cristo\u201d von Caldara in der Philharmonie Paris, der Elbphilharmonie Hamburg, Freiburg und der Philharmonie Berlin. Sie arbeitet regelm\u00e4\u00dfig mit Dirigenten wie Rene Jacobs, Giovanni Antonini, Raphael Pichon, Alessandro de Marchi, L.G.Alarcon, Vaclav Luks, Riccardo Minasi und D.Fasolis zusammen und hat mit Regisseuren wie C. Guth, C. Loy, D. Michieletto, R. Carsen, E. Titov, D. McVicar, B. Kowsky, C. Marthaler und J. Mijnnsen gearbeitet.<\/p>\n<p>Giulia Semenzato hat Aufnahmen mit den Labels Accent, Arcana, Glossa, Harmonia Mundi, Cpo, Pentatone und ihr erstes Soloalbum \u201eAngelica Diabolica\u201d f\u00fcr Alpha (Othere) ver\u00f6ffentlicht. Sie unterrichtete au\u00dferdem an der Universit\u00e4t der K\u00fcnste in Havanna (Kuba) und bei den SMAV-Kursen f\u00fcr Alte Musik in Venedig.<\/p>\n<\/div><\/section><\/p><\/div><div class=\"flex_column av_one_full  flex_column_div av-zero-column-padding first  avia-builder-el-8  el_after_av_one_full  avia-builder-el-last  column-top-margin\" style='border-radius:0px; '><div class='avia-buttonrow-wrap avia-buttonrow-right   avia-builder-el-9  avia-builder-el-no-sibling  '>\n<a href='https:\/\/online.mdw.ac.at\/mdw_online\/visitenkarte.show_vcard?pPersonenId=713B54E533E550B1&pPersonenGruppe=3'  class='avia-button  avia-icon_select-no avia-color-theme-color avia-size-small '  target=\"_blank\"  style='margin-bottom:5px; margin-left:5px; ' ><span class='avia_iconbox_title' >Visitenkarte<\/span><\/a>\n<a href='https:\/\/online.mdw.ac.at\/mdw_online\/wblvangebot.wbshowlvoffer?ppersonnr=42251'  class='avia-button  avia-icon_select-no avia-color-theme-color avia-size-small '  target=\"_blank\"  style='margin-bottom:5px; margin-left:5px; ' ><span class='avia_iconbox_title' >Lehrveranstaltungen<\/span><\/a>\n<\/div><\/div><\/p>\n","protected":false},"excerpt":{"rendered":"","protected":false},"author":1,"featured_media":0,"parent":257,"menu_order":0,"comment_status":"closed","ping_status":"closed","template":"","meta":{"_price":"","_stock":"","_tribe_ticket_header":"","_tribe_default_ticket_provider":"","_tribe_ticket_capacity":"","_ticket_start_date":"","_ticket_end_date":"","_tribe_ticket_show_description":"","_tribe_ticket_show_not_going":false,"_tribe_ticket_use_global_stock":"","_tribe_ticket_global_stock_level":"","_global_stock_mode":"","_global_stock_cap":"","_tribe_rsvp_for_event":"","_tribe_ticket_going_count":"","_tribe_ticket_not_going_count":"","_tribe_tickets_list":"[]","_tribe_ticket_has_attendee_info_fields":false,"footnotes":""},"class_list":["post-13866","page","type-page","status-publish","hentry"],"_links":{"self":[{"href":"https:\/\/mdw.ac.at\/altemusik\/wp-json\/wp\/v2\/pages\/13866","targetHints":{"allow":["GET"]}}],"collection":[{"href":"https:\/\/mdw.ac.at\/altemusik\/wp-json\/wp\/v2\/pages"}],"about":[{"href":"https:\/\/mdw.ac.at\/altemusik\/wp-json\/wp\/v2\/types\/page"}],"author":[{"embeddable":true,"href":"https:\/\/mdw.ac.at\/altemusik\/wp-json\/wp\/v2\/users\/1"}],"replies":[{"embeddable":true,"href":"https:\/\/mdw.ac.at\/altemusik\/wp-json\/wp\/v2\/comments?post=13866"}],"version-history":[{"count":6,"href":"https:\/\/mdw.ac.at\/altemusik\/wp-json\/wp\/v2\/pages\/13866\/revisions"}],"predecessor-version":[{"id":18895,"href":"https:\/\/mdw.ac.at\/altemusik\/wp-json\/wp\/v2\/pages\/13866\/revisions\/18895"}],"up":[{"embeddable":true,"href":"https:\/\/mdw.ac.at\/altemusik\/wp-json\/wp\/v2\/pages\/257"}],"wp:attachment":[{"href":"https:\/\/mdw.ac.at\/altemusik\/wp-json\/wp\/v2\/media?parent=13866"}],"curies":[{"name":"wp","href":"https:\/\/api.w.org\/{rel}","templated":true}]}}