{"id":13876,"date":"2023-08-30T19:34:55","date_gmt":"2023-08-30T17:34:55","guid":{"rendered":"https:\/\/mdw.ac.at\/altemusik\/?page_id=13876"},"modified":"2026-04-09T10:15:48","modified_gmt":"2026-04-09T08:15:48","slug":"lorina-vallaster","status":"publish","type":"page","link":"https:\/\/mdw.ac.at\/altemusik\/en\/faculty\/lorina-vallaster\/","title":{"rendered":"Lorina VALLASTER"},"content":{"rendered":"<div class=\"flex_column av_two_fifth  flex_column_div av-zero-column-padding first  avia-builder-el-0  el_before_av_three_fifth  avia-builder-el-first  \" style='border-radius:0px; '><div class='avia-image-container  av-styling-    avia-builder-el-1  avia-builder-el-no-sibling   avia-align-center '  itemprop=\"image\" itemscope=\"itemscope\" itemtype=\"https:\/\/schema.org\/ImageObject\"  ><div class='avia-image-container-inner'><div class='avia-image-overlay-wrap'><a href=\"https:\/\/mdw.ac.at\/altemusik\/blog2\/wp-content\/uploads\/2023\/08\/lorina.jpg\" class='avia_image'   data-rel=\"lightbox-image-0\" data-rl_title=\"\" data-rl_caption=\"\"><img class='avia_image ' src='https:\/\/mdw.ac.at\/altemusik\/blog2\/wp-content\/uploads\/2023\/08\/lorina.jpg' alt='' title=''  itemprop=\"thumbnailUrl\"  \/><\/a><\/div><\/div><\/div><\/div>\n<div class=\"flex_column av_three_fifth  flex_column_div av-zero-column-padding   avia-builder-el-2  el_after_av_two_fifth  el_before_av_one_full  \" style='border-radius:0px; '><section class=\"av_textblock_section \"  itemscope=\"itemscope\" itemtype=\"https:\/\/schema.org\/CreativeWork\" ><div class='avia_textblock  '   itemprop=\"text\" ><h2>Lorina VALLASTER<\/h2>\n<h4>Training Position\u00a0Recorder (Prof. Carsten ECKERT)<\/h4>\n<\/div><\/section><br \/>\n<div style='height:20px' class='hr hr-invisible   avia-builder-el-4  el_after_av_textblock  el_before_av_textblock  '><span class='hr-inner ' ><span class='hr-inner-style'><\/span><\/span><\/div><br \/>\n<section class=\"av_textblock_section \"  itemscope=\"itemscope\" itemtype=\"https:\/\/schema.org\/CreativeWork\" ><div class='avia_textblock  '   itemprop=\"text\" ><div id=\"comp-jsbpe6vi\" class=\"hFQZVn comp-jsbpe6vi\"><span class=\"wixui-rich-text__text\">Lorina Vallaster is an Austrian recorder player, based in Vienna. She was born 1994 in Austria and began playing recorder, piano, cello and viola da gamba early on in her life. Since 2010 she has studied recorder with Thomas List at the Musik und Kunst Privatuniversit\u00e4t der Stadt Wien. Currently she is in the class of Carsten Eckert at Universit\u00e4t f\u00fcr Musik und darstellende Kunst Wien. Lorina attended masterclasses with Michael Schneider, Dan Laurin, Maurice Steger and Dorothee Oberlinger. From 2010 &#8211; 2015 she also studied oboe with Thomas H\u00f6niger at Musik und Kunst Privatuniversit\u00e4t der Stadt Wien. With her Ensemble Bonporte she won a first prize at the Prima la musica competition, and they were invited to play at the winner&#8217;s concert at Konzerthaus Wien. Her piece Kokolores for vocal ensemble won the only first prize at the youth composition competition Jugend komponiert in 2013 and was premiered at Mozarteum Salzburg. Since 2014 she is awardee of the Yehudi Menuhin \u2013 Live Music Now Program Vienna together with Sferraina. In April 2015 she had her solo debut as a recorder player at Konzerthaus Wien in the concert series Musica Juventutis.The same year she also worked as a substitute (oboe) with the orchestra Tonk\u00fcnstlerorchester Nieder\u00f6sterreich at concerts in Austria and Czech republic and at the music-theatre production Robinson at the Contemporary Music Festival Wien Modern. Lorina is a three time award winner of the Fidelio &#8211;\u00a0Competition Vienna in the category Creation (2015,2016,2017). Her Ensemble VIVID Consort was chosen for the Austrian Support program NASOM New Austrian Sound of Music. VIVID Consort also performed at concert series Musica Juventutis at Konzerthaus Wien and is featured at the compilation Fraufeld Vol.1. In 2018 they presented their debut cd Bitter fruit.<\/span><\/div>\n<\/div><\/section><\/p><\/div>\n<div class=\"flex_column av_one_full  flex_column_div av-zero-column-padding first  avia-builder-el-6  el_after_av_three_fifth  avia-builder-el-last  \" style='border-radius:0px; '><div class='avia-buttonrow-wrap avia-buttonrow-right   avia-builder-el-7  avia-builder-el-no-sibling  '>\n<a href=''  class='avia-button  avia-icon_select-no avia-color-theme-color avia-size-small '  target=\"_blank\"  style='margin-bottom:5px; margin-left:5px; ' ><span class='avia_iconbox_title' >Business card<\/span><\/a>\n<\/div><\/div>\n","protected":false},"excerpt":{"rendered":"","protected":false},"author":1,"featured_media":0,"parent":255,"menu_order":0,"comment_status":"closed","ping_status":"closed","template":"","meta":{"_price":"","_stock":"","_tribe_ticket_header":"","_tribe_default_ticket_provider":"","_tribe_ticket_capacity":"0","_ticket_start_date":"","_ticket_end_date":"","_tribe_ticket_show_description":"","_tribe_ticket_show_not_going":false,"_tribe_ticket_use_global_stock":"","_tribe_ticket_global_stock_level":"","_global_stock_mode":"","_global_stock_cap":"","_tribe_rsvp_for_event":"","_tribe_ticket_going_count":"","_tribe_ticket_not_going_count":"","_tribe_tickets_list":"[]","_tribe_ticket_has_attendee_info_fields":false,"footnotes":""},"class_list":["post-13876","page","type-page","status-publish","hentry"],"_links":{"self":[{"href":"https:\/\/mdw.ac.at\/altemusik\/wp-json\/wp\/v2\/pages\/13876","targetHints":{"allow":["GET"]}}],"collection":[{"href":"https:\/\/mdw.ac.at\/altemusik\/wp-json\/wp\/v2\/pages"}],"about":[{"href":"https:\/\/mdw.ac.at\/altemusik\/wp-json\/wp\/v2\/types\/page"}],"author":[{"embeddable":true,"href":"https:\/\/mdw.ac.at\/altemusik\/wp-json\/wp\/v2\/users\/1"}],"replies":[{"embeddable":true,"href":"https:\/\/mdw.ac.at\/altemusik\/wp-json\/wp\/v2\/comments?post=13876"}],"version-history":[{"count":5,"href":"https:\/\/mdw.ac.at\/altemusik\/wp-json\/wp\/v2\/pages\/13876\/revisions"}],"predecessor-version":[{"id":19121,"href":"https:\/\/mdw.ac.at\/altemusik\/wp-json\/wp\/v2\/pages\/13876\/revisions\/19121"}],"up":[{"embeddable":true,"href":"https:\/\/mdw.ac.at\/altemusik\/wp-json\/wp\/v2\/pages\/255"}],"wp:attachment":[{"href":"https:\/\/mdw.ac.at\/altemusik\/wp-json\/wp\/v2\/media?parent=13876"}],"curies":[{"name":"wp","href":"https:\/\/api.w.org\/{rel}","templated":true}]}}