{"id":13885,"date":"2023-08-30T19:43:43","date_gmt":"2023-08-30T17:43:43","guid":{"rendered":"https:\/\/mdw.ac.at\/altemusik\/?page_id=13885"},"modified":"2026-03-08T12:02:06","modified_gmt":"2026-03-08T11:02:06","slug":"sobin-jo","status":"publish","type":"page","link":"https:\/\/mdw.ac.at\/altemusik\/lehrende\/sobin-jo\/","title":{"rendered":"Sobin JO"},"content":{"rendered":"<div class=\"flex_column av_two_fifth  flex_column_div av-zero-column-padding first  avia-builder-el-0  el_before_av_three_fifth  avia-builder-el-first  \" style='border-radius:0px; '><div class='avia-image-container  av-styling-    avia-builder-el-1  avia-builder-el-no-sibling   avia-align-center '  itemprop=\"image\" itemscope=\"itemscope\" itemtype=\"https:\/\/schema.org\/ImageObject\"  ><div class='avia-image-container-inner'><div class='avia-image-overlay-wrap'><a href=\"https:\/\/mdw.ac.at\/altemusik\/blog2\/wp-content\/uploads\/2025\/04\/\ud504\ub85c\ud5448-1-685x1030.jpeg\" class='avia_image'   data-rel=\"lightbox-image-0\" data-rl_title=\"\" data-rl_caption=\"\"><img class='avia_image ' src='https:\/\/mdw.ac.at\/altemusik\/blog2\/wp-content\/uploads\/2025\/04\/\ud504\ub85c\ud5448-1-scaled.jpeg' alt='' title=''  itemprop=\"thumbnailUrl\"  \/><\/a><\/div><\/div><\/div><\/div>\n<div class=\"flex_column av_three_fifth  flex_column_div av-zero-column-padding   avia-builder-el-2  el_after_av_two_fifth  el_before_av_one_full  \" style='border-radius:0px; '><section class=\"av_textblock_section \"  itemscope=\"itemscope\" itemtype=\"https:\/\/schema.org\/CreativeWork\" ><div class='avia_textblock  '   itemprop=\"text\" ><h2>Sobin JO<\/h2>\n<h4>Ausbildungsstelle Cembalo (Prof. Erich TRAXLER)<\/h4>\n<\/div><\/section><br \/>\n<div style='height:20px' class='hr hr-invisible   avia-builder-el-4  el_after_av_textblock  el_before_av_textblock  '><span class='hr-inner ' ><span class='hr-inner-style'><\/span><\/span><\/div><br \/>\n<section class=\"av_textblock_section \"  itemscope=\"itemscope\" itemtype=\"https:\/\/schema.org\/CreativeWork\" ><div class='avia_textblock  '   itemprop=\"text\" ><div id=\"comp-jsbpe6vi\" class=\"hFQZVn comp-jsbpe6vi\">Sobin Jo, in S\u00fcdkorea geboren, ging im Alter von 12 Jahren nach Wien, um im Rahmen des Vorbereitungslehrganges der Universit\u00e4t f\u00fcr Musik und darstellende Kunst Wien Klavier zu studieren. Im Jahr 2014 schloss sie an der gleichen Universit\u00e4t ihr Bachelorstudium Instrumental- und Gesangsp\u00e4dagogik Klavier ab und begann anschlie\u00dfend das Konzertfach-Bachelorstudium im Fach Cembalo bei Prof. Wolfgang Gl\u00fcxam, das sie 2019 beendete. Ihren Cembalo Generalbass Master bei Augusta van Lookeren Campagne schloss sie 2021 ab.<\/p>\n<p>Sobin Jo tritt sowohl solistisch, als auch in kammermusikalischen Besetzungen im Bereich der Alten Musik auf.<br \/>\nMit ihrem Ensemble freymut und der Sopranistin Johanna Falkinger gewann die Cembalistin den WDR-Preis beim Internationalen H.I.F. Biber-Wettbewerb in Sankt Florian. Konzertengagements f\u00fchrten die junge Musikerin nach Deutschland, Italien und S\u00fcdkorea, in das Wiener Konzerthaus und den Musikverein.<\/p>\n<\/div>\n<\/div><\/section><\/p><\/div><div class=\"flex_column av_one_full  flex_column_div av-zero-column-padding first  avia-builder-el-6  el_after_av_three_fifth  avia-builder-el-last  \" style='border-radius:0px; '><div class='avia-buttonrow-wrap avia-buttonrow-right   avia-builder-el-7  avia-builder-el-no-sibling  '>\n<a href='https:\/\/online.mdw.ac.at\/mdw_online\/pl\/ui\/$ctx\/visitenkarte.show_vcard?pPersonenId=B7D637E69ABB7177&pPersonenGruppe=3'  class='avia-button  avia-icon_select-no avia-color-theme-color avia-size-small '  target=\"_blank\"  style='margin-bottom:5px; margin-left:5px; ' ><span class='avia_iconbox_title' >Visitenkarte<\/span><\/a>\n<\/div><\/div><\/p>\n","protected":false},"excerpt":{"rendered":"","protected":false},"author":1,"featured_media":0,"parent":257,"menu_order":0,"comment_status":"closed","ping_status":"closed","template":"","meta":{"_price":"","_stock":"","_tribe_ticket_header":"","_tribe_default_ticket_provider":"","_tribe_ticket_capacity":"","_ticket_start_date":"","_ticket_end_date":"","_tribe_ticket_show_description":"","_tribe_ticket_show_not_going":false,"_tribe_ticket_use_global_stock":"","_tribe_ticket_global_stock_level":"","_global_stock_mode":"","_global_stock_cap":"","_tribe_rsvp_for_event":"","_tribe_ticket_going_count":"","_tribe_ticket_not_going_count":"","_tribe_tickets_list":"[]","_tribe_ticket_has_attendee_info_fields":false,"footnotes":""},"class_list":["post-13885","page","type-page","status-publish","hentry"],"_links":{"self":[{"href":"https:\/\/mdw.ac.at\/altemusik\/wp-json\/wp\/v2\/pages\/13885","targetHints":{"allow":["GET"]}}],"collection":[{"href":"https:\/\/mdw.ac.at\/altemusik\/wp-json\/wp\/v2\/pages"}],"about":[{"href":"https:\/\/mdw.ac.at\/altemusik\/wp-json\/wp\/v2\/types\/page"}],"author":[{"embeddable":true,"href":"https:\/\/mdw.ac.at\/altemusik\/wp-json\/wp\/v2\/users\/1"}],"replies":[{"embeddable":true,"href":"https:\/\/mdw.ac.at\/altemusik\/wp-json\/wp\/v2\/comments?post=13885"}],"version-history":[{"count":5,"href":"https:\/\/mdw.ac.at\/altemusik\/wp-json\/wp\/v2\/pages\/13885\/revisions"}],"predecessor-version":[{"id":18855,"href":"https:\/\/mdw.ac.at\/altemusik\/wp-json\/wp\/v2\/pages\/13885\/revisions\/18855"}],"up":[{"embeddable":true,"href":"https:\/\/mdw.ac.at\/altemusik\/wp-json\/wp\/v2\/pages\/257"}],"wp:attachment":[{"href":"https:\/\/mdw.ac.at\/altemusik\/wp-json\/wp\/v2\/media?parent=13885"}],"curies":[{"name":"wp","href":"https:\/\/api.w.org\/{rel}","templated":true}]}}