{"id":14164,"date":"2023-09-30T16:30:45","date_gmt":"2023-09-30T14:30:45","guid":{"rendered":"https:\/\/mdw.ac.at\/altemusik\/?page_id=14164"},"modified":"2026-03-08T13:44:32","modified_gmt":"2026-03-08T12:44:32","slug":"marco-vitale","status":"publish","type":"page","link":"https:\/\/mdw.ac.at\/altemusik\/lehrende\/marco-vitale\/","title":{"rendered":"Marco VITALE"},"content":{"rendered":"<div class=\"flex_column av_two_third  flex_column_div av-zero-column-padding first  avia-builder-el-0  el_before_av_one_third  avia-builder-el-first  \" style='border-radius:0px; '><div class='avia-image-container  av-styling-    avia-builder-el-1  avia-builder-el-no-sibling   avia-align-center '  itemprop=\"image\" itemscope=\"itemscope\" itemtype=\"https:\/\/schema.org\/ImageObject\"  ><div class='avia-image-container-inner'><div class='avia-image-overlay-wrap'><a href=\"https:\/\/mdw.ac.at\/altemusik\/blog2\/wp-content\/uploads\/2023\/09\/vitale-1030x687.jpg\" class='avia_image'   data-rel=\"lightbox-image-0\" data-rl_title=\"\" data-rl_caption=\"\"><img class='avia_image ' src='https:\/\/mdw.ac.at\/altemusik\/blog2\/wp-content\/uploads\/2023\/09\/vitale-1030x687.jpg' alt='' title=''  itemprop=\"thumbnailUrl\"  \/><\/a><\/div><\/div><\/div><\/div>\n<div class=\"flex_column av_one_third  flex_column_div av-zero-column-padding   avia-builder-el-2  el_after_av_two_third  el_before_av_one_full  \" style='border-radius:0px; '><\/div>\n<div class=\"flex_column av_one_full  flex_column_div av-zero-column-padding first  avia-builder-el-3  el_after_av_one_third  el_before_av_one_full  column-top-margin\" style='border-radius:0px; '><section class=\"av_textblock_section \"  itemscope=\"itemscope\" itemtype=\"https:\/\/schema.org\/CreativeWork\" ><div class='avia_textblock  '   itemprop=\"text\" ><h2>Marco VITALE<\/h2>\n<\/div><\/section><br \/>\n<section class=\"av_textblock_section \"  itemscope=\"itemscope\" itemtype=\"https:\/\/schema.org\/CreativeWork\" ><div class='avia_textblock  '   itemprop=\"text\" ><h5>Korrepetition<\/h5>\n<\/div><\/section><br \/>\n<div style='height:20px' class='hr hr-invisible   avia-builder-el-6  el_after_av_textblock  el_before_av_textblock  '><span class='hr-inner ' ><span class='hr-inner-style'><\/span><\/span><\/div><br \/>\n<section class=\"av_textblock_section \"  itemscope=\"itemscope\" itemtype=\"https:\/\/schema.org\/CreativeWork\" ><div class='avia_textblock  '   itemprop=\"text\" ><div id=\"inner_content-17-7\" class=\"ct-inner-content\">\n<div id=\"inner_content-17-7\" class=\"ct-inner-content\">\n<p>Marco Vitale wurde in Palermo, Italien, geboren. Nach Abschluss seines Studiums in seiner Heimatstadt besuchte er das Royal Conservatoire in Den Haag, wo er bei Ton Koopman Cembalo und bei Jos van der Kooy Orgel studierte und mit einem Master-Abschluss in Alter Musik abschloss.<\/p>\n<p>Im Laufe seiner Karriere trat Marco an den renommiertestenKonzerts\u00e4len und Festivals in Europa, den USA, Kanada, S\u00fcdamerika, dem Nahen Osten und Asien auf. Von 2008 bis 2011 arbeitete Marco Vitale am Higher Institute of Music in Damaskus, Syrien, wo er Alte Musik unterrichtete und gemeinsam mit syrischen Musikern Konzerte gab.<\/p>\n<p>Er ist Mitbegr\u00fcnder und musikalischer Leiter von Contrasto Armonico, einem Ensemble, das sich auf Barockopern und die Auff\u00fchrung von Musik im italienischen Stil spezialisiert hat und dabei historische Instrumente und historisch informierte Auff\u00fchrungspraktiken verwendet. 2012 gr\u00fcndete er sein eigenes Plattenlabel ayros und ist derzeit an der Aufnahme der Complete Italian Cantatas von H\u00e4ndel beteiligt, einem spannenden Projekt, das viele unentdeckte Juwelen von H\u00e4ndel ans Licht bringen wird, die bisher weder bearbeitet noch aufgenommen wurden.<\/p>\n<p>Marco war in mehreren Radio- und Fernsehsendungen zu sehen, darunter auch im Musikfachsender Mezzo.tv. Neben ayros hat er auch f\u00fcr Alia Vox, Na\u00efve und Brilliant Classics aufgenommen.<\/p>\n<p>Marco genie\u00dft einen wahrhaft internationalen Ruf als Cembalist und Lehrer f\u00fcr die Auff\u00fchrung barocker Musik. Er arbeitete mit vielen internationalen Institutionen zusammen und gab Meisterkurse, Vortr\u00e4ge und Workshops an der Fryderyk-Chopin-Musikuniversit\u00e4t in Warschau, der Fondazione Paolo Grassi in Martina Franca (Italien), der ESMUC in Barcelona, dem Higher Institute of Music in Damaskus, der University of Southern California in Los Angeles und der University of Victoria in British Columbia.<\/p>\n<p>Zwischen 2021 und 2023 lebte und arbeitete Marco an der Westk\u00fcste Kanadas in Victoria (British Columbia), wo er mit Institutionen wie Victoria Baroque, Victoria Symphony, Early Music Society of the Islands und Denman Baroque zusammenarbeitete und als Musikdirektor der anglikanischen Kirche St. Barnabas t\u00e4tig war.<\/p>\n<p>Er ist Mitglied des Ensembles La Modestine mit Marc Destrub\u00e9 und Natalie Mackie.<\/p>\n<p>Marco tritt regelm\u00e4\u00dfig mit Jordi Savall und seinen Ensembles Le Concert des Nations und Hesp\u00e8rion XXI auf.<\/p>\n<p>Im Sommer 2023 zog er nach Wien, wo er als Cembalist f\u00fcr das Orchester 1756 und als Dozent am Institut f\u00fcr Alte Musik der Universit\u00e4t f\u00fcr Musik und darstellende Kunst Wien (MDW) t\u00e4tig ist.<\/p>\n<\/div>\n<\/div>\n<\/div><\/section><\/p><\/div><div class=\"flex_column av_one_full  flex_column_div av-zero-column-padding first  avia-builder-el-8  el_after_av_one_full  avia-builder-el-last  column-top-margin\" style='border-radius:0px; '><div class='avia-buttonrow-wrap avia-buttonrow-right   avia-builder-el-9  avia-builder-el-no-sibling  '>\n<a href='https:\/\/online.mdw.ac.at\/mdw_online\/pl\/ui\/$ctx\/visitenkarte.show_vcard?pPersonenId=B863E84E986907A7&pPersonenGruppe=3'  class='avia-button  avia-icon_select-no avia-color-theme-color avia-size-small '  target=\"_blank\"  style='margin-bottom:5px; margin-left:5px; ' ><span class='avia_iconbox_title' >Visitenkarte<\/span><\/a>\n<a href='https:\/\/online.mdw.ac.at\/mdw_online\/pl\/ui\/$ctx\/wblvangebot.wbshowlvoffer?ppersonnr=42069'  class='avia-button  avia-icon_select-no avia-color-theme-color avia-size-small '  target=\"_blank\"  style='margin-bottom:5px; margin-left:5px; ' ><span class='avia_iconbox_title' >Lehrveranstaltungen<\/span><\/a>\n<\/div><\/div><\/p>\n","protected":false},"excerpt":{"rendered":"","protected":false},"author":1,"featured_media":0,"parent":257,"menu_order":0,"comment_status":"closed","ping_status":"closed","template":"","meta":{"_price":"","_stock":"","_tribe_ticket_header":"","_tribe_default_ticket_provider":"","_tribe_ticket_capacity":"","_ticket_start_date":"","_ticket_end_date":"","_tribe_ticket_show_description":"","_tribe_ticket_show_not_going":false,"_tribe_ticket_use_global_stock":"","_tribe_ticket_global_stock_level":"","_global_stock_mode":"","_global_stock_cap":"","_tribe_rsvp_for_event":"","_tribe_ticket_going_count":"","_tribe_ticket_not_going_count":"","_tribe_tickets_list":"[]","_tribe_ticket_has_attendee_info_fields":false,"footnotes":""},"class_list":["post-14164","page","type-page","status-publish","hentry"],"_links":{"self":[{"href":"https:\/\/mdw.ac.at\/altemusik\/wp-json\/wp\/v2\/pages\/14164","targetHints":{"allow":["GET"]}}],"collection":[{"href":"https:\/\/mdw.ac.at\/altemusik\/wp-json\/wp\/v2\/pages"}],"about":[{"href":"https:\/\/mdw.ac.at\/altemusik\/wp-json\/wp\/v2\/types\/page"}],"author":[{"embeddable":true,"href":"https:\/\/mdw.ac.at\/altemusik\/wp-json\/wp\/v2\/users\/1"}],"replies":[{"embeddable":true,"href":"https:\/\/mdw.ac.at\/altemusik\/wp-json\/wp\/v2\/comments?post=14164"}],"version-history":[{"count":7,"href":"https:\/\/mdw.ac.at\/altemusik\/wp-json\/wp\/v2\/pages\/14164\/revisions"}],"predecessor-version":[{"id":18896,"href":"https:\/\/mdw.ac.at\/altemusik\/wp-json\/wp\/v2\/pages\/14164\/revisions\/18896"}],"up":[{"embeddable":true,"href":"https:\/\/mdw.ac.at\/altemusik\/wp-json\/wp\/v2\/pages\/257"}],"wp:attachment":[{"href":"https:\/\/mdw.ac.at\/altemusik\/wp-json\/wp\/v2\/media?parent=14164"}],"curies":[{"name":"wp","href":"https:\/\/api.w.org\/{rel}","templated":true}]}}