{"id":14199,"date":"2023-10-05T13:31:24","date_gmt":"2023-10-05T11:31:24","guid":{"rendered":"https:\/\/mdw.ac.at\/altemusik\/?page_id=14199"},"modified":"2026-03-08T12:26:11","modified_gmt":"2026-03-08T11:26:11","slug":"marton-borsanyi","status":"publish","type":"page","link":"https:\/\/mdw.ac.at\/altemusik\/lehrende\/marton-borsanyi\/","title":{"rendered":"M\u00e1rton BORS\u00c1NYI"},"content":{"rendered":"<div class=\"flex_column av_two_fifth  flex_column_div av-zero-column-padding first  avia-builder-el-0  el_before_av_three_fifth  avia-builder-el-first  \" style='border-radius:0px; '><div class='avia-image-container  av-styling-  av-has-copyright av-copyright-icon-reveal   avia-builder-el-1  avia-builder-el-no-sibling   avia-align-center '  itemprop=\"image\" itemscope=\"itemscope\" itemtype=\"https:\/\/schema.org\/ImageObject\"  ><div class='avia-image-container-inner'><div class='avia-image-overlay-wrap'><a href=\"https:\/\/mdw.ac.at\/altemusik\/blog2\/wp-content\/uploads\/2023\/10\/borsanyi-671x1030.jpg\" class='avia_image'   data-rel=\"lightbox-image-0\" data-rl_title=\"\" data-rl_caption=\"\"><img class='avia_image ' src='https:\/\/mdw.ac.at\/altemusik\/blog2\/wp-content\/uploads\/2023\/10\/borsanyi-671x1030.jpg' alt='' title=''  itemprop=\"thumbnailUrl\"  \/><\/a><\/div><small class='avia-copyright'> \u00a9 Benedek Horv\u00e1th<\/small><\/div><\/div><\/div>\n<div class=\"flex_column av_three_fifth  flex_column_div av-zero-column-padding   avia-builder-el-2  el_after_av_two_fifth  el_before_av_buttonrow  \" style='border-radius:0px; '><section class=\"av_textblock_section \"  itemscope=\"itemscope\" itemtype=\"https:\/\/schema.org\/CreativeWork\" ><div class='avia_textblock  '   itemprop=\"text\" ><h2>M\u00e1rton BORS\u00c1NYI<\/h2>\n<\/div><\/section><br \/>\n<section class=\"av_textblock_section \"  itemscope=\"itemscope\" itemtype=\"https:\/\/schema.org\/CreativeWork\" ><div class='avia_textblock  '   itemprop=\"text\" ><h5>Generalbass, Cembalopraxis<\/h5>\n<\/div><\/section><br \/>\n<div style='height:20px' class='hr hr-invisible   avia-builder-el-5  el_after_av_textblock  el_before_av_textblock  '><span class='hr-inner ' ><span class='hr-inner-style'><\/span><\/span><\/div><br \/>\n<section class=\"av_textblock_section \"  itemscope=\"itemscope\" itemtype=\"https:\/\/schema.org\/CreativeWork\" ><div class='avia_textblock  '   itemprop=\"text\" ><p>M\u00e1rton Bors\u00e1nyi wurde 1984 in Budapest (Ungarn) geboren und studierte Cembalo, Basso continuo und historische Improvisation an der Hochschule f\u00fcr Musik und Theater \u201eFelix Mendelssohn Bartholdy\u201c Leipzig und der Schola Cantorum Basiliensis, wo er bei Nicholas Parle, Jesper Christensen und Rudolf Lutz Unterricht nahm. Im Jahr 2009 erhielt er ein Stipendium an der Academia Montis Regalis in Mondov\u00ec (Italien). Seit vielen Jahren konzentriert er sich in seiner musikalischen Arbeit auf die Klaviermusik des 17. Jahrhunderts aus deutschsprachigen, lutherischen Regionen.<\/p>\n<p>Bors\u00e1nyi gibt regelm\u00e4\u00dfig Konzerte als Solist und Kammermusiker, sowohl am Cembalo als auch an der Orgel. Er ist Organist an der Reformierten Kirche in Oberwil (Basel-Landschaft) und an der r\u00f6misch-katholischen Kirche St. Martin in Egerkingen. Von 2016 bis 2019 hatte er eine Lehrt\u00e4tigkeit an der Universit\u00e4t f\u00fcr Musik und darstellende Kunst in Graz inne. Seit 2017 unterrichtet er Cembalospezifische Organologie an der Liszt Ferenc Musikakademie in Budapest. Seit 2017 unterrichtet er au\u00dferdem die Cembaloklasse beim ISAEM Festival in Warschau und organisiert die Pannonia Early Music Academy in Ungarn &#8211; seit 2019 unterrichtet er an der MDW Wien.<\/p>\n<p>Er ist au\u00dferdem ein begeisterter Cembalo- und Orgelp\u00e4dagoge mit gro\u00dfem Interesse und Erfahrung in Organologie und Forschung in der Alten Musik. Er war als Cembalo-Experte und Intonateur f\u00fcr die Liszt Ferenc Musikakademie Budapest, das Konservatorium Ljubljana, die Schola Cantorum Basiliensis Basel und die Kunstuniversit\u00e4t Graz t\u00e4tig sowie f\u00fcr CD-Aufnahmen wie <em><span class=\"wixui-rich-text__text\"><span class=\"color_20 wixui-rich-text__text\"><a class=\"wixui-rich-text__text\" href=\"https:\/\/www.claves.ch\/products\/bartok-baroque-helga-varadi-harpsichord\" target=\"_blank\" rel=\"noopener\">Bart\u00f3k and Baroque &#8211; Helga V\u00e1radi Harpsichord <\/a><\/span><\/span><\/em><span class=\"wixui-rich-text__text\"><span class=\"color_15 wixui-rich-text__text\">oder <\/span><\/span><em><span class=\"wixui-rich-text__text\"><span class=\"color_20 wixui-rich-text__text\"><a class=\"wixui-rich-text__text\" href=\"https:\/\/styriarte.com\/artists\/pollerus\/\" target=\"_blank\" rel=\"noopener\">7 Toccatas by J. S. Bach &#8211; Eva Maria Pollerus Harpsichord<\/a><\/span><\/span><\/em> und f\u00fcr viele weitere Privatkunden in Ungarn, der Schweiz, Deutschland und Slowenien. Als Intonateur verf\u00fcgt M\u00e1rton Bors\u00e1nyi \u00fcber mehr als 10 Jahre Erfahrung in der Arbeit mit echten Federn und Delrin und h\u00e4lt Vortr\u00e4ge \u00fcber die Wartung und Regulierung von Cembali.<\/p>\n<p class=\"font_8 wixui-rich-text__text\" dir=\"ltr\">\n<\/div><\/section><\/p><\/div><div class='avia-buttonrow-wrap avia-buttonrow-right   avia-builder-el-7  el_after_av_three_fifth  avia-builder-el-last  '>\n<a href='https:\/\/online.mdw.ac.at\/mdw_online\/visitenkarte.show_vcard?pPersonenId=2D8E7DEAFBE1BED1&pPersonenGruppe=3'  class='avia-button  avia-icon_select-no avia-color-theme-color avia-size-small '  target=\"_blank\"  style='margin-bottom:5px; margin-left:5px; ' ><span class='avia_iconbox_title' >Visitenkarte<\/span><\/a>\n<a href='https:\/\/online.mdw.ac.at\/mdw_online\/wblvangebot.wbshowlvoffer?ppersonnr=35007'  class='avia-button  avia-icon_select-no avia-color-theme-color avia-size-small '  target=\"_blank\"  style='margin-bottom:5px; margin-left:5px; ' ><span class='avia_iconbox_title' >Lehrveranstaltungen<\/span><\/a>\n<\/div><\/p>\n","protected":false},"excerpt":{"rendered":"","protected":false},"author":1,"featured_media":0,"parent":257,"menu_order":0,"comment_status":"closed","ping_status":"closed","template":"","meta":{"_price":"","_stock":"","_tribe_ticket_header":"","_tribe_default_ticket_provider":"","_tribe_ticket_capacity":"","_ticket_start_date":"","_ticket_end_date":"","_tribe_ticket_show_description":"","_tribe_ticket_show_not_going":false,"_tribe_ticket_use_global_stock":"","_tribe_ticket_global_stock_level":"","_global_stock_mode":"","_global_stock_cap":"","_tribe_rsvp_for_event":"","_tribe_ticket_going_count":"","_tribe_ticket_not_going_count":"","_tribe_tickets_list":"[]","_tribe_ticket_has_attendee_info_fields":false,"footnotes":""},"class_list":["post-14199","page","type-page","status-publish","hentry"],"_links":{"self":[{"href":"https:\/\/mdw.ac.at\/altemusik\/wp-json\/wp\/v2\/pages\/14199","targetHints":{"allow":["GET"]}}],"collection":[{"href":"https:\/\/mdw.ac.at\/altemusik\/wp-json\/wp\/v2\/pages"}],"about":[{"href":"https:\/\/mdw.ac.at\/altemusik\/wp-json\/wp\/v2\/types\/page"}],"author":[{"embeddable":true,"href":"https:\/\/mdw.ac.at\/altemusik\/wp-json\/wp\/v2\/users\/1"}],"replies":[{"embeddable":true,"href":"https:\/\/mdw.ac.at\/altemusik\/wp-json\/wp\/v2\/comments?post=14199"}],"version-history":[{"count":13,"href":"https:\/\/mdw.ac.at\/altemusik\/wp-json\/wp\/v2\/pages\/14199\/revisions"}],"predecessor-version":[{"id":18873,"href":"https:\/\/mdw.ac.at\/altemusik\/wp-json\/wp\/v2\/pages\/14199\/revisions\/18873"}],"up":[{"embeddable":true,"href":"https:\/\/mdw.ac.at\/altemusik\/wp-json\/wp\/v2\/pages\/257"}],"wp:attachment":[{"href":"https:\/\/mdw.ac.at\/altemusik\/wp-json\/wp\/v2\/media?parent=14199"}],"curies":[{"name":"wp","href":"https:\/\/api.w.org\/{rel}","templated":true}]}}