{"id":14222,"date":"2023-10-05T13:54:51","date_gmt":"2023-10-05T11:54:51","guid":{"rendered":"https:\/\/mdw.ac.at\/altemusik\/?page_id=14222"},"modified":"2026-03-11T10:19:13","modified_gmt":"2026-03-11T09:19:13","slug":"andre-ferreira-inst-17","status":"publish","type":"page","link":"https:\/\/mdw.ac.at\/altemusik\/en\/faculty\/andre-ferreira-inst-17\/","title":{"rendered":"Andr\u00e9 FERREIRA (Inst. 17)"},"content":{"rendered":"<div class=\"flex_column av_two_third  flex_column_div av-zero-column-padding first  avia-builder-el-0  el_before_av_one_third  avia-builder-el-first  \" style='border-radius:0px; '><div class='avia-image-container  av-styling-    avia-builder-el-1  avia-builder-el-no-sibling   avia-align-center '  itemprop=\"image\" itemscope=\"itemscope\" itemtype=\"https:\/\/schema.org\/ImageObject\"  ><div class='avia-image-container-inner'><div class='avia-image-overlay-wrap'><a href=\"https:\/\/mdw.ac.at\/altemusik\/blog2\/wp-content\/uploads\/2026\/03\/Foto-Theorbe-scaled-1-1030x1030.jpg\" class='avia_image'   data-rel=\"lightbox-image-0\" data-rl_title=\"\" data-rl_caption=\"\"><img class='avia_image ' src='https:\/\/mdw.ac.at\/altemusik\/blog2\/wp-content\/uploads\/2026\/03\/Foto-Theorbe-scaled-1.jpg' alt='' title=''  itemprop=\"thumbnailUrl\"  \/><\/a><\/div><\/div><\/div><\/div><div class=\"flex_column av_one_third  flex_column_div av-zero-column-padding   avia-builder-el-2  el_after_av_two_third  el_before_av_one_full  \" style='border-radius:0px; '><\/div><\/p>\n<div class=\"flex_column av_one_full  flex_column_div av-zero-column-padding first  avia-builder-el-3  el_after_av_one_third  el_before_av_one_full  column-top-margin\" style='border-radius:0px; '><section class=\"av_textblock_section \"  itemscope=\"itemscope\" itemtype=\"https:\/\/schema.org\/CreativeWork\" ><div class='avia_textblock  '   itemprop=\"text\" ><h2>Andr\u00e9 FERREIRA (Inst. 17)<\/h2>\n<\/div><\/section><br \/>\n<section class=\"av_textblock_section \"  itemscope=\"itemscope\" itemtype=\"https:\/\/schema.org\/CreativeWork\" ><div class='avia_textblock  '   itemprop=\"text\" ><h5>Historical Lute Instruments (Supplementary subject)<\/h5>\n<\/div><\/section><br \/>\n<div style='height:20px' class='hr hr-invisible   avia-builder-el-6  el_after_av_textblock  el_before_av_textblock  '><span class='hr-inner ' ><span class='hr-inner-style'><\/span><\/span><\/div><br \/>\n<section class=\"av_textblock_section \"  itemscope=\"itemscope\" itemtype=\"https:\/\/schema.org\/CreativeWork\" ><div class='avia_textblock  '   itemprop=\"text\" ><p style=\"font-weight: 400;\"><span style=\"font-style: inherit; font-weight: inherit;\">Andr\u00e9 Ferreira, originally from Leiria (Portugal), began playing the guitar at the age of twelve at Orfe\u00e3o de Leiria Conservatorio de Artes. He pursued his musical education under the guidance of renowned guitarists, including Margarita Escarpa at Conservatorio Superior de Musica de Vigo, Tilman Hoppstock at Akademie f\u00fcr Tonkunst Darmstadt, Paolo Pegoraro at the Universit\u00e4t f\u00fcr Musik und darstellende Kunst Graz, and Ricardo Gall\u00e9n at the Hochschule f\u00fcr Musik und Tanz Weimar.<\/span><\/p>\n<p style=\"font-weight: 400;\"><span style=\"font-style: inherit; font-weight: inherit;\">Andr\u00e9 won several prizes in both national and international competitions and has performed solo concerts across several European countries, such as Austria, Portugal, Spain, Italy, Belgium, Germany, and England. In 2018, he released his debut album titled &#8222;Sonatas.&#8220;<\/span><\/p>\n<p style=\"font-weight: 400;\"><span style=\"font-style: inherit; font-weight: inherit;\">Driven by a profound interest in early music and inspired by various plucked instruments and playing techniques, Andr\u00e9 ventured into the world of the lute, which led him to study with David Bergm\u00fcller at the Hochschule f\u00fcr Musik und Tanz K\u00f6ln.<\/span><\/p>\n<p style=\"font-weight: 400;\"><span style=\"font-style: inherit; font-weight: inherit;\">Presently, Andr\u00e9 frequently performs with the Bach Consort Wien under the direction of Rub\u00e9n Dubrovsky. This has granted him remarkable opportunities to perform at prestigious venues such as Wiener Musikverein, Theater an der Wien, Palau de M\u00fasica Catalana in Barcelona, and Auditorio Nacional de M\u00fasica in Madrid and the honor of sharing the stage with acclaimed musicians including Vivica Genaux, Veronica Cangemi, Anna Prohaska, Xavier Sabata, Terry Wey, Michael Schade, and M\u00f3nica Pustilnik.<\/span><\/p>\n<\/div><\/section><\/p><\/div>\n<div class=\"flex_column av_one_full  flex_column_div av-zero-column-padding first  avia-builder-el-8  el_after_av_one_full  avia-builder-el-last  column-top-margin\" style='border-radius:0px; '><div class='avia-buttonrow-wrap avia-buttonrow-right   avia-builder-el-9  avia-builder-el-no-sibling  '>\n<a href='https:\/\/online.mdw.ac.at\/mdw_online\/visitenkarte.show_vcard?pPersonenId=9AB650138E60D995&pPersonenGruppe=3'  class='avia-button  avia-icon_select-no avia-color-theme-color avia-size-small '  target=\"_blank\"  style='margin-bottom:5px; margin-left:5px; ' ><span class='avia_iconbox_title' >Business card<\/span><\/a>\n<a href='https:\/\/online.mdw.ac.at\/mdw_online\/wblvangebot.wbshowlvoffer?ppersonnr=42141'  class='avia-button  avia-icon_select-no avia-color-theme-color avia-size-small '  target=\"_blank\"  style='margin-bottom:5px; margin-left:5px; ' ><span class='avia_iconbox_title' >Courses<\/span><\/a>\n<\/div><\/div>\n","protected":false},"excerpt":{"rendered":"","protected":false},"author":1,"featured_media":0,"parent":255,"menu_order":0,"comment_status":"closed","ping_status":"closed","template":"","meta":{"_price":"","_stock":"","_tribe_ticket_header":"","_tribe_default_ticket_provider":"","_tribe_ticket_capacity":"","_ticket_start_date":"","_ticket_end_date":"","_tribe_ticket_show_description":"","_tribe_ticket_show_not_going":false,"_tribe_ticket_use_global_stock":"","_tribe_ticket_global_stock_level":"","_global_stock_mode":"","_global_stock_cap":"","_tribe_rsvp_for_event":"","_tribe_ticket_going_count":"","_tribe_ticket_not_going_count":"","_tribe_tickets_list":"[]","_tribe_ticket_has_attendee_info_fields":false,"footnotes":""},"class_list":["post-14222","page","type-page","status-publish","hentry"],"_links":{"self":[{"href":"https:\/\/mdw.ac.at\/altemusik\/wp-json\/wp\/v2\/pages\/14222","targetHints":{"allow":["GET"]}}],"collection":[{"href":"https:\/\/mdw.ac.at\/altemusik\/wp-json\/wp\/v2\/pages"}],"about":[{"href":"https:\/\/mdw.ac.at\/altemusik\/wp-json\/wp\/v2\/types\/page"}],"author":[{"embeddable":true,"href":"https:\/\/mdw.ac.at\/altemusik\/wp-json\/wp\/v2\/users\/1"}],"replies":[{"embeddable":true,"href":"https:\/\/mdw.ac.at\/altemusik\/wp-json\/wp\/v2\/comments?post=14222"}],"version-history":[{"count":8,"href":"https:\/\/mdw.ac.at\/altemusik\/wp-json\/wp\/v2\/pages\/14222\/revisions"}],"predecessor-version":[{"id":18964,"href":"https:\/\/mdw.ac.at\/altemusik\/wp-json\/wp\/v2\/pages\/14222\/revisions\/18964"}],"up":[{"embeddable":true,"href":"https:\/\/mdw.ac.at\/altemusik\/wp-json\/wp\/v2\/pages\/255"}],"wp:attachment":[{"href":"https:\/\/mdw.ac.at\/altemusik\/wp-json\/wp\/v2\/media?parent=14222"}],"curies":[{"name":"wp","href":"https:\/\/api.w.org\/{rel}","templated":true}]}}