{"id":14308,"date":"2023-12-21T13:09:23","date_gmt":"2023-12-21T12:09:23","guid":{"rendered":"https:\/\/mdw.ac.at\/altemusik\/?page_id=14308"},"modified":"2026-01-20T00:08:02","modified_gmt":"2026-01-19T23:08:02","slug":"gratulation-erfolge-unserer-studierenden","status":"publish","type":"page","link":"https:\/\/mdw.ac.at\/altemusik\/news\/gratulation-erfolge-unserer-studierenden\/","title":{"rendered":"GRATULATION | Erfolge unserer Studierenden"},"content":{"rendered":"<div class=\"flex_column av_one_full  flex_column_div av-zero-column-padding first  avia-builder-el-0  el_before_av_timeline  avia-builder-el-first  \" style='border-radius:0px; '><section class=\"av_textblock_section \"  itemscope=\"itemscope\" itemtype=\"https:\/\/schema.org\/CreativeWork\" ><div class='avia_textblock  '   itemprop=\"text\" ><h2>Gratulation!<\/h2>\n<\/div><\/section><br \/>\n<div style='height:30px' class='hr hr-invisible   avia-builder-el-2  el_after_av_textblock  el_before_av_textblock  '><span class='hr-inner ' ><span class='hr-inner-style'><\/span><\/span><\/div><br \/>\n<section class=\"av_textblock_section \"  itemscope=\"itemscope\" itemtype=\"https:\/\/schema.org\/CreativeWork\" ><div class='avia_textblock  '   itemprop=\"text\" ><h4>Wir freuen uns mit unseren Studierenden \u00fcber ihre Erfolge und gratulieren herzlich!<\/h4>\n<\/div><\/section><\/p><\/div>\n<div id='avia-timeline-69dc3678e9967' class='avia-timeline-container    avia-builder-el-4  el_after_av_one_full  avia-builder-el-last  ' ><ul class='avia-timeline avia-timeline-vertical av-milestone-placement-alternate avia-timeline- avia_animate_when_almost_visible '>\n<li class='av-milestone av-animated-generic fade-in av-milestone-odd  av-milestone-valign-baseline'><h2 class='av-milestone-date  '  id='milestone-2025'><strong>2025<span class='av-milestone-indicator'><\/span><\/strong><\/h2><div class=\"av-milestone-icon-wrap\"><span class='milestone_icon avia-font-entypo-fontello' ><span class='milestone_inner' ><i class='milestone-char' aria-hidden='true' data-av_icon='\ue800' data-av_iconfont='entypo-fontello'><\/i><\/span><\/span><\/div><article class='av-milestone-content-wrap'><div class='av-milestone-contentbox' ><header class=\"entry-content-header\"><h4  class=' '>Britta K\u00c4HNY | Blockfl\u00f6te<\/h4><\/header><div class='av-milestone-content' ><p>1. Hans-Lewitus-Wettbewerb f\u00fcr Blockfl\u00f6te 2025: Erster Preis<\/p>\n<p><img loading=\"lazy\" decoding=\"async\" class=\"alignnone size-medium wp-image-18216\" src=\"https:\/\/mdw.ac.at\/altemusik\/blog2\/wp-content\/uploads\/2026\/01\/IMG_3105-169x300.jpeg\" alt=\"\" width=\"169\" height=\"300\" srcset=\"https:\/\/mdw.ac.at\/altemusik\/blog2\/wp-content\/uploads\/2026\/01\/IMG_3105-169x300.jpeg 169w, https:\/\/mdw.ac.at\/altemusik\/blog2\/wp-content\/uploads\/2026\/01\/IMG_3105-579x1030.jpeg 579w, https:\/\/mdw.ac.at\/altemusik\/blog2\/wp-content\/uploads\/2026\/01\/IMG_3105-768x1365.jpeg 768w, https:\/\/mdw.ac.at\/altemusik\/blog2\/wp-content\/uploads\/2026\/01\/IMG_3105-864x1536.jpeg 864w, https:\/\/mdw.ac.at\/altemusik\/blog2\/wp-content\/uploads\/2026\/01\/IMG_3105-1152x2048.jpeg 1152w, https:\/\/mdw.ac.at\/altemusik\/blog2\/wp-content\/uploads\/2026\/01\/IMG_3105-844x1500.jpeg 844w, https:\/\/mdw.ac.at\/altemusik\/blog2\/wp-content\/uploads\/2026\/01\/IMG_3105-397x705.jpeg 397w, https:\/\/mdw.ac.at\/altemusik\/blog2\/wp-content\/uploads\/2026\/01\/IMG_3105-450x800.jpeg 450w, https:\/\/mdw.ac.at\/altemusik\/blog2\/wp-content\/uploads\/2026\/01\/IMG_3105-scaled.jpeg 1440w\" sizes=\"auto, (max-width: 169px) 100vw, 169px\" \/><\/p>\n<\/div><\/div><footer  class='entry-footer'><\/footer><\/article><\/li>\n<li class='av-milestone av-animated-generic fade-in av-milestone-even  av-milestone-valign-baseline'><h2 class='av-milestone-date  '  id='milestone-2025'><strong>2025<span class='av-milestone-indicator'><\/span><\/strong><\/h2><article class='av-milestone-content-wrap'><div class='av-milestone-contentbox' ><header class=\"entry-content-header\"><h4  class=' '>Barbora \u0160PELINOV\u00c1 | Blockfl\u00f6te<\/h4><\/header><div class='av-milestone-content' ><p>1. Hans-Lewitus-Wettbewerb f\u00fcr Blockfl\u00f6te 2025: Zweiter Preis<\/p>\n<p><img loading=\"lazy\" decoding=\"async\" class=\"alignnone size-medium wp-image-18215\" src=\"https:\/\/mdw.ac.at\/altemusik\/blog2\/wp-content\/uploads\/2026\/01\/IMG_3108-240x300.jpeg\" alt=\"\" width=\"240\" height=\"300\" srcset=\"https:\/\/mdw.ac.at\/altemusik\/blog2\/wp-content\/uploads\/2026\/01\/IMG_3108-240x300.jpeg 240w, https:\/\/mdw.ac.at\/altemusik\/blog2\/wp-content\/uploads\/2026\/01\/IMG_3108-824x1030.jpeg 824w, https:\/\/mdw.ac.at\/altemusik\/blog2\/wp-content\/uploads\/2026\/01\/IMG_3108-768x961.jpeg 768w, https:\/\/mdw.ac.at\/altemusik\/blog2\/wp-content\/uploads\/2026\/01\/IMG_3108-1228x1536.jpeg 1228w, https:\/\/mdw.ac.at\/altemusik\/blog2\/wp-content\/uploads\/2026\/01\/IMG_3108-1637x2048.jpeg 1637w, https:\/\/mdw.ac.at\/altemusik\/blog2\/wp-content\/uploads\/2026\/01\/IMG_3108-1199x1500.jpeg 1199w, https:\/\/mdw.ac.at\/altemusik\/blog2\/wp-content\/uploads\/2026\/01\/IMG_3108-564x705.jpeg 564w, https:\/\/mdw.ac.at\/altemusik\/blog2\/wp-content\/uploads\/2026\/01\/IMG_3108-450x563.jpeg 450w, https:\/\/mdw.ac.at\/altemusik\/blog2\/wp-content\/uploads\/2026\/01\/IMG_3108-scaled.jpeg 2047w\" sizes=\"auto, (max-width: 240px) 100vw, 240px\" \/><\/p>\n<\/div><\/div><footer  class='entry-footer'><\/footer><\/article><div class=\"av-milestone-icon-wrap\"><span class='milestone_icon avia-font-entypo-fontello' ><span class='milestone_inner' ><i class='milestone-char' aria-hidden='true' data-av_icon='\ue800' data-av_iconfont='entypo-fontello'><\/i><\/span><\/span><\/div><h2 class='av-milestone-date  '  id='milestone-2025'><strong>2025<span class='av-milestone-indicator'><\/span><\/strong><\/h2><\/li>\n<li class='av-milestone av-animated-generic fade-in av-milestone-odd  av-milestone-valign-baseline'><h2 class='av-milestone-date  '  id='milestone-2025'><strong>2025<span class='av-milestone-indicator'><\/span><\/strong><\/h2><div class=\"av-milestone-icon-wrap\"><span class='milestone_icon avia-font-entypo-fontello' ><span class='milestone_inner' ><i class='milestone-char' aria-hidden='true' data-av_icon='\ue800' data-av_iconfont='entypo-fontello'><\/i><\/span><\/span><\/div><article class='av-milestone-content-wrap'><div class='av-milestone-contentbox' ><header class=\"entry-content-header\"><h4  class=' '>Gell\u00e9rt JASS\u00d3 | Chia-Yu LIN | Blockfl\u00f6te<\/h4><\/header><div class='av-milestone-content' ><p>1. Hans-Lewitus-Wettbewerb f\u00fcr Blockfl\u00f6te 2025: jeweils Dritter Preis<\/p>\n<p><img loading=\"lazy\" decoding=\"async\" class=\"alignnone size-medium wp-image-18213\" src=\"https:\/\/mdw.ac.at\/altemusik\/blog2\/wp-content\/uploads\/2026\/01\/0eb255d6-a6cc-4bd7-8355-cd162d80f938-293x300.jpeg\" alt=\"\" width=\"293\" height=\"300\" srcset=\"https:\/\/mdw.ac.at\/altemusik\/blog2\/wp-content\/uploads\/2026\/01\/0eb255d6-a6cc-4bd7-8355-cd162d80f938-293x300.jpeg 293w, https:\/\/mdw.ac.at\/altemusik\/blog2\/wp-content\/uploads\/2026\/01\/0eb255d6-a6cc-4bd7-8355-cd162d80f938-768x786.jpeg 768w, https:\/\/mdw.ac.at\/altemusik\/blog2\/wp-content\/uploads\/2026\/01\/0eb255d6-a6cc-4bd7-8355-cd162d80f938-36x36.jpeg 36w, https:\/\/mdw.ac.at\/altemusik\/blog2\/wp-content\/uploads\/2026\/01\/0eb255d6-a6cc-4bd7-8355-cd162d80f938-689x705.jpeg 689w, https:\/\/mdw.ac.at\/altemusik\/blog2\/wp-content\/uploads\/2026\/01\/0eb255d6-a6cc-4bd7-8355-cd162d80f938-450x460.jpeg 450w, https:\/\/mdw.ac.at\/altemusik\/blog2\/wp-content\/uploads\/2026\/01\/0eb255d6-a6cc-4bd7-8355-cd162d80f938.jpeg 1000w\" sizes=\"auto, (max-width: 293px) 100vw, 293px\" \/><\/p>\n<p><img loading=\"lazy\" decoding=\"async\" class=\"alignnone size-medium wp-image-18214\" src=\"https:\/\/mdw.ac.at\/altemusik\/blog2\/wp-content\/uploads\/2026\/01\/IMG_3109-207x300.jpeg\" alt=\"\" width=\"207\" height=\"300\" srcset=\"https:\/\/mdw.ac.at\/altemusik\/blog2\/wp-content\/uploads\/2026\/01\/IMG_3109-207x300.jpeg 207w, https:\/\/mdw.ac.at\/altemusik\/blog2\/wp-content\/uploads\/2026\/01\/IMG_3109-710x1030.jpeg 710w, https:\/\/mdw.ac.at\/altemusik\/blog2\/wp-content\/uploads\/2026\/01\/IMG_3109-768x1113.jpeg 768w, https:\/\/mdw.ac.at\/altemusik\/blog2\/wp-content\/uploads\/2026\/01\/IMG_3109-1059x1536.jpeg 1059w, https:\/\/mdw.ac.at\/altemusik\/blog2\/wp-content\/uploads\/2026\/01\/IMG_3109-1413x2048.jpeg 1413w, https:\/\/mdw.ac.at\/altemusik\/blog2\/wp-content\/uploads\/2026\/01\/IMG_3109-1035x1500.jpeg 1035w, https:\/\/mdw.ac.at\/altemusik\/blog2\/wp-content\/uploads\/2026\/01\/IMG_3109-486x705.jpeg 486w, https:\/\/mdw.ac.at\/altemusik\/blog2\/wp-content\/uploads\/2026\/01\/IMG_3109-450x652.jpeg 450w, https:\/\/mdw.ac.at\/altemusik\/blog2\/wp-content\/uploads\/2026\/01\/IMG_3109-scaled.jpeg 1766w\" sizes=\"auto, (max-width: 207px) 100vw, 207px\" \/><\/p>\n<\/div><\/div><footer  class='entry-footer'><\/footer><\/article><\/li>\n<li class='av-milestone av-animated-generic fade-in av-milestone-even  av-milestone-valign-baseline'><h2 class='av-milestone-date  '  id='milestone-2025'><strong>2025<span class='av-milestone-indicator'><\/span><\/strong><\/h2><article class='av-milestone-content-wrap'><div class='av-milestone-contentbox' ><header class=\"entry-content-header\"><h4  class=' '>Franziska HOFFMANN | Historische Klarinetteninstrumente<\/h4><\/header><div class='av-milestone-content' ><p>W\u00fcrdigungspreis der mdw f\u00fcr ausgezeichnete Leistungen innerhalb des Studiums<\/p>\n<p><img loading=\"lazy\" decoding=\"async\" class=\"alignnone size-medium wp-image-18158\" src=\"https:\/\/mdw.ac.at\/altemusik\/blog2\/wp-content\/uploads\/2026\/01\/IMG_3096-272x300.jpeg\" alt=\"\" width=\"272\" height=\"300\" srcset=\"https:\/\/mdw.ac.at\/altemusik\/blog2\/wp-content\/uploads\/2026\/01\/IMG_3096-272x300.jpeg 272w, https:\/\/mdw.ac.at\/altemusik\/blog2\/wp-content\/uploads\/2026\/01\/IMG_3096-933x1030.jpeg 933w, https:\/\/mdw.ac.at\/altemusik\/blog2\/wp-content\/uploads\/2026\/01\/IMG_3096-768x848.jpeg 768w, https:\/\/mdw.ac.at\/altemusik\/blog2\/wp-content\/uploads\/2026\/01\/IMG_3096-639x705.jpeg 639w, https:\/\/mdw.ac.at\/altemusik\/blog2\/wp-content\/uploads\/2026\/01\/IMG_3096-450x497.jpeg 450w, https:\/\/mdw.ac.at\/altemusik\/blog2\/wp-content\/uploads\/2026\/01\/IMG_3096.jpeg 1095w\" sizes=\"auto, (max-width: 272px) 100vw, 272px\" \/><\/p>\n<\/div><\/div><footer  class='entry-footer'><\/footer><\/article><div class=\"av-milestone-icon-wrap\"><span class='milestone_icon avia-font-entypo-fontello' ><span class='milestone_inner' ><i class='milestone-char' aria-hidden='true' data-av_icon='\ue800' data-av_iconfont='entypo-fontello'><\/i><\/span><\/span><\/div><h2 class='av-milestone-date  '  id='milestone-2025'><strong>2025<span class='av-milestone-indicator'><\/span><\/strong><\/h2><\/li>\n<li class='av-milestone av-animated-generic fade-in av-milestone-odd  av-milestone-valign-baseline'><h2 class='av-milestone-date  '  id='milestone-2024'><strong>2024<span class='av-milestone-indicator'><\/span><\/strong><\/h2><div class=\"av-milestone-icon-wrap\"><span class='milestone_icon avia-font-entypo-fontello' ><span class='milestone_inner' ><i class='milestone-char' aria-hidden='true' data-av_icon='\ue800' data-av_iconfont='entypo-fontello'><\/i><\/span><\/span><\/div><article class='av-milestone-content-wrap'><div class='av-milestone-contentbox' ><header class=\"entry-content-header\"><h4  class=' '>Ching-Yao WANG | Traversfl\u00f6te<\/h4><\/header><div class='av-milestone-content' ><p>Dutch International Flute Competition 2024 &#8211; Kategorie Traverso Students: Erster Preis<\/p>\n<p><img loading=\"lazy\" decoding=\"async\" class=\"alignnone size-medium wp-image-15365\" src=\"https:\/\/mdw.ac.at\/altemusik\/blog2\/wp-content\/uploads\/2024\/05\/freymut-by-Theresa-Pewal-322-2-200x300.jpeg\" alt=\"\" width=\"200\" height=\"300\" srcset=\"https:\/\/mdw.ac.at\/altemusik\/blog2\/wp-content\/uploads\/2024\/05\/freymut-by-Theresa-Pewal-322-2-200x300.jpeg 200w, https:\/\/mdw.ac.at\/altemusik\/blog2\/wp-content\/uploads\/2024\/05\/freymut-by-Theresa-Pewal-322-2-686x1030.jpeg 686w, https:\/\/mdw.ac.at\/altemusik\/blog2\/wp-content\/uploads\/2024\/05\/freymut-by-Theresa-Pewal-322-2-768x1152.jpeg 768w, https:\/\/mdw.ac.at\/altemusik\/blog2\/wp-content\/uploads\/2024\/05\/freymut-by-Theresa-Pewal-322-2-1024x1536.jpeg 1024w, https:\/\/mdw.ac.at\/altemusik\/blog2\/wp-content\/uploads\/2024\/05\/freymut-by-Theresa-Pewal-322-2-1000x1500.jpeg 1000w, https:\/\/mdw.ac.at\/altemusik\/blog2\/wp-content\/uploads\/2024\/05\/freymut-by-Theresa-Pewal-322-2-470x705.jpeg 470w, https:\/\/mdw.ac.at\/altemusik\/blog2\/wp-content\/uploads\/2024\/05\/freymut-by-Theresa-Pewal-322-2-450x675.jpeg 450w, https:\/\/mdw.ac.at\/altemusik\/blog2\/wp-content\/uploads\/2024\/05\/freymut-by-Theresa-Pewal-322-2.jpeg 1365w\" sizes=\"auto, (max-width: 200px) 100vw, 200px\" \/><\/p>\n<\/div><\/div><footer  class='entry-footer'><\/footer><\/article><\/li>\n<li class='av-milestone av-animated-generic fade-in av-milestone-even  av-milestone-valign-baseline'><h2 class='av-milestone-date  '  id='milestone-2023'><strong>2023<span class='av-milestone-indicator'><\/span><\/strong><\/h2><article class='av-milestone-content-wrap'><div class='av-milestone-contentbox' ><header class=\"entry-content-header\"><h4  class=' '>Joseph ZAAROUR | Cembalo<\/h4><\/header><div class='av-milestone-content' ><p>Internationaler H.I.F. Biber Wettbewerb 2023: Erster Preis an Clavichord, Orgel und Cembalo<\/p>\n<p><img loading=\"lazy\" decoding=\"async\" class=\"alignleft wp-image-14661 size-large\" src=\"https:\/\/mdw.ac.at\/altemusik\/blog2\/wp-content\/uploads\/2023\/12\/1653cMira_Letzbor-1030x687.jpg\" alt=\"\" width=\"1030\" height=\"687\" srcset=\"https:\/\/mdw.ac.at\/altemusik\/blog2\/wp-content\/uploads\/2023\/12\/1653cMira_Letzbor-1030x687.jpg 1030w, https:\/\/mdw.ac.at\/altemusik\/blog2\/wp-content\/uploads\/2023\/12\/1653cMira_Letzbor-300x200.jpg 300w, https:\/\/mdw.ac.at\/altemusik\/blog2\/wp-content\/uploads\/2023\/12\/1653cMira_Letzbor-768x512.jpg 768w, https:\/\/mdw.ac.at\/altemusik\/blog2\/wp-content\/uploads\/2023\/12\/1653cMira_Letzbor-1536x1024.jpg 1536w, https:\/\/mdw.ac.at\/altemusik\/blog2\/wp-content\/uploads\/2023\/12\/1653cMira_Letzbor-2048x1365.jpg 2048w, https:\/\/mdw.ac.at\/altemusik\/blog2\/wp-content\/uploads\/2023\/12\/1653cMira_Letzbor-1500x1000.jpg 1500w, https:\/\/mdw.ac.at\/altemusik\/blog2\/wp-content\/uploads\/2023\/12\/1653cMira_Letzbor-705x470.jpg 705w, https:\/\/mdw.ac.at\/altemusik\/blog2\/wp-content\/uploads\/2023\/12\/1653cMira_Letzbor-450x300.jpg 450w\" sizes=\"auto, (max-width: 1030px) 100vw, 1030px\" \/> <img loading=\"lazy\" decoding=\"async\" class=\"alignleft wp-image-14660 size-large\" src=\"https:\/\/mdw.ac.at\/altemusik\/blog2\/wp-content\/uploads\/2023\/12\/1633cMira_Letzbor-1030x687.jpg\" alt=\"\" width=\"1030\" height=\"687\" srcset=\"https:\/\/mdw.ac.at\/altemusik\/blog2\/wp-content\/uploads\/2023\/12\/1633cMira_Letzbor-1030x687.jpg 1030w, https:\/\/mdw.ac.at\/altemusik\/blog2\/wp-content\/uploads\/2023\/12\/1633cMira_Letzbor-300x200.jpg 300w, https:\/\/mdw.ac.at\/altemusik\/blog2\/wp-content\/uploads\/2023\/12\/1633cMira_Letzbor-768x512.jpg 768w, https:\/\/mdw.ac.at\/altemusik\/blog2\/wp-content\/uploads\/2023\/12\/1633cMira_Letzbor-1536x1024.jpg 1536w, https:\/\/mdw.ac.at\/altemusik\/blog2\/wp-content\/uploads\/2023\/12\/1633cMira_Letzbor-2048x1365.jpg 2048w, https:\/\/mdw.ac.at\/altemusik\/blog2\/wp-content\/uploads\/2023\/12\/1633cMira_Letzbor-1500x1000.jpg 1500w, https:\/\/mdw.ac.at\/altemusik\/blog2\/wp-content\/uploads\/2023\/12\/1633cMira_Letzbor-705x470.jpg 705w, https:\/\/mdw.ac.at\/altemusik\/blog2\/wp-content\/uploads\/2023\/12\/1633cMira_Letzbor-450x300.jpg 450w\" sizes=\"auto, (max-width: 1030px) 100vw, 1030px\" \/><\/p>\n<\/div><\/div><footer  class='entry-footer'><\/footer><\/article><div class=\"av-milestone-icon-wrap\"><span class='milestone_icon avia-font-entypo-fontello' ><span class='milestone_inner' ><i class='milestone-char' aria-hidden='true' data-av_icon='\ue800' data-av_iconfont='entypo-fontello'><\/i><\/span><\/span><\/div><h2 class='av-milestone-date  '  id='milestone-2023'><strong>2023<span class='av-milestone-indicator'><\/span><\/strong><\/h2><\/li>\n<li class='av-milestone av-animated-generic fade-in av-milestone-odd  av-milestone-valign-baseline'><h2 class='av-milestone-date  '  id='milestone-2021'><strong>2021<span class='av-milestone-indicator'><\/span><\/strong><\/h2><div class=\"av-milestone-icon-wrap\"><span class='milestone_icon avia-font-entypo-fontello' ><span class='milestone_inner' ><i class='milestone-char' aria-hidden='true' data-av_icon='\ue800' data-av_iconfont='entypo-fontello'><\/i><\/span><\/span><\/div><article class='av-milestone-content-wrap'><div class='av-milestone-contentbox' ><header class=\"entry-content-header\"><h4  class=' '>Ching-Yao WANG | Traversfl\u00f6te<\/h4><\/header><div class='av-milestone-content' ><p>11. Internationaler Telemann-Wettbewerb <span data-mce-mark=\"1\">f\u00fcr Historische Holzblasinstrumente 2021: Dritter Preis (mit Sobin Jo am Cembalo)<strong><br \/>\n<\/strong><\/span><\/p>\n<p><img loading=\"lazy\" decoding=\"async\" class=\"alignleft wp-image-14662 size-large\" src=\"https:\/\/mdw.ac.at\/altemusik\/blog2\/wp-content\/uploads\/2023\/12\/c-Viktoria-Kuehne-1030x680.jpg\" alt=\"\" width=\"1030\" height=\"680\" srcset=\"https:\/\/mdw.ac.at\/altemusik\/blog2\/wp-content\/uploads\/2023\/12\/c-Viktoria-Kuehne-1030x680.jpg 1030w, https:\/\/mdw.ac.at\/altemusik\/blog2\/wp-content\/uploads\/2023\/12\/c-Viktoria-Kuehne-300x198.jpg 300w, https:\/\/mdw.ac.at\/altemusik\/blog2\/wp-content\/uploads\/2023\/12\/c-Viktoria-Kuehne-768x507.jpg 768w, https:\/\/mdw.ac.at\/altemusik\/blog2\/wp-content\/uploads\/2023\/12\/c-Viktoria-Kuehne-705x465.jpg 705w, https:\/\/mdw.ac.at\/altemusik\/blog2\/wp-content\/uploads\/2023\/12\/c-Viktoria-Kuehne-450x297.jpg 450w, https:\/\/mdw.ac.at\/altemusik\/blog2\/wp-content\/uploads\/2023\/12\/c-Viktoria-Kuehne.jpg 1261w\" sizes=\"auto, (max-width: 1030px) 100vw, 1030px\" \/><\/p>\n<\/div><\/div><footer  class='entry-footer'><\/footer><\/article><\/li>\n<li class='av-milestone av-animated-generic fade-in av-milestone-even  av-milestone-valign-baseline'><h2 class='av-milestone-date  '  id='milestone-2021'><strong>2021<span class='av-milestone-indicator'><\/span><\/strong><\/h2><article class='av-milestone-content-wrap'><div class='av-milestone-contentbox' ><header class=\"entry-content-header\"><h4  class=' '>Ensemble L\u2019Aminta<\/h4><\/header><div class='av-milestone-content' ><p>4. Internationaler Berliner-Bach-Wettbewerb 2021: Dritter Preis f\u00fcr<\/p>\n<p>Jasmin Vorhauser, Blockfl\u00f6te &#038; Traversfl\u00f6te<br \/>\nAliona Kalechyts-Pietrowskaja, Violine<br \/>\nKarin Hannisdal, Violoncello<br \/>\nJulian Gaudiano, Cembalo<\/p>\n<p><img loading=\"lazy\" decoding=\"async\" class=\"alignnone size-full wp-image-14768\" src=\"https:\/\/mdw.ac.at\/altemusik\/blog2\/wp-content\/uploads\/2024\/01\/Foto-Ensemble-LAminta.jpg\" alt=\"\" width=\"1080\" height=\"720\" srcset=\"https:\/\/mdw.ac.at\/altemusik\/blog2\/wp-content\/uploads\/2024\/01\/Foto-Ensemble-LAminta.jpg 1080w, https:\/\/mdw.ac.at\/altemusik\/blog2\/wp-content\/uploads\/2024\/01\/Foto-Ensemble-LAminta-300x200.jpg 300w, https:\/\/mdw.ac.at\/altemusik\/blog2\/wp-content\/uploads\/2024\/01\/Foto-Ensemble-LAminta-1030x687.jpg 1030w, https:\/\/mdw.ac.at\/altemusik\/blog2\/wp-content\/uploads\/2024\/01\/Foto-Ensemble-LAminta-768x512.jpg 768w, https:\/\/mdw.ac.at\/altemusik\/blog2\/wp-content\/uploads\/2024\/01\/Foto-Ensemble-LAminta-705x470.jpg 705w, https:\/\/mdw.ac.at\/altemusik\/blog2\/wp-content\/uploads\/2024\/01\/Foto-Ensemble-LAminta-450x300.jpg 450w\" sizes=\"auto, (max-width: 1080px) 100vw, 1080px\" \/><\/p>\n<\/div><\/div><footer  class='entry-footer'><\/footer><\/article><div class=\"av-milestone-icon-wrap\"><span class='milestone_icon avia-font-entypo-fontello' ><span class='milestone_inner' ><i class='milestone-char' aria-hidden='true' data-av_icon='\ue800' data-av_iconfont='entypo-fontello'><\/i><\/span><\/span><\/div><h2 class='av-milestone-date  '  id='milestone-2021'><strong>2021<span class='av-milestone-indicator'><\/span><\/strong><\/h2><\/li>\n<li class='av-milestone av-animated-generic fade-in av-milestone-odd  av-milestone-valign-baseline'><h2 class='av-milestone-date  '  id='milestone-2021'><strong>2021<span class='av-milestone-indicator'><\/span><\/strong><\/h2><div class=\"av-milestone-icon-wrap\"><span class='milestone_icon avia-font-entypo-fontello' ><span class='milestone_inner' ><i class='milestone-char' aria-hidden='true' data-av_icon='\ue800' data-av_iconfont='entypo-fontello'><\/i><\/span><\/span><\/div><article class='av-milestone-content-wrap'><div class='av-milestone-contentbox' ><header class=\"entry-content-header\"><h4  class=' '>ensemble freymut<\/h4><\/header><div class='av-milestone-content' ><p>Internationaler H.I.F. Biber Wettbewerb 2021: Spezialpreis Westdeutscher Rundfunk f\u00fcr<\/p>\n<p>Elisabeth Vestemian, Traversfl\u00f6te<br \/>\nJohanna Rosa Falkinger, Sopran<br \/>\nMaria Danneberg, Viola da Gamba<br \/>\nSobin Jo, Cembalo<\/p>\n<p><img loading=\"lazy\" decoding=\"async\" class=\"alignleft wp-image-14663 size-large\" src=\"https:\/\/mdw.ac.at\/altemusik\/blog2\/wp-content\/uploads\/2023\/12\/c-Mira_Letzbor-1030x687.jpg\" alt=\"\" width=\"1030\" height=\"687\" srcset=\"https:\/\/mdw.ac.at\/altemusik\/blog2\/wp-content\/uploads\/2023\/12\/c-Mira_Letzbor-1030x687.jpg 1030w, https:\/\/mdw.ac.at\/altemusik\/blog2\/wp-content\/uploads\/2023\/12\/c-Mira_Letzbor-300x200.jpg 300w, https:\/\/mdw.ac.at\/altemusik\/blog2\/wp-content\/uploads\/2023\/12\/c-Mira_Letzbor-768x512.jpg 768w, https:\/\/mdw.ac.at\/altemusik\/blog2\/wp-content\/uploads\/2023\/12\/c-Mira_Letzbor-1536x1024.jpg 1536w, https:\/\/mdw.ac.at\/altemusik\/blog2\/wp-content\/uploads\/2023\/12\/c-Mira_Letzbor-2048x1365.jpg 2048w, https:\/\/mdw.ac.at\/altemusik\/blog2\/wp-content\/uploads\/2023\/12\/c-Mira_Letzbor-1500x1000.jpg 1500w, https:\/\/mdw.ac.at\/altemusik\/blog2\/wp-content\/uploads\/2023\/12\/c-Mira_Letzbor-705x470.jpg 705w, https:\/\/mdw.ac.at\/altemusik\/blog2\/wp-content\/uploads\/2023\/12\/c-Mira_Letzbor-450x300.jpg 450w\" sizes=\"auto, (max-width: 1030px) 100vw, 1030px\" \/><\/p>\n<\/div><\/div><footer  class='entry-footer'><\/footer><\/article><\/li>\n<\/ul><\/div>\n","protected":false},"excerpt":{"rendered":"","protected":false},"author":19,"featured_media":0,"parent":650,"menu_order":0,"comment_status":"closed","ping_status":"closed","template":"","meta":{"_price":"","_stock":"","_tribe_ticket_header":"","_tribe_default_ticket_provider":"","_tribe_ticket_capacity":"0","_ticket_start_date":"","_ticket_end_date":"","_tribe_ticket_show_description":"","_tribe_ticket_show_not_going":false,"_tribe_ticket_use_global_stock":"","_tribe_ticket_global_stock_level":"","_global_stock_mode":"","_global_stock_cap":"","_tribe_rsvp_for_event":"","_tribe_ticket_going_count":"","_tribe_ticket_not_going_count":"","_tribe_tickets_list":"[]","_tribe_ticket_has_attendee_info_fields":false,"footnotes":""},"class_list":["post-14308","page","type-page","status-publish","hentry"],"_links":{"self":[{"href":"https:\/\/mdw.ac.at\/altemusik\/wp-json\/wp\/v2\/pages\/14308","targetHints":{"allow":["GET"]}}],"collection":[{"href":"https:\/\/mdw.ac.at\/altemusik\/wp-json\/wp\/v2\/pages"}],"about":[{"href":"https:\/\/mdw.ac.at\/altemusik\/wp-json\/wp\/v2\/types\/page"}],"author":[{"embeddable":true,"href":"https:\/\/mdw.ac.at\/altemusik\/wp-json\/wp\/v2\/users\/19"}],"replies":[{"embeddable":true,"href":"https:\/\/mdw.ac.at\/altemusik\/wp-json\/wp\/v2\/comments?post=14308"}],"version-history":[{"count":16,"href":"https:\/\/mdw.ac.at\/altemusik\/wp-json\/wp\/v2\/pages\/14308\/revisions"}],"predecessor-version":[{"id":18218,"href":"https:\/\/mdw.ac.at\/altemusik\/wp-json\/wp\/v2\/pages\/14308\/revisions\/18218"}],"up":[{"embeddable":true,"href":"https:\/\/mdw.ac.at\/altemusik\/wp-json\/wp\/v2\/pages\/650"}],"wp:attachment":[{"href":"https:\/\/mdw.ac.at\/altemusik\/wp-json\/wp\/v2\/media?parent=14308"}],"curies":[{"name":"wp","href":"https:\/\/api.w.org\/{rel}","templated":true}]}}