{"id":15533,"date":"2024-06-19T11:24:34","date_gmt":"2024-06-19T09:24:34","guid":{"rendered":"https:\/\/mdw.ac.at\/altemusik\/?page_id=15533"},"modified":"2025-11-27T14:27:29","modified_gmt":"2025-11-27T13:27:29","slug":"franziska-fleischanderl","status":"publish","type":"page","link":"https:\/\/mdw.ac.at\/altemusik\/lehrende\/franziska-fleischanderl\/","title":{"rendered":"Franziska FLEISCHANDERL"},"content":{"rendered":"<div class=\"flex_column av_two_fifth  flex_column_div av-zero-column-padding first  avia-builder-el-0  el_before_av_three_fifth  avia-builder-el-first  \" style='border-radius:0px; '><div class='avia-image-container  av-styling-    avia-builder-el-1  avia-builder-el-no-sibling   avia-align-center '  itemprop=\"image\" itemscope=\"itemscope\" itemtype=\"https:\/\/schema.org\/ImageObject\"  ><div class='avia-image-container-inner'><div class='avia-image-overlay-wrap'><a href=\"https:\/\/mdw.ac.at\/altemusik\/blog2\/wp-content\/uploads\/2024\/06\/Franziska_3_Alejandro-Gomez-711x1030.jpg\" class='avia_image'   data-rel=\"lightbox-image-0\" data-rl_title=\"\" data-rl_caption=\"\"><img class='avia_image ' src='https:\/\/mdw.ac.at\/altemusik\/blog2\/wp-content\/uploads\/2024\/06\/Franziska_3_Alejandro-Gomez-scaled.jpg' alt='' title=''  itemprop=\"thumbnailUrl\"  \/><\/a><\/div><\/div><\/div><\/div>\n<div class=\"flex_column av_three_fifth  flex_column_div av-zero-column-padding   avia-builder-el-2  el_after_av_two_fifth  el_before_av_one_full  \" style='border-radius:0px; '><section class=\"av_textblock_section \"  itemscope=\"itemscope\" itemtype=\"https:\/\/schema.org\/CreativeWork\" ><div class='avia_textblock  '   itemprop=\"text\" ><h2>Franziska FLEISCHANDERL<\/h2>\n<\/div><\/section><br \/>\n<section class=\"av_textblock_section \"  itemscope=\"itemscope\" itemtype=\"https:\/\/schema.org\/CreativeWork\" ><div class='avia_textblock  '   itemprop=\"text\" ><h5>Salterio<\/h5>\n<\/div><\/section><br \/>\n<div style='height:20px' class='hr hr-invisible   avia-builder-el-5  el_after_av_textblock  el_before_av_textblock  '><span class='hr-inner ' ><span class='hr-inner-style'><\/span><\/span><\/div><br \/>\n<section class=\"av_textblock_section \"  itemscope=\"itemscope\" itemtype=\"https:\/\/schema.org\/CreativeWork\" ><div class='avia_textblock  '   itemprop=\"text\" ><p>Franziska Fleischanderl h\u00f6rte im Alter von vier Jahren zum ersten Mal den Klang eines Hackbretts und verliebte sich sofort in dessen klaren, \u00e4therischen Klang.<\/p>\n<p>Nach Abschluss zweier Masterstudien in Linz und Basel (Hackbrett &#038; Zeitgen\u00f6ssische Kammermusik) brachte der von Andrea Marcon vermittelte Kauf eines historischen Hackbretts vom Jahr 1725 (Michele Barbi, Rom), Salterio genannt, einen markanten Wendepunkt in ihrem beruflichen Schaffen.<\/p>\n<p>Sie begann jahrelange Forschungen in Italien, welche zu Tage brachten, dass das Salterio keineswegs ein exotisches Randinstrument der Barockzeit war. Es folgten weitere Studien an der Schola Cantorum Basiliensis sowie ein Doktorat an der Universit\u00e4t Leiden (Promotion 2021).<\/p>\n<p>Ihre Dissertation, die in K\u00fcrze auch als Buch erscheinen wird, ist das erste Grundlagenwerk zu Geschichte, Repertoire und Spieltechnik des barocken Salterios.<\/p>\n<p>Es ist Franziska Fleischanderl ein gro\u00dfes Anliegen, ihr Wissen sofort in ihren Konzertprogrammen anzuwenden. Sie ist weltweit die erste Musikerin, die das barocke Salterio in all seinen historischen Spieltechniken \u2013 dem battuto-Spiel mit den H\u00e4mmerchen, dem Finger-Pizzicato und dem Plektren-Pizzicato \u2013 wieder erklingen l\u00e4sst und damit den immensen Klangreichtum dieses wunderbaren Saiteninstruments wieder freisetzt.<\/p>\n<p>Franziska Fleischanderl gastierte mit ihrem Barbi-Salterio an allen renommierten Festivals f\u00fcr Alte Musik, gibt Vortr\u00e4ge und h\u00e4lt Workshops. Sie arbeitet regelm\u00e4\u00dfig mit Klangk\u00f6rpern wie La Cetra Barockorchester Basel, AKAMUS Akademie f\u00fcr Alte Musik Berlin, Il pomo d\u2019oro, Concentus Musicus Wien u.a. zusammen. Weitere Rundfunk- und CD-Aufnahmen f\u00fchrten sie zu Kollaborationen mit ORF, Arte, BR, SWR, Deutsche Grammophon, Warner Classics u.a. Zudem ist sie fixes Ensemble-Mitglied des Sollazzo Ensembles. Um das originale Salteriorepertoire wieder erklingen zu lassen, hat sie mit ihrem eigenen Ensemble \u201eIL DOLCE CONFORTO\u201c bereits drei international ausgezeichnete CDs ver\u00f6ffentlicht.<\/p>\n<p><a href=\"https:\/\/www.salterio.at\/\">https:\/\/www.salterio.at\/<\/a><\/p>\n<\/div><\/section><\/p><\/div>\n<div class=\"flex_column av_one_full  flex_column_div av-zero-column-padding first  avia-builder-el-7  el_after_av_three_fifth  avia-builder-el-last  \" style='border-radius:0px; '><div class='avia-buttonrow-wrap avia-buttonrow-right   avia-builder-el-8  avia-builder-el-no-sibling  '>\n<a href='https:\/\/online.mdw.ac.at\/mdw_online\/visitenkarte.show_vcard?pPersonenId=ED5C1BFBEB922ED9&pPersonenGruppe=3'  class='avia-button  avia-icon_select-no avia-color-theme-color avia-size-small '  target=\"_blank\"  style='margin-bottom:5px; margin-left:5px; ' ><span class='avia_iconbox_title' >Visitenkarte<\/span><\/a>\n<a href='https:\/\/online.mdw.ac.at\/mdw_online\/wblvangebot.wbshowlvoffer?ppersonnr=44966'  class='avia-button  avia-icon_select-no avia-color-theme-color avia-size-small '  target=\"_blank\"  style='margin-bottom:5px; margin-left:5px; ' ><span class='avia_iconbox_title' >Lehrveranstaltungen<\/span><\/a>\n<\/div><\/div>\n","protected":false},"excerpt":{"rendered":"","protected":false},"author":1,"featured_media":15524,"parent":257,"menu_order":0,"comment_status":"closed","ping_status":"closed","template":"","meta":{"_price":"","_stock":"","_tribe_ticket_header":"","_tribe_default_ticket_provider":"","_tribe_ticket_capacity":"","_ticket_start_date":"","_ticket_end_date":"","_tribe_ticket_show_description":"","_tribe_ticket_show_not_going":false,"_tribe_ticket_use_global_stock":"","_tribe_ticket_global_stock_level":"","_global_stock_mode":"","_global_stock_cap":"","_tribe_rsvp_for_event":"","_tribe_ticket_going_count":"","_tribe_ticket_not_going_count":"","_tribe_tickets_list":"[]","_tribe_ticket_has_attendee_info_fields":false,"footnotes":""},"class_list":["post-15533","page","type-page","status-publish","has-post-thumbnail","hentry"],"_links":{"self":[{"href":"https:\/\/mdw.ac.at\/altemusik\/wp-json\/wp\/v2\/pages\/15533","targetHints":{"allow":["GET"]}}],"collection":[{"href":"https:\/\/mdw.ac.at\/altemusik\/wp-json\/wp\/v2\/pages"}],"about":[{"href":"https:\/\/mdw.ac.at\/altemusik\/wp-json\/wp\/v2\/types\/page"}],"author":[{"embeddable":true,"href":"https:\/\/mdw.ac.at\/altemusik\/wp-json\/wp\/v2\/users\/1"}],"replies":[{"embeddable":true,"href":"https:\/\/mdw.ac.at\/altemusik\/wp-json\/wp\/v2\/comments?post=15533"}],"version-history":[{"count":6,"href":"https:\/\/mdw.ac.at\/altemusik\/wp-json\/wp\/v2\/pages\/15533\/revisions"}],"predecessor-version":[{"id":17935,"href":"https:\/\/mdw.ac.at\/altemusik\/wp-json\/wp\/v2\/pages\/15533\/revisions\/17935"}],"up":[{"embeddable":true,"href":"https:\/\/mdw.ac.at\/altemusik\/wp-json\/wp\/v2\/pages\/257"}],"wp:featuredmedia":[{"embeddable":true,"href":"https:\/\/mdw.ac.at\/altemusik\/wp-json\/wp\/v2\/media\/15524"}],"wp:attachment":[{"href":"https:\/\/mdw.ac.at\/altemusik\/wp-json\/wp\/v2\/media?parent=15533"}],"curies":[{"name":"wp","href":"https:\/\/api.w.org\/{rel}","templated":true}]}}