{"id":15983,"date":"2024-09-25T13:09:27","date_gmt":"2024-09-25T11:09:27","guid":{"rendered":"https:\/\/mdw.ac.at\/altemusik\/?page_id=15983"},"modified":"2026-03-08T13:51:44","modified_gmt":"2026-03-08T12:51:44","slug":"15983-2","status":"publish","type":"page","link":"https:\/\/mdw.ac.at\/altemusik\/lehrende\/15983-2\/","title":{"rendered":"Elisabeth BAUMER"},"content":{"rendered":"<div class=\"flex_column av_two_fifth  flex_column_div av-zero-column-padding first  avia-builder-el-0  el_before_av_three_fifth  avia-builder-el-first  \" style='border-radius:0px; '><div class='avia-image-container  av-styling-    avia-builder-el-1  avia-builder-el-no-sibling   avia-align-center '  itemprop=\"image\" itemscope=\"itemscope\" itemtype=\"https:\/\/schema.org\/ImageObject\"  ><div class='avia-image-container-inner'><div class='avia-image-overlay-wrap'><a href=\"https:\/\/mdw.ac.at\/altemusik\/blog2\/wp-content\/uploads\/2024\/09\/baumer-687x1030.jpg\" class='avia_image'   data-rel=\"lightbox-image-0\" data-rl_title=\"\" data-rl_caption=\"\"><img class='avia_image ' src='https:\/\/mdw.ac.at\/altemusik\/blog2\/wp-content\/uploads\/2024\/09\/baumer-687x1030.jpg' alt='' title=''  itemprop=\"thumbnailUrl\"  \/><\/a><\/div><\/div><\/div><\/div><div class=\"flex_column av_three_fifth  flex_column_div av-zero-column-padding   avia-builder-el-2  el_after_av_two_fifth  el_before_av_one_full  \" style='border-radius:0px; '><section class=\"av_textblock_section \"  itemscope=\"itemscope\" itemtype=\"https:\/\/schema.org\/CreativeWork\" ><div class='avia_textblock  '   itemprop=\"text\" ><h2>Elisabeth BAUMER<\/h2>\n<\/div><\/section><br \/>\n<section class=\"av_textblock_section \"  itemscope=\"itemscope\" itemtype=\"https:\/\/schema.org\/CreativeWork\" ><div class='avia_textblock  '   itemprop=\"text\" ><h5>Barockoboe<\/h5>\n<\/div><\/section><br \/>\n<div style='height:20px' class='hr hr-invisible   avia-builder-el-5  el_after_av_textblock  el_before_av_textblock  '><span class='hr-inner ' ><span class='hr-inner-style'><\/span><\/span><\/div><br \/>\n<section class=\"av_textblock_section \"  itemscope=\"itemscope\" itemtype=\"https:\/\/schema.org\/CreativeWork\" ><div class='avia_textblock  '   itemprop=\"text\" ><p>Geboren in Klagenfurt. Studium Historische Oboe bei Paolo Grazzi (Conservatorio F. E. dall\u2018Abaco Verona) und Marie Wolf (Konservatorium Wien Privatuniversit\u00e4t) sowie Blockfl\u00f6te bei Rahel Stoellger (Universit\u00e4t f\u00fcr Musik und darstellende Kunst). S\u00e4mtliche Diplome mit Auszeichnung.<\/p>\n<p><span lang=\"DE\">Seit 2004 Solooboistin der Accademia Bizantina (Ottavio Dantone).\u00a0<\/span><span lang=\"DE\">Intensive Zusammenarbeit mit Barokkanerne Oslo, Barucco (Heinz Ferlesch), Concerto Stella Matutina, Ensemble Prisma (Thomas Fheodoroff), Concentus Musicus (Nikolaus Harnoncourt\/Stefan Gottfried), Les Arts florissants (William Christie), Les Musiciens du Louvre (Marc Minkowski), L\u2019Orfeo Barockorchester und Bl\u00e4serensemble (Michi Gaigg\/Carin van Heerden) u. a.\u00a0<\/span><span lang=\"DE\">Konzertauftritte in ganz Europa, China, Japan, S\u00fcdafrika, S\u00fcdamerika und in den USA.\u00a0<\/span><span lang=\"DE\">Zahlreiche CD-Einspielungen, u. a. mit Nikolaus Harnoncourt und Claudio Abbado.<\/span><\/p>\n<p>K\u00fcnstlerische Leitung des \u00f6sterreichisch-italienischen Ensembles Affinit\u00e0\u00a0und der Konzertreihe \u00ab Affinit\u00e0 im Achten \u00bb in Wien-Josefstadt (Schirmherrschaft: Dr. Johanna Rachinger, Generaldirektorin der \u00d6sterreichischen Nationalbibliothek); 2020 Erweiterung der Konzertreihe durch eine Plattform zur F\u00f6rderung von Nachwuchsmusiker*innen ( \u201eB\u00fchne frei f\u00fcr junge Alte Musik\u201c) in Kooperation mit der mdw und der MUK.<\/p>\n<div>Baumers besonderes Interesse gilt der \u00f6sterreichischen Barockmusik des beginnenden 18. Jahrhunderts.<\/div>\n<div><\/div>\n<div><a href=\"http:\/\/www.affinita.at\/\" target=\"_blank\" rel=\"noopener\" data-saferedirecturl=\"https:\/\/www.google.com\/url?q=http:\/\/www.affinita.at&#038;source=gmail&#038;ust=1727905917287000&#038;usg=AOvVaw3urG6F-LGpmmvNCsTbvDGc\">www.affinita.at<\/a><\/div>\n<\/div><\/section><\/p><\/div><\/p>\n<div class=\"flex_column av_one_full  flex_column_div av-zero-column-padding first  avia-builder-el-7  el_after_av_three_fifth  avia-builder-el-last  \" style='border-radius:0px; '><div class='avia-buttonrow-wrap avia-buttonrow-right   avia-builder-el-8  avia-builder-el-no-sibling  '>\n<a href='https:\/\/online.mdw.ac.at\/mdw_online\/pl\/ui\/$ctx\/visitenkarte.show_vcard?pPersonenId=CB658084E33838E2&pPersonenGruppe=3'  class='avia-button  avia-icon_select-no avia-color-theme-color avia-size-small '  target=\"_blank\"  style='margin-bottom:5px; margin-left:5px; ' ><span class='avia_iconbox_title' >Visitenkarte<\/span><\/a>\n<a href='https:\/\/online.mdw.ac.at\/mdw_online\/pl\/ui\/$ctx\/wblvangebot.wbshowlvoffer?ppersonnr=44507'  class='avia-button  avia-icon_select-no avia-color-theme-color avia-size-small '  target=\"_blank\"  style='margin-bottom:5px; margin-left:5px; ' ><span class='avia_iconbox_title' >Lehrveranstaltungen<\/span><\/a>\n<\/div><\/div>\n","protected":false},"excerpt":{"rendered":"","protected":false},"author":1,"featured_media":15984,"parent":257,"menu_order":0,"comment_status":"closed","ping_status":"closed","template":"","meta":{"_price":"","_stock":"","_tribe_ticket_header":"","_tribe_default_ticket_provider":"","_tribe_ticket_capacity":"","_ticket_start_date":"","_ticket_end_date":"","_tribe_ticket_show_description":"","_tribe_ticket_show_not_going":false,"_tribe_ticket_use_global_stock":"","_tribe_ticket_global_stock_level":"","_global_stock_mode":"","_global_stock_cap":"","_tribe_rsvp_for_event":"","_tribe_ticket_going_count":"","_tribe_ticket_not_going_count":"","_tribe_tickets_list":"[]","_tribe_ticket_has_attendee_info_fields":false,"footnotes":""},"class_list":["post-15983","page","type-page","status-publish","has-post-thumbnail","hentry"],"_links":{"self":[{"href":"https:\/\/mdw.ac.at\/altemusik\/wp-json\/wp\/v2\/pages\/15983","targetHints":{"allow":["GET"]}}],"collection":[{"href":"https:\/\/mdw.ac.at\/altemusik\/wp-json\/wp\/v2\/pages"}],"about":[{"href":"https:\/\/mdw.ac.at\/altemusik\/wp-json\/wp\/v2\/types\/page"}],"author":[{"embeddable":true,"href":"https:\/\/mdw.ac.at\/altemusik\/wp-json\/wp\/v2\/users\/1"}],"replies":[{"embeddable":true,"href":"https:\/\/mdw.ac.at\/altemusik\/wp-json\/wp\/v2\/comments?post=15983"}],"version-history":[{"count":13,"href":"https:\/\/mdw.ac.at\/altemusik\/wp-json\/wp\/v2\/pages\/15983\/revisions"}],"predecessor-version":[{"id":18904,"href":"https:\/\/mdw.ac.at\/altemusik\/wp-json\/wp\/v2\/pages\/15983\/revisions\/18904"}],"up":[{"embeddable":true,"href":"https:\/\/mdw.ac.at\/altemusik\/wp-json\/wp\/v2\/pages\/257"}],"wp:featuredmedia":[{"embeddable":true,"href":"https:\/\/mdw.ac.at\/altemusik\/wp-json\/wp\/v2\/media\/15984"}],"wp:attachment":[{"href":"https:\/\/mdw.ac.at\/altemusik\/wp-json\/wp\/v2\/media?parent=15983"}],"curies":[{"name":"wp","href":"https:\/\/api.w.org\/{rel}","templated":true}]}}