{"id":17039,"date":"2025-09-25T14:14:53","date_gmt":"2025-09-25T12:14:53","guid":{"rendered":"https:\/\/mdw.ac.at\/altemusik\/?page_id=17039"},"modified":"2026-03-17T14:44:40","modified_gmt":"2026-03-17T13:44:40","slug":"veronica-boehm","status":"publish","type":"page","link":"https:\/\/mdw.ac.at\/altemusik\/lehrende\/veronica-boehm\/","title":{"rendered":"Veronica B\u00d6HM"},"content":{"rendered":"<div class=\"flex_column av_two_third  flex_column_div av-zero-column-padding first  avia-builder-el-0  el_before_av_one_third  avia-builder-el-first  \" style='border-radius:0px; '><div class='avia-image-container  av-styling-  av-has-copyright av-copyright-icon-reveal   avia-builder-el-1  avia-builder-el-no-sibling   avia-align-center '  itemprop=\"image\" itemscope=\"itemscope\" itemtype=\"https:\/\/schema.org\/ImageObject\"  ><div class='avia-image-container-inner'><div class='avia-image-overlay-wrap'><a href=\"https:\/\/mdw.ac.at\/altemusik\/blog2\/wp-content\/uploads\/2026\/03\/IMG_3165-1030x805.jpeg\" class='avia_image'   data-rel=\"lightbox-image-0\" data-rl_title=\"\" data-rl_caption=\"\"><img class='avia_image ' src='https:\/\/mdw.ac.at\/altemusik\/blog2\/wp-content\/uploads\/2026\/03\/IMG_3165.jpeg' alt='' title=''  itemprop=\"thumbnailUrl\"  \/><\/a><\/div><small class='avia-copyright'>\u00a9 Theresa Pewal<\/small><\/div><\/div><\/div>\n<div class=\"flex_column av_one_third  flex_column_div av-zero-column-padding   avia-builder-el-2  el_after_av_two_third  el_before_av_one_full  \" style='border-radius:0px; '><\/div>\n<div class=\"flex_column av_one_full  flex_column_div av-zero-column-padding first  avia-builder-el-3  el_after_av_one_third  el_before_av_one_full  column-top-margin\" style='border-radius:0px; '><section class=\"av_textblock_section \"  itemscope=\"itemscope\" itemtype=\"https:\/\/schema.org\/CreativeWork\" ><div class='avia_textblock  '   itemprop=\"text\" ><h2>Veronica B\u00d6HM<\/h2>\n<\/div><\/section><br \/>\n<section class=\"av_textblock_section \"  itemscope=\"itemscope\" itemtype=\"https:\/\/schema.org\/CreativeWork\" ><div class='avia_textblock  '   itemprop=\"text\" ><h5>Historische Violininstrumente (erg\u00e4nzendes Fach)<\/h5>\n<\/div><\/section><br \/>\n<div style='height:20px' class='hr hr-invisible   avia-builder-el-6  el_after_av_textblock  el_before_av_textblock  '><span class='hr-inner ' ><span class='hr-inner-style'><\/span><\/span><\/div><br \/>\n<section class=\"av_textblock_section \"  itemscope=\"itemscope\" itemtype=\"https:\/\/schema.org\/CreativeWork\" ><div class='avia_textblock  '   itemprop=\"text\" ><p>Veronica B\u00f6hm\u00a0steht f\u00fcr eine Alte Musik, die lebt \u2013 in ihrem Unterricht verbindet sie historisch informierte Spielpraxis mit einer klaren Ausrichtung auf musikalische Rhetorik und pers\u00f6nliche Ausdruckskraft, um so das historische Vokabular der Alten Musik durch die eigene Sprache wieder lebendig und unmittelbar erfahrbar zu machen.<\/p>\n<p>Neben ihren Unterrichtst\u00e4tigkeiten ist sie international als Orchester-, Kammermusik- und Solomusikerin t\u00e4tig. Als Spezialistin f\u00fcr Historische Auff\u00fchrungspraxis konzertiert sie regelm\u00e4\u00dfig mit f\u00fchrenden Ensembles der Alten Musik, darunter Concentus Musicus Wien und Il Pomo d\u2019Oro. Dar\u00fcber hinaus arbeitete sie u.a. mit dem Balthasar-Neumann-Ensemble, la festa musicale, Collegium 1704, Orchester Wiener Akademie und Concerto Stella Matutina zusammen.<\/p>\n<p>Konzertreisen f\u00fchrten\u00a0sie in nahezu 50 L\u00e4nder auf 4 Kontinenten und auf die bedeutendsten B\u00fchnen der Welt, darunter das Concertgebouw Amsterdam, die Wigmore Hall London, die Elbphilharmonie Hamburg, den Musikverein Wien, die Scala Mailand und das Th\u00e9\u00e2tre des Champs-\u00c9lys\u00e9es in Paris.<\/p>\n<p>Sie ist regelm\u00e4\u00dfig bei renommierten Festivals zu Gast und wirkte an zahlreichen Tontr\u00e4geraufnahmen f\u00fcr Deutsche Grammophon, Erato, Warner Classics, Sony und Pentatone mit.<\/p>\n<p>Veronica B\u00f6hm studierte Violine an der Anton Bruckner Privatuniversit\u00e4t Linz bei Joseph Sabaini sowie an der Universit\u00e4t f\u00fcr Musik und darstellende Kunst Wien bei Thomas Fheodoroff. Anschlie\u00dfend absolvierte sie ihren zweiten Masterabschluss f\u00fcr Barockvioline und Historische Auff\u00fchrungspraxis bei Hiro Kurosaki und Eva Saladin.<\/p>\n<p>Wichtige k\u00fcnstlerische Impulse erhielt sie zudem als Stipendiatin der Balthasar-Neumann-Akademie sowie in Meisterkursen u. a. bei Leila Schayegh, Mechthild Karkow, Gottfried von der Goltz, Thomas Hengelbrock, Daniel Sepec, Christophe Coin und Chouchane Siranossian.<\/p>\n<\/div><\/section><\/p><\/div><div class=\"flex_column av_one_full  flex_column_div av-zero-column-padding first  avia-builder-el-8  el_after_av_one_full  avia-builder-el-last  column-top-margin\" style='border-radius:0px; '><div class='avia-buttonrow-wrap avia-buttonrow-right   avia-builder-el-9  avia-builder-el-no-sibling  '>\n<a href='https:\/\/online.mdw.ac.at\/mdw_online\/visitenkarte.show_vcard?pPersonenId=A03FFEE7BCC7D5EF&pPersonenGruppe=3'  class='avia-button  avia-icon_select-no avia-color-theme-color avia-size-small '  target=\"_blank\"  style='margin-bottom:5px; margin-left:5px; ' ><span class='avia_iconbox_title' >Visitenkarte<\/span><\/a>\n<a href='https:\/\/online.mdw.ac.at\/mdw_online\/wblvangebot.wbshowlvoffer?ppersonnr=45718'  class='avia-button  avia-icon_select-no avia-color-theme-color avia-size-small '  target=\"_blank\"  style='margin-bottom:5px; margin-left:5px; ' ><span class='avia_iconbox_title' >Lehrveranstaltungen<\/span><\/a>\n<\/div><\/div><\/p>\n","protected":false},"excerpt":{"rendered":"","protected":false},"author":1,"featured_media":0,"parent":257,"menu_order":0,"comment_status":"closed","ping_status":"closed","template":"","meta":{"_price":"","_stock":"","_tribe_ticket_header":"","_tribe_default_ticket_provider":"","_tribe_ticket_capacity":"","_ticket_start_date":"","_ticket_end_date":"","_tribe_ticket_show_description":"","_tribe_ticket_show_not_going":false,"_tribe_ticket_use_global_stock":"","_tribe_ticket_global_stock_level":"","_global_stock_mode":"","_global_stock_cap":"","_tribe_rsvp_for_event":"","_tribe_ticket_going_count":"","_tribe_ticket_not_going_count":"","_tribe_tickets_list":"[]","_tribe_ticket_has_attendee_info_fields":false,"footnotes":""},"class_list":["post-17039","page","type-page","status-publish","hentry"],"_links":{"self":[{"href":"https:\/\/mdw.ac.at\/altemusik\/wp-json\/wp\/v2\/pages\/17039","targetHints":{"allow":["GET"]}}],"collection":[{"href":"https:\/\/mdw.ac.at\/altemusik\/wp-json\/wp\/v2\/pages"}],"about":[{"href":"https:\/\/mdw.ac.at\/altemusik\/wp-json\/wp\/v2\/types\/page"}],"author":[{"embeddable":true,"href":"https:\/\/mdw.ac.at\/altemusik\/wp-json\/wp\/v2\/users\/1"}],"replies":[{"embeddable":true,"href":"https:\/\/mdw.ac.at\/altemusik\/wp-json\/wp\/v2\/comments?post=17039"}],"version-history":[{"count":10,"href":"https:\/\/mdw.ac.at\/altemusik\/wp-json\/wp\/v2\/pages\/17039\/revisions"}],"predecessor-version":[{"id":19004,"href":"https:\/\/mdw.ac.at\/altemusik\/wp-json\/wp\/v2\/pages\/17039\/revisions\/19004"}],"up":[{"embeddable":true,"href":"https:\/\/mdw.ac.at\/altemusik\/wp-json\/wp\/v2\/pages\/257"}],"wp:attachment":[{"href":"https:\/\/mdw.ac.at\/altemusik\/wp-json\/wp\/v2\/media?parent=17039"}],"curies":[{"name":"wp","href":"https:\/\/api.w.org\/{rel}","templated":true}]}}