{"id":17583,"date":"2025-10-23T14:11:48","date_gmt":"2025-10-23T12:11:48","guid":{"rendered":"https:\/\/mdw.ac.at\/altemusik\/?page_id=17583"},"modified":"2026-03-17T14:48:49","modified_gmt":"2026-03-17T13:48:49","slug":"veronica-boehm","status":"publish","type":"page","link":"https:\/\/mdw.ac.at\/altemusik\/en\/faculty\/veronica-boehm\/","title":{"rendered":"Veronica B\u00d6HM"},"content":{"rendered":"<div class=\"flex_column av_two_third  flex_column_div av-zero-column-padding first  avia-builder-el-0  el_before_av_one_third  avia-builder-el-first  \" style='border-radius:0px; '><div class='avia-image-container  av-styling-  av-has-copyright av-copyright-icon-reveal   avia-builder-el-1  avia-builder-el-no-sibling   avia-align-center '  itemprop=\"image\" itemscope=\"itemscope\" itemtype=\"https:\/\/schema.org\/ImageObject\"  ><div class='avia-image-container-inner'><div class='avia-image-overlay-wrap'><a href=\"https:\/\/mdw.ac.at\/altemusik\/blog2\/wp-content\/uploads\/2026\/03\/IMG_3228-1030x805.jpeg\" class='avia_image'   data-rel=\"lightbox-image-0\" data-rl_title=\"\" data-rl_caption=\"\"><img class='avia_image ' src='https:\/\/mdw.ac.at\/altemusik\/blog2\/wp-content\/uploads\/2026\/03\/IMG_3228.jpeg' alt='' title=''  itemprop=\"thumbnailUrl\"  \/><\/a><\/div><small class='avia-copyright'>\u00a9 Theresa Pewal<\/small><\/div><\/div><\/div>\n<div class=\"flex_column av_one_third  flex_column_div av-zero-column-padding   avia-builder-el-2  el_after_av_two_third  el_before_av_one_full  \" style='border-radius:0px; '><\/div>\n<div class=\"flex_column av_one_full  flex_column_div av-zero-column-padding first  avia-builder-el-3  el_after_av_one_third  el_before_av_one_full  column-top-margin\" style='border-radius:0px; '><section class=\"av_textblock_section \"  itemscope=\"itemscope\" itemtype=\"https:\/\/schema.org\/CreativeWork\" ><div class='avia_textblock  '   itemprop=\"text\" ><h2>Veronica B\u00d6HM<\/h2>\n<\/div><\/section><br \/>\n<section class=\"av_textblock_section \"  itemscope=\"itemscope\" itemtype=\"https:\/\/schema.org\/CreativeWork\" ><div class='avia_textblock  '   itemprop=\"text\" ><h5>Historical Violin Instruments\u00a0 (Supplementary Subject)<\/h5>\n<\/div><\/section><br \/>\n<div style='height:20px' class='hr hr-invisible   avia-builder-el-6  el_after_av_textblock  el_before_av_textblock  '><span class='hr-inner ' ><span class='hr-inner-style'><\/span><\/span><\/div><br \/>\n<section class=\"av_textblock_section \"  itemscope=\"itemscope\" itemtype=\"https:\/\/schema.org\/CreativeWork\" ><div class='avia_textblock  '   itemprop=\"text\" ><p>Veronica B\u00f6hm embodies early music that comes alive\u2014in her teaching, she combines historically informed performance practice with a clear focus on musical rhetoric and personal expressiveness, thereby bringing the historical vocabulary of early music back to life and making it immediately accessible through her own artistic voice.<\/p>\n<p>In addition to her teaching activities, she performs internationally as an orchestral, chamber, and solo musician. As a specialist in historical performance practice, she performs regularly with leading early music ensembles, including Concentus Musicus Wien and Il Pomo d\u2019Oro. She has also collaborated with the Balthasar Neumann Ensemble, la festa musicale, Collegium 1704, the Wiener Akademie Orchestra, and Concerto Stella Matutina, among others.<\/p>\n<p>Concert tours have taken her to nearly 50 countries on 4 continents and to the world\u2019s most prestigious venues, including the Concertgebouw in Amsterdam, Wigmore Hall in London, the Elbphilharmonie in Hamburg, the Musikverein in Vienna, La Scala in Milan, and the Th\u00e9\u00e2tre des Champs-\u00c9lys\u00e9es in Paris.<\/p>\n<p>She is a regular guest at renowned festivals and has participated in numerous recordings for Deutsche Grammophon, Erato, Warner Classics, Sony, and Pentatone.<\/p>\n<p>Veronica B\u00f6hm studied violin at the Anton Bruckner Private University in Linz with Joseph Sabaini and at the University of Music and Performing Arts Vienna with Thomas Fheodoroff. She subsequently earned her second master\u2019s degree in Baroque violin and historical performance practice under Hiro Kurosaki and Eva Saladin.<\/p>\n<p>She also received significant artistic inspiration as a scholarship recipient at the Balthasar Neumann Academy and through masterclasses with, among others, Leila Schayegh, Mechthild Karkow, Gottfried von der Goltz, Thomas Hengelbrock, Daniel Sepec, Christophe Coin, and Chouchane Siranossian.<\/p>\n<\/div><\/section><\/p><\/div><div class=\"flex_column av_one_full  flex_column_div av-zero-column-padding first  avia-builder-el-8  el_after_av_one_full  avia-builder-el-last  column-top-margin\" style='border-radius:0px; '><div class='avia-buttonrow-wrap avia-buttonrow-right   avia-builder-el-9  avia-builder-el-no-sibling  '>\n<a href='https:\/\/online.mdw.ac.at\/mdw_online\/visitenkarte.show_vcard?pPersonenId=A03FFEE7BCC7D5EF&pPersonenGruppe=3'  class='avia-button  avia-icon_select-no avia-color-theme-color avia-size-small '  target=\"_blank\"  style='margin-bottom:5px; margin-left:5px; ' ><span class='avia_iconbox_title' >Business Card<\/span><\/a>\n<a href='https:\/\/online.mdw.ac.at\/mdw_online\/wblvangebot.wbshowlvoffer?ppersonnr=45718'  class='avia-button  avia-icon_select-no avia-color-theme-color avia-size-small '  target=\"_blank\"  style='margin-bottom:5px; margin-left:5px; ' ><span class='avia_iconbox_title' >Courses<\/span><\/a>\n<\/div><\/div><\/p>\n","protected":false},"excerpt":{"rendered":"","protected":false},"author":1,"featured_media":0,"parent":255,"menu_order":0,"comment_status":"closed","ping_status":"closed","template":"","meta":{"_price":"","_stock":"","_tribe_ticket_header":"","_tribe_default_ticket_provider":"","_tribe_ticket_capacity":"","_ticket_start_date":"","_ticket_end_date":"","_tribe_ticket_show_description":"","_tribe_ticket_show_not_going":false,"_tribe_ticket_use_global_stock":"","_tribe_ticket_global_stock_level":"","_global_stock_mode":"","_global_stock_cap":"","_tribe_rsvp_for_event":"","_tribe_ticket_going_count":"","_tribe_ticket_not_going_count":"","_tribe_tickets_list":"[]","_tribe_ticket_has_attendee_info_fields":false,"footnotes":""},"class_list":["post-17583","page","type-page","status-publish","hentry"],"_links":{"self":[{"href":"https:\/\/mdw.ac.at\/altemusik\/wp-json\/wp\/v2\/pages\/17583","targetHints":{"allow":["GET"]}}],"collection":[{"href":"https:\/\/mdw.ac.at\/altemusik\/wp-json\/wp\/v2\/pages"}],"about":[{"href":"https:\/\/mdw.ac.at\/altemusik\/wp-json\/wp\/v2\/types\/page"}],"author":[{"embeddable":true,"href":"https:\/\/mdw.ac.at\/altemusik\/wp-json\/wp\/v2\/users\/1"}],"replies":[{"embeddable":true,"href":"https:\/\/mdw.ac.at\/altemusik\/wp-json\/wp\/v2\/comments?post=17583"}],"version-history":[{"count":8,"href":"https:\/\/mdw.ac.at\/altemusik\/wp-json\/wp\/v2\/pages\/17583\/revisions"}],"predecessor-version":[{"id":19005,"href":"https:\/\/mdw.ac.at\/altemusik\/wp-json\/wp\/v2\/pages\/17583\/revisions\/19005"}],"up":[{"embeddable":true,"href":"https:\/\/mdw.ac.at\/altemusik\/wp-json\/wp\/v2\/pages\/255"}],"wp:attachment":[{"href":"https:\/\/mdw.ac.at\/altemusik\/wp-json\/wp\/v2\/media?parent=17583"}],"curies":[{"name":"wp","href":"https:\/\/api.w.org\/{rel}","templated":true}]}}