{"id":17643,"date":"2025-11-04T15:00:41","date_gmt":"2025-11-04T14:00:41","guid":{"rendered":"https:\/\/mdw.ac.at\/altemusik\/?page_id=17643"},"modified":"2026-03-08T14:21:04","modified_gmt":"2026-03-08T13:21:04","slug":"britta-kaehny","status":"publish","type":"page","link":"https:\/\/mdw.ac.at\/altemusik\/lehrende\/britta-kaehny\/","title":{"rendered":"Britta K\u00c4HNY"},"content":{"rendered":"<div class=\"flex_column av_two_fifth  flex_column_div av-zero-column-padding first  avia-builder-el-0  el_before_av_three_fifth  avia-builder-el-first  \" style='border-radius:0px; '><div class='avia-image-container  av-styling-  av-has-copyright av-copyright-icon-reveal   avia-builder-el-1  avia-builder-el-no-sibling   avia-align-center '  itemprop=\"image\" itemscope=\"itemscope\" itemtype=\"https:\/\/schema.org\/ImageObject\"  ><div class='avia-image-container-inner'><div class='avia-image-overlay-wrap'><a href=\"https:\/\/mdw.ac.at\/altemusik\/blog2\/wp-content\/uploads\/2025\/11\/IMG_2017-773x1030.jpg\" class='avia_image'   data-rel=\"lightbox-image-0\" data-rl_title=\"\" data-rl_caption=\"\"><img class='avia_image ' src='https:\/\/mdw.ac.at\/altemusik\/blog2\/wp-content\/uploads\/2025\/11\/IMG_2017-scaled.jpg' alt='' title=''  itemprop=\"thumbnailUrl\"  \/><\/a><\/div><small class='avia-copyright'>\u00a9Fiona Blahnik<\/small><\/div><\/div><\/div>\n<div class=\"flex_column av_three_fifth  flex_column_div av-zero-column-padding   avia-builder-el-2  el_after_av_two_fifth  el_before_av_buttonrow  \" style='border-radius:0px; '><section class=\"av_textblock_section \"  itemscope=\"itemscope\" itemtype=\"https:\/\/schema.org\/CreativeWork\" ><div class='avia_textblock  '   itemprop=\"text\" ><h2>Britta K\u00c4HNY<\/h2>\n<\/div><\/section><br \/>\n<section class=\"av_textblock_section \"  itemscope=\"itemscope\" itemtype=\"https:\/\/schema.org\/CreativeWork\" ><div class='avia_textblock  '   itemprop=\"text\" ><h5><strong>Studienassistenz<\/strong><\/h5>\n<\/div><\/section><br \/>\n<div style='height:20px' class='hr hr-invisible   avia-builder-el-5  el_after_av_textblock  el_before_av_textblock  '><span class='hr-inner ' ><span class='hr-inner-style'><\/span><\/span><\/div><br \/>\n<section class=\"av_textblock_section \"  itemscope=\"itemscope\" itemtype=\"https:\/\/schema.org\/CreativeWork\" ><div class='avia_textblock  '   itemprop=\"text\" ><p>Britta K\u00e4hny wurde 2003 in F\u00fcrth geboren und erhielt mit f\u00fcnf Jahren ihren ersten Blockfl\u00f6tenunterricht. Nach vier Jahren Unterricht bei Jeremias Schwarzer und Maurice Steger im Pre-College Programm der HfM N\u00fcrnberg, begann sie ihr derzeitiges Studium bei Carsten Eckert an der mdw Wien.<\/p>\n<p>Sie gewann mehrfache Preise bei verschiedenen inl\u00e4ndischen Wettbewerben, zuletzt den 1. Preis des 1. Hans-Lewitus Wettbewerbs in Wien und besuchte zahlreiche Meisterkurse, unter Anderem bei Dorothee Oberlinger, Maurice Steger, Erik Bosgraaf oder Michala Petri.<\/p>\n<p>Britta K\u00e4hny ist in verschiedenen Kammermusikformationen aktiv, besonders mit ihrem <a href=\"https:\/\/www.instagram.com\/duo.lucescuro\/\">Duo Lucescuro<\/a> in der Besetzung Blockfl\u00f6te-Cembalo und konzertiert auch solistisch in verschiedenen Bereichen der Alten und Neuen Musik. Vor Kurzem wirkte sie zudem mit einem ihrer Ensembles bei einer CD-Produktion mit.<\/p>\n<p>Bereits seit 2019 unterrichtet sie semesterweise an verschiedenen privaten Musikschulen sowie der VHS und ist seit Herbst 2025 als Studienassistentin am Institut angestellt.<\/p>\n<\/div><\/section><\/p><\/div><div class='avia-buttonrow-wrap avia-buttonrow-right   avia-builder-el-7  el_after_av_three_fifth  avia-builder-el-last  '>\n<a href='https:\/\/online.mdw.ac.at\/mdw_online\/visitenkarte.show_vcard?pPersonenId=582D62218F080A9F&pPersonenGruppe=3'  class='avia-button  avia-icon_select-no avia-color-theme-color avia-size-small '  target=\"_blank\"  style='margin-bottom:5px; margin-left:5px; ' ><span class='avia_iconbox_title' >Visitenkarte<\/span><\/a>\n<\/div><\/p>\n","protected":false},"excerpt":{"rendered":"","protected":false},"author":23,"featured_media":0,"parent":257,"menu_order":0,"comment_status":"closed","ping_status":"closed","template":"","meta":{"_price":"","_stock":"","_tribe_ticket_header":"","_tribe_default_ticket_provider":"","_tribe_ticket_capacity":"","_ticket_start_date":"","_ticket_end_date":"","_tribe_ticket_show_description":"","_tribe_ticket_show_not_going":false,"_tribe_ticket_use_global_stock":"","_tribe_ticket_global_stock_level":"","_global_stock_mode":"","_global_stock_cap":"","_tribe_rsvp_for_event":"","_tribe_ticket_going_count":"","_tribe_ticket_not_going_count":"","_tribe_tickets_list":"[]","_tribe_ticket_has_attendee_info_fields":false,"footnotes":""},"class_list":["post-17643","page","type-page","status-publish","hentry"],"_links":{"self":[{"href":"https:\/\/mdw.ac.at\/altemusik\/wp-json\/wp\/v2\/pages\/17643","targetHints":{"allow":["GET"]}}],"collection":[{"href":"https:\/\/mdw.ac.at\/altemusik\/wp-json\/wp\/v2\/pages"}],"about":[{"href":"https:\/\/mdw.ac.at\/altemusik\/wp-json\/wp\/v2\/types\/page"}],"author":[{"embeddable":true,"href":"https:\/\/mdw.ac.at\/altemusik\/wp-json\/wp\/v2\/users\/23"}],"replies":[{"embeddable":true,"href":"https:\/\/mdw.ac.at\/altemusik\/wp-json\/wp\/v2\/comments?post=17643"}],"version-history":[{"count":10,"href":"https:\/\/mdw.ac.at\/altemusik\/wp-json\/wp\/v2\/pages\/17643\/revisions"}],"predecessor-version":[{"id":18917,"href":"https:\/\/mdw.ac.at\/altemusik\/wp-json\/wp\/v2\/pages\/17643\/revisions\/18917"}],"up":[{"embeddable":true,"href":"https:\/\/mdw.ac.at\/altemusik\/wp-json\/wp\/v2\/pages\/257"}],"wp:attachment":[{"href":"https:\/\/mdw.ac.at\/altemusik\/wp-json\/wp\/v2\/media?parent=17643"}],"curies":[{"name":"wp","href":"https:\/\/api.w.org\/{rel}","templated":true}]}}