{"id":221,"date":"2019-07-08T12:33:39","date_gmt":"2019-07-08T10:33:39","guid":{"rendered":"https:\/\/www.mdw.ac.at\/altemusik\/?page_id=221"},"modified":"2026-03-11T10:00:28","modified_gmt":"2026-03-11T09:00:28","slug":"eugene-michelangeli","status":"publish","type":"page","link":"https:\/\/mdw.ac.at\/altemusik\/lehrende\/eugene-michelangeli\/","title":{"rendered":"Eug\u00e8ne MICHELANGELI"},"content":{"rendered":"<div class=\"flex_column av_two_third  flex_column_div av-zero-column-padding first  avia-builder-el-0  el_before_av_one_third  avia-builder-el-first  \" style='border-radius:0px; '><div class='avia-image-container  av-styling-    avia-builder-el-1  avia-builder-el-no-sibling   avia-align-center '  itemprop=\"image\" itemscope=\"itemscope\" itemtype=\"https:\/\/schema.org\/ImageObject\"  ><div class='avia-image-container-inner'><div class='avia-image-overlay-wrap'><a href='https:\/\/mdw.ac.at\/altemusik\/blog2\/wp-content\/uploads\/2025\/07\/DSC_2037-Kopie.tif' class='avia_image'  ><img class='avia_image ' src='https:\/\/mdw.ac.at\/altemusik\/blog2\/wp-content\/uploads\/2025\/07\/DSC_2037-Kopie.tif' alt='' title='DSC_2037 Kopie'  itemprop=\"thumbnailUrl\"  \/><\/a><\/div><\/div><\/div><\/div>\n<div class=\"flex_column av_one_third  flex_column_div av-zero-column-padding   avia-builder-el-2  el_after_av_two_third  el_before_av_one_full  \" style='border-radius:0px; '><\/div>\n<div class=\"flex_column av_one_full  flex_column_div av-zero-column-padding first  avia-builder-el-3  el_after_av_one_third  el_before_av_one_full  column-top-margin\" style='border-radius:0px; '><section class=\"av_textblock_section \"  itemscope=\"itemscope\" itemtype=\"https:\/\/schema.org\/CreativeWork\" ><div class='avia_textblock  '   itemprop=\"text\" ><h2>Eug\u00e8ne Michelangeli<\/h2>\n<h3>Institutsleiter<\/h3>\n<\/div><\/section><br \/>\n<section class=\"av_textblock_section \"  itemscope=\"itemscope\" itemtype=\"https:\/\/schema.org\/CreativeWork\" ><div class='avia_textblock  '   itemprop=\"text\" ><h5>Literaturstudium mit Generalbass<\/h5>\n<h5>Clavichord (erg\u00e4nzendes Fach)<\/h5>\n<\/div><\/section><br \/>\n<div style='height:20px' class='hr hr-invisible   avia-builder-el-6  el_after_av_textblock  el_before_av_textblock  '><span class='hr-inner ' ><span class='hr-inner-style'><\/span><\/span><\/div><br \/>\n<section class=\"av_textblock_section \"  itemscope=\"itemscope\" itemtype=\"https:\/\/schema.org\/CreativeWork\" ><div class='avia_textblock  '   itemprop=\"text\" ><p>Eug\u00e8ne Michelangeli\u00a0wurde in Frankreich geboren. Er begann sein Cembalostudium bereits als Kind in der Musikschule von Dieppe, wo er 1995 die M\u00e9daille d\u2019or erhielt. Danach setzte er sein Studium am Conservatoire National de R\u00e9gion de Boulogne-Billancourt fort und erlangte 1998 den ersten Preis f\u00fcr Cembalo und Generalbass. 2002 schloss Eug\u00e8ne Michelangeli sein Studium bei Gordon Murray an der Universit\u00e4t f\u00fcr Musik und Darstellende Kunst Wien mit dem Magister Artium ab.<\/p>\n<p>Neben seiner T\u00e4tigkeit an der Universit\u00e4t f\u00fcr Musik und Darstellende Kunst Wien f\u00fchrt Eug\u00e8ne Michelangeli ein national wie international intensives Konzertleben.<br \/>\nEr trat u.a. als Kammermusiker bei den Salzburger Festspielen, den Wiener Festwochen, der Styriarte in Graz, dem Italia Mia Festival in Wien sowie auch als Solist bei den Th\u00fcringen Bachwochen auf.<\/p>\n<p>Als Mitglied des European Union Baroque Orchestra f\u00fcr das Jahr 2000 und 2003 spielte er als Solist und Continuo-Spieler unter der Leitung von Paul Goodwin, Roy Goodman und Lars Ulrik Mortensen u.a. in Amsterdam (Concertgebouw), Stuttgart (Liederhalle), London, Brussel, Hannover und Riga. Er ist Gast bei verschiedenen Opernproduktionen (u. a. Festival d\u2019Ambronay, Oper Bonn, Wiener Festwochen, Haydn Festspiele Eisenstadt, Theater an der Wien, Teatro Real Madrid).<\/p>\n<\/div><\/section><\/p><\/div><div class=\"flex_column av_one_full  flex_column_div av-zero-column-padding first  avia-builder-el-8  el_after_av_one_full  avia-builder-el-last  column-top-margin\" style='border-radius:0px; '><div class='avia-buttonrow-wrap avia-buttonrow-right   avia-builder-el-9  avia-builder-el-no-sibling  '>\n<a href='https:\/\/online.mdw.ac.at\/mdw_online\/visitenkarte.show_vcard?pPersonenId=C6C948EBD627347B&pPersonenGruppe=3'  class='avia-button  avia-icon_select-no avia-color-theme-color avia-size-small '  target=\"_blank\"  style='margin-bottom:5px; margin-left:5px; ' ><span class='avia_iconbox_title' >Visitenkarte<\/span><\/a>\n<a href='https:\/\/online.mdw.ac.at\/mdw_online\/wblvangebot.wbshowlvoffer?ppersonnr=23353'  class='avia-button  avia-icon_select-no avia-color-theme-color avia-size-small '  target=\"_blank\"  style='margin-bottom:5px; margin-left:5px; ' ><span class='avia_iconbox_title' >Lehrveranstaltungen<\/span><\/a>\n<\/div><\/div><\/p>\n","protected":false},"excerpt":{"rendered":"","protected":false},"author":1,"featured_media":0,"parent":257,"menu_order":0,"comment_status":"closed","ping_status":"closed","template":"","meta":{"_price":"","_stock":"","_tribe_ticket_header":"","_tribe_default_ticket_provider":"","_tribe_ticket_capacity":"","_ticket_start_date":"","_ticket_end_date":"","_tribe_ticket_show_description":"","_tribe_ticket_show_not_going":false,"_tribe_ticket_use_global_stock":"","_tribe_ticket_global_stock_level":"","_global_stock_mode":"","_global_stock_cap":"","_tribe_rsvp_for_event":"","_tribe_ticket_going_count":"","_tribe_ticket_not_going_count":"","_tribe_tickets_list":"[]","_tribe_ticket_has_attendee_info_fields":false,"footnotes":""},"class_list":["post-221","page","type-page","status-publish","hentry"],"_links":{"self":[{"href":"https:\/\/mdw.ac.at\/altemusik\/wp-json\/wp\/v2\/pages\/221","targetHints":{"allow":["GET"]}}],"collection":[{"href":"https:\/\/mdw.ac.at\/altemusik\/wp-json\/wp\/v2\/pages"}],"about":[{"href":"https:\/\/mdw.ac.at\/altemusik\/wp-json\/wp\/v2\/types\/page"}],"author":[{"embeddable":true,"href":"https:\/\/mdw.ac.at\/altemusik\/wp-json\/wp\/v2\/users\/1"}],"replies":[{"embeddable":true,"href":"https:\/\/mdw.ac.at\/altemusik\/wp-json\/wp\/v2\/comments?post=221"}],"version-history":[{"count":18,"href":"https:\/\/mdw.ac.at\/altemusik\/wp-json\/wp\/v2\/pages\/221\/revisions"}],"predecessor-version":[{"id":18957,"href":"https:\/\/mdw.ac.at\/altemusik\/wp-json\/wp\/v2\/pages\/221\/revisions\/18957"}],"up":[{"embeddable":true,"href":"https:\/\/mdw.ac.at\/altemusik\/wp-json\/wp\/v2\/pages\/257"}],"wp:attachment":[{"href":"https:\/\/mdw.ac.at\/altemusik\/wp-json\/wp\/v2\/media?parent=221"}],"curies":[{"name":"wp","href":"https:\/\/api.w.org\/{rel}","templated":true}]}}