{"id":226,"date":"2019-07-08T12:39:05","date_gmt":"2019-07-08T10:39:05","guid":{"rendered":"https:\/\/www.mdw.ac.at\/altemusik\/?page_id=226"},"modified":"2026-03-11T09:50:25","modified_gmt":"2026-03-11T08:50:25","slug":"magdalena-hasibeder","status":"publish","type":"page","link":"https:\/\/mdw.ac.at\/altemusik\/en\/faculty\/magdalena-hasibeder\/","title":{"rendered":"Magdalena HASIBEDER"},"content":{"rendered":"<div class=\"flex_column av_two_third  flex_column_div av-zero-column-padding first  avia-builder-el-0  el_before_av_one_third  avia-builder-el-first  \" style='border-radius:0px; '><div class='avia-image-container  av-styling-    avia-builder-el-1  avia-builder-el-no-sibling   avia-align-center '  itemprop=\"image\" itemscope=\"itemscope\" itemtype=\"https:\/\/schema.org\/ImageObject\"  ><div class='avia-image-container-inner'><div class='avia-image-overlay-wrap'><a href=\"https:\/\/mdw.ac.at\/altemusik\/blog2\/wp-content\/uploads\/2020\/10\/ma-515-1-1030x687.jpg\" class='avia_image'   data-rel=\"lightbox-image-0\" data-rl_title=\"\" data-rl_caption=\"\"><img class='avia_image ' src='https:\/\/mdw.ac.at\/altemusik\/blog2\/wp-content\/uploads\/2020\/10\/ma-515-1-1030x687.jpg' alt='' title=''  itemprop=\"thumbnailUrl\"  \/><\/a><\/div><\/div><\/div><\/div>\n<div class=\"flex_column av_one_third  flex_column_div av-zero-column-padding   avia-builder-el-2  el_after_av_two_third  el_before_av_one_full  \" style='border-radius:0px; '><\/div>\n<div class=\"flex_column av_one_full  flex_column_div av-zero-column-padding first  avia-builder-el-3  el_after_av_one_third  el_before_av_one_full  column-top-margin\" style='border-radius:0px; '><section class=\"av_textblock_section \"  itemscope=\"itemscope\" itemtype=\"https:\/\/schema.org\/CreativeWork\" ><div class='avia_textblock  '   itemprop=\"text\" ><h2>Magdalena Hasibeder<\/h2>\n<h3>Deputy Head of Department<\/h3>\n<\/div><\/section><br \/>\n<section class=\"av_textblock_section \"  itemscope=\"itemscope\" itemtype=\"https:\/\/schema.org\/CreativeWork\" ><div class='avia_textblock  '   itemprop=\"text\" ><h5>Harpsichord, Basso Continuo, Organ (Supplementary subject)<\/h5>\n<\/div><\/section><br \/>\n<div style='height:20px' class='hr hr-invisible   avia-builder-el-6  el_after_av_textblock  el_before_av_textblock  '><span class='hr-inner ' ><span class='hr-inner-style'><\/span><\/span><\/div><br \/>\n<section class=\"av_textblock_section \"  itemscope=\"itemscope\" itemtype=\"https:\/\/schema.org\/CreativeWork\" ><div class='avia_textblock  '   itemprop=\"text\" ><p class=\"bodytext\">Magdalena Hasibeder was born in Linz, Austria, where she received her musical training at the Music High School and at the Anton Bruckner Private University for Music, Drama, and Dance. Further studies in organ, harpsichord, early music, and instrumental pedagogy led her to the Vienna University of Music and the Schola Cantorum Basiliensis. Among her teachers were Wolfgang Gl\u00fcxam, Andrea Marcon, Michael Radulescu, Augusta Campagne, and Rudolf Lutz.<\/p>\n<p class=\"bodytext\">Since 1997 Magdalena Hasibeder has appeared in organ and harpsichord concerts at festivals and in concert series throughout Europe, including at the Handel Festival G\u00f6ttingen, Styriarte Graz, Jeunesse Austria, and Resonanzen Wien. She was a prizewinner at several international organ competitions, including the Paul Hofhaimer Competition Innsbruck, the Organ Competition in Herford, Germany, and the Georg Muffat Competition in Schl\u00e4gl, Austria.<\/p>\n<p class=\"bodytext\">From the very beginning of her career, she has been greatly involved in ensemble activity. As a sought-after continuo player and soloist, she has performed in numerous renowned ensembles, including La Cetra Barockorchester, the Venice Baroque Orchestra, the Bruckner Orchester Linz, and Il Concerto Viennese. Since 2010 she has repeatedly served as Andrea Marcon\u2019s assistant at Theater Basel, making her conducting debut there in 2012 with La Cetra Barockorchester and Purcell\u2019s Fairy Queen. In 2012 she also founded the concert series Diapsalma \u2013 Sacred Concerts in St. Arbogast in Basel, Switzerland, which she has since supervised as artistic director.<\/p>\n<p class=\"bodytext\">Apart from her main interest in Early Music, she has worked together with contemporary Austrian composeres such as Rudolf Jungwirth, Michael Radulescu and Balduin Sulzer. She has done several world premiers.<\/p>\n<p class=\"bodytext\">Magdalena Hasibeder has worked as r\u00e9p\u00e9titeur at the Schola CantorumBasiliensis and taught since 2012 at the Vienna University of Music and Performing Arts.<\/p>\n<p class=\"bodytext\">Her Double-CD (June 2016 at Raumklang Records) is winner of the trimester prize by Deutsche Schallplattenkritik. Others are: &#8222;Vom Stylus phantasticus zur freien Fantasie \u2013 Virtuous harpsicord music around J.S. Bach&#8220; (Raumklang Records 2013, winner of &#8222;Pasticciopris&#8220; by \u00d61, Austrian radio station), &#8222;Viennese organ music between Gr\u00fcnderzeit and fin de si\u00e8cle&#8220; (ClassicRecords 2015), &#8222;Orgeln in Kremsm\u00fcnster&#8220; in the series &#8222;Orgellandschaft Ober\u00f6sterreich&#8220; (Weinberg records 2017).<\/p>\n<\/div><\/section><\/p><\/div><div class=\"flex_column av_one_full  flex_column_div av-zero-column-padding first  avia-builder-el-8  el_after_av_one_full  avia-builder-el-last  column-top-margin\" style='border-radius:0px; '><div class='avia-buttonrow-wrap avia-buttonrow-right   avia-builder-el-9  avia-builder-el-no-sibling  '>\n<a href='https:\/\/online.mdw.ac.at\/mdw_online\/visitenkarte.show_vcard?pPersonenId=F62F0E37B371B1E6&pPersonenGruppe=3'  class='avia-button  avia-icon_select-no avia-color-theme-color avia-size-small '  target=\"_blank\"  style='margin-bottom:5px; margin-left:5px; ' ><span class='avia_iconbox_title' >Business card<\/span><\/a>\n<a href='https:\/\/online.mdw.ac.at\/mdw_online\/wblvangebot.wbshowlvoffer?ppersonnr=23354'  class='avia-button  avia-icon_select-no avia-color-theme-color avia-size-small '  target=\"_blank\"  style='margin-bottom:5px; margin-left:5px; ' ><span class='avia_iconbox_title' >Courses<\/span><\/a>\n<\/div><\/div><\/p>\n","protected":false},"excerpt":{"rendered":"","protected":false},"author":1,"featured_media":0,"parent":255,"menu_order":0,"comment_status":"closed","ping_status":"closed","template":"","meta":{"_price":"","_stock":"","_tribe_ticket_header":"","_tribe_default_ticket_provider":"","_tribe_ticket_capacity":"0","_ticket_start_date":"","_ticket_end_date":"","_tribe_ticket_show_description":"","_tribe_ticket_show_not_going":false,"_tribe_ticket_use_global_stock":"","_tribe_ticket_global_stock_level":"","_global_stock_mode":"","_global_stock_cap":"","_tribe_rsvp_for_event":"","_tribe_ticket_going_count":"","_tribe_ticket_not_going_count":"","_tribe_tickets_list":"[]","_tribe_ticket_has_attendee_info_fields":false,"footnotes":""},"class_list":["post-226","page","type-page","status-publish","hentry"],"_links":{"self":[{"href":"https:\/\/mdw.ac.at\/altemusik\/wp-json\/wp\/v2\/pages\/226","targetHints":{"allow":["GET"]}}],"collection":[{"href":"https:\/\/mdw.ac.at\/altemusik\/wp-json\/wp\/v2\/pages"}],"about":[{"href":"https:\/\/mdw.ac.at\/altemusik\/wp-json\/wp\/v2\/types\/page"}],"author":[{"embeddable":true,"href":"https:\/\/mdw.ac.at\/altemusik\/wp-json\/wp\/v2\/users\/1"}],"replies":[{"embeddable":true,"href":"https:\/\/mdw.ac.at\/altemusik\/wp-json\/wp\/v2\/comments?post=226"}],"version-history":[{"count":19,"href":"https:\/\/mdw.ac.at\/altemusik\/wp-json\/wp\/v2\/pages\/226\/revisions"}],"predecessor-version":[{"id":18951,"href":"https:\/\/mdw.ac.at\/altemusik\/wp-json\/wp\/v2\/pages\/226\/revisions\/18951"}],"up":[{"embeddable":true,"href":"https:\/\/mdw.ac.at\/altemusik\/wp-json\/wp\/v2\/pages\/255"}],"wp:attachment":[{"href":"https:\/\/mdw.ac.at\/altemusik\/wp-json\/wp\/v2\/media?parent=226"}],"curies":[{"name":"wp","href":"https:\/\/api.w.org\/{rel}","templated":true}]}}