{"id":231,"date":"2019-07-08T12:41:31","date_gmt":"2019-07-08T10:41:31","guid":{"rendered":"https:\/\/www.mdw.ac.at\/altemusik\/?page_id=231"},"modified":"2026-03-11T09:49:45","modified_gmt":"2026-03-11T08:49:45","slug":"magdalena-hasibeder","status":"publish","type":"page","link":"https:\/\/mdw.ac.at\/altemusik\/lehrende\/magdalena-hasibeder\/","title":{"rendered":"Magdalena HASIBEDER"},"content":{"rendered":"<div class=\"flex_column av_two_third  flex_column_div av-zero-column-padding first  avia-builder-el-0  el_before_av_one_third  avia-builder-el-first  \" style='border-radius:0px; '><div class='avia-image-container  av-styling-    avia-builder-el-1  avia-builder-el-no-sibling   avia-align-center '  itemprop=\"image\" itemscope=\"itemscope\" itemtype=\"https:\/\/schema.org\/ImageObject\"  ><div class='avia-image-container-inner'><div class='avia-image-overlay-wrap'><a href=\"https:\/\/mdw.ac.at\/altemusik\/blog2\/wp-content\/uploads\/2020\/10\/ma-515-1030x687.jpg\" class='avia_image'   data-rel=\"lightbox-image-0\" data-rl_title=\"\" data-rl_caption=\"\"><img class='avia_image ' src='https:\/\/mdw.ac.at\/altemusik\/blog2\/wp-content\/uploads\/2020\/10\/ma-515-1030x687.jpg' alt='' title=''  itemprop=\"thumbnailUrl\"  \/><\/a><\/div><\/div><\/div><\/div>\n<div class=\"flex_column av_one_third  flex_column_div av-zero-column-padding   avia-builder-el-2  el_after_av_two_third  el_before_av_one_full  \" style='border-radius:0px; '><\/div>\n<div class=\"flex_column av_one_full  flex_column_div av-zero-column-padding first  avia-builder-el-3  el_after_av_one_third  el_before_av_one_full  column-top-margin\" style='border-radius:0px; '><section class=\"av_textblock_section \"  itemscope=\"itemscope\" itemtype=\"https:\/\/schema.org\/CreativeWork\" ><div class='avia_textblock  '   itemprop=\"text\" ><h2>Magdalena Hasibeder<\/h2>\n<h3>Stv. Institutsleiterin<\/h3>\n<\/div><\/section><br \/>\n<section class=\"av_textblock_section \"  itemscope=\"itemscope\" itemtype=\"https:\/\/schema.org\/CreativeWork\" ><div class='avia_textblock  '   itemprop=\"text\" ><h5>Cembalo, Generalbass, Improvisation<\/h5>\n<\/div><\/section><br \/>\n<div style='height:20px' class='hr hr-invisible   avia-builder-el-6  el_after_av_textblock  el_before_av_textblock  '><span class='hr-inner ' ><span class='hr-inner-style'><\/span><\/span><\/div><br \/>\n<section class=\"av_textblock_section \"  itemscope=\"itemscope\" itemtype=\"https:\/\/schema.org\/CreativeWork\" ><div class='avia_textblock  '   itemprop=\"text\" ><p>Magdalena Hasibeder wurde in Linz, \u00d6sterreich, geboren, wo sie ihre musikalische Ausbildung am Musikgymnasium und an der Anton Bruckner Privatuniversit\u00e4t f\u00fcr Musik, Theater und Tanz absolvierte. Weitere Studien in Orgel, Cembalo, Instrumentalp\u00e4dagogik und Historischer Auff\u00fchrungspraxis f\u00fchrten sie an die Universit\u00e4t f\u00fcr Musik und darstellende Kunst Wien und an die Schola Cantorum Basiliensis. Zu ihren Lehrern z\u00e4hlten u.a. Wolfgang Gl\u00fcxam, Andrea Marcon, Michael Radulescu, Augusta Campagne und Rudolf Lutz. Ihre Diplome erhielt sie dabei mit Auszeichnung.<\/p>\n<p>Seit 1997 tritt Magdalena Hasibeder bei Festivals und Konzertreihen in ganz Europa mit Orgel- und Cembalo-Konzerten auf, darunter beim H\u00e4ndel-Festival G\u00f6ttingen, der Styriarte Graz, Jeunesse Austria und Resonanzen Wien. Sie war Preistr\u00e4gerin bei mehreren internationalen Orgelwettbewerben, darunter dem Paul-Hofhaimer-Wettbewerb Innsbruck, dem Orgelwettbewerb in Herford und dem Georg-Muffat-Wettbewerb in Schl\u00e4gl.<\/p>\n<p>Von Beginn ihrer Karriere an war sie stark in Ensembleaktivit\u00e4ten involviert. Als gefragte Continuospielerin und Solistin trat sie in zahlreichen renommierten Ensembles auf, darunter La Cetra Barockorchester, Venice Baroque Orchestra, Bruckner Orchester Linz und Il Concerto Viennese. Seit 2010 ist sie wiederholt als Assistentin von Andrea Marcon am Theater Basel t\u00e4tig und gab dort 2012 ihr Dirigierdeb\u00fct mit dem La Cetra Barockorchester und Purcells Fairy Queen. 2012 gr\u00fcndete sie au\u00dferdem die Konzertreihe Diapsalma \u2013 Sacred Concerts in St. Arbogast in Basel, Schweiz.<\/p>\n<p>Neben ihrem Hauptinteresse f\u00fcr Alte Musik arbeitet sie auch mit zeitgen\u00f6ssischen \u00f6sterreichischen Komponisten wie Rudolf Jungwirth, Michael Radulescu und Balduin Sulzer zusammen und hat dabei bereits mehrere Urauff\u00fchrungen gespielt.<\/p>\n<p>Magdalena Hasibeder war als Korrepetitorin an der Schola Cantorum Basiliensis t\u00e4tig und unterrichtet seit 2012 an der Universit\u00e4t f\u00fcr Musik und darstellende Kunst Wien.<\/p>\n<p>Ihre Doppel-CD (Juni 2016 bei Raumklang Records) wurde mit dem Trimesterpreis der Deutschen Schallplattenkritik ausgezeichnet. Weitere Ver\u00f6ffentlichungen sind: \u201eVom Stylus phantasticus zur freien Fantasie \u2013 Virtuose Cembalomusik um J.S. Bach\u201c (Raumklang Records 2013, Gewinner des \u201ePasticciopris\u201c von \u00d61), \u201eWiener Orgelmusik zwischen Gr\u00fcnderzeit und Fin de Si\u00e8cle\u201c (ClassicRecords 2015) und \u201eOrgeln in Kremsm\u00fcnster\u201c in der Reihe \u201eOrgellandschaft Ober\u00f6sterreich\u201c (Weinberg Records 2017).<\/p>\n<\/div><\/section><\/p><\/div><div class=\"flex_column av_one_full  flex_column_div av-zero-column-padding first  avia-builder-el-8  el_after_av_one_full  avia-builder-el-last  column-top-margin\" style='border-radius:0px; '><div class='avia-buttonrow-wrap avia-buttonrow-right   avia-builder-el-9  avia-builder-el-no-sibling  '>\n<a href='https:\/\/online.mdw.ac.at\/mdw_online\/visitenkarte.show_vcard?pPersonenId=F62F0E37B371B1E6&pPersonenGruppe=3'  class='avia-button  avia-icon_select-no avia-color-theme-color avia-size-small '  target=\"_blank\"  style='margin-bottom:5px; margin-left:5px; ' ><span class='avia_iconbox_title' >Visitenkarte<\/span><\/a>\n<a href='https:\/\/online.mdw.ac.at\/mdw_online\/wblvangebot.wbshowlvoffer?ppersonnr=23354'  class='avia-button  avia-icon_select-no avia-color-theme-color avia-size-small '  target=\"_blank\"  style='margin-bottom:5px; margin-left:5px; ' ><span class='avia_iconbox_title' >Lehrveranstaltungen<\/span><\/a>\n<\/div><\/div><\/p>\n","protected":false},"excerpt":{"rendered":"","protected":false},"author":1,"featured_media":0,"parent":257,"menu_order":0,"comment_status":"closed","ping_status":"closed","template":"","meta":{"_price":"","_stock":"","_tribe_ticket_header":"","_tribe_default_ticket_provider":"","_tribe_ticket_capacity":"","_ticket_start_date":"","_ticket_end_date":"","_tribe_ticket_show_description":"","_tribe_ticket_show_not_going":false,"_tribe_ticket_use_global_stock":"","_tribe_ticket_global_stock_level":"","_global_stock_mode":"","_global_stock_cap":"","_tribe_rsvp_for_event":"","_tribe_ticket_going_count":"","_tribe_ticket_not_going_count":"","_tribe_tickets_list":"[]","_tribe_ticket_has_attendee_info_fields":false,"footnotes":""},"class_list":["post-231","page","type-page","status-publish","hentry"],"_links":{"self":[{"href":"https:\/\/mdw.ac.at\/altemusik\/wp-json\/wp\/v2\/pages\/231","targetHints":{"allow":["GET"]}}],"collection":[{"href":"https:\/\/mdw.ac.at\/altemusik\/wp-json\/wp\/v2\/pages"}],"about":[{"href":"https:\/\/mdw.ac.at\/altemusik\/wp-json\/wp\/v2\/types\/page"}],"author":[{"embeddable":true,"href":"https:\/\/mdw.ac.at\/altemusik\/wp-json\/wp\/v2\/users\/1"}],"replies":[{"embeddable":true,"href":"https:\/\/mdw.ac.at\/altemusik\/wp-json\/wp\/v2\/comments?post=231"}],"version-history":[{"count":24,"href":"https:\/\/mdw.ac.at\/altemusik\/wp-json\/wp\/v2\/pages\/231\/revisions"}],"predecessor-version":[{"id":18950,"href":"https:\/\/mdw.ac.at\/altemusik\/wp-json\/wp\/v2\/pages\/231\/revisions\/18950"}],"up":[{"embeddable":true,"href":"https:\/\/mdw.ac.at\/altemusik\/wp-json\/wp\/v2\/pages\/257"}],"wp:attachment":[{"href":"https:\/\/mdw.ac.at\/altemusik\/wp-json\/wp\/v2\/media?parent=231"}],"curies":[{"name":"wp","href":"https:\/\/api.w.org\/{rel}","templated":true}]}}