{"id":248,"date":"2019-07-08T12:58:32","date_gmt":"2019-07-08T10:58:32","guid":{"rendered":"https:\/\/www.mdw.ac.at\/altemusik\/?page_id=248"},"modified":"2026-03-08T12:44:00","modified_gmt":"2026-03-08T11:44:00","slug":"gertraud-wimmer","status":"publish","type":"page","link":"https:\/\/mdw.ac.at\/altemusik\/lehrende\/gertraud-wimmer\/","title":{"rendered":"Gertraud WIMMER"},"content":{"rendered":"<div class=\"flex_column av_two_fifth  flex_column_div av-zero-column-padding first  avia-builder-el-0  el_before_av_three_fifth  avia-builder-el-first  \" style='border-radius:0px; '><div class='avia-image-container  av-styling-    avia-builder-el-1  avia-builder-el-no-sibling   avia-align-center '  itemprop=\"image\" itemscope=\"itemscope\" itemtype=\"https:\/\/schema.org\/ImageObject\"  ><div class='avia-image-container-inner'><div class='avia-image-overlay-wrap'><img class='avia_image' src='https:\/\/mdw.ac.at\/altemusik\/blog2\/wp-content\/uploads\/2025\/10\/gw-773x1030.jpg' alt='' title='gw' height=\"1030\" width=\"773\"  itemprop=\"thumbnailUrl\"  \/><\/div><\/div><\/div><\/div>\n<div class=\"flex_column av_three_fifth  flex_column_div av-zero-column-padding   avia-builder-el-2  el_after_av_two_fifth  el_before_av_one_full  \" style='border-radius:0px; '><section class=\"av_textblock_section \"  itemscope=\"itemscope\" itemtype=\"https:\/\/schema.org\/CreativeWork\" ><div class='avia_textblock  '   itemprop=\"text\" ><h2>Gertraud Wimmer<\/h2>\n<\/div><\/section><br \/>\n<section class=\"av_textblock_section \"  itemscope=\"itemscope\" itemtype=\"https:\/\/schema.org\/CreativeWork\" ><div class='avia_textblock  '   itemprop=\"text\" ><h5>Flauto Traverso<\/h5>\n<\/div><\/section><br \/>\n<div style='height:20px' class='hr hr-invisible   avia-builder-el-5  el_after_av_textblock  el_before_av_textblock  '><span class='hr-inner ' ><span class='hr-inner-style'><\/span><\/span><\/div><br \/>\n<section class=\"av_textblock_section \"  itemscope=\"itemscope\" itemtype=\"https:\/\/schema.org\/CreativeWork\" ><div class='avia_textblock  '   itemprop=\"text\" ><p>Der Empfindsamkeit und den vielf\u00e4ltigen Regungen der menschlichen Seele auf ihrem Instrument Ausdruck zu verleihen &#8211; gleich einem Redner &#8211; und mit ihren T\u00f6nen konkrete, fassbare Inhalte zu vermitteln, ist das Anliegen der Wiener Traversfl\u00f6tistin Gertraud Wimmer.<\/p>\n<p>Nach ihrem Fl\u00f6tenstudium an der Wiener Musikuniversit\u00e4t ging sie als Stipendiatin der Schweizer Eidgenossenschafft nach Basel und studierte Traversfl\u00f6te an der Schola Cantorum Basiliensis. Es folgte ein Aufbaustudium f\u00fcr \u201eAlte Musik\u201c in der Klasse von Barthold Kuijken am k\u00f6niglichen Konservatorium in Den Haag.<\/p>\n<p>Seit 1996 unterrichtet sie Traversfl\u00f6te und historische Auff\u00fchrungspraxis an der Universit\u00e4t f\u00fcr Musik und darstellende Kunst in Wien und ist Dozentin bei internationalen Meisterkursen wie den \u201eTagen alter Musik\u201c in Zell an der Pram.<\/p>\n<p>Sie ist Gr\u00fcndungsmitglied des \u201eBachconsort Wien\u201c und der \u201eAccademia dell` Arcadia Wien\u201c, Fl\u00f6tistin des Teatro Barocco (Bernd Bienert) und musizierte in namhaften Barockorchestern unter der Leitung von Jordi Savall, Nikolaus Harnoncourt, Trevor Pinnock, Christophe Rousset und Stefan Gottfried.<\/p>\n<\/div><\/section><\/p><\/div><div class=\"flex_column av_one_full  flex_column_div av-zero-column-padding first  avia-builder-el-7  el_after_av_three_fifth  avia-builder-el-last  \" style='border-radius:0px; '><div class='avia-buttonrow-wrap avia-buttonrow-right   avia-builder-el-8  avia-builder-el-no-sibling  '>\n<a href='https:\/\/online.mdw.ac.at\/mdw_online\/visitenkarte.show_vcard?pPersonenId=8F016E830EAC3932&pPersonenGruppe=3'  class='avia-button  avia-icon_select-no avia-color-theme-color avia-size-small '  target=\"_blank\"  style='margin-bottom:5px; margin-left:5px; ' ><span class='avia_iconbox_title' >Visitenkarte<\/span><\/a>\n<a href='https:\/\/online.mdw.ac.at\/mdw_online\/wblvangebot.wbshowlvoffer?ppersonnr=17096'  class='avia-button  avia-icon_select-no avia-color-theme-color avia-size-small '  target=\"_blank\"  style='margin-bottom:5px; margin-left:5px; ' ><span class='avia_iconbox_title' >Lehrveranstaltungen<\/span><\/a>\n<\/div><\/div><\/p>\n","protected":false},"excerpt":{"rendered":"","protected":false},"author":1,"featured_media":0,"parent":257,"menu_order":0,"comment_status":"closed","ping_status":"closed","template":"","meta":{"_price":"","_stock":"","_tribe_ticket_header":"","_tribe_default_ticket_provider":"","_tribe_ticket_capacity":"","_ticket_start_date":"","_ticket_end_date":"","_tribe_ticket_show_description":"","_tribe_ticket_show_not_going":false,"_tribe_ticket_use_global_stock":"","_tribe_ticket_global_stock_level":"","_global_stock_mode":"","_global_stock_cap":"","_tribe_rsvp_for_event":"","_tribe_ticket_going_count":"","_tribe_ticket_not_going_count":"","_tribe_tickets_list":"[]","_tribe_ticket_has_attendee_info_fields":false,"footnotes":""},"class_list":["post-248","page","type-page","status-publish","hentry"],"_links":{"self":[{"href":"https:\/\/mdw.ac.at\/altemusik\/wp-json\/wp\/v2\/pages\/248","targetHints":{"allow":["GET"]}}],"collection":[{"href":"https:\/\/mdw.ac.at\/altemusik\/wp-json\/wp\/v2\/pages"}],"about":[{"href":"https:\/\/mdw.ac.at\/altemusik\/wp-json\/wp\/v2\/types\/page"}],"author":[{"embeddable":true,"href":"https:\/\/mdw.ac.at\/altemusik\/wp-json\/wp\/v2\/users\/1"}],"replies":[{"embeddable":true,"href":"https:\/\/mdw.ac.at\/altemusik\/wp-json\/wp\/v2\/comments?post=248"}],"version-history":[{"count":14,"href":"https:\/\/mdw.ac.at\/altemusik\/wp-json\/wp\/v2\/pages\/248\/revisions"}],"predecessor-version":[{"id":18881,"href":"https:\/\/mdw.ac.at\/altemusik\/wp-json\/wp\/v2\/pages\/248\/revisions\/18881"}],"up":[{"embeddable":true,"href":"https:\/\/mdw.ac.at\/altemusik\/wp-json\/wp\/v2\/pages\/257"}],"wp:attachment":[{"href":"https:\/\/mdw.ac.at\/altemusik\/wp-json\/wp\/v2\/media?parent=248"}],"curies":[{"name":"wp","href":"https:\/\/api.w.org\/{rel}","templated":true}]}}