{"id":266,"date":"2019-07-08T13:07:45","date_gmt":"2019-07-08T11:07:45","guid":{"rendered":"https:\/\/www.mdw.ac.at\/altemusik\/?page_id=266"},"modified":"2026-02-26T12:37:25","modified_gmt":"2026-02-26T11:37:25","slug":"ba-cembalo-igp","status":"publish","type":"page","link":"https:\/\/mdw.ac.at\/altemusik\/studien\/bachelor-ba\/ba-cembalo-igp\/","title":{"rendered":"BA IGP Cembalo"},"content":{"rendered":"<div class=\"flex_column av_one_full  flex_column_div av-zero-column-padding first  avia-builder-el-0  el_before_av_three_fifth  avia-builder-el-first  \" style='border-radius:0px; '><section class=\"av_textblock_section \"  itemscope=\"itemscope\" itemtype=\"https:\/\/schema.org\/CreativeWork\" ><div class='avia_textblock  '   itemprop=\"text\" ><h2>Cembalo Instrumental &#8211; und Gesangsp\u00e4dagogik<\/h2>\n<h2><\/h2>\n<\/div><\/section><br \/>\n<section class=\"av_textblock_section \"  itemscope=\"itemscope\" itemtype=\"https:\/\/schema.org\/CreativeWork\" ><div class='avia_textblock  '   itemprop=\"text\" ><h3>Bachelorstudium<\/h3>\n<\/div><\/section><\/p><\/div>\n<div class=\"flex_column av_three_fifth  av-hide-on-mobile  flex_column_div av-zero-column-padding first  avia-builder-el-3  el_after_av_one_full  el_before_av_two_fifth   column-top-margin\" style='border-radius:0px; '><div class='avia-image-container  av-styling-  av-has-copyright av-copyright-icon-reveal   avia-builder-el-4  avia-builder-el-no-sibling   avia-align-center '  itemprop=\"image\" itemscope=\"itemscope\" itemtype=\"https:\/\/schema.org\/ImageObject\"  ><div class='avia-image-container-inner'><div class='avia-image-overlay-wrap'><img class='avia_image' src='https:\/\/mdw.ac.at\/altemusik\/blog2\/wp-content\/uploads\/2019\/07\/tibaut-3.jpg' alt='' title='Tibaut Mus\u00e9e de la Musique' height=\"410\" width=\"615\"  itemprop=\"thumbnailUrl\"  \/><\/div><small class='avia-copyright'>\u00a9 Philharmonie de Paris<\/small><\/div><\/div><\/div>\n<div class=\"flex_column av_two_fifth  flex_column_div av-zero-column-padding   avia-builder-el-5  el_after_av_three_fifth  el_before_av_one_full  column-top-margin\" style='border-radius:0px; '><section class=\"av_textblock_section \"  itemscope=\"itemscope\" itemtype=\"https:\/\/schema.org\/CreativeWork\" ><div class='avia_textblock  '   itemprop=\"text\" ><h3>Zulassungspr\u00fcfung<\/h3>\n<p>Informationen zum Termin finden Sie <a href=\"https:\/\/www.mdw.ac.at\/stdmp\/igp-ba-zulassung\/\">HIER<\/a><\/p>\n<\/div><\/section><br \/>\n<div style='height:20px' class='hr hr-invisible   avia-builder-el-7  el_after_av_textblock  el_before_av_buttonrow  '><span class='hr-inner ' ><span class='hr-inner-style'><\/span><\/span><\/div><br \/>\n<div class='avia-buttonrow-wrap avia-buttonrow-left   avia-builder-el-8  el_after_av_hr  avia-builder-el-last  '>\n<a href='https:\/\/www.mdw.ac.at\/1355\/?lang=de'  class='avia-button  avia-icon_select-no avia-color-theme-color avia-size-small '  style='margin-bottom:5px; margin-right:5px; ' ><span class='avia_iconbox_title' >Zum Studiencenter<\/span><\/a>\n<a href='https:\/\/mdw.ac.at\/studienplaene\/?stNR=32915&stArt=infozp'  class='avia-button  avia-icon_select-yes-left-icon avia-color-theme-color avia-size-small '  target=\"_blank\"  style='margin-bottom:5px; margin-right:5px; ' ><span class='avia_button_icon avia_button_icon_left ' aria-hidden='true' data-av_icon='\ue82d' data-av_iconfont='entypo-fontello'><\/span><span class='avia_iconbox_title' >Informationen zur Zulassungspr\u00fcfung<\/span><\/a>\n<a href='https:\/\/mdw.ac.at\/studienplaene\/?stNR=32915&stArt=cur'  class='avia-button  avia-icon_select-yes-left-icon avia-color-theme-color avia-size-small '  target=\"_blank\"  style='margin-bottom:5px; margin-right:5px; ' ><span class='avia_button_icon avia_button_icon_left ' aria-hidden='true' data-av_icon='\ue82d' data-av_iconfont='entypo-fontello'><\/span><span class='avia_iconbox_title' >Curriculum<\/span><\/a>\n<a href='https:\/\/mdw.ac.at\/altemusik\/blog2\/wp-content\/uploads\/2023\/06\/ZLP-alle-Cembalostudien-v5.pdf'  class='avia-button  avia-icon_select-no avia-color-theme-color avia-size-small '  target=\"_blank\"  style='margin-bottom:5px; margin-right:5px; ' ><span class='avia_iconbox_title' >ZP-Bedingungen<\/span><\/a>\n<\/div><\/p><\/div><div class=\"flex_column av_one_full  flex_column_div av-zero-column-padding first  avia-builder-el-9  el_after_av_two_fifth  el_before_av_three_fifth  \" style='border-radius:0px; '><div style='height:20px' class='hr hr-invisible   avia-builder-el-10  avia-builder-el-no-sibling  '><span class='hr-inner ' ><span class='hr-inner-style'><\/span><\/span><\/div><\/div><\/p>\n<div class=\"flex_column av_three_fifth  flex_column_div av-zero-column-padding first  avia-builder-el-11  el_after_av_one_full  el_before_av_two_fifth  column-top-margin\" style='border-radius:0px; '><section class=\"av_textblock_section \"  itemscope=\"itemscope\" itemtype=\"https:\/\/schema.org\/CreativeWork\" ><div class='avia_textblock  '   itemprop=\"text\" ><ul>\n<li class=\"varMusik\">Dauer: 8 Semester<\/li>\n<li class=\"varMusik\">Abschluss: Bachelor of Arts (BA)<\/li>\n<li class=\"varMusik\">Voraussetzung: erfolgreiche Zulassungspr\u00fcfung, Nachweis der Deutschkenntnisse siehe &#8222;Informationen zur Zulassungspr\u00fcfung&#8220;<\/li>\n<\/ul>\n<\/div><\/section><\/div>\n<div class=\"flex_column av_two_fifth  flex_column_div av-zero-column-padding   avia-builder-el-13  el_after_av_three_fifth  el_before_av_three_fifth  column-top-margin\" style='border-radius:0px; '><\/div>\n<div class=\"flex_column av_three_fifth  flex_column_div av-zero-column-padding first  avia-builder-el-14  el_after_av_two_fifth  avia-builder-el-last  \" style='border-radius:0px; '><p><div style='height:20px' class='hr hr-invisible   avia-builder-el-15  el_before_av_textblock  avia-builder-el-first  '><span class='hr-inner ' ><span class='hr-inner-style'><\/span><\/span><\/div><br \/>\n<section class=\"av_textblock_section \"  itemscope=\"itemscope\" itemtype=\"https:\/\/schema.org\/CreativeWork\" ><div class='avia_textblock  '   itemprop=\"text\" ><p>Das Studium dient der\u00a0<strong>Heranbildung von Instrumental- und GesangslehrerInnen<\/strong>\u00a0an Lehranstalten und im freien Beruf.<\/p>\n<p>Ziel des Unterrichts ist die\u00a0<strong>Auseinandersetzung mit Musik<\/strong>\u00a0verschiedener Herkunft und mit unterschiedlichen\u00a0<strong>Weisen des Musizierens<\/strong>. Weitere Schwerpunkte sind die\u00a0<strong>musikalische Bildung<\/strong>, die\u00a0<strong>\u00e4sthetische Erziehung<\/strong>\u00a0sowie eine allgemeine\u00a0<strong>Bereicherung der Pers\u00f6nlichkeit<\/strong>in kognitiver, affektiver und sozialer Hinsicht.<\/p>\n<p>Diesem Ziel dient eine\u00a0<strong>wohlabgewogene Mischung\u00a0<\/strong>von k\u00fcnstlerischen Hauptf\u00e4chern, p\u00e4dagogischen Lehrveranstaltungen und wissenschaftlichen F\u00e4chern.<\/p>\n<p>Neben der\u00a0<strong>Erweiterung des traditionellen Instrumentalunterrichts\u00a0<\/strong>werden so auch Bereiche der elementaren Musikp\u00e4dagogik, des Gruppenmusizierens, der Improvisation oder der theoretischen Schulung in den Fokus ger\u00fcckt.<\/p>\n<\/div><\/section><\/p><\/div>\n","protected":false},"excerpt":{"rendered":"","protected":false},"author":1,"featured_media":0,"parent":320,"menu_order":0,"comment_status":"closed","ping_status":"closed","template":"","meta":{"_price":"","_stock":"","_tribe_ticket_header":"","_tribe_default_ticket_provider":"","_tribe_ticket_capacity":"","_ticket_start_date":"","_ticket_end_date":"","_tribe_ticket_show_description":"","_tribe_ticket_show_not_going":false,"_tribe_ticket_use_global_stock":"","_tribe_ticket_global_stock_level":"","_global_stock_mode":"","_global_stock_cap":"","_tribe_rsvp_for_event":"","_tribe_ticket_going_count":"","_tribe_ticket_not_going_count":"","_tribe_tickets_list":"[]","_tribe_ticket_has_attendee_info_fields":false,"footnotes":""},"class_list":["post-266","page","type-page","status-publish","hentry"],"_links":{"self":[{"href":"https:\/\/mdw.ac.at\/altemusik\/wp-json\/wp\/v2\/pages\/266","targetHints":{"allow":["GET"]}}],"collection":[{"href":"https:\/\/mdw.ac.at\/altemusik\/wp-json\/wp\/v2\/pages"}],"about":[{"href":"https:\/\/mdw.ac.at\/altemusik\/wp-json\/wp\/v2\/types\/page"}],"author":[{"embeddable":true,"href":"https:\/\/mdw.ac.at\/altemusik\/wp-json\/wp\/v2\/users\/1"}],"replies":[{"embeddable":true,"href":"https:\/\/mdw.ac.at\/altemusik\/wp-json\/wp\/v2\/comments?post=266"}],"version-history":[{"count":50,"href":"https:\/\/mdw.ac.at\/altemusik\/wp-json\/wp\/v2\/pages\/266\/revisions"}],"predecessor-version":[{"id":18554,"href":"https:\/\/mdw.ac.at\/altemusik\/wp-json\/wp\/v2\/pages\/266\/revisions\/18554"}],"up":[{"embeddable":true,"href":"https:\/\/mdw.ac.at\/altemusik\/wp-json\/wp\/v2\/pages\/320"}],"wp:attachment":[{"href":"https:\/\/mdw.ac.at\/altemusik\/wp-json\/wp\/v2\/media?parent=266"}],"curies":[{"name":"wp","href":"https:\/\/api.w.org\/{rel}","templated":true}]}}