{"id":289,"date":"2019-07-08T13:23:59","date_gmt":"2019-07-08T11:23:59","guid":{"rendered":"https:\/\/www.mdw.ac.at\/altemusik\/?page_id=289"},"modified":"2019-08-09T16:49:58","modified_gmt":"2019-08-09T14:49:58","slug":"department","status":"publish","type":"page","link":"https:\/\/mdw.ac.at\/altemusik\/en\/department\/","title":{"rendered":"About"},"content":{"rendered":"<div class=\"flex_column av_one_full  flex_column_div av-zero-column-padding first  avia-builder-el-0  el_before_av_textblock  avia-builder-el-first  \" style='border-radius:0px; '><div id='av-masonry-1' class='av-masonry  noHover av-fixed-size av-large-gap av-hover-overlay- av-masonry-animation- av-masonry-col-3 av-caption-always av-caption-style- av-masonry-gallery     '  ><div class='av-masonry-container isotope av-js-disabled ' ><div class='av-masonry-entry isotope-item av-masonry-item-no-image '><\/div><a href=\"https:\/\/mdw.ac.at\/altemusik\/lehrende\/\" id='av-masonry-1-item-2005' data-av-masonry-item='2005' class='av-masonry-entry isotope-item post-2005 attachment type-attachment status-inherit hentry  av-masonry-item-with-image' title=\"Stefan GOTTFRIED\"  itemprop=\"thumbnailUrl\" ><div class='av-inner-masonry-sizer'><\/div><figure class='av-inner-masonry main_color'><div class=\"av-masonry-outerimage-container\"><div class=\"av-masonry-image-container\" style=\"background-image: url(https:\/\/mdw.ac.at\/altemusik\/blog2\/wp-content\/uploads\/2019\/07\/gottfried-5-e1563543454270-665x705.jpg);\" title=\"Stefan GOTTFRIED\" ><\/div><\/div><\/figure><\/a><!--end av-masonry entry--><a href=\"https:\/\/mdw.ac.at\/altemusik\/standorte\/\" id='av-masonry-1-item-489' data-av-masonry-item='489' class='av-masonry-entry isotope-item post-489 attachment type-attachment status-inherit hentry  av-masonry-item-with-image' title=\"S1 | Seilerst\u00e4tte 26\"  itemprop=\"thumbnailUrl\" ><div class='av-inner-masonry-sizer'><\/div><figure class='av-inner-masonry main_color'><div class=\"av-masonry-outerimage-container\"><div class=\"av-masonry-image-container\" style=\"background-image: url(https:\/\/mdw.ac.at\/altemusik\/blog2\/wp-content\/uploads\/2019\/07\/15108947813-1-705x480.jpg);\" title=\"S1 | Seilerst\u00e4tte 26\" ><\/div><\/div><\/figure><\/a><!--end av-masonry entry--><a href=\"https:\/\/mdw.ac.at\/altemusik\/studien\/master-ma\/mahap\/\" id='av-masonry-1-item-1365' data-av-masonry-item='1365' class='av-masonry-entry isotope-item post-1365 attachment type-attachment status-inherit hentry  av-masonry-item-with-image' title=\"MA HAP\"  itemprop=\"thumbnailUrl\" ><div class='av-inner-masonry-sizer'><\/div><figure class='av-inner-masonry main_color'><div class=\"av-masonry-outerimage-container\"><div class=\"av-masonry-image-container\" style=\"background-image: url(https:\/\/mdw.ac.at\/altemusik\/blog2\/wp-content\/uploads\/2019\/07\/tulpe-705x280.jpg);\" title=\"MA HAP\" ><\/div><\/div><\/figure><\/a><!--end av-masonry entry--><\/div><\/div><\/div><section class=\"av_textblock_section \"  itemscope=\"itemscope\" itemtype=\"https:\/\/schema.org\/CreativeWork\" ><div class='avia_textblock  '   itemprop=\"text\" ><p>Die\u00a0<em>Abteilung f\u00fcr Alte Musik des Joseph Haydn Instituts f\u00fcr Kammermusik, Alte Musik und Neue Musik<\/em>\u00a0der\u00a0<em>Universit\u00e4t f\u00fcr Musik und darstellende Kunst Wien<\/em>\u00a0hat zum Ziel, die zentrale Stelle f\u00fcr historisch informierte Auff\u00fchrungspraxis f\u00fcr Instrumentalist_innen und S\u00e4nger_innen an dieser Universit\u00e4t zu sein. Ein international anerkanntes all-round Institut soll etabliert werden an dem ein Verst\u00e4ndnis f\u00fcr die \u00c4sthetik der abendl\u00e4ndischen Musik von ca. 1550 bis 1850 vermittelt wird. Ein spezielles Augenmerk wird auf Wiener und \u00f6sterreichische Musik gelegt, insbesondere auf die Musik am Kaiserhof im 17. Jahrhundert und die Wiener Klassik. Theoretische und praktische Kenntnisse bilden die Grundlagen f\u00fcr eine eigenst\u00e4ndige k\u00fcnstlerische Auseinandersetzung mit dem entsprechenden Repertoire.<\/p>\n<p><a href=\"https:\/\/online.mdw.ac.at\/mdw_online\/wborg.display?PORGNR=503947\" target=\"_blank\" rel=\"noreferrer noopener\">mdw online<\/a><\/p>\n<p><strong>Leitung<\/strong><\/p>\n<p>Head of the department :\u00a0<a href=\"https:\/\/www.mdw.ac.at\/altemusik\/lehrende-2\/stefan-gottfried-3\/\">Univ.-Prof. MMMag. art. Stefan Gottfried<\/a><br \/>\nDeputy head  :\u00a0<a href=\"https:\/\/www.mdw.ac.at\/altemusik\/lehrende-2\/eugene-michelangeli-3\/\">Mag. art. Eug\u00e8ne Michelangeli<\/a><\/p>\n<\/div><\/section><\/p>\n","protected":false},"excerpt":{"rendered":"","protected":false},"author":1,"featured_media":0,"parent":0,"menu_order":0,"comment_status":"closed","ping_status":"closed","template":"","meta":{"_price":"","_stock":"","_tribe_ticket_header":"","_tribe_default_ticket_provider":"","_tribe_ticket_capacity":"","_ticket_start_date":"","_ticket_end_date":"","_tribe_ticket_show_description":"","_tribe_ticket_show_not_going":false,"_tribe_ticket_use_global_stock":"","_tribe_ticket_global_stock_level":"","_global_stock_mode":"","_global_stock_cap":"","_tribe_rsvp_for_event":"","_tribe_ticket_going_count":"","_tribe_ticket_not_going_count":"","_tribe_tickets_list":"[]","_tribe_ticket_has_attendee_info_fields":false,"footnotes":""},"class_list":["post-289","page","type-page","status-publish","hentry"],"_links":{"self":[{"href":"https:\/\/mdw.ac.at\/altemusik\/wp-json\/wp\/v2\/pages\/289","targetHints":{"allow":["GET"]}}],"collection":[{"href":"https:\/\/mdw.ac.at\/altemusik\/wp-json\/wp\/v2\/pages"}],"about":[{"href":"https:\/\/mdw.ac.at\/altemusik\/wp-json\/wp\/v2\/types\/page"}],"author":[{"embeddable":true,"href":"https:\/\/mdw.ac.at\/altemusik\/wp-json\/wp\/v2\/users\/1"}],"replies":[{"embeddable":true,"href":"https:\/\/mdw.ac.at\/altemusik\/wp-json\/wp\/v2\/comments?post=289"}],"version-history":[{"count":7,"href":"https:\/\/mdw.ac.at\/altemusik\/wp-json\/wp\/v2\/pages\/289\/revisions"}],"predecessor-version":[{"id":3564,"href":"https:\/\/mdw.ac.at\/altemusik\/wp-json\/wp\/v2\/pages\/289\/revisions\/3564"}],"wp:attachment":[{"href":"https:\/\/mdw.ac.at\/altemusik\/wp-json\/wp\/v2\/media?parent=289"}],"curies":[{"name":"wp","href":"https:\/\/api.w.org\/{rel}","templated":true}]}}