{"id":303,"date":"2019-07-08T13:46:57","date_gmt":"2019-07-08T11:46:57","guid":{"rendered":"https:\/\/www.mdw.ac.at\/altemusik\/?page_id=303"},"modified":"2019-08-10T12:51:02","modified_gmt":"2019-08-10T10:51:02","slug":"impressum","status":"publish","type":"page","link":"https:\/\/mdw.ac.at\/altemusik\/impressum\/","title":{"rendered":"Impressum"},"content":{"rendered":"\n<p><strong>Herausgeber:<\/strong><\/p>\n\n\n\n<p>mdw \u2013 Universit\u00e4t f\u00fcr Musik und darstellende Kunst Wien<br>Anton-von-Webern-Platz 1<br>1030 Wien<\/p>\n\n\n\n<p><strong>Verantwortlich f\u00fcr den Inhalt:<\/strong><\/p>\n\n\n\n<p>Eug\u00e8ne Michelangeli<\/p>\n\n\n\n<p><strong>Disclaimer<\/strong><\/p>\n\n\n\n<p>Diese Website kann Hinweise auf andere Eigentumsrechte und Informationen zu Urheberrechten enthalten, die beachtet und befolgt werden m\u00fcssen. Dies gilt insbesondere f\u00fcr Logos, Bilder, Tondateien und Videos.<\/p>\n\n\n\n<p>Das Herunterladen, Drucken und Speichern von Dateien dieser Website f\u00fcr den ausschlie\u00dflich privaten Gebrauch ist gestattet, dar\u00fcber hinaus gehende Nutzung bedarf der ausdr\u00fccklichen Zustimmung der mdw \u2013 Universit\u00e4t f\u00fcr Musik und darstellende Kunst Wien.<\/p>\n\n\n\n<p>Die mdw \u00fcbernimmt keine Haftung f\u00fcr Datenverlust oder andere technische Beeintr\u00e4chtigungen, die beim Betrachten oder Herunterladen von Daten dieser Website entstehen k\u00f6nnen. Bei Links zu anderen Webseiten \u00fcbernimmt die mdw keine Haftung f\u00fcr deren Inhalt.<\/p>\n\n\n\n<p>Die auf dieser Website bereitgestellten Informationen werden durch die mdw sorgf\u00e4ltig gepr\u00fcft und regelm\u00e4\u00dfig aktualisiert. F\u00fcr die Vollst\u00e4ndigkeit, Aktualit\u00e4t und Richtigkeit der Angaben der im Rahmen dieser Internetseiten angebotenen Inhalte wird keine Gew\u00e4hr \u00fcbernommen.<\/p>\n\n\n\n<p>\u00c4nderungen und Irrt\u00fcmer sind vorbehalten. Des Weiteren beh\u00e4lt sich die mdw vor, jederzeit den Inhalt und das Design dieser Website ohne vorhergehende Ank\u00fcndigung zu \u00e4ndern.<\/p>\n","protected":false},"excerpt":{"rendered":"<p>Herausgeber: mdw \u2013 Universit\u00e4t f\u00fcr Musik und darstellende Kunst WienAnton-von-Webern-Platz 11030 Wien Verantwortlich f\u00fcr den Inhalt: Eug\u00e8ne Michelangeli Disclaimer Diese Website kann Hinweise auf andere Eigentumsrechte und Informationen zu Urheberrechten [&hellip;]<\/p>\n","protected":false},"author":1,"featured_media":0,"parent":0,"menu_order":0,"comment_status":"closed","ping_status":"closed","template":"","meta":{"_price":"","_stock":"","_tribe_ticket_header":"","_tribe_default_ticket_provider":"","_tribe_ticket_capacity":"","_ticket_start_date":"","_ticket_end_date":"","_tribe_ticket_show_description":"","_tribe_ticket_show_not_going":false,"_tribe_ticket_use_global_stock":"","_tribe_ticket_global_stock_level":"","_global_stock_mode":"","_global_stock_cap":"","_tribe_rsvp_for_event":"","_tribe_ticket_going_count":"","_tribe_ticket_not_going_count":"","_tribe_tickets_list":"[]","_tribe_ticket_has_attendee_info_fields":false,"footnotes":""},"class_list":["post-303","page","type-page","status-publish","hentry"],"_links":{"self":[{"href":"https:\/\/mdw.ac.at\/altemusik\/wp-json\/wp\/v2\/pages\/303","targetHints":{"allow":["GET"]}}],"collection":[{"href":"https:\/\/mdw.ac.at\/altemusik\/wp-json\/wp\/v2\/pages"}],"about":[{"href":"https:\/\/mdw.ac.at\/altemusik\/wp-json\/wp\/v2\/types\/page"}],"author":[{"embeddable":true,"href":"https:\/\/mdw.ac.at\/altemusik\/wp-json\/wp\/v2\/users\/1"}],"replies":[{"embeddable":true,"href":"https:\/\/mdw.ac.at\/altemusik\/wp-json\/wp\/v2\/comments?post=303"}],"version-history":[{"count":1,"href":"https:\/\/mdw.ac.at\/altemusik\/wp-json\/wp\/v2\/pages\/303\/revisions"}],"predecessor-version":[{"id":304,"href":"https:\/\/mdw.ac.at\/altemusik\/wp-json\/wp\/v2\/pages\/303\/revisions\/304"}],"wp:attachment":[{"href":"https:\/\/mdw.ac.at\/altemusik\/wp-json\/wp\/v2\/media?parent=303"}],"curies":[{"name":"wp","href":"https:\/\/api.w.org\/{rel}","templated":true}]}}