{"id":312,"date":"2019-07-08T13:55:15","date_gmt":"2019-07-08T11:55:15","guid":{"rendered":"https:\/\/www.mdw.ac.at\/altemusik\/?page_id=312"},"modified":"2026-03-08T12:23:12","modified_gmt":"2026-03-08T11:23:12","slug":"stefan-gottfried","status":"publish","type":"page","link":"https:\/\/mdw.ac.at\/altemusik\/lehrende\/stefan-gottfried\/","title":{"rendered":"Stefan GOTTFRIED"},"content":{"rendered":"<div class=\"flex_column av_two_fifth  flex_column_div av-zero-column-padding first  avia-builder-el-0  el_before_av_three_fifth  avia-builder-el-first  \" style='border-radius:0px; '><div class='avia-image-container  av-styling-  av-has-copyright av-copyright-icon-reveal   avia-builder-el-1  avia-builder-el-no-sibling   avia-align-center '  itemprop=\"image\" itemscope=\"itemscope\" itemtype=\"https:\/\/schema.org\/ImageObject\"  ><div class='avia-image-container-inner'><div class='avia-image-overlay-wrap'><a href=\"https:\/\/mdw.ac.at\/altemusik\/blog2\/wp-content\/uploads\/2019\/07\/gottfried-5-688x1030.jpg\" class='avia_image'   data-rel=\"lightbox-image-0\" data-rl_title=\"\" data-rl_caption=\"\"><img class='avia_image ' src='https:\/\/mdw.ac.at\/altemusik\/blog2\/wp-content\/uploads\/2019\/07\/gottfried-5-688x1030.jpg' alt='' title=''  itemprop=\"thumbnailUrl\"  \/><\/a><\/div><small class='avia-copyright'>\u00a9 Robert Nevald<\/small><\/div><\/div><\/div>\n<div class=\"flex_column av_three_fifth  flex_column_div av-zero-column-padding   avia-builder-el-2  el_after_av_two_fifth  el_before_av_one_full  \" style='border-radius:0px; '><section class=\"av_textblock_section \"  itemscope=\"itemscope\" itemtype=\"https:\/\/schema.org\/CreativeWork\" ><div class='avia_textblock  '   itemprop=\"text\" ><h2>Stefan Gottfried<\/h2>\n<\/div><\/section><br \/>\n<section class=\"av_textblock_section \"  itemscope=\"itemscope\" itemtype=\"https:\/\/schema.org\/CreativeWork\" ><div class='avia_textblock  '   itemprop=\"text\" ><h5>Univ.-Prof. f\u00fcr Historische Auff\u00fchrungspraxis<\/h5>\n<\/div><\/section><br \/>\n<div style='height:20px' class='hr hr-invisible   avia-builder-el-5  el_after_av_textblock  el_before_av_textblock  '><span class='hr-inner ' ><span class='hr-inner-style'><\/span><\/span><\/div><br \/>\n<section class=\"av_textblock_section \"  itemscope=\"itemscope\" itemtype=\"https:\/\/schema.org\/CreativeWork\" ><div class='avia_textblock  '   itemprop=\"text\" ><p>Der geb\u00fcrtige Wiener studierte an der Universit\u00e4t f\u00fcr Musik und darstellende Kunst Wien Klavier, Cembalo, Komposition und Musikp\u00e4dagogik sowie Generalbass und historische Tasteninstrumente an der Schola Cantorum Basiliensis, daneben Horn am Konservatorium Wien und Mathematik an der Technischen Universit\u00e4t Wien.<\/p>\n<p>Es folgte eine vielf\u00e4ltige internationale Konzertt\u00e4tigkeit mit Cembalo, Hammerklavier und Klavier als Solist, Kammermusikpartner und Continuospieler in Ensembles mit historischen Instrumenten (u.a. Concentus Musicus Wien, Bach Consort Wien, Wiener Akademie) und modernen Orchestern (u.a. Wiener Philharmoniker und Berliner Philharmoniker unter Dirigenten wie Zubin Mehta, Daniel Harding, Georges Pr\u00eatre oder Kent Nagano).<\/p>\n<p>Seit 2004 arbeitete Stefan Gottfried regelm\u00e4\u00dfig mit Nikolaus Harnoncourt zusammen, unter anderem bei dessen Opernproduktionen bei der Styriarte (Mozart \u201eIdomeneo\u201c, Smetana \u201eDie verkaufte Braut\u201c, Offenbach \u201eBarbe-Bleue\u201c), am Theater an der Wien (H\u00e4ndel \u201eRodelinda\u201c, Haydn \u201eOrlando paladino\u201c, \u201eIl mondo della luna\u201c, Beethoven \u201eFidelio\u201c, Strawinsky \u201eThe Rake\u2019s Progress\u201c und zuletzt beim Mozart-Da Ponte-Zyklus) und bei den Salzburger Festspielen (Mozart \u201eLe nozze di Figaro\u201c, \u201eDie Zauberfl\u00f6te\u201c) und bei vielen Konzerten u.a. im Wiener Musikverein, in der Berliner Philharmonie und beim Lucerne Festival.<\/p>\n<p>Stefan Gottfried ist Professor f\u00fcr Klavier an der Universit\u00e4t f\u00fcr Musik und darstellende Kunst Wien und h\u00e4lt Vortr\u00e4ge zu verschiedenen Aspekten der historischen Auff\u00fchrungspraxis.<\/p>\n<p>2015 deb\u00fctierte er als Dirigent an der Wiener Kammeroper mit der Wiederauff\u00fchrung von F.L. Gassmanns \u201eGli Uccellatori\u201c und dirigierte seither u.a. das Bach Consort Wien, die Wiener Symphoniker und das RSO Wien.<\/p>\n<p>Nach dem R\u00fccktritt von Nikolaus Harnoncourt im Dezember 2015 hat Stefan Gottfried gemeinsam mit Erich H\u00f6barth und Andrea Bischof die Leitung des Concentus Musicus Wien \u00fcbernommen. 2018 stehen u.a. Bachs H-moll-Messe, Haydns \u201eSch\u00f6pfung\u201c, Beethovens 5. Symphonie, Schuberts \u201eUnvollendete\u201c und Werke von Mendelssohn und Bruckner im Wiener Musikverein, bei den Barocktagen Melk, bei der Styriarte Graz und beim Brucknerfest Linz sowie eine H\u00e4ndel Opernproduktion am Theater an der Wien auf dem Programm.<\/p>\n<\/div><\/section><\/p><\/div>\n<div class=\"flex_column av_one_full  flex_column_div av-zero-column-padding first  avia-builder-el-7  el_after_av_three_fifth  avia-builder-el-last  \" style='border-radius:0px; '><div class='avia-buttonrow-wrap avia-buttonrow-right   avia-builder-el-8  avia-builder-el-no-sibling  '>\n<a href='https:\/\/online.mdw.ac.at\/mdw_online\/visitenkarte.show_vcard?pPersonenId=C41BAE93750B3E53&pPersonenGruppe=3'  class='avia-button  avia-icon_select-no avia-color-theme-color avia-size-small '  target=\"_blank\"  style='margin-bottom:5px; margin-left:5px; ' ><span class='avia_iconbox_title' >Visitenkarte<\/span><\/a>\n<a href='https:\/\/online.mdw.ac.at\/mdw_online\/wblvangebot.wbshowlvoffer?ppersonnr=18951'  class='avia-button  avia-icon_select-no avia-color-theme-color avia-size-small '  target=\"_blank\"  style='margin-bottom:5px; margin-left:5px; ' ><span class='avia_iconbox_title' >Lehrveranstaltungen<\/span><\/a>\n<\/div><\/div>\n","protected":false},"excerpt":{"rendered":"","protected":false},"author":1,"featured_media":0,"parent":257,"menu_order":0,"comment_status":"closed","ping_status":"closed","template":"","meta":{"_price":"","_stock":"","_tribe_ticket_header":"","_tribe_default_ticket_provider":"","_tribe_ticket_capacity":"","_ticket_start_date":"","_ticket_end_date":"","_tribe_ticket_show_description":"","_tribe_ticket_show_not_going":false,"_tribe_ticket_use_global_stock":"","_tribe_ticket_global_stock_level":"","_global_stock_mode":"","_global_stock_cap":"","_tribe_rsvp_for_event":"","_tribe_ticket_going_count":"","_tribe_ticket_not_going_count":"","_tribe_tickets_list":"[]","_tribe_ticket_has_attendee_info_fields":false,"footnotes":""},"class_list":["post-312","page","type-page","status-publish","hentry"],"_links":{"self":[{"href":"https:\/\/mdw.ac.at\/altemusik\/wp-json\/wp\/v2\/pages\/312","targetHints":{"allow":["GET"]}}],"collection":[{"href":"https:\/\/mdw.ac.at\/altemusik\/wp-json\/wp\/v2\/pages"}],"about":[{"href":"https:\/\/mdw.ac.at\/altemusik\/wp-json\/wp\/v2\/types\/page"}],"author":[{"embeddable":true,"href":"https:\/\/mdw.ac.at\/altemusik\/wp-json\/wp\/v2\/users\/1"}],"replies":[{"embeddable":true,"href":"https:\/\/mdw.ac.at\/altemusik\/wp-json\/wp\/v2\/comments?post=312"}],"version-history":[{"count":16,"href":"https:\/\/mdw.ac.at\/altemusik\/wp-json\/wp\/v2\/pages\/312\/revisions"}],"predecessor-version":[{"id":18868,"href":"https:\/\/mdw.ac.at\/altemusik\/wp-json\/wp\/v2\/pages\/312\/revisions\/18868"}],"up":[{"embeddable":true,"href":"https:\/\/mdw.ac.at\/altemusik\/wp-json\/wp\/v2\/pages\/257"}],"wp:attachment":[{"href":"https:\/\/mdw.ac.at\/altemusik\/wp-json\/wp\/v2\/media?parent=312"}],"curies":[{"name":"wp","href":"https:\/\/api.w.org\/{rel}","templated":true}]}}