{"id":331,"date":"2019-07-08T14:06:03","date_gmt":"2019-07-08T12:06:03","guid":{"rendered":"https:\/\/www.mdw.ac.at\/altemusik\/?page_id=331"},"modified":"2025-09-25T13:20:23","modified_gmt":"2025-09-25T11:20:23","slug":"emanuel-schmelzer-ziringer","status":"publish","type":"page","link":"https:\/\/mdw.ac.at\/altemusik\/en\/faculty\/emanuel-schmelzer-ziringer\/","title":{"rendered":"Emanuel SCHMELZER-ZIRINGER"},"content":{"rendered":"<div class=\"flex_column av_one_third  flex_column_div av-zero-column-padding first  avia-builder-el-0  el_before_av_two_third  avia-builder-el-first  \" style='border-radius:0px; '><div class='avia-image-container  av-styling-    avia-builder-el-1  avia-builder-el-no-sibling   avia-align-center '  itemprop=\"image\" itemscope=\"itemscope\" itemtype=\"https:\/\/schema.org\/ImageObject\"  ><div class='avia-image-container-inner'><div class='avia-image-overlay-wrap'><a href=\"https:\/\/mdw.ac.at\/altemusik\/blog2\/wp-content\/uploads\/2019\/08\/Schmelzer.jpg\" class='avia_image'   data-rel=\"lightbox-image-0\" data-rl_title=\"\" data-rl_caption=\"\"><img class='avia_image ' src='https:\/\/mdw.ac.at\/altemusik\/blog2\/wp-content\/uploads\/2019\/08\/Schmelzer.jpg' alt='' title=''  itemprop=\"thumbnailUrl\"  \/><\/a><\/div><\/div><\/div><\/div><div class=\"flex_column av_two_third  flex_column_div av-zero-column-padding   avia-builder-el-2  el_after_av_one_third  el_before_av_one_full  \" style='border-radius:0px; '><section class=\"av_textblock_section \"  itemscope=\"itemscope\" itemtype=\"https:\/\/schema.org\/CreativeWork\" ><div class='avia_textblock  '   itemprop=\"text\" ><h2>Emanuel Schmelzer-Ziringer<\/h2>\n<\/div><\/section><br \/>\n<section class=\"av_textblock_section \"  itemscope=\"itemscope\" itemtype=\"https:\/\/schema.org\/CreativeWork\" ><div class='avia_textblock  '   itemprop=\"text\" ><h5>Voice Training<\/h5>\n<\/div><\/section><br \/>\n<div style='height:20px' class='hr hr-invisible   avia-builder-el-5  el_after_av_textblock  el_before_av_textblock  '><span class='hr-inner ' ><span class='hr-inner-style'><\/span><\/span><\/div><br \/>\n<section class=\"av_textblock_section \"  itemscope=\"itemscope\" itemtype=\"https:\/\/schema.org\/CreativeWork\" ><div class='avia_textblock  '   itemprop=\"text\" ><p><strong>[This content hasn&#8217;t yet been translated. Please check back soon!]<\/strong><\/p>\n<\/div><\/section><br \/>\n<section class=\"av_textblock_section \"  itemscope=\"itemscope\" itemtype=\"https:\/\/schema.org\/CreativeWork\" ><div class='avia_textblock  '   itemprop=\"text\" ><p><em>geb 1971, stammt aus einer steirischen Musikerfamilie. Orgel- und Dirigierstudium an den Grazer und Wiener Musikuniverist\u00e4ten, Diplome mit Auszeichnung. Postgraduate Cembalostudium an der Bruckneruniversit\u00e4t Linz. Gesangsunterricht bei Gerd Fussi in Wiener Neustadt. Unterrichtet an der Wiener Universit\u00e4t f\u00fcr Musik und darstellende Kunst Cembalo und Vocalensemble Alte Musik. Als Organist internationale Konzertt\u00e4tigkeit sowie Einspielungen von Solo CD\u2019s. Als Cembalist T\u00e4tigkeit als Solist, als Kammermusiker sowie als Continuist bei Opernproduktionen z.B. an der Grazer Oper. Mitwirken bei CD Produktionen. Als Dirigent leiten zahlreicher Konzerte vor allem im Bereich der alten und ganz neuen Musik. CD- und Rundfunkaufnahmen. Leiter des J.M. Hauer Ensembles. Zusammenarbeit mit Friedrich Cerha, Klaus Lang, Bernhard Lang, Phill Nilock, Barbara Konrad, Gert Schubert\u2026<\/em><\/p>\n<p><em>Mitwirken in der Grazer Oper, bei den Wiener Symphonikern, dem RSO Wien, dem Klangforum Wien, der Accademia dell\u2019Arcadia Wien\u2026 Auftritte als Organist im Wiener Stephansdom, im Wiener Musikverein, im Dom von Helsinki, in der Fourth Presbyterian Church Chicago\u2026 Auftritte als Cembalist in der Grazer Oper, im Wiener Konzerthaus\u2026 Auftritte als Dirigent im Brucknerhaus, bei Opernproduktionen des Teatro Barocco\u2026 Als Solist bzw. musikalischer Leiter Auftritte bei der Styriate, beim Carinthischen Sommer, beim Festival 4020\u2026<\/em><\/p>\n<\/div><\/section><\/p><\/div><\/p>\n<div class=\"flex_column av_one_full  flex_column_div av-zero-column-padding first  avia-builder-el-8  el_after_av_two_third  avia-builder-el-last  column-top-margin\" style='border-radius:0px; '><div class='avia-buttonrow-wrap avia-buttonrow-right   avia-builder-el-9  avia-builder-el-no-sibling  '>\n<a href='https:\/\/online.mdw.ac.at\/mdw_online\/visitenkarte.show_vcard?pPersonenId=0A421376450D4AB6&pPersonenGruppe=3'  class='avia-button  avia-icon_select-no avia-color-theme-color avia-size-small '  target=\"_blank\"  style='margin-bottom:5px; margin-left:5px; ' ><span class='avia_iconbox_title' >Business card<\/span><\/a>\n<a href='https:\/\/online.mdw.ac.at\/mdw_online\/wblvangebot.wbshowlvoffer?ppersonnr=22871'  class='avia-button  avia-icon_select-no avia-color-theme-color avia-size-small '  target=\"_blank\"  style='margin-bottom:5px; margin-left:5px; ' ><span class='avia_iconbox_title' >Courses<\/span><\/a>\n<\/div><\/div>\n","protected":false},"excerpt":{"rendered":"","protected":false},"author":1,"featured_media":0,"parent":255,"menu_order":0,"comment_status":"closed","ping_status":"closed","template":"","meta":{"_price":"","_stock":"","_tribe_ticket_header":"","_tribe_default_ticket_provider":"","_tribe_ticket_capacity":"","_ticket_start_date":"","_ticket_end_date":"","_tribe_ticket_show_description":"","_tribe_ticket_show_not_going":false,"_tribe_ticket_use_global_stock":"","_tribe_ticket_global_stock_level":"","_global_stock_mode":"","_global_stock_cap":"","_tribe_rsvp_for_event":"","_tribe_ticket_going_count":"","_tribe_ticket_not_going_count":"","_tribe_tickets_list":"[]","_tribe_ticket_has_attendee_info_fields":false,"footnotes":""},"class_list":["post-331","page","type-page","status-publish","hentry"],"_links":{"self":[{"href":"https:\/\/mdw.ac.at\/altemusik\/wp-json\/wp\/v2\/pages\/331","targetHints":{"allow":["GET"]}}],"collection":[{"href":"https:\/\/mdw.ac.at\/altemusik\/wp-json\/wp\/v2\/pages"}],"about":[{"href":"https:\/\/mdw.ac.at\/altemusik\/wp-json\/wp\/v2\/types\/page"}],"author":[{"embeddable":true,"href":"https:\/\/mdw.ac.at\/altemusik\/wp-json\/wp\/v2\/users\/1"}],"replies":[{"embeddable":true,"href":"https:\/\/mdw.ac.at\/altemusik\/wp-json\/wp\/v2\/comments?post=331"}],"version-history":[{"count":10,"href":"https:\/\/mdw.ac.at\/altemusik\/wp-json\/wp\/v2\/pages\/331\/revisions"}],"predecessor-version":[{"id":17237,"href":"https:\/\/mdw.ac.at\/altemusik\/wp-json\/wp\/v2\/pages\/331\/revisions\/17237"}],"up":[{"embeddable":true,"href":"https:\/\/mdw.ac.at\/altemusik\/wp-json\/wp\/v2\/pages\/255"}],"wp:attachment":[{"href":"https:\/\/mdw.ac.at\/altemusik\/wp-json\/wp\/v2\/media?parent=331"}],"curies":[{"name":"wp","href":"https:\/\/api.w.org\/{rel}","templated":true}]}}