{"id":3493,"date":"2019-08-09T13:19:32","date_gmt":"2019-08-09T11:19:32","guid":{"rendered":"https:\/\/mdw.ac.at\/altemusik\/blog2\/?page_id=3493"},"modified":"2026-03-08T13:45:06","modified_gmt":"2026-03-08T12:45:06","slug":"johannes-weiss","status":"publish","type":"page","link":"https:\/\/mdw.ac.at\/altemusik\/lehrende\/johannes-weiss\/","title":{"rendered":"Johannes WEISS"},"content":{"rendered":"<div class=\"flex_column av_two_third  flex_column_div av-zero-column-padding first  avia-builder-el-0  el_before_av_one_third  avia-builder-el-first  \" style='border-radius:0px; '><div class='avia-image-container  av-styling-  av-has-copyright av-copyright-icon-reveal   avia-builder-el-1  avia-builder-el-no-sibling   avia-align-center '  itemprop=\"image\" itemscope=\"itemscope\" itemtype=\"https:\/\/schema.org\/ImageObject\"  ><div class='avia-image-container-inner'><div class='avia-image-overlay-wrap'><a href=\"https:\/\/mdw.ac.at\/altemusik\/blog2\/wp-content\/uploads\/2019\/08\/02Johannes_Weiss_\u00a9Matteo_Graziano-1030x687.jpg\" class='avia_image'   data-rel=\"lightbox-image-0\" data-rl_title=\"\" data-rl_caption=\"\"><img class='avia_image ' src='https:\/\/mdw.ac.at\/altemusik\/blog2\/wp-content\/uploads\/2019\/08\/02Johannes_Weiss_\u00a9Matteo_Graziano-1030x687.jpg' alt='' title=''  itemprop=\"thumbnailUrl\"  \/><\/a><\/div><small class='avia-copyright'>\u00a9 Matteo Graziano<\/small><\/div><\/div><\/div>\n<div class=\"flex_column av_one_third  flex_column_div av-zero-column-padding   avia-builder-el-2  el_after_av_two_third  el_before_av_one_full  \" style='border-radius:0px; '><\/div>\n<div class=\"flex_column av_one_full  flex_column_div av-zero-column-padding first  avia-builder-el-3  el_after_av_one_third  el_before_av_hr  column-top-margin\" style='border-radius:0px; '><section class=\"av_textblock_section \"  itemscope=\"itemscope\" itemtype=\"https:\/\/schema.org\/CreativeWork\" ><div class='avia_textblock  '   itemprop=\"text\" ><h2>Johannes Weiss<\/h2>\n<h3>Stv. Institutsleiter<\/h3>\n<\/div><\/section><br \/>\n<section class=\"av_textblock_section \"  itemscope=\"itemscope\" itemtype=\"https:\/\/schema.org\/CreativeWork\" ><div class='avia_textblock  '   itemprop=\"text\" ><h5>Historische Auff\u00fchrungspraxis &#038; Ensemble Alte Musik<\/h5>\n<\/div><\/section><br \/>\n<div style='height:20px' class='hr hr-invisible   avia-builder-el-6  el_after_av_textblock  el_before_av_textblock  '><span class='hr-inner ' ><span class='hr-inner-style'><\/span><\/span><\/div><br \/>\n<section class=\"av_textblock_section \"  itemscope=\"itemscope\" itemtype=\"https:\/\/schema.org\/CreativeWork\" ><div class='avia_textblock  '   itemprop=\"text\" ><p>Johannes Weiss ist als S\u00e4nger, Instrumentalist und Dirigent vor allem der Musik des 17. und 18. Jahrhunderts verbunden. Zugleich unterrichtet er als Senior Lecturer f\u00fcr Ensemblemusik und Interpretationspraxis am Institut f\u00fcr Alte Musik an der mdw \u2013 Universit\u00e4t f\u00fcr Musik und darstellende Kunst Wien. Neben internationalen Konzert- und Opernengagements, vor allem als Tenorsolist oder Ensembleleiter, entwickelte er gemeinsam mit seiner Kollegin Heidi Gr\u00f6ger verschiedene \u00f6ffentlich gef\u00f6rderte Festival-Formate wie das \u00bbMusikfest Eichst\u00e4tt\u00ab in Bayern und \u00ab und \u00bbSpandau macht Alte Musik\u00ab in Berlin.<\/p>\n<p>Bevor er sich dem Sologesang zuwandte, hat sich sein Studium zun\u00e4chst mit Dirigieren, Kammermusik, Cembalo und Viola da gamba besch\u00e4ftigt (Cembalo bei Lars Ulrik Mortensen &#038; Glen Wilson; Viola da gamba bei Jaap ter Linden). Zusammen mit Studienkollegen war er in diesen Jahren bei mehreren Kammermusik-Wettbewerben erfolgreich, u.a. beim Biagio-Marini-Wettbewerb in Neuburg\/Donau, beim Van-Wassenaer-Concours in Den Haag, beim Kammermusikpreis der Polytechnischen Gesellschaft in Frankfurt am Main und den Alte-Musik-Wettbewerb der Stiftung Preu\u00dfischer Kulturbesitz in Berlin.<\/p>\n<p>Parallel dazu r\u00fcckt das Singen mehr und mehr in den Fokus, wichtige Impulse erhielt er durch das Studium bei Hedwig Fassbender, in Meisterkursen bei Christoph Pr\u00e9gardien, Ernst H\u00e4fliger, Guillemette Laurens und Thomas Heyer, und als Mitglied des Atelier Lyrique der Pariser Oper. Solo-Vertr\u00e4ge f\u00fchrten ihn an die Oper Frankfurt, das Freie Landestheater Bayern, das Hessische Staatstheater Wiesbaden, die Op\u00e9ra La Monnaie Br\u00fcssel, das Nationaltheater Prag, die Op\u00e9ra National de Paris, das Opernhaus Danzig, die Op\u00e9ra Monte Carlo und die Kammeroper Schloss Rheinsberg.<\/p>\n<p>Durch sein Engagement als Musiker, Lehrer und Dirigent versucht Johannes Weiss heute, \u00fcber das reine \u00bbMusik-Machen\u00ab hinaus die musikalische Landschaft zu formen und zu pr\u00e4gen; vom Wunsch getrieben, mehr Menschen mit der Lust auf Musik anzustecken.<\/p>\n<\/div><\/section><\/p><\/div>\n<div style='height:50px' class='hr hr-invisible   avia-builder-el-8  el_after_av_one_full  el_before_av_one_full  '><span class='hr-inner ' ><span class='hr-inner-style'><\/span><\/span><\/div>\n<div class=\"flex_column av_one_full  flex_column_div av-zero-column-padding first  avia-builder-el-9  el_after_av_hr  el_before_av_hr  \" style='border-radius:0px; '><div class='avia-buttonrow-wrap avia-buttonrow-right   avia-builder-el-10  avia-builder-el-no-sibling  '>\n<a href='https:\/\/online.mdw.ac.at\/mdw_online\/visitenkarte.show_vcard?pPersonenId=C29B91778B1C4F5A&pPersonenGruppe=3'  class='avia-button  avia-icon_select-no avia-color-theme-color avia-size-small '  target=\"_blank\"  style='margin-bottom:5px; margin-left:5px; ' ><span class='avia_iconbox_title' >Visitenkarte<\/span><\/a>\n<a href='https:\/\/online.mdw.ac.at\/mdw_online\/wblvangebot.wbshowlvoffer?ppersonnr=34547'  class='avia-button  avia-icon_select-no avia-color-theme-color avia-size-small '  target=\"_blank\"  style='margin-bottom:5px; margin-left:5px; ' ><span class='avia_iconbox_title' >Lehrveranstaltungen<\/span><\/a>\n<\/div><\/div>\n<div style='height:20px' class='hr hr-invisible   avia-builder-el-11  el_after_av_one_full  el_before_av_textblock  '><span class='hr-inner ' ><span class='hr-inner-style'><\/span><\/span><\/div>\n<section class=\"av_textblock_section \"  itemscope=\"itemscope\" itemtype=\"https:\/\/schema.org\/CreativeWork\" ><div class='avia_textblock  '   itemprop=\"text\" ><h5>Sprechstunden<\/h5>\n<p>Nach Anmeldung (telefonisch oder per E-Mail).<\/p>\n<\/div><\/section>\n<div style='height:50px' class='hr hr-invisible   avia-builder-el-13  el_after_av_textblock  el_before_av_textblock  '><span class='hr-inner ' ><span class='hr-inner-style'><\/span><\/span><\/div>\n<section class=\"av_textblock_section \"  itemscope=\"itemscope\" itemtype=\"https:\/\/schema.org\/CreativeWork\" ><div class='avia_textblock  '   itemprop=\"text\" ><h5>Angebotene Lehrveranstaltungen<\/h5>\n<p>Historische Auff\u00fchrungspraxis<\/p>\n<p>Einf\u00fchrung in die Alte Musik \/ Einf\u00fchrung in die Historische Musikpraxis<\/p>\n<p>Collegium Musicum \/ Ensemble Alte Musik \/ Kammermusik<\/p>\n<p>Instrumentenkunde f\u00fcr Instrumente der Alten Musik<\/p>\n<p>(Stilgebundene) Improvisation und Verzierung<\/p>\n<p>Solokorrepetition Cembalo\/Orgel \/ Literaturstudium mit Solokorrepetition (Cembalo)<\/p>\n<\/div><\/section>\n","protected":false},"excerpt":{"rendered":"","protected":false},"author":1,"featured_media":0,"parent":257,"menu_order":0,"comment_status":"closed","ping_status":"closed","template":"","meta":{"_price":"","_stock":"","_tribe_ticket_header":"","_tribe_default_ticket_provider":"","_tribe_ticket_capacity":"","_ticket_start_date":"","_ticket_end_date":"","_tribe_ticket_show_description":"","_tribe_ticket_show_not_going":false,"_tribe_ticket_use_global_stock":"","_tribe_ticket_global_stock_level":"","_global_stock_mode":"","_global_stock_cap":"","_tribe_rsvp_for_event":"","_tribe_ticket_going_count":"","_tribe_ticket_not_going_count":"","_tribe_tickets_list":"[]","_tribe_ticket_has_attendee_info_fields":false,"footnotes":""},"class_list":["post-3493","page","type-page","status-publish","hentry"],"_links":{"self":[{"href":"https:\/\/mdw.ac.at\/altemusik\/wp-json\/wp\/v2\/pages\/3493","targetHints":{"allow":["GET"]}}],"collection":[{"href":"https:\/\/mdw.ac.at\/altemusik\/wp-json\/wp\/v2\/pages"}],"about":[{"href":"https:\/\/mdw.ac.at\/altemusik\/wp-json\/wp\/v2\/types\/page"}],"author":[{"embeddable":true,"href":"https:\/\/mdw.ac.at\/altemusik\/wp-json\/wp\/v2\/users\/1"}],"replies":[{"embeddable":true,"href":"https:\/\/mdw.ac.at\/altemusik\/wp-json\/wp\/v2\/comments?post=3493"}],"version-history":[{"count":31,"href":"https:\/\/mdw.ac.at\/altemusik\/wp-json\/wp\/v2\/pages\/3493\/revisions"}],"predecessor-version":[{"id":18897,"href":"https:\/\/mdw.ac.at\/altemusik\/wp-json\/wp\/v2\/pages\/3493\/revisions\/18897"}],"up":[{"embeddable":true,"href":"https:\/\/mdw.ac.at\/altemusik\/wp-json\/wp\/v2\/pages\/257"}],"wp:attachment":[{"href":"https:\/\/mdw.ac.at\/altemusik\/wp-json\/wp\/v2\/media?parent=3493"}],"curies":[{"name":"wp","href":"https:\/\/api.w.org\/{rel}","templated":true}]}}