{"id":3499,"date":"2019-08-09T13:25:43","date_gmt":"2019-08-09T11:25:43","guid":{"rendered":"https:\/\/mdw.ac.at\/altemusik\/blog2\/?page_id=3499"},"modified":"2025-09-19T13:23:18","modified_gmt":"2025-09-19T11:23:18","slug":"johannes-weiss","status":"publish","type":"page","link":"https:\/\/mdw.ac.at\/altemusik\/en\/faculty\/johannes-weiss\/","title":{"rendered":"Johannes WEISS"},"content":{"rendered":"<div class=\"flex_column av_two_third  flex_column_div av-zero-column-padding first  avia-builder-el-0  el_before_av_one_third  avia-builder-el-first  \" style='border-radius:0px; '><div class='avia-image-container  av-styling-  av-has-copyright av-copyright-icon-reveal   avia-builder-el-1  avia-builder-el-no-sibling   avia-align-center '  itemprop=\"image\" itemscope=\"itemscope\" itemtype=\"https:\/\/schema.org\/ImageObject\"  ><div class='avia-image-container-inner'><div class='avia-image-overlay-wrap'><a href=\"https:\/\/mdw.ac.at\/altemusik\/blog2\/wp-content\/uploads\/2019\/08\/02Johannes_Weiss_\u00a9Matteo_Graziano-2-1030x687.jpg\" class='avia_image'   data-rel=\"lightbox-image-0\" data-rl_title=\"\" data-rl_caption=\"\"><img class='avia_image ' src='https:\/\/mdw.ac.at\/altemusik\/blog2\/wp-content\/uploads\/2019\/08\/02Johannes_Weiss_\u00a9Matteo_Graziano-2-1030x687.jpg' alt='' title=''  itemprop=\"thumbnailUrl\"  \/><\/a><\/div><small class='avia-copyright'>\u00a9 Matteo Graziano<\/small><\/div><\/div><\/div>\n<div class=\"flex_column av_one_third  flex_column_div av-zero-column-padding   avia-builder-el-2  el_after_av_two_third  el_before_av_one_full  \" style='border-radius:0px; '><\/div>\n<div class=\"flex_column av_one_full  flex_column_div av-zero-column-padding first  avia-builder-el-3  el_after_av_one_third  el_before_av_hr  column-top-margin\" style='border-radius:0px; '><section class=\"av_textblock_section \"  itemscope=\"itemscope\" itemtype=\"https:\/\/schema.org\/CreativeWork\" ><div class='avia_textblock  '   itemprop=\"text\" ><h2>Johannes Weiss<\/h2>\n<h3>Deputy Head of Department<\/h3>\n<\/div><\/section><br \/>\n<section class=\"av_textblock_section \"  itemscope=\"itemscope\" itemtype=\"https:\/\/schema.org\/CreativeWork\" ><div class='avia_textblock  '   itemprop=\"text\" ><h5><strong>Historical Performance Practice &amp; Early Music Ensemble <\/strong><\/h5>\n<\/div><\/section><br \/>\n<div style='height:20px' class='hr hr-invisible   avia-builder-el-6  el_after_av_textblock  el_before_av_textblock  '><span class='hr-inner ' ><span class='hr-inner-style'><\/span><\/span><\/div><br \/>\n<section class=\"av_textblock_section \"  itemscope=\"itemscope\" itemtype=\"https:\/\/schema.org\/CreativeWork\" ><div class='avia_textblock  '   itemprop=\"text\" ><p>Johannes Weiss is a singer, conductor, and harpsichordist, primarily (but not exclusively) dedicated to the music of the 17th and 18th centuries. In Vienna he teaches as a Senior Lecturer for ensemble and historical interpretation at the mdw Department of Early Music. In addition to maintaining international concert and opera engagements, mainly as a tenor soloist or ensemble leader, he developed \u2013 together with his colleague Heidi Gr\u00f6ger \u2013 several government-financed festivals like \u00bbMusikfest Eichst\u00e4tt\u00ab in Bavaria and \u00bbSpandau macht Alte Musik\u00ab in Berlin.<\/p>\n<p>Before turning more to solo singing, Johannes initially completed his studies in music pedagogy (secondary school) and historical instruments (harpsichord with Lars Ulrik Mortensen and Glen Wilson; Viola da Gamba with Jaap ter Linden). During his college years, he won several competitions on both instruments, including the Biagio-Marini-Wettbewerb in Neuburg\/Donau, the Van-Wassenaer-Concours in The Hague, the chamber music prize of the Polytechnische Gesellschaft in Frankfurt am Main, and the Alte-Musik-Wettbewerb of the Stiftung Preu\u00dfischer Kulturbesitz in Berlin.<\/p>\n<p>Singing came more and more into focus at the same time, and Johannes received inspiration through his studies with Hedwig Fassbender; in masterclasses with Christoph Pr\u00e9gardien, Ernst H\u00e4fliger, Guillemette Laurens and Thomas Heyer; and as a member of the Atelier Lyrique of the Paris Opera. He has had solo roles at the Oper Frankfurt, the Freie Landestheater Bayern, the Hessische Staatstheater Wiesbaden, the Op\u00e9ra La Monnaie in Brussels, the National Theater in Prague, the Op\u00e9ra National de Paris, the Danzig Opera, the Op\u00e9ra de Monte Carlo, and the Kammeroper Schloss Rheinsberg.<\/p>\n<p>Through his work as musician, teacher, and conductor, Johannes Weiss goes beyond simply making music \u2013 he endeavors to form and shape the current musical landscape, driven by the goal of inspiring more people to feel passionate about music.<\/p>\n<\/div><\/section><br \/>\n<section class=\"av_textblock_section \"  itemscope=\"itemscope\" itemtype=\"https:\/\/schema.org\/CreativeWork\" ><div class='avia_textblock  '   itemprop=\"text\" ><\/div><\/section><\/p><\/div><div  class='hr hr-default   avia-builder-el-9  el_after_av_one_full  el_before_av_one_full '><span class='hr-inner ' ><span class='hr-inner-style'><\/span><\/span><\/div><\/p>\n<div class=\"flex_column av_one_full  flex_column_div av-zero-column-padding first  avia-builder-el-10  el_after_av_hr  avia-builder-el-last  \" style='border-radius:0px; '><p><div class='avia-buttonrow-wrap avia-buttonrow-right   avia-builder-el-11  el_before_av_hr  avia-builder-el-first  '>\n<a href='https:\/\/online.mdw.ac.at\/mdw_online\/visitenkarte.show_vcard?pPersonenId=C29B91778B1C4F5A&pPersonenGruppe=3'  class='avia-button  avia-icon_select-no avia-color-theme-color avia-size-small '  target=\"_blank\"  style='margin-bottom:5px; margin-left:5px; ' ><span class='avia_iconbox_title' >Business card<\/span><\/a>\n<a href='https:\/\/online.mdw.ac.at\/mdw_online\/wblvangebot.wbshowlvoffer?ppersonnr=34547'  class='avia-button  avia-icon_select-no avia-color-theme-color avia-size-small '  target=\"_blank\"  style='margin-bottom:5px; margin-left:5px; ' ><span class='avia_iconbox_title' >Courses<\/span><\/a>\n<\/div><br \/>\n<div  class='hr hr-default   avia-builder-el-12  el_after_av_buttonrow  el_before_av_textblock '><span class='hr-inner ' ><span class='hr-inner-style'><\/span><\/span><\/div><br \/>\n<section class=\"av_textblock_section \"  itemscope=\"itemscope\" itemtype=\"https:\/\/schema.org\/CreativeWork\" ><div class='avia_textblock  '   itemprop=\"text\" ><p><b>Consultation-hours: <\/b><\/p>\n<p>Registration via e-mail or by phone.<\/p>\n<\/div><\/section><br \/>\n<div  class='hr hr-default   avia-builder-el-14  el_after_av_textblock  el_before_av_textblock '><span class='hr-inner ' ><span class='hr-inner-style'><\/span><\/span><\/div><br \/>\n<section class=\"av_textblock_section \"  itemscope=\"itemscope\" itemtype=\"https:\/\/schema.org\/CreativeWork\" ><div class='avia_textblock  '   itemprop=\"text\" ><p><strong>Courses offered<\/strong><\/p>\n<p>Historical Performance Practices<\/p>\n<p>Introduction to Early Music \/ Introduction to Historical Performance Practice<\/p>\n<p>Registration via e-mail or by phone.<\/p>\n<p>Collegium Musicum \/ Early Music Ensemble \/ Chamber Music<\/p>\n<p>(Style-Based) Improvisation and Ornamentation<\/p>\n<p>Repertoire Study with Harpsichord\/Organ \/ Literature Studies with Solo Repetiteur (Harpsichord)<\/p>\n<\/div><\/section><\/p><\/div>\n","protected":false},"excerpt":{"rendered":"","protected":false},"author":1,"featured_media":0,"parent":255,"menu_order":0,"comment_status":"closed","ping_status":"closed","template":"","meta":{"_price":"","_stock":"","_tribe_ticket_header":"","_tribe_default_ticket_provider":"","_tribe_ticket_capacity":"","_ticket_start_date":"","_ticket_end_date":"","_tribe_ticket_show_description":"","_tribe_ticket_show_not_going":false,"_tribe_ticket_use_global_stock":"","_tribe_ticket_global_stock_level":"","_global_stock_mode":"","_global_stock_cap":"","_tribe_rsvp_for_event":"","_tribe_ticket_going_count":"","_tribe_ticket_not_going_count":"","_tribe_tickets_list":"[]","_tribe_ticket_has_attendee_info_fields":false,"footnotes":""},"class_list":["post-3499","page","type-page","status-publish","hentry"],"_links":{"self":[{"href":"https:\/\/mdw.ac.at\/altemusik\/wp-json\/wp\/v2\/pages\/3499","targetHints":{"allow":["GET"]}}],"collection":[{"href":"https:\/\/mdw.ac.at\/altemusik\/wp-json\/wp\/v2\/pages"}],"about":[{"href":"https:\/\/mdw.ac.at\/altemusik\/wp-json\/wp\/v2\/types\/page"}],"author":[{"embeddable":true,"href":"https:\/\/mdw.ac.at\/altemusik\/wp-json\/wp\/v2\/users\/1"}],"replies":[{"embeddable":true,"href":"https:\/\/mdw.ac.at\/altemusik\/wp-json\/wp\/v2\/comments?post=3499"}],"version-history":[{"count":12,"href":"https:\/\/mdw.ac.at\/altemusik\/wp-json\/wp\/v2\/pages\/3499\/revisions"}],"predecessor-version":[{"id":17098,"href":"https:\/\/mdw.ac.at\/altemusik\/wp-json\/wp\/v2\/pages\/3499\/revisions\/17098"}],"up":[{"embeddable":true,"href":"https:\/\/mdw.ac.at\/altemusik\/wp-json\/wp\/v2\/pages\/255"}],"wp:attachment":[{"href":"https:\/\/mdw.ac.at\/altemusik\/wp-json\/wp\/v2\/media?parent=3499"}],"curies":[{"name":"wp","href":"https:\/\/api.w.org\/{rel}","templated":true}]}}