{"id":350,"date":"2019-07-08T14:15:03","date_gmt":"2019-07-08T12:15:03","guid":{"rendered":"https:\/\/www.mdw.ac.at\/altemusik\/?page_id=350"},"modified":"2026-03-08T14:24:05","modified_gmt":"2026-03-08T13:24:05","slug":"petra-zenker","status":"publish","type":"page","link":"https:\/\/mdw.ac.at\/altemusik\/lehrende\/petra-zenker\/","title":{"rendered":"Petra ZENKER"},"content":{"rendered":"<div class=\"flex_column av_two_third  flex_column_div av-zero-column-padding first  avia-builder-el-0  el_before_av_one_third  avia-builder-el-first  \" style='border-radius:0px; '><div class='avia-image-container  av-styling-    avia-builder-el-1  avia-builder-el-no-sibling   avia-align-center '  itemprop=\"image\" itemscope=\"itemscope\" itemtype=\"https:\/\/schema.org\/ImageObject\"  ><div class='avia-image-container-inner'><div class='avia-image-overlay-wrap'><a href=\"https:\/\/mdw.ac.at\/altemusik\/blog2\/wp-content\/uploads\/2019\/09\/zenker-1030x687.jpg\" class='avia_image'   data-rel=\"lightbox-image-0\" data-rl_title=\"\" data-rl_caption=\"\"><img class='avia_image ' src='https:\/\/mdw.ac.at\/altemusik\/blog2\/wp-content\/uploads\/2019\/09\/zenker-1030x687.jpg' alt='' title=''  itemprop=\"thumbnailUrl\"  \/><\/a><\/div><\/div><\/div><\/div>\n<div class=\"flex_column av_one_third  flex_column_div av-zero-column-padding   avia-builder-el-2  el_after_av_two_third  el_before_av_one_full  \" style='border-radius:0px; '><\/div>\n<div class=\"flex_column av_one_full  flex_column_div av-zero-column-padding first  avia-builder-el-3  el_after_av_one_third  el_before_av_one_full  column-top-margin\" style='border-radius:0px; '><section class=\"av_textblock_section \"  itemscope=\"itemscope\" itemtype=\"https:\/\/schema.org\/CreativeWork\" ><div class='avia_textblock  '   itemprop=\"text\" ><h2>Petra Zenker<\/h2>\n<\/div><\/section><br \/>\n<section class=\"av_textblock_section \"  itemscope=\"itemscope\" itemtype=\"https:\/\/schema.org\/CreativeWork\" ><div class='avia_textblock  '   itemprop=\"text\" ><h5>Cembalo, Generalbass (erg\u00e4nzendes Fach)<\/h5>\n<h5>Wissenschaftliche Mitarbeiterin<\/h5>\n<\/div><\/section><br \/>\n<div style='height:20px' class='hr hr-invisible   avia-builder-el-6  el_after_av_textblock  el_before_av_textblock  '><span class='hr-inner ' ><span class='hr-inner-style'><\/span><\/span><\/div><br \/>\n<section class=\"av_textblock_section \"  itemscope=\"itemscope\" itemtype=\"https:\/\/schema.org\/CreativeWork\" ><div class='avia_textblock  '   itemprop=\"text\" ><p class=\"s3\"><span class=\"s2\">Petra Zenker schloss ihr Cembalostudium (Konzertfach und IGP) in der Klasse von Kenneth Gilbert am Mozarteum in Salzburg ab. Stark beeinflusst wurde ihr Musikverst\u00e4ndnis au\u00dferdem von den auff\u00fchrungspraktischen Vorlesungen von Nikolaus Harnoncourt am Mozarteum Salzburg. Zahlreiche Impulse erhielt sie auf Sommerkursen mit Scott Ross, Jos van Immerseel, Lars Ulrik Mortensen <\/span><span class=\"s2\">und Jesper Christensen, <\/span><span class=\"s2\">sowie in einem Auslandsstudienjahr in Den Haag bei Bob van Asperen.<\/span><\/p>\n<p class=\"s3\"><span class=\"s2\">In den solistischen Auftritten widmet sie sich mit Vorliebe dem Repertoire des 17. Jahrhunderts &#8211; der italienischen, spanischen, norddeutschen und englischen Musik f\u00fcr Tasteninstrumente. Bisher erschienen zwei CDs: <\/span><span class=\"s4\">&#8222;mit dem Cembalo durch das 17. Jahrhundert&#8220;<\/span><span class=\"s2\"> und <\/span><span class=\"s4\">&#8222;Musik zwischen Ebbe und Flut&#8220;.<\/span><\/p>\n<p class=\"s3\"><span class=\"s2\">Neben der Mitwirkung bei zahlreichen Ensembles unterschiedlichster Besetzungen sowie bei Opernauff\u00fchrungen gr\u00fcndete sie u.<\/span> <span class=\"s2\">a. das Ensemble <\/span><span class=\"s4\">&#8222;dialogo chordiale&#8220;<\/span><span class=\"s2\">.<\/span><\/p>\n<p class=\"s3\"><span class=\"s2\">Ausgehend von einem Studium der Musikwissenschaft, Romanistik und Sprachwissenschaft an der Universit\u00e4t Salzburg erlangte sie den Doktorgrad am Mozarteum Salzburg mit der Dissertation <\/span><span class=\"s4\">&#8222;Theorie und Praxis des Cembalounterrichts im 18. Jahrhundert in Italien&#8220;<\/span><span class=\"s2\">. Ihre Forschung im Bereich der Auff\u00fchrungspraxis konzentriert sich auf historische Kompositionstechniken, Generalbass und historische Stimmungen sowie Ornamentik (derzeit Mitarbeit an einem Kompendium \u00fcber die Ornamentik f\u00fcr Musik der Tasteninstrumente, das vom <\/span><span class=\"s4\">Institut f\u00fcr<\/span><span class=\"s4\"> Musikalische Stilforschung<\/span><span class=\"s2\"> init<\/span><span class=\"s2\">iiert wurde).<br \/>\nIm Unterricht liegt ihr am Herzen, die musikalische Gestaltung eines Werks \u00fcber di<\/span><span class=\"s2\">e Zur\u00fcckverfolgung der komposit<\/span><span class=\"s2\">orischen Struktur und Stilmittel zu erschlie\u00dfen. <\/span><span class=\"s4\">&#8222;Verstehe die Komposition &#8211; dann ergibt sich die Interpretation (fast) von selbst<\/span><span class=\"s4\">.&#8220; <\/span><\/p>\n<p class=\"s3\">\n<p class=\"s3\">\n<p class=\"s3\"><a href=\"http:\/\/www.petrazenker.com\/www.petrazenker.com\/home.html\"><span class=\"s2\">www.petrazenker.com<\/span><\/a><\/p>\n<\/div><\/section><\/p><\/div><div class=\"flex_column av_one_full  flex_column_div av-zero-column-padding first  avia-builder-el-8  el_after_av_one_full  avia-builder-el-last  column-top-margin\" style='border-radius:0px; '><div class='avia-buttonrow-wrap avia-buttonrow-right   avia-builder-el-9  avia-builder-el-no-sibling  '>\n<a href='https:\/\/online.mdw.ac.at\/mdw_online\/visitenkarte.show_vcard?pPersonenId=E8F4929536F7F445&pPersonenGruppe=3'  class='avia-button  avia-icon_select-no avia-color-theme-color avia-size-small '  target=\"_blank\"  style='margin-bottom:5px; margin-left:5px; ' ><span class='avia_iconbox_title' >Visitenkarte<\/span><\/a>\n<a href='https:\/\/online.mdw.ac.at\/mdw_online\/wblvangebot.wbshowlvoffer?ppersonnr=18730'  class='avia-button  avia-icon_select-no avia-color-theme-color avia-size-small '  target=\"_blank\"  style='margin-bottom:5px; margin-left:5px; ' ><span class='avia_iconbox_title' >Lehrveranstaltungen<\/span><\/a>\n<\/div><\/div><\/p>\n","protected":false},"excerpt":{"rendered":"","protected":false},"author":1,"featured_media":0,"parent":257,"menu_order":0,"comment_status":"closed","ping_status":"closed","template":"","meta":{"_price":"","_stock":"","_tribe_ticket_header":"","_tribe_default_ticket_provider":"","_tribe_ticket_capacity":"","_ticket_start_date":"","_ticket_end_date":"","_tribe_ticket_show_description":"","_tribe_ticket_show_not_going":false,"_tribe_ticket_use_global_stock":"","_tribe_ticket_global_stock_level":"","_global_stock_mode":"","_global_stock_cap":"","_tribe_rsvp_for_event":"","_tribe_ticket_going_count":"","_tribe_ticket_not_going_count":"","_tribe_tickets_list":"[]","_tribe_ticket_has_attendee_info_fields":false,"footnotes":""},"class_list":["post-350","page","type-page","status-publish","hentry"],"_links":{"self":[{"href":"https:\/\/mdw.ac.at\/altemusik\/wp-json\/wp\/v2\/pages\/350","targetHints":{"allow":["GET"]}}],"collection":[{"href":"https:\/\/mdw.ac.at\/altemusik\/wp-json\/wp\/v2\/pages"}],"about":[{"href":"https:\/\/mdw.ac.at\/altemusik\/wp-json\/wp\/v2\/types\/page"}],"author":[{"embeddable":true,"href":"https:\/\/mdw.ac.at\/altemusik\/wp-json\/wp\/v2\/users\/1"}],"replies":[{"embeddable":true,"href":"https:\/\/mdw.ac.at\/altemusik\/wp-json\/wp\/v2\/comments?post=350"}],"version-history":[{"count":13,"href":"https:\/\/mdw.ac.at\/altemusik\/wp-json\/wp\/v2\/pages\/350\/revisions"}],"predecessor-version":[{"id":18918,"href":"https:\/\/mdw.ac.at\/altemusik\/wp-json\/wp\/v2\/pages\/350\/revisions\/18918"}],"up":[{"embeddable":true,"href":"https:\/\/mdw.ac.at\/altemusik\/wp-json\/wp\/v2\/pages\/257"}],"wp:attachment":[{"href":"https:\/\/mdw.ac.at\/altemusik\/wp-json\/wp\/v2\/media?parent=350"}],"curies":[{"name":"wp","href":"https:\/\/api.w.org\/{rel}","templated":true}]}}