{"id":366,"date":"2019-07-08T14:22:39","date_gmt":"2019-07-08T12:22:39","guid":{"rendered":"https:\/\/www.mdw.ac.at\/altemusik\/?page_id=366"},"modified":"2026-03-08T13:03:54","modified_gmt":"2026-03-08T12:03:54","slug":"reinhard-fuhrer","status":"publish","type":"page","link":"https:\/\/mdw.ac.at\/altemusik\/lehrende\/reinhard-fuhrer\/","title":{"rendered":"Reinhard F\u00dcHRER"},"content":{"rendered":"<div class=\"flex_column av_two_third  flex_column_div av-zero-column-padding first  avia-builder-el-0  el_before_av_one_third  avia-builder-el-first  \" style='border-radius:0px; '><div class='avia-image-container  av-styling-    avia-builder-el-1  avia-builder-el-no-sibling   avia-align-center '  itemprop=\"image\" itemscope=\"itemscope\" itemtype=\"https:\/\/schema.org\/ImageObject\"  ><div class='avia-image-container-inner'><div class='avia-image-overlay-wrap'><a href=\"https:\/\/mdw.ac.at\/altemusik\/blog2\/wp-content\/uploads\/2019\/09\/023788B8-53D4-4FC1-9D4B-BD256B4A9FD7-1030x874.jpeg\" class='avia_image'   data-rel=\"lightbox-image-0\" data-rl_title=\"\" data-rl_caption=\"\"><img class='avia_image ' src='https:\/\/mdw.ac.at\/altemusik\/blog2\/wp-content\/uploads\/2019\/09\/023788B8-53D4-4FC1-9D4B-BD256B4A9FD7-1030x874.jpeg' alt='' title=''  itemprop=\"thumbnailUrl\"  \/><\/a><\/div><\/div><\/div><\/div>\n<div class=\"flex_column av_one_third  flex_column_div av-zero-column-padding   avia-builder-el-2  el_after_av_two_third  el_before_av_one_full  \" style='border-radius:0px; '><\/div>\n<div class=\"flex_column av_one_full  flex_column_div av-zero-column-padding first  avia-builder-el-3  el_after_av_one_third  el_before_av_one_full  column-top-margin\" style='border-radius:0px; '><section class=\"av_textblock_section \"  itemscope=\"itemscope\" itemtype=\"https:\/\/schema.org\/CreativeWork\" ><div class='avia_textblock  '   itemprop=\"text\" ><h2>Reinhard F\u00fchrer<\/h2>\n<\/div><\/section><br \/>\n<section class=\"av_textblock_section \"  itemscope=\"itemscope\" itemtype=\"https:\/\/schema.org\/CreativeWork\" ><div class='avia_textblock  '   itemprop=\"text\" ><h5>Korrepetition<\/h5>\n<\/div><\/section><br \/>\n<div style='height:20px' class='hr hr-invisible   avia-builder-el-6  el_after_av_textblock  el_before_av_textblock  '><span class='hr-inner ' ><span class='hr-inner-style'><\/span><\/span><\/div><br \/>\n<section class=\"av_textblock_section \"  itemscope=\"itemscope\" itemtype=\"https:\/\/schema.org\/CreativeWork\" ><div class='avia_textblock  '   itemprop=\"text\" ><p>Reinhard F\u00fchrer wurde 1987 in Wien geboren. Er studierte Konzertfach Cembalo und Generalbass bei Augusta Campagne, Wolfgang Gl\u00fcxam und Stefan Gottfried an der Universit\u00e4t f\u00fcr Musik und darstellende Kunst Wien (mit Auszeichnung) und absolvierte ein spezialisiertes Masterstudium f\u00fcr Generalbass und Ensembleleitung bei Jesper Christensen an der Schola Cantorum Basiliensis (Basel\/Schweiz).<\/p>\n<p>Neben seiner Lehr- und Korrepetiert\u00e4tigkeit an der Universit\u00e4t f\u00fcr Musik und darstellende Kunst Wien und der Musik und Kunst Privatuniversit\u00e4t der Stadt Wien f\u00fchrte ihn rege Konzertt\u00e4tigkeit bisher durch ganz Europa und Japan. Als Cembalist, Organist und Korrepetitor ist er im In- und Ausland bei zahlreichen Festivals f\u00fcr Alte Musik zu Gast.<\/p>\n<p>Er musiziert in Ensembles mit den verschiedensten Besetzungen sowie mit dem Concentus Musicus Wien, dem L\u2019Orfeo Barockorchester, dem Bach Consort Wien und den Wiener Symphonikern zusammen.<\/p>\n<\/div><\/section><\/p><\/div><div class=\"flex_column av_one_full  flex_column_div av-zero-column-padding first  avia-builder-el-8  el_after_av_one_full  avia-builder-el-last  column-top-margin\" style='border-radius:0px; '><div class='avia-buttonrow-wrap avia-buttonrow-right   avia-builder-el-9  avia-builder-el-no-sibling  '>\n<a href='https:\/\/online.mdw.ac.at\/mdw_online\/visitenkarte.show_vcard?pPersonenId=C715EA9BC4349B56&pPersonenGruppe=3'  class='avia-button  avia-icon_select-no avia-color-theme-color avia-size-small '  target=\"_blank\"  style='margin-bottom:5px; margin-left:5px; ' ><span class='avia_iconbox_title' >Visitenkarte<\/span><\/a>\n<a href='https:\/\/online.mdw.ac.at\/mdw_online\/wblvangebot.wbshowlvoffer?ppersonnr=27844'  class='avia-button  avia-icon_select-no avia-color-theme-color avia-size-small '  target=\"_blank\"  style='margin-bottom:5px; margin-left:5px; ' ><span class='avia_iconbox_title' >Lehrveranstaltungen<\/span><\/a>\n<\/div><\/div><\/p>\n","protected":false},"excerpt":{"rendered":"","protected":false},"author":1,"featured_media":0,"parent":257,"menu_order":0,"comment_status":"closed","ping_status":"closed","template":"","meta":{"_price":"","_stock":"","_tribe_ticket_header":"","_tribe_default_ticket_provider":"","_tribe_ticket_capacity":"","_ticket_start_date":"","_ticket_end_date":"","_tribe_ticket_show_description":"","_tribe_ticket_show_not_going":false,"_tribe_ticket_use_global_stock":"","_tribe_ticket_global_stock_level":"","_global_stock_mode":"","_global_stock_cap":"","_tribe_rsvp_for_event":"","_tribe_ticket_going_count":"","_tribe_ticket_not_going_count":"","_tribe_tickets_list":"[]","_tribe_ticket_has_attendee_info_fields":false,"footnotes":""},"class_list":["post-366","page","type-page","status-publish","hentry"],"_links":{"self":[{"href":"https:\/\/mdw.ac.at\/altemusik\/wp-json\/wp\/v2\/pages\/366","targetHints":{"allow":["GET"]}}],"collection":[{"href":"https:\/\/mdw.ac.at\/altemusik\/wp-json\/wp\/v2\/pages"}],"about":[{"href":"https:\/\/mdw.ac.at\/altemusik\/wp-json\/wp\/v2\/types\/page"}],"author":[{"embeddable":true,"href":"https:\/\/mdw.ac.at\/altemusik\/wp-json\/wp\/v2\/users\/1"}],"replies":[{"embeddable":true,"href":"https:\/\/mdw.ac.at\/altemusik\/wp-json\/wp\/v2\/comments?post=366"}],"version-history":[{"count":11,"href":"https:\/\/mdw.ac.at\/altemusik\/wp-json\/wp\/v2\/pages\/366\/revisions"}],"predecessor-version":[{"id":18885,"href":"https:\/\/mdw.ac.at\/altemusik\/wp-json\/wp\/v2\/pages\/366\/revisions\/18885"}],"up":[{"embeddable":true,"href":"https:\/\/mdw.ac.at\/altemusik\/wp-json\/wp\/v2\/pages\/257"}],"wp:attachment":[{"href":"https:\/\/mdw.ac.at\/altemusik\/wp-json\/wp\/v2\/media?parent=366"}],"curies":[{"name":"wp","href":"https:\/\/api.w.org\/{rel}","templated":true}]}}