{"id":371,"date":"2019-07-08T14:24:02","date_gmt":"2019-07-08T12:24:02","guid":{"rendered":"https:\/\/www.mdw.ac.at\/altemusik\/?page_id=371"},"modified":"2024-04-30T13:54:12","modified_gmt":"2024-04-30T11:54:12","slug":"dorothea-schonwiese","status":"publish","type":"page","link":"https:\/\/mdw.ac.at\/altemusik\/lehrende\/dorothea-schonwiese\/","title":{"rendered":"Dorothea SCH\u00d6NWIESE"},"content":{"rendered":"<div class=\"flex_column av_two_third  flex_column_div av-zero-column-padding first  avia-builder-el-0  el_before_av_one_third  avia-builder-el-first  \" style='border-radius:0px; '><div class='avia-image-container  av-styling-  av-has-copyright av-copyright-icon-reveal   avia-builder-el-1  avia-builder-el-no-sibling   avia-align-center '  itemprop=\"image\" itemscope=\"itemscope\" itemtype=\"https:\/\/schema.org\/ImageObject\"  ><div class='avia-image-container-inner'><div class='avia-image-overlay-wrap'><a href=\"https:\/\/mdw.ac.at\/altemusik\/blog2\/wp-content\/uploads\/2019\/07\/DSC_7388_pp-300dpi-1030x686.jpg\" class='avia_image'   data-rel=\"lightbox-image-0\" data-rl_title=\"\" data-rl_caption=\"\"><img class='avia_image ' src='https:\/\/mdw.ac.at\/altemusik\/blog2\/wp-content\/uploads\/2019\/07\/DSC_7388_pp-300dpi-1030x686.jpg' alt='' title=''  itemprop=\"thumbnailUrl\"  \/><\/a><\/div><small class='avia-copyright'>@ Stefan Schweiger<\/small><\/div><\/div><\/div>\n<div class=\"flex_column av_one_third  flex_column_div av-zero-column-padding   avia-builder-el-2  el_after_av_two_third  el_before_av_one_full  \" style='border-radius:0px; '><\/div>\n<div class=\"flex_column av_one_full  flex_column_div av-zero-column-padding first  avia-builder-el-3  el_after_av_one_third  el_before_av_one_full  column-top-margin\" style='border-radius:0px; '><section class=\"av_textblock_section \"  itemscope=\"itemscope\" itemtype=\"https:\/\/schema.org\/CreativeWork\" ><div class='avia_textblock  '   itemprop=\"text\" ><h2>Dorothea Sch\u00f6nwiese<\/h2>\n<\/div><\/section><br \/>\n<section class=\"av_textblock_section \"  itemscope=\"itemscope\" itemtype=\"https:\/\/schema.org\/CreativeWork\" ><div class='avia_textblock  '   itemprop=\"text\" ><h5>Barockcello<\/h5>\n<\/div><\/section><br \/>\n<div style='height:20px' class='hr hr-invisible   avia-builder-el-6  el_after_av_textblock  el_before_av_textblock  '><span class='hr-inner ' ><span class='hr-inner-style'><\/span><\/span><\/div><br \/>\n<section class=\"av_textblock_section \"  itemscope=\"itemscope\" itemtype=\"https:\/\/schema.org\/CreativeWork\" ><div class='avia_textblock  '   itemprop=\"text\" ><p>Dorothea Sch\u00f6nwiese ist Continuo- und Solocellistin des Concentus Musicus Wien, in dem sie seit 1990 regelm\u00e4\u00dfig unter Nikolaus Harnoncourt &#8211; seit 2016 unter Stefan Gottfried &#8211; spielt.<br \/>\nSie ist zutiefst von der musikalischen Sprache Nikolaus Harnoncourts gepr\u00e4gt, nicht nur durch die fast 30-j\u00e4hrige Mitwirkung im Concentus Musicus Wien, sondern auch bereits seit ihrer Zeit als Studentin am Mozarteum Salzburg, wo sie bei ihm Barocke Auff\u00fchrungspraxis studierte.<\/p>\n<p>Ihr Cellostudium absolvierte sie in Wien, Salzburg, Mailand und Manchester, sowie an der Juilliard School of Music in New York: bei Tobias K\u00fchne, Heidi Litschauer, Rocco Filippini und Ralph Kirshbaum.<br \/>\nMeisterkurse bei Heinrich Schiff, William Pleeth, Ralph Kirshbaum und Paul Tortelier runden ihre Ausbildung ab.<\/p>\n<p>Wichtige k\u00fcnstlerische Impulse erhielt sie von Sandor V\u00e9gh, in dessen Camerata Academica sie zwei Jahre lang wirkte und mit der sie auch als Solistin mit Vivaldi Cellokonzerten auftrat.<\/p>\n<p>Sie war Solocellistin des Gustav Mahler Jugendorchesters, Gastsolocellistin des RSO Wien (u.a. als Continuo-Cellistin bei den Aufnahmen der Mozart-Opern) und ist Solocellistin des Ensemble Prisma (Leitung Thomas Fheodoroff) und des Ensemble Claudiana (Leitung Luca Pianca), sowie Gastsolocellistin zahlreicher \u00f6sterreichischer und internationaler Ensembles, wie dem Vorarlberger Symphonierorchester, dem Ensemble Al Ayre Espanol u.v.a.m.<\/p>\n<p>Hauptschwerpunkte ihrer k\u00fcnstlerischen Arbeit sind das Continuo-Spiel und die Kammermusik.<br \/>\nZu ihren Kammermusikpartnern geh\u00f6ren u.a. Stefan Gottfried, Maria Bader-Kubizek, Thomas Fheodoroff, Erich H\u00f6barth, Hanna Weinmeister, Tatjana Masurenko, Anthony Spiry, Matthias Schorn, Pablo de Pedro u.v.a.<br \/>\n2013 gr\u00fcndete sie gemeinsam mit Annie Laflamme (Traversfl\u00f6te) und Katarzyna Drogosz (Hammerklavier) das Trio Laflamme.<br \/>\nDie letzte CD des Trio Laflamme mit Trios der Romantik wurde international mehrfach ausgezeichnet, unter anderem mit dem Pasticciopreis von \u00d61.<\/p>\n<p>Dorothea Sch\u00f6nwiese ist auch die Musik unserer Zeit ein Anliegen. Sie erarbeitete Solo- und Kammermusikwerke mit lebenden Komponisten, darunter Christian Muthspiel, Johannes Maria Staud, Olga Neuwirth, Renald Deppe, Wolfgang Muthspiel u.a.m.<br \/>\nIhr Interesse f\u00fcr die Musik des 20. Und 21. Jahrhunderts unterstreicht sie bei ihren Soloabenden, wo sie Solosuiten von J.S. Bach und Ricercare von Domenico Gabrielli (auf dem Barockcello) Werken der Literatur f\u00fcr Cello solo unserer Zeit (auf dem modernen Cello) gegen\u00fcberstellt und ineinander verwebt.<\/p>\n<p>Sie tritt als Solistin und Kammermusikerin regelm\u00e4\u00dfig bei Festivals und in den gro\u00dfen Konzerth\u00e4usern auf, so zum Beispiel im Wiener Musikverein, dem Wiener Konzerthaus, dem Brucknerhaus Linz, bei der styriarte, den Haydn-Festspielen in Eisenstadt, den Barocktagen Melk, dem Carinthischen Sommer, dem Mozartfest W\u00fcrzburg, dem Forum Alte Musik K\u00f6ln, dem Konzerthaus Berlin, dem Musikfest Eichst\u00e4tt, den Tagen Alter Musik Herne, dem Festival trigonale, dem Bachfest Leipzig, dem Stockholm Early Music Festival und vielen anderen mehr.<\/p>\n<\/div><\/section><\/p><\/div><div class=\"flex_column av_one_full  flex_column_div av-zero-column-padding first  avia-builder-el-8  el_after_av_one_full  avia-builder-el-last  column-top-margin\" style='border-radius:0px; '><div class='avia-buttonrow-wrap avia-buttonrow-right   avia-builder-el-9  avia-builder-el-no-sibling  '>\n<a href='https:\/\/online.mdw.ac.at\/mdw_online\/visitenkarte.show_vcard?pPersonenId=6A11AE8042FCAEED&pPersonenGruppe=3'  class='avia-button  avia-icon_select-no avia-color-theme-color avia-size-small '  target=\"_blank\"  style='margin-bottom:5px; margin-left:5px; ' ><span class='avia_iconbox_title' >Visitenkarte<\/span><\/a>\n<a href='https:\/\/online.mdw.ac.at\/mdw_online\/wblvangebot.wbshowlvoffer?ppersonnr=36011'  class='avia-button  avia-icon_select-no avia-color-theme-color avia-size-small '  target=\"_blank\"  style='margin-bottom:5px; margin-left:5px; ' ><span class='avia_iconbox_title' >Lehrveranstaltungen<\/span><\/a>\n<\/div><\/div><\/p>\n","protected":false},"excerpt":{"rendered":"","protected":false},"author":1,"featured_media":0,"parent":257,"menu_order":0,"comment_status":"closed","ping_status":"closed","template":"","meta":{"_price":"","_stock":"","_tribe_ticket_header":"","_tribe_default_ticket_provider":"","_tribe_ticket_capacity":"","_ticket_start_date":"","_ticket_end_date":"","_tribe_ticket_show_description":"","_tribe_ticket_show_not_going":false,"_tribe_ticket_use_global_stock":"","_tribe_ticket_global_stock_level":"","_global_stock_mode":"","_global_stock_cap":"","_tribe_rsvp_for_event":"","_tribe_ticket_going_count":"","_tribe_ticket_not_going_count":"","_tribe_tickets_list":"[]","_tribe_ticket_has_attendee_info_fields":false,"footnotes":""},"class_list":["post-371","page","type-page","status-publish","hentry"],"_links":{"self":[{"href":"https:\/\/mdw.ac.at\/altemusik\/wp-json\/wp\/v2\/pages\/371","targetHints":{"allow":["GET"]}}],"collection":[{"href":"https:\/\/mdw.ac.at\/altemusik\/wp-json\/wp\/v2\/pages"}],"about":[{"href":"https:\/\/mdw.ac.at\/altemusik\/wp-json\/wp\/v2\/types\/page"}],"author":[{"embeddable":true,"href":"https:\/\/mdw.ac.at\/altemusik\/wp-json\/wp\/v2\/users\/1"}],"replies":[{"embeddable":true,"href":"https:\/\/mdw.ac.at\/altemusik\/wp-json\/wp\/v2\/comments?post=371"}],"version-history":[{"count":15,"href":"https:\/\/mdw.ac.at\/altemusik\/wp-json\/wp\/v2\/pages\/371\/revisions"}],"predecessor-version":[{"id":15344,"href":"https:\/\/mdw.ac.at\/altemusik\/wp-json\/wp\/v2\/pages\/371\/revisions\/15344"}],"up":[{"embeddable":true,"href":"https:\/\/mdw.ac.at\/altemusik\/wp-json\/wp\/v2\/pages\/257"}],"wp:attachment":[{"href":"https:\/\/mdw.ac.at\/altemusik\/wp-json\/wp\/v2\/media?parent=371"}],"curies":[{"name":"wp","href":"https:\/\/api.w.org\/{rel}","templated":true}]}}