{"id":379,"date":"2019-07-08T14:28:38","date_gmt":"2019-07-08T12:28:38","guid":{"rendered":"https:\/\/www.mdw.ac.at\/altemusik\/?page_id=379"},"modified":"2026-02-26T12:40:30","modified_gmt":"2026-02-26T11:40:30","slug":"ba-cembalo-konzertfach","status":"publish","type":"page","link":"https:\/\/mdw.ac.at\/altemusik\/studien\/bachelor-ba\/ba-cembalo-konzertfach\/","title":{"rendered":"BA Cembalo"},"content":{"rendered":"<div class=\"flex_column av_one_full  flex_column_div av-zero-column-padding first  avia-builder-el-0  el_before_av_three_fifth  avia-builder-el-first  \" style='border-radius:0px; '><section class=\"av_textblock_section \"  itemscope=\"itemscope\" itemtype=\"https:\/\/schema.org\/CreativeWork\" ><div class='avia_textblock  '   itemprop=\"text\" ><h2>Cembalo Konzertfach<\/h2>\n<\/div><\/section><br \/>\n<section class=\"av_textblock_section \"  itemscope=\"itemscope\" itemtype=\"https:\/\/schema.org\/CreativeWork\" ><div class='avia_textblock  '   itemprop=\"text\" ><h3>Bachelorstudium<\/h3>\n<\/div><\/section><\/p><\/div>\n<div class=\"flex_column av_three_fifth  av-hide-on-mobile  flex_column_div av-zero-column-padding first  avia-builder-el-3  el_after_av_one_full  el_before_av_two_fifth   column-top-margin\" style='border-radius:0px; '><div class='avia-image-container  av-styling-  av-has-copyright av-copyright-icon-reveal   avia-builder-el-4  avia-builder-el-no-sibling   avia-align-left '  itemprop=\"image\" itemscope=\"itemscope\" itemtype=\"https:\/\/schema.org\/ImageObject\"  ><div class='avia-image-container-inner'><div class='avia-image-overlay-wrap'><a href=\"https:\/\/mdw.ac.at\/altemusik\/blog2\/wp-content\/uploads\/2020\/03\/AMI-Er\u00f6ffnung-by-Theresa-Pewal-67-1030x687.jpg\" class='avia_image'   data-rel=\"lightbox-image-0\" data-rl_title=\"\" data-rl_caption=\"\"><img class='avia_image ' src='https:\/\/mdw.ac.at\/altemusik\/blog2\/wp-content\/uploads\/2020\/03\/AMI-Er\u00f6ffnung-by-Theresa-Pewal-67-1030x687.jpg' alt='' title=''  itemprop=\"thumbnailUrl\"  \/><\/a><\/div><small class='avia-copyright'>\u00a9 2020 Theresa Pewal<\/small><\/div><\/div><\/div>\n<div class=\"flex_column av_two_fifth  flex_column_div av-zero-column-padding   avia-builder-el-5  el_after_av_three_fifth  el_before_av_one_full  column-top-margin\" style='border-radius:0px; '><section class=\"av_textblock_section \"  itemscope=\"itemscope\" itemtype=\"https:\/\/schema.org\/CreativeWork\" ><div class='avia_textblock  '   itemprop=\"text\" ><h3>Zulassungspr\u00fcfung WiSe 2026: 15.06.2026<\/h3>\n<p>Anmeldezeitraum: 04.03.2026 bis 20.05.2026<\/p>\n<\/div><\/section><br \/>\n<div style='height:20px' class='hr hr-invisible   avia-builder-el-7  el_after_av_textblock  el_before_av_buttonrow  '><span class='hr-inner ' ><span class='hr-inner-style'><\/span><\/span><\/div><br \/>\n<div class='avia-buttonrow-wrap avia-buttonrow-left   avia-builder-el-8  el_after_av_hr  avia-builder-el-last  '>\n<a href='https:\/\/www.mdw.ac.at\/1261\/?lang=de'  class='avia-button  avia-icon_select-no avia-color-theme-color avia-size-small '  style='margin-bottom:5px; margin-right:5px; ' ><span class='avia_iconbox_title' >Zum Studiencenter<\/span><\/a>\n<a href='https:\/\/mdw.ac.at\/studienplaene\/?stNR=33291&stArt=infozp'  class='avia-button  avia-icon_select-yes-left-icon avia-color-theme-color avia-size-small '  target=\"_blank\"  style='margin-bottom:5px; margin-right:5px; ' ><span class='avia_button_icon avia_button_icon_left ' aria-hidden='true' data-av_icon='\ue82d' data-av_iconfont='entypo-fontello'><\/span><span class='avia_iconbox_title' >Informationen zur Zulassungspr\u00fcfung<\/span><\/a>\n<a href='https:\/\/mdw.ac.at\/studienplaene\/?stNR=33291&stArt=cur'  class='avia-button  avia-icon_select-yes-left-icon avia-color-theme-color avia-size-small '  target=\"_blank\"  style='margin-bottom:5px; margin-right:5px; ' ><span class='avia_button_icon avia_button_icon_left ' aria-hidden='true' data-av_icon='\ue82d' data-av_iconfont='entypo-fontello'><\/span><span class='avia_iconbox_title' >Curriculum<\/span><\/a>\n<\/div><\/p><\/div><div class=\"flex_column av_one_full  flex_column_div av-zero-column-padding first  avia-builder-el-9  el_after_av_two_fifth  el_before_av_three_fifth  \" style='border-radius:0px; '><div style='height:20px' class='hr hr-invisible   avia-builder-el-10  avia-builder-el-no-sibling  '><span class='hr-inner ' ><span class='hr-inner-style'><\/span><\/span><\/div><\/div><\/p>\n<div class=\"flex_column av_three_fifth  flex_column_div av-zero-column-padding first  avia-builder-el-11  el_after_av_one_full  el_before_av_two_fifth  column-top-margin\" style='border-radius:0px; '><section class=\"av_textblock_section \"  itemscope=\"itemscope\" itemtype=\"https:\/\/schema.org\/CreativeWork\" ><div class='avia_textblock  '   itemprop=\"text\" ><ul>\n<li class=\"varMusik\">Dauer: 8 Semester<\/li>\n<li class=\"varMusik\">Abschluss: Bachelor of Arts (BA)<\/li>\n<li class=\"varMusik\">Voraussetzung: erfolgreiche Zulassungspr\u00fcfung, Nachweis der Deutschkenntnisse siehe &#8222;Informationen zur Zulassungspr\u00fcfung&#8220;<\/li>\n<\/ul>\n<\/div><\/section><\/div>\n<div class=\"flex_column av_two_fifth  flex_column_div av-zero-column-padding   avia-builder-el-13  el_after_av_three_fifth  el_before_av_three_fifth  column-top-margin\" style='border-radius:0px; '><\/div>\n<div class=\"flex_column av_three_fifth  flex_column_div av-zero-column-padding first  avia-builder-el-14  el_after_av_two_fifth  avia-builder-el-last  \" style='border-radius:0px; '><p><div style='height:20px' class='hr hr-invisible   avia-builder-el-15  el_before_av_textblock  avia-builder-el-first  '><span class='hr-inner ' ><span class='hr-inner-style'><\/span><\/span><\/div><br \/>\n<section class=\"av_textblock_section \"  itemscope=\"itemscope\" itemtype=\"https:\/\/schema.org\/CreativeWork\" ><div class='avia_textblock  '   itemprop=\"text\" ><p>Im Bachelorstudium erlangen die Studierenden stilistische Vielseitigkeit und Flexibilit\u00e4t in den Bereichen\u00a0<strong>Cembalo-Solo, Generalbass und Kammermusik<\/strong>\u00a0als Basis f\u00fcr k\u00fcnstlerische Eigenst\u00e4ndigkeit und sp\u00e4tere Spezialisierungen.<\/p>\n<p>Die Studierenden vertiefen ihre musikrelevanten Kenntnisse und setzen diese in den unterschiedlichen Stilbereichen des Cembalorepertoires praktisch um. Durch die Auseinandersetzung mit k\u00fcnstlerischen und Musik-reflektierenden Aspekten wird eine\u00a0<strong>universelle und praxisnahe Basisqualifikation<\/strong>\u00a0f\u00fcr MusikerInnen erreicht.<\/p>\n<\/div><\/section><\/p><\/div>\n","protected":false},"excerpt":{"rendered":"","protected":false},"author":1,"featured_media":0,"parent":320,"menu_order":0,"comment_status":"closed","ping_status":"closed","template":"","meta":{"_price":"","_stock":"","_tribe_ticket_header":"","_tribe_default_ticket_provider":"","_tribe_ticket_capacity":"","_ticket_start_date":"","_ticket_end_date":"","_tribe_ticket_show_description":"","_tribe_ticket_show_not_going":false,"_tribe_ticket_use_global_stock":"","_tribe_ticket_global_stock_level":"","_global_stock_mode":"","_global_stock_cap":"","_tribe_rsvp_for_event":"","_tribe_ticket_going_count":"","_tribe_ticket_not_going_count":"","_tribe_tickets_list":"[]","_tribe_ticket_has_attendee_info_fields":false,"footnotes":""},"class_list":["post-379","page","type-page","status-publish","hentry"],"_links":{"self":[{"href":"https:\/\/mdw.ac.at\/altemusik\/wp-json\/wp\/v2\/pages\/379","targetHints":{"allow":["GET"]}}],"collection":[{"href":"https:\/\/mdw.ac.at\/altemusik\/wp-json\/wp\/v2\/pages"}],"about":[{"href":"https:\/\/mdw.ac.at\/altemusik\/wp-json\/wp\/v2\/types\/page"}],"author":[{"embeddable":true,"href":"https:\/\/mdw.ac.at\/altemusik\/wp-json\/wp\/v2\/users\/1"}],"replies":[{"embeddable":true,"href":"https:\/\/mdw.ac.at\/altemusik\/wp-json\/wp\/v2\/comments?post=379"}],"version-history":[{"count":67,"href":"https:\/\/mdw.ac.at\/altemusik\/wp-json\/wp\/v2\/pages\/379\/revisions"}],"predecessor-version":[{"id":18555,"href":"https:\/\/mdw.ac.at\/altemusik\/wp-json\/wp\/v2\/pages\/379\/revisions\/18555"}],"up":[{"embeddable":true,"href":"https:\/\/mdw.ac.at\/altemusik\/wp-json\/wp\/v2\/pages\/320"}],"wp:attachment":[{"href":"https:\/\/mdw.ac.at\/altemusik\/wp-json\/wp\/v2\/media?parent=379"}],"curies":[{"name":"wp","href":"https:\/\/api.w.org\/{rel}","templated":true}]}}