{"id":383,"date":"2019-07-08T14:29:33","date_gmt":"2019-07-08T12:29:33","guid":{"rendered":"https:\/\/www.mdw.ac.at\/altemusik\/?page_id=383"},"modified":"2020-11-12T15:10:52","modified_gmt":"2020-11-12T14:10:52","slug":"vb-cembalo","status":"publish","type":"page","link":"https:\/\/mdw.ac.at\/altemusik\/studien\/vorbereitungslehrgang-vb\/vb-cembalo\/","title":{"rendered":"VL Cembalo"},"content":{"rendered":"<div class=\"flex_column av_one_full  flex_column_div av-zero-column-padding first  avia-builder-el-0  el_before_av_three_fifth  avia-builder-el-first  \" style='border-radius:0px; '><section class=\"av_textblock_section \"  itemscope=\"itemscope\" itemtype=\"https:\/\/schema.org\/CreativeWork\" ><div class='avia_textblock  '   itemprop=\"text\" ><h2>VORBEREITUNGSLEHRGANG Cembalo<\/h2>\n<\/div><\/section><\/div>\n<div class=\"flex_column av_three_fifth  flex_column_div av-zero-column-padding first  avia-builder-el-2  el_after_av_one_full  el_before_av_two_fifth  column-top-margin\" style='border-radius:0px; '><section class=\"av_textblock_section \"  itemscope=\"itemscope\" itemtype=\"https:\/\/schema.org\/CreativeWork\" ><div class='avia_textblock  '   itemprop=\"text\" ><p>Der Vorbereitungslehrgang dient der Vorbereitung f\u00fcr das ordentliche Studium, wenn die k\u00fcnstlerische Reife f\u00fcr das ordentliche Studium noch nicht erreicht ist.<\/p>\n<ul>\n<li><strong>Dauer:<\/strong> 6 Semester<\/li>\n<li><strong>Lehrgangsbeitrag:<\/strong> Vorbereitungslehrg\u00e4nge sind geb\u00fchrenfrei.<\/li>\n<li><strong>Voraussetzung:<\/strong> erfolgreiche Zulassungspr\u00fcfung, Mindestalter: vollendetes 15. Lebensjahr (Stichtag: 1. Oktober), H\u00f6chstalter f\u00fcr die Beendigung: vollendetes 19. Lebensjahr (Stichtag: 30. September)<\/li>\n<\/ul>\n<h3>Bewerbung f\u00fcr das Studium<\/h3>\n<ol>\n<li>Im Dokument &#8222;Informationen zur Zulassungspr\u00fcfung&#8220; (Download weiter oben) erfahren Sie, was Sie f\u00fcr die Zulassungspr\u00fcfung vorbereiten m\u00fcssen. Manche Unterlagen wie z. B. das Pr\u00fcfungsprogramm m\u00fcssen Sie bereits bei der Online-Anmeldung hochladen.<\/li>\n<li>Legen Sie sich\u00a0<a href=\"https:\/\/online.mdw.ac.at\/\" target=\"_blank\" rel=\"noopener noreferrer\">auf mdwOnline<\/a>\u00a0einen Bewerber_innen-Account an, wenn Sie nicht schon einen mdwOnline-Account aus einem anderen Studium an der mdw haben.<\/li>\n<li>Klicken Sie in Ihrem Account auf &#8222;Anmeldung zur Zulassungspr\u00fcfung&#8220; und anschlie\u00dfend rechts oben auf &#8222;Bewerbung erfassen&#8220;. Folgen Sie nun den Anweisungen. F\u00fcr Studien, die im Anmeldungsprogramm nicht aufscheinen, ist die Anmeldefrist abgelaufen oder die Anmeldung noch nicht m\u00f6glich!<\/li>\n<li>Wichtig: Wenn Sie Staatsb\u00fcrger_in eines Drittstaates sind (nicht EU\/EWR, Schweiz, Liechtenstein), informieren Sie sich rechtzeitig \u00fcber Einreise- und Aufenthaltsbestimmungen.<\/li>\n<li>Nach der \u00dcberpr\u00fcfung Ihrer Anmeldung werden Sie per E-Mail \u00fcber den zugeteilten Pr\u00fcfungstermin verst\u00e4ndigt.<\/li>\n<li>Legen Sie die Zulassungspr\u00fcfung ab. Denken Sie daran, einen Lichtbildausweis mitzubringen.<\/li>\n<\/ol>\n<h3>Nach der Zulassungspr\u00fcfung<\/h3>\n<ol>\n<li>Das Ergebnis der Zulassungspr\u00fcfung erhalten Sie per E-Mail.<\/li>\n<li>Wenn Sie die Zulassungspr\u00fcfung bestanden haben, m\u00fcssen Sie sich noch inskribieren, um an der mdw studieren zu k\u00f6nnen. Kommen Sie dazu innerhalb der Zulassungsfrist in das StudienCenter und nehmen Sie Ihren Reisepass oder Personalausweis mit.<\/li>\n<li>Die weiteren Schritte erfahren Sie in der\u00a0<a href=\"https:\/\/www.mdw.ac.at\/upload\/MDWeb\/vr-lehre\/downloads\/2020-21StudieneinstiegshilfeDE-BookletA5-v3Web.pdf\" target=\"_blank\" rel=\"noopener noreferrer\">Brosch\u00fcre &#8222;Neu an der mdw?<\/a>&#8222;<\/li>\n<\/ol>\n<\/div><\/section><\/div><div class=\"flex_column av_two_fifth  av-hide-on-mobile  flex_column_div av-zero-column-padding   avia-builder-el-4  el_after_av_three_fifth  el_before_av_hr   column-top-margin\" style='border-radius:0px; '><div class='avia-image-container  av-styling-    avia-builder-el-5  avia-builder-el-no-sibling   avia-align-center '  itemprop=\"image\" itemscope=\"itemscope\" itemtype=\"https:\/\/schema.org\/ImageObject\"  ><div class='avia-image-container-inner'><div class='avia-image-overlay-wrap'><img class='avia_image' src='https:\/\/mdw.ac.at\/altemusik\/blog2\/wp-content\/uploads\/2019\/07\/tibaut-3.jpg' alt='' title='Tibaut Mus\u00e9e de la Musique' height=\"410\" width=\"615\"  itemprop=\"thumbnailUrl\"  \/><\/div><\/div><\/div><\/div><\/p>\n<div style='height:50px' class='hr hr-invisible   avia-builder-el-6  el_after_av_two_fifth  el_before_av_one_full  '><span class='hr-inner ' ><span class='hr-inner-style'><\/span><\/span><\/div>\n<div class=\"flex_column av_one_full  flex_column_div av-zero-column-padding first  avia-builder-el-7  el_after_av_hr  avia-builder-el-last  \" style='border-radius:0px; '><div class='avia-buttonrow-wrap avia-buttonrow-right   avia-builder-el-8  avia-builder-el-no-sibling  '>\n<a href='https:\/\/www.mdw.ac.at\/1408\/?lang=de'  class='avia-button  avia-icon_select-no avia-color-theme-color avia-size-small '  style='margin-bottom:5px; margin-left:5px; ' ><span class='avia_iconbox_title' >Zum Studiencenter<\/span><\/a>\n<a href='https:\/\/mdw.ac.at\/studienplaene\/?stNR=33092&stArt=infozp'  class='avia-button  avia-icon_select-yes-left-icon avia-color-theme-color avia-size-small '  target=\"_blank\"  style='margin-bottom:5px; margin-left:5px; ' ><span class='avia_button_icon avia_button_icon_left ' aria-hidden='true' data-av_icon='\ue82d' data-av_iconfont='entypo-fontello'><\/span><span class='avia_iconbox_title' >Informationen zur Zulassungspr\u00fcfung<\/span><\/a>\n<a href='https:\/\/mdw.ac.at\/studienplaene\/?stNR=33092&stArt=cur'  class='avia-button  avia-icon_select-yes-left-icon avia-color-theme-color avia-size-small '  target=\"_blank\"  style='margin-bottom:5px; margin-left:5px; ' ><span class='avia_button_icon avia_button_icon_left ' aria-hidden='true' data-av_icon='\ue82d' data-av_iconfont='entypo-fontello'><\/span><span class='avia_iconbox_title' >Curriculum<\/span><\/a>\n<\/div><\/div>\n","protected":false},"excerpt":{"rendered":"","protected":false},"author":1,"featured_media":0,"parent":315,"menu_order":0,"comment_status":"closed","ping_status":"closed","template":"","meta":{"_price":"","_stock":"","_tribe_ticket_header":"","_tribe_default_ticket_provider":"","_tribe_ticket_capacity":"","_ticket_start_date":"","_ticket_end_date":"","_tribe_ticket_show_description":"","_tribe_ticket_show_not_going":false,"_tribe_ticket_use_global_stock":"","_tribe_ticket_global_stock_level":"","_global_stock_mode":"","_global_stock_cap":"","_tribe_rsvp_for_event":"","_tribe_ticket_going_count":"","_tribe_ticket_not_going_count":"","_tribe_tickets_list":"[]","_tribe_ticket_has_attendee_info_fields":false,"footnotes":""},"class_list":["post-383","page","type-page","status-publish","hentry"],"_links":{"self":[{"href":"https:\/\/mdw.ac.at\/altemusik\/wp-json\/wp\/v2\/pages\/383","targetHints":{"allow":["GET"]}}],"collection":[{"href":"https:\/\/mdw.ac.at\/altemusik\/wp-json\/wp\/v2\/pages"}],"about":[{"href":"https:\/\/mdw.ac.at\/altemusik\/wp-json\/wp\/v2\/types\/page"}],"author":[{"embeddable":true,"href":"https:\/\/mdw.ac.at\/altemusik\/wp-json\/wp\/v2\/users\/1"}],"replies":[{"embeddable":true,"href":"https:\/\/mdw.ac.at\/altemusik\/wp-json\/wp\/v2\/comments?post=383"}],"version-history":[{"count":24,"href":"https:\/\/mdw.ac.at\/altemusik\/wp-json\/wp\/v2\/pages\/383\/revisions"}],"predecessor-version":[{"id":8381,"href":"https:\/\/mdw.ac.at\/altemusik\/wp-json\/wp\/v2\/pages\/383\/revisions\/8381"}],"up":[{"embeddable":true,"href":"https:\/\/mdw.ac.at\/altemusik\/wp-json\/wp\/v2\/pages\/315"}],"wp:attachment":[{"href":"https:\/\/mdw.ac.at\/altemusik\/wp-json\/wp\/v2\/media?parent=383"}],"curies":[{"name":"wp","href":"https:\/\/api.w.org\/{rel}","templated":true}]}}