{"id":391,"date":"2019-07-08T14:31:35","date_gmt":"2019-07-08T12:31:35","guid":{"rendered":"https:\/\/www.mdw.ac.at\/altemusik\/?page_id=391"},"modified":"2024-04-26T13:16:46","modified_gmt":"2024-04-26T11:16:46","slug":"erich-traxler","status":"publish","type":"page","link":"https:\/\/mdw.ac.at\/altemusik\/lehrende\/erich-traxler\/","title":{"rendered":"Erich TRAXLER"},"content":{"rendered":"<div class=\"flex_column av_two_third  flex_column_div av-zero-column-padding first  avia-builder-el-0  el_before_av_one_third  avia-builder-el-first  \" style='border-radius:0px; '><div class='avia-image-container  av-styling-    avia-builder-el-1  avia-builder-el-no-sibling   avia-align-center '  itemprop=\"image\" itemscope=\"itemscope\" itemtype=\"https:\/\/schema.org\/ImageObject\"  ><div class='avia-image-container-inner'><div class='avia-image-overlay-wrap'><a href=\"https:\/\/mdw.ac.at\/altemusik\/blog2\/wp-content\/uploads\/2019\/07\/Erich-Traxler-l01-5-1030x684.jpg\" class='avia_image'   data-rel=\"lightbox-image-0\" data-rl_title=\"\" data-rl_caption=\"\"><img class='avia_image ' src='https:\/\/mdw.ac.at\/altemusik\/blog2\/wp-content\/uploads\/2019\/07\/Erich-Traxler-l01-5-1030x684.jpg' alt='' title=''  itemprop=\"thumbnailUrl\"  \/><\/a><\/div><\/div><\/div><\/div>\n<div class=\"flex_column av_one_third  flex_column_div av-zero-column-padding   avia-builder-el-2  el_after_av_two_third  el_before_av_one_full  \" style='border-radius:0px; '><\/div>\n<div class=\"flex_column av_one_full  flex_column_div av-zero-column-padding first  avia-builder-el-3  el_after_av_one_third  el_before_av_one_full  column-top-margin\" style='border-radius:0px; '><section class=\"av_textblock_section \"  itemscope=\"itemscope\" itemtype=\"https:\/\/schema.org\/CreativeWork\" ><div class='avia_textblock  '   itemprop=\"text\" ><h2>Erich Traxler<\/h2>\n<\/div><\/section><br \/>\n<section class=\"av_textblock_section \"  itemscope=\"itemscope\" itemtype=\"https:\/\/schema.org\/CreativeWork\" ><div class='avia_textblock  '   itemprop=\"text\" ><h5>Univ.-Prof. f\u00fcr Cembalo<\/h5>\n<\/div><\/section><br \/>\n<div style='height:20px' class='hr hr-invisible   avia-builder-el-6  el_after_av_textblock  el_before_av_textblock  '><span class='hr-inner ' ><span class='hr-inner-style'><\/span><\/span><\/div><br \/>\n<section class=\"av_textblock_section \"  itemscope=\"itemscope\" itemtype=\"https:\/\/schema.org\/CreativeWork\" ><div class='avia_textblock  '   itemprop=\"text\" ><p>Erich Traxler besch\u00e4ftigt sich als Cembalist und Organist vor allem mit der Musik zwischen etwa 1600 und 1800. Sein Hauptaugenmerk bei der Interpretation liegt dabei auf der Ergr\u00fcndung des \u201eMusikalischen Handwerks&#8220; als Basis f\u00fcr das Musikschaffen im Barockzeitalter sowie der unmittelbaren Sprachlichkeit in der Musik bis ins 19. Jahrhundert.<\/p>\n<p>Seine Konzertt\u00e4tigkeit umfasst Auftritte sowohl als Solist auf Cembalo und Orgel als auch als Kammermusiker mit verschiedenen Formationen (u. a. L&#8217;Orfeo Barockorchester, Ars Antiqua Austria, Accentus Austria, Bach Consort Wien, Venice Baroque Orchester, Ensemble saitsiing, musica novantica vienna, Ensemble Castor). Bisherige Tourneen f\u00fchrten ihn in die meisten L\u00e4nder Europas sowie in die USA, S\u00fcdamerika, S\u00fcdafrika und Japan. Zahlreiche CD- und Rundfunkaufnahmen (ORF, Gramola, WDR, O\u00d6. Orgellandschaft) dokumentieren seine T\u00e4tigkeit.<\/p>\n<p>Erich Traxler erhielt seine musikalische Ausbildung in Linz und Wien u. a. bei Michael Radulescu, August Humer, Wolfgang Gl\u00fcxam, Gordon Murray, Brett Leighton und Augusta Campagne. Ein postgraduales Studium f\u00fchrte ihn nach Basel an die Schola Cantorum Basiliensis, wo er wichtige Impulse von Musikern wie Andrea Marcon, Wolfgang Zerer, Jean-Claude Zehnder sowie Jesper Christensen bekam.<\/p>\n<p>Als Organist gewann er 1. Preise bei internationalen Wettbewerben f\u00fcr Orgel (Goldrain\/I 2003, Bochum\/ D 2005).<\/p>\n<p>Seit 2013 ist Erich Traxler Professor f\u00fcr Cembalo an der Konservatorium Wien Privatuniversit\u00e4t. Er unterrichtete bei Meisterkursen in Belgrad, der Notre Dame University, USA sowie an der Universit\u00e4t Stellenbosch in S\u00fcdafrika. Seit M\u00e4rz 2018 lehrt er als Professor f\u00fcr Cembalo an der Universit\u00e4t f\u00fcr Musik und darstellende Kunst Wien.<\/p>\n<\/div><\/section><\/p><\/div><div class=\"flex_column av_one_full  flex_column_div av-zero-column-padding first  avia-builder-el-8  el_after_av_one_full  avia-builder-el-last  column-top-margin\" style='border-radius:0px; '><div class='avia-buttonrow-wrap avia-buttonrow-right   avia-builder-el-9  avia-builder-el-no-sibling  '>\n<a href='https:\/\/online.mdw.ac.at\/mdw_online\/visitenkarte.show_vcard?pPersonenId=C6943C754774DB14&pPersonenGruppe=3'  class='avia-button  avia-icon_select-no avia-color-theme-color avia-size-small '  target=\"_blank\"  style='margin-bottom:5px; margin-left:5px; ' ><span class='avia_iconbox_title' >Visitenkarte<\/span><\/a>\n<a href='https:\/\/online.mdw.ac.at\/mdw_online\/wblvangebot.wbshowlvoffer?ppersonnr=23669'  class='avia-button  avia-icon_select-no avia-color-theme-color avia-size-small '  target=\"_blank\"  style='margin-bottom:5px; margin-left:5px; ' ><span class='avia_iconbox_title' >Lehrveranstaltungen<\/span><\/a>\n<\/div><\/div><\/p>\n","protected":false},"excerpt":{"rendered":"","protected":false},"author":1,"featured_media":0,"parent":257,"menu_order":0,"comment_status":"closed","ping_status":"closed","template":"","meta":{"_price":"","_stock":"","_tribe_ticket_header":"","_tribe_default_ticket_provider":"","_tribe_ticket_capacity":"","_ticket_start_date":"","_ticket_end_date":"","_tribe_ticket_show_description":"","_tribe_ticket_show_not_going":false,"_tribe_ticket_use_global_stock":"","_tribe_ticket_global_stock_level":"","_global_stock_mode":"","_global_stock_cap":"","_tribe_rsvp_for_event":"","_tribe_ticket_going_count":"","_tribe_ticket_not_going_count":"","_tribe_tickets_list":"[]","_tribe_ticket_has_attendee_info_fields":false,"footnotes":""},"class_list":["post-391","page","type-page","status-publish","hentry"],"_links":{"self":[{"href":"https:\/\/mdw.ac.at\/altemusik\/wp-json\/wp\/v2\/pages\/391","targetHints":{"allow":["GET"]}}],"collection":[{"href":"https:\/\/mdw.ac.at\/altemusik\/wp-json\/wp\/v2\/pages"}],"about":[{"href":"https:\/\/mdw.ac.at\/altemusik\/wp-json\/wp\/v2\/types\/page"}],"author":[{"embeddable":true,"href":"https:\/\/mdw.ac.at\/altemusik\/wp-json\/wp\/v2\/users\/1"}],"replies":[{"embeddable":true,"href":"https:\/\/mdw.ac.at\/altemusik\/wp-json\/wp\/v2\/comments?post=391"}],"version-history":[{"count":12,"href":"https:\/\/mdw.ac.at\/altemusik\/wp-json\/wp\/v2\/pages\/391\/revisions"}],"predecessor-version":[{"id":15246,"href":"https:\/\/mdw.ac.at\/altemusik\/wp-json\/wp\/v2\/pages\/391\/revisions\/15246"}],"up":[{"embeddable":true,"href":"https:\/\/mdw.ac.at\/altemusik\/wp-json\/wp\/v2\/pages\/257"}],"wp:attachment":[{"href":"https:\/\/mdw.ac.at\/altemusik\/wp-json\/wp\/v2\/media?parent=391"}],"curies":[{"name":"wp","href":"https:\/\/api.w.org\/{rel}","templated":true}]}}