{"id":396,"date":"2019-07-08T14:33:11","date_gmt":"2019-07-08T12:33:11","guid":{"rendered":"https:\/\/www.mdw.ac.at\/altemusik\/?page_id=396"},"modified":"2026-02-26T12:48:05","modified_gmt":"2026-02-26T11:48:05","slug":"ma-cembalo-igp","status":"publish","type":"page","link":"https:\/\/mdw.ac.at\/altemusik\/studien\/master-ma\/ma-cembalo-igp\/","title":{"rendered":"MA IGP Cembalo"},"content":{"rendered":"<div class=\"flex_column av_one_full  flex_column_div av-zero-column-padding first  avia-builder-el-0  el_before_av_three_fifth  avia-builder-el-first  \" style='border-radius:0px; '><section class=\"av_textblock_section \"  itemscope=\"itemscope\" itemtype=\"https:\/\/schema.org\/CreativeWork\" ><div class='avia_textblock  '   itemprop=\"text\" ><h2>CEMBALO INSTRUMENTAL &#8211; UND GESANGSP\u00c4DAGOGIK<\/h2>\n<\/div><\/section><br \/>\n<section class=\"av_textblock_section \"  itemscope=\"itemscope\" itemtype=\"https:\/\/schema.org\/CreativeWork\" ><div class='avia_textblock  '   itemprop=\"text\" ><h3>Masterstudium<\/h3>\n<\/div><\/section><\/p><\/div><div class=\"flex_column av_three_fifth  av-hide-on-mobile  flex_column_div av-zero-column-padding first  avia-builder-el-3  el_after_av_one_full  el_before_av_two_fifth   column-top-margin\" style='border-radius:0px; '><div class='avia-image-container  av-styling-    avia-builder-el-4  avia-builder-el-no-sibling   avia-align-center '  itemprop=\"image\" itemscope=\"itemscope\" itemtype=\"https:\/\/schema.org\/ImageObject\"  ><div class='avia-image-container-inner'><div class='avia-image-overlay-wrap'><img class='avia_image' src='https:\/\/mdw.ac.at\/altemusik\/blog2\/wp-content\/uploads\/2019\/07\/denis-1-1030x1003.jpg' alt='' title='BA Cembalo IGP' height=\"1003\" width=\"1030\"  itemprop=\"thumbnailUrl\"  \/><\/div><\/div><\/div><\/div><div class=\"flex_column av_two_fifth  flex_column_div av-zero-column-padding   avia-builder-el-5  el_after_av_three_fifth  el_before_av_one_full  column-top-margin\" style='border-radius:0px; '><section class=\"av_textblock_section \"  itemscope=\"itemscope\" itemtype=\"https:\/\/schema.org\/CreativeWork\" ><div class='avia_textblock  '   itemprop=\"text\" ><h3>Zulassungspr\u00fcfung<\/h3>\n<p>Informationen zum Termin finden Sie <a href=\"https:\/\/www.mdw.ac.at\/stdmp\/igp-ba-zulassung\/\">HIER<\/a><\/p>\n<\/div><\/section><br \/>\n<div style='height:20px' class='hr hr-invisible   avia-builder-el-7  el_after_av_textblock  el_before_av_buttonrow  '><span class='hr-inner ' ><span class='hr-inner-style'><\/span><\/span><\/div><br \/>\n<div class='avia-buttonrow-wrap avia-buttonrow-left   avia-builder-el-8  el_after_av_hr  avia-builder-el-last  '>\n<a href='https:\/\/www.mdw.ac.at\/1356\/?lang=de'  class='avia-button  avia-icon_select-no avia-color-theme-color avia-size-small '  style='margin-bottom:5px; margin-right:5px; ' ><span class='avia_iconbox_title' >Zum Studiencenter<\/span><\/a>\n<a href='https:\/\/mdw.ac.at\/studienplaene\/?stNR=32941&stArt=infozp'  class='avia-button  avia-icon_select-yes-left-icon avia-color-theme-color avia-size-small '  target=\"_blank\"  style='margin-bottom:5px; margin-right:5px; ' ><span class='avia_button_icon avia_button_icon_left ' aria-hidden='true' data-av_icon='\ue82d' data-av_iconfont='entypo-fontello'><\/span><span class='avia_iconbox_title' >Informationen zur Zulassungspr\u00fcfung<\/span><\/a>\n<a href='https:\/\/mdw.ac.at\/studienplaene\/?stNR=32941&stArt=cur'  class='avia-button  avia-icon_select-yes-left-icon avia-color-theme-color avia-size-small '  target=\"_blank\"  style='margin-bottom:5px; margin-right:5px; ' ><span class='avia_button_icon avia_button_icon_left ' aria-hidden='true' data-av_icon='\ue82d' data-av_iconfont='entypo-fontello'><\/span><span class='avia_iconbox_title' >Curriculum<\/span><\/a>\n<a href='https:\/\/mdw.ac.at\/altemusik\/blog2\/wp-content\/uploads\/2023\/06\/ZLP-alle-Cembalostudien-v5.pdf'  class='avia-button  avia-icon_select-no avia-color-theme-color avia-size-small '  style='margin-bottom:5px; margin-right:5px; ' ><span class='avia_iconbox_title' >ZP-Bedingungen<\/span><\/a>\n<\/div><\/p><\/div><div class=\"flex_column av_one_full  flex_column_div av-zero-column-padding first  avia-builder-el-9  el_after_av_two_fifth  el_before_av_three_fifth  \" style='border-radius:0px; '><div style='height:20px' class='hr hr-invisible   avia-builder-el-10  avia-builder-el-no-sibling  '><span class='hr-inner ' ><span class='hr-inner-style'><\/span><\/span><\/div><\/div><\/p>\n<div class=\"flex_column av_three_fifth  flex_column_div av-zero-column-padding first  avia-builder-el-11  el_after_av_one_full  el_before_av_two_fifth  column-top-margin\" style='border-radius:0px; '><section class=\"av_textblock_section \"  itemscope=\"itemscope\" itemtype=\"https:\/\/schema.org\/CreativeWork\" ><div class='avia_textblock  '   itemprop=\"text\" ><ul>\n<li class=\"varPaed\">Dauer: 4 Semester<\/li>\n<li class=\"varPaed\">Abschluss: Master of Arts (MA)<\/li>\n<li class=\"varPaed\">Voraussetzung: erfolgreiche Zulassungspr\u00fcfung, abgeschlossenes k\u00fcnstlerisch-p\u00e4dagogisches Bachelorstudium oder anderes gleichwertiges Studium<\/li>\n<\/ul>\n<\/div><\/section><\/div><div class=\"flex_column av_two_fifth  flex_column_div av-zero-column-padding   avia-builder-el-13  el_after_av_three_fifth  el_before_av_three_fifth  column-top-margin\" style='border-radius:0px; '><\/div><\/p>\n<div class=\"flex_column av_three_fifth  flex_column_div av-zero-column-padding first  avia-builder-el-14  el_after_av_two_fifth  avia-builder-el-last  \" style='border-radius:0px; '><p><div style='height:20px' class='hr hr-invisible   avia-builder-el-15  el_before_av_textblock  avia-builder-el-first  '><span class='hr-inner ' ><span class='hr-inner-style'><\/span><\/span><\/div><br \/>\n<section class=\"av_textblock_section \"  itemscope=\"itemscope\" itemtype=\"https:\/\/schema.org\/CreativeWork\" ><div class='avia_textblock  '   itemprop=\"text\" ><p><span style=\"font-family: Arial, sans-serif;\">Ziel des Masterstudiums ist die Heranbildung von hochqualifizierten Instrumental(Gesangs)p\u00e4dagog_innen. Die Absolvent_innen sollen f\u00e4hig sein, den sich wandelnden Anforderungen der Berufspraxis gerecht zu werden. Ausbildungsziel ist insbesondere die Weiterentwicklung der technischen und interpretatorischen F\u00e4higkeiten im gew\u00e4hlten Instrument (Gesang), sowie die F\u00e4higkeit zur selbst\u00e4ndigen k\u00fcnstlerisch-wissenschaftlichen bzw. k\u00fcnstlerisch-p\u00e4dagogischen Arbeit. Unter Ber\u00fccksichtigung bereits vorhandener beruflicher Praxis der Studierenden und in Anerkennung informeller Lernleistungen wird das Masterstudium Instrumental(Gesangs)p\u00e4dagogik auch in projektorientierten Varianten angeboten. In den Projektvarianten der Studienrichtung sollen besondere F\u00e4higkeiten zur Planung und Durchf\u00fchrung von k\u00fcnstlerischen, wissenschaftlichen und p\u00e4dagogischen Projekten sowie deren Mischformen erworben werden.<\/span><\/p>\n<\/div><\/section><\/p><\/div>\n","protected":false},"excerpt":{"rendered":"","protected":false},"author":1,"featured_media":0,"parent":324,"menu_order":0,"comment_status":"closed","ping_status":"closed","template":"","meta":{"_price":"","_stock":"","_tribe_ticket_header":"","_tribe_default_ticket_provider":"","_tribe_ticket_capacity":"","_ticket_start_date":"","_ticket_end_date":"","_tribe_ticket_show_description":"","_tribe_ticket_show_not_going":false,"_tribe_ticket_use_global_stock":"","_tribe_ticket_global_stock_level":"","_global_stock_mode":"","_global_stock_cap":"","_tribe_rsvp_for_event":"","_tribe_ticket_going_count":"","_tribe_ticket_not_going_count":"","_tribe_tickets_list":"[]","_tribe_ticket_has_attendee_info_fields":false,"footnotes":""},"class_list":["post-396","page","type-page","status-publish","hentry"],"_links":{"self":[{"href":"https:\/\/mdw.ac.at\/altemusik\/wp-json\/wp\/v2\/pages\/396","targetHints":{"allow":["GET"]}}],"collection":[{"href":"https:\/\/mdw.ac.at\/altemusik\/wp-json\/wp\/v2\/pages"}],"about":[{"href":"https:\/\/mdw.ac.at\/altemusik\/wp-json\/wp\/v2\/types\/page"}],"author":[{"embeddable":true,"href":"https:\/\/mdw.ac.at\/altemusik\/wp-json\/wp\/v2\/users\/1"}],"replies":[{"embeddable":true,"href":"https:\/\/mdw.ac.at\/altemusik\/wp-json\/wp\/v2\/comments?post=396"}],"version-history":[{"count":37,"href":"https:\/\/mdw.ac.at\/altemusik\/wp-json\/wp\/v2\/pages\/396\/revisions"}],"predecessor-version":[{"id":18559,"href":"https:\/\/mdw.ac.at\/altemusik\/wp-json\/wp\/v2\/pages\/396\/revisions\/18559"}],"up":[{"embeddable":true,"href":"https:\/\/mdw.ac.at\/altemusik\/wp-json\/wp\/v2\/pages\/324"}],"wp:attachment":[{"href":"https:\/\/mdw.ac.at\/altemusik\/wp-json\/wp\/v2\/media?parent=396"}],"curies":[{"name":"wp","href":"https:\/\/api.w.org\/{rel}","templated":true}]}}