{"id":400,"date":"2019-07-08T14:37:28","date_gmt":"2019-07-08T12:37:28","guid":{"rendered":"https:\/\/www.mdw.ac.at\/altemusik\/?page_id=400"},"modified":"2026-02-26T12:43:22","modified_gmt":"2026-02-26T11:43:22","slug":"ma-cembalo","status":"publish","type":"page","link":"https:\/\/mdw.ac.at\/altemusik\/studien\/master-ma\/ma-cembalo\/","title":{"rendered":"MA Cembalo"},"content":{"rendered":"<div class=\"flex_column av_one_full  flex_column_div av-zero-column-padding first  avia-builder-el-0  el_before_av_three_fifth  avia-builder-el-first  \" style='border-radius:0px; '><section class=\"av_textblock_section \"  itemscope=\"itemscope\" itemtype=\"https:\/\/schema.org\/CreativeWork\" ><div class='avia_textblock  '   itemprop=\"text\" ><h2>Cembalo Konzertfach<\/h2>\n<h3>Masterstudium<\/h3>\n<\/div><\/section><\/div>\n<div class=\"flex_column av_three_fifth  av-hide-on-mobile  flex_column_div av-zero-column-padding first  avia-builder-el-2  el_after_av_one_full  el_before_av_two_fifth   column-top-margin\" style='border-radius:0px; '><div class='avia-image-container  av-styling-  av-has-copyright av-copyright-icon-reveal   avia-builder-el-3  avia-builder-el-no-sibling   avia-align-center '  itemprop=\"image\" itemscope=\"itemscope\" itemtype=\"https:\/\/schema.org\/ImageObject\"  ><div class='avia-image-container-inner'><div class='avia-image-overlay-wrap'><a href=\"https:\/\/mdw.ac.at\/altemusik\/blog2\/wp-content\/uploads\/2020\/03\/AMI-Er\u00f6ffnung-by-Theresa-Pewal-171-1030x687.jpg\" class='avia_image'   data-rel=\"lightbox-image-0\" data-rl_title=\"\" data-rl_caption=\"\"><img class='avia_image ' src='https:\/\/mdw.ac.at\/altemusik\/blog2\/wp-content\/uploads\/2020\/03\/AMI-Er\u00f6ffnung-by-Theresa-Pewal-171-1030x687.jpg' alt='' title=''  itemprop=\"thumbnailUrl\"  \/><\/a><\/div><small class='avia-copyright'>\u00a9 2020 Theresa Pewal<\/small><\/div><\/div><\/div>\n<div class=\"flex_column av_two_fifth  flex_column_div av-zero-column-padding   avia-builder-el-4  el_after_av_three_fifth  el_before_av_one_full  column-top-margin\" style='border-radius:0px; '><section class=\"av_textblock_section \"  itemscope=\"itemscope\" itemtype=\"https:\/\/schema.org\/CreativeWork\" ><div class='avia_textblock  '   itemprop=\"text\" ><h3>Zulassungspr\u00fcfung WiSe 2026\/27: 16.06.2025<\/h3>\n<p>Anmeldezeitraum: 04.03.2026 bis 20.05.2026<\/p>\n<\/div><\/section><br \/>\n<div style='height:20px' class='hr hr-invisible   avia-builder-el-6  el_after_av_textblock  el_before_av_buttonrow  '><span class='hr-inner ' ><span class='hr-inner-style'><\/span><\/span><\/div><br \/>\n<div class='avia-buttonrow-wrap avia-buttonrow-left   avia-builder-el-7  el_after_av_hr  avia-builder-el-last  '>\n<a href='https:\/\/www.mdw.ac.at\/1262\/?lang=de'  class='avia-button  avia-icon_select-no avia-color-theme-color avia-size-small '  target=\"_blank\"  style='margin-bottom:5px; margin-right:5px; ' ><span class='avia_iconbox_title' >Zum Studiencenter<\/span><\/a>\n<a href='https:\/\/mdw.ac.at\/studienplaene\/?stNR=33411&stArt=infozp'  class='avia-button  avia-icon_select-yes-left-icon avia-color-theme-color avia-size-small '  target=\"_blank\"  style='margin-bottom:5px; margin-right:5px; ' ><span class='avia_button_icon avia_button_icon_left ' aria-hidden='true' data-av_icon='\ue82d' data-av_iconfont='entypo-fontello'><\/span><span class='avia_iconbox_title' >Informationen zur Zulassungspr\u00fcfung<\/span><\/a>\n<a href='https:\/\/mdw.ac.at\/studienplaene\/?stNR=33411&stArt=cur'  class='avia-button  avia-icon_select-yes-left-icon avia-color-theme-color avia-size-small '  target=\"_blank\"  style='margin-bottom:5px; margin-right:5px; ' ><span class='avia_button_icon avia_button_icon_left ' aria-hidden='true' data-av_icon='\ue82d' data-av_iconfont='entypo-fontello'><\/span><span class='avia_iconbox_title' >Curriculum<\/span><\/a>\n<\/div><\/p><\/div>\n<div class=\"flex_column av_one_full  flex_column_div av-zero-column-padding first  avia-builder-el-8  el_after_av_two_fifth  el_before_av_three_fifth  \" style='border-radius:0px; '><div style='height:20px' class='hr hr-invisible   avia-builder-el-9  avia-builder-el-no-sibling  '><span class='hr-inner ' ><span class='hr-inner-style'><\/span><\/span><\/div><\/div>\n<div class=\"flex_column av_three_fifth  flex_column_div av-zero-column-padding first  avia-builder-el-10  el_after_av_one_full  el_before_av_two_fifth  column-top-margin\" style='border-radius:0px; '><section class=\"av_textblock_section \"  itemscope=\"itemscope\" itemtype=\"https:\/\/schema.org\/CreativeWork\" ><div class='avia_textblock  '   itemprop=\"text\" ><ul>\n<li class=\"varMusik\">Dauer: 4 Semester<\/li>\n<li class=\"varMusik\">Abschluss: Master of Arts (MA)<\/li>\n<li class=\"varMusik\">Voraussetzung: erfolgreiche Zulassungspr\u00fcfung, abgeschlossenes fachlich in Frage kommendes Bachelor- oder Diplomstudium, Nachweis der Deutschkenntnisse siehe &#8222;Informationen zur Zulassungspr\u00fcfung&#8220;<\/li>\n<\/ul>\n<\/div><\/section><\/div>\n<div class=\"flex_column av_two_fifth  flex_column_div av-zero-column-padding   avia-builder-el-12  el_after_av_three_fifth  el_before_av_three_fifth  column-top-margin\" style='border-radius:0px; '><\/div>\n<div class=\"flex_column av_three_fifth  flex_column_div av-zero-column-padding first  avia-builder-el-13  el_after_av_two_fifth  avia-builder-el-last  \" style='border-radius:0px; '><section class=\"av_textblock_section \"  itemscope=\"itemscope\" itemtype=\"https:\/\/schema.org\/CreativeWork\" ><div class='avia_textblock  '   itemprop=\"text\" ><p>Gegenstand des ordentlichen Studiums ist die praxisorientierte und wissenschaftlich fundierte Berufsausbildung zur_zum Cembalist_in auf Basis der im Bachelorstudium gewonnenen cembalistischen Kompetenzen. Das flexible Masterstudium bietet Cembalist_innen die M\u00f6glichkeit, sich entsprechend ihren pers\u00f6nlichen Interessen und Begabungen zu spezialisieren. Dabei kommt der Erarbeitung selbstst\u00e4ndiger Interpretationswege gro\u00dfe Bedeutung zu.<\/p>\n<p>Es gibt zwei zentrale k\u00fcnstlerische F\u00e4cher (Cembalo und Generalbass), die von den Studierenden als \u201eMajor\u201c, vertiefendes zentrales k\u00fcnstlerisches Fach (2 Wochenstunden) oder als \u201eMinor\u201c, erg\u00e4nzendes zentrales k\u00fcnstlerisches Fach (1 Wochenstunde) zu w\u00e4hlen sind.<\/p>\n<p>Neben der fachlichen Ausbildung hat das Studium die Entwicklung einer individuellen k\u00fcnstlerischen Pers\u00f6nlichkeit zu unterst\u00fctzen.<\/p>\n<p>Durch die Erweiterung des Repertoires, Vertiefung in musikalischen Gebieten sowie Reflexion k\u00fcnstlerischer oder k\u00fcnstlerisch-wissenschaftlicher Ph\u00e4nomene als Bestandteil der k\u00fcnstlerischen oder wissenschaftlichen Masterarbeit werden eine Spezialisierung und hohe k\u00fcnstlerische Reife erlangt.<\/p>\n<\/div><\/section><\/div>\n","protected":false},"excerpt":{"rendered":"","protected":false},"author":1,"featured_media":0,"parent":324,"menu_order":0,"comment_status":"closed","ping_status":"closed","template":"","meta":{"_price":"","_stock":"","_tribe_ticket_header":"","_tribe_default_ticket_provider":"","_tribe_ticket_capacity":"","_ticket_start_date":"","_ticket_end_date":"","_tribe_ticket_show_description":"","_tribe_ticket_show_not_going":false,"_tribe_ticket_use_global_stock":"","_tribe_ticket_global_stock_level":"","_global_stock_mode":"","_global_stock_cap":"","_tribe_rsvp_for_event":"","_tribe_ticket_going_count":"","_tribe_ticket_not_going_count":"","_tribe_tickets_list":"[]","_tribe_ticket_has_attendee_info_fields":false,"footnotes":""},"class_list":["post-400","page","type-page","status-publish","hentry"],"_links":{"self":[{"href":"https:\/\/mdw.ac.at\/altemusik\/wp-json\/wp\/v2\/pages\/400","targetHints":{"allow":["GET"]}}],"collection":[{"href":"https:\/\/mdw.ac.at\/altemusik\/wp-json\/wp\/v2\/pages"}],"about":[{"href":"https:\/\/mdw.ac.at\/altemusik\/wp-json\/wp\/v2\/types\/page"}],"author":[{"embeddable":true,"href":"https:\/\/mdw.ac.at\/altemusik\/wp-json\/wp\/v2\/users\/1"}],"replies":[{"embeddable":true,"href":"https:\/\/mdw.ac.at\/altemusik\/wp-json\/wp\/v2\/comments?post=400"}],"version-history":[{"count":51,"href":"https:\/\/mdw.ac.at\/altemusik\/wp-json\/wp\/v2\/pages\/400\/revisions"}],"predecessor-version":[{"id":18557,"href":"https:\/\/mdw.ac.at\/altemusik\/wp-json\/wp\/v2\/pages\/400\/revisions\/18557"}],"up":[{"embeddable":true,"href":"https:\/\/mdw.ac.at\/altemusik\/wp-json\/wp\/v2\/pages\/324"}],"wp:attachment":[{"href":"https:\/\/mdw.ac.at\/altemusik\/wp-json\/wp\/v2\/media?parent=400"}],"curies":[{"name":"wp","href":"https:\/\/api.w.org\/{rel}","templated":true}]}}