{"id":404,"date":"2019-07-08T14:38:55","date_gmt":"2019-07-08T12:38:55","guid":{"rendered":"https:\/\/www.mdw.ac.at\/altemusik\/?page_id=404"},"modified":"2026-02-26T12:56:42","modified_gmt":"2026-02-26T11:56:42","slug":"mahap","status":"publish","type":"page","link":"https:\/\/mdw.ac.at\/altemusik\/studien\/master-ma\/mahap\/","title":{"rendered":"MA Alte Musik"},"content":{"rendered":"<div class=\"flex_column av_one_full  flex_column_div av-zero-column-padding first  avia-builder-el-0  el_before_av_three_fifth  avia-builder-el-first  \" style='border-radius:0px; '><section class=\"av_textblock_section \"  itemscope=\"itemscope\" itemtype=\"https:\/\/schema.org\/CreativeWork\" ><div class='avia_textblock  '   itemprop=\"text\" ><h2>Alte Musik<\/h2>\n<h3>Masterstudium<\/h3>\n<\/div><\/section><br \/>\n<div style='height:20px' class='hr hr-invisible   avia-builder-el-2  el_after_av_textblock  el_before_av_masonry_gallery  avia-builder-el-last  '><span class='hr-inner ' ><span class='hr-inner-style'><\/span><\/span><\/div><br \/>\n<div id='av-masonry-1' class='av-masonry  noHover av-fixed-size av-large-gap av-hover-overlay- av-masonry-animation-active av-masonry-col-3 av-caption-always av-caption-style- av-masonry-gallery     '  ><div class='av-masonry-container isotope av-js-disabled ' ><div class='av-masonry-entry isotope-item av-masonry-item-no-image '><\/div><div id='av-masonry-1-item-6935' data-av-masonry-item='6935' class='av-masonry-entry isotope-item post-6935 attachment type-attachment status-inherit hentry  av-masonry-item-with-image av-grid-img'   itemprop=\"thumbnailUrl\" ><div class='av-inner-masonry-sizer'><\/div><figure class='av-inner-masonry main_color'><div class=\"av-masonry-outerimage-container\"><div class=\"av-masonry-image-container\" style=\"background-image: url(https:\/\/mdw.ac.at\/altemusik\/blog2\/wp-content\/uploads\/2020\/03\/AMI-Er\u00f6ffnung-by-Theresa-Pewal-98-705x470.jpg);\" title=\"Einf\u00fchrungswoche SoSe20 #98\" ><\/div><\/div><\/figure><\/div><!--end av-masonry entry--><div id='av-masonry-1-item-6855' data-av-masonry-item='6855' class='av-masonry-entry isotope-item post-6855 attachment type-attachment status-inherit hentry  av-masonry-item-with-image av-grid-img'   itemprop=\"thumbnailUrl\" ><div class='av-inner-masonry-sizer'><\/div><figure class='av-inner-masonry main_color'><div class=\"av-masonry-outerimage-container\"><div class=\"av-masonry-image-container\" style=\"background-image: url(https:\/\/mdw.ac.at\/altemusik\/blog2\/wp-content\/uploads\/2020\/03\/AMI-Er\u00f6ffnung-by-Theresa-Pewal-160-705x470.jpg);\" title=\"Einf\u00fchrungswoche SoSe20 #160\" ><\/div><\/div><\/figure><\/div><!--end av-masonry entry--><div id='av-masonry-1-item-6861' data-av-masonry-item='6861' class='av-masonry-entry isotope-item post-6861 attachment type-attachment status-inherit hentry  av-masonry-item-with-image av-grid-img'   itemprop=\"thumbnailUrl\" ><div class='av-inner-masonry-sizer'><\/div><figure class='av-inner-masonry main_color'><div class=\"av-masonry-outerimage-container\"><div class=\"av-masonry-image-container\" style=\"background-image: url(https:\/\/mdw.ac.at\/altemusik\/blog2\/wp-content\/uploads\/2020\/03\/AMI-Er\u00f6ffnung-by-Theresa-Pewal-197-705x470.jpg);\" title=\"Einf\u00fchrungswoche SoSe20 #197\" ><\/div><\/div><\/figure><\/div><!--end av-masonry entry--><div id='av-masonry-1-item-6940' data-av-masonry-item='6940' class='av-masonry-entry isotope-item post-6940 attachment type-attachment status-inherit hentry  av-masonry-item-with-image av-grid-img'   itemprop=\"thumbnailUrl\" ><div class='av-inner-masonry-sizer'><\/div><figure class='av-inner-masonry main_color'><div class=\"av-masonry-outerimage-container\"><div class=\"av-masonry-image-container\" style=\"background-image: url(https:\/\/mdw.ac.at\/altemusik\/blog2\/wp-content\/uploads\/2020\/03\/AMI-Er\u00f6ffnung-by-Theresa-Pewal-32-705x470.jpg);\" title=\"Einf\u00fchrungswoche SoSe20 #32\" ><\/div><\/div><\/figure><\/div><!--end av-masonry entry--><div id='av-masonry-1-item-1006' data-av-masonry-item='1006' class='av-masonry-entry isotope-item post-1006 attachment type-attachment status-inherit hentry  av-masonry-item-with-image av-grid-img'   itemprop=\"thumbnailUrl\" ><div class='av-inner-masonry-sizer'><\/div><figure class='av-inner-masonry main_color'><div class=\"av-masonry-outerimage-container\"><div class=\"av-masonry-image-container\" style=\"background-image: url(https:\/\/mdw.ac.at\/altemusik\/blog2\/wp-content\/uploads\/2019\/07\/viole-578x705.jpg);\"><\/div><\/div><\/figure><\/div><!--end av-masonry entry--><a href=\"https:\/\/mdw.ac.at\/altemusik\/studien\/master-ma\/mahap\/\" id='av-masonry-1-item-590' data-av-masonry-item='590' class='av-masonry-entry isotope-item post-590 attachment type-attachment status-inherit hentry  av-masonry-item-with-image av-grid-img' title=\"\"  itemprop=\"thumbnailUrl\" ><div class='av-inner-masonry-sizer'><\/div><figure class='av-inner-masonry main_color'><div class=\"av-masonry-outerimage-container\"><div class=\"av-masonry-image-container\" style=\"background-image: url(https:\/\/mdw.ac.at\/altemusik\/blog2\/wp-content\/uploads\/2019\/07\/regnier-705x443.jpg);\"><\/div><\/div><\/figure><\/a><!--end av-masonry entry--><\/div><\/div><br \/>\n<div style='height:20px' class='hr hr-invisible   avia-builder-el-4  el_after_av_masonry_gallery  avia-builder-el-no-sibling  '><span class='hr-inner ' ><span class='hr-inner-style'><\/span><\/span><\/div><\/p><\/div><div class=\"flex_column av_three_fifth  flex_column_div av-zero-column-padding first  avia-builder-el-5  el_after_av_one_full  el_before_av_two_fifth  column-top-margin\" style='border-radius:0px; '><section class=\"av_textblock_section \"  itemscope=\"itemscope\" itemtype=\"https:\/\/schema.org\/CreativeWork\" ><div class='avia_textblock  '   itemprop=\"text\" ><h3><strong>Zulassungspr\u00fcfung WiSe 2026: 17.06.2026<\/strong><\/h3>\n<p>Anmeldezeitraum: 04.03.2026 bis 20.05.2026<\/p>\n<\/div><\/section><\/div><div class=\"flex_column av_two_fifth  flex_column_div av-zero-column-padding   avia-builder-el-7  el_after_av_three_fifth  el_before_av_three_fifth  column-top-margin\" style='border-radius:0px; '><div class='avia-buttonrow-wrap avia-buttonrow-left   avia-builder-el-8  avia-builder-el-no-sibling  '>\n<a href='https:\/\/www.mdw.ac.at\/1283\/?lang=de'  class='avia-button  avia-icon_select-no avia-color-theme-color avia-size-small '  style='margin-bottom:5px; margin-right:5px; ' ><span class='avia_iconbox_title' >Zum Studiencenter<\/span><\/a>\n<a href='https:\/\/mdw.ac.at\/altemusik\/blog2\/wp-content\/uploads\/2026\/02\/zp_info_ma_alte_musik_26W_deu_2026-02-16.pdf'  class='avia-button  avia-icon_select-yes-left-icon avia-color-theme-color avia-size-small '  target=\"_blank\"  style='margin-bottom:5px; margin-right:5px; ' ><span class='avia_button_icon avia_button_icon_left ' aria-hidden='true' data-av_icon='\ue82d' data-av_iconfont='entypo-fontello'><\/span><span class='avia_iconbox_title' >Informationen zur Zulassungspr\u00fcfung<\/span><\/a>\n<a href='https:\/\/mdw.ac.at\/studienplaene\/?stNR=33670&stArt=cur'  class='avia-button  avia-icon_select-yes-left-icon avia-color-theme-color avia-size-small '  target=\"_blank\"  style='margin-bottom:5px; margin-right:5px; ' ><span class='avia_button_icon avia_button_icon_left ' aria-hidden='true' data-av_icon='\ue82d' data-av_iconfont='entypo-fontello'><\/span><span class='avia_iconbox_title' >Curriculum<\/span><\/a>\n<\/div><\/div><\/p>\n<div class=\"flex_column av_three_fifth  flex_column_div av-zero-column-padding first  avia-builder-el-9  el_after_av_two_fifth  el_before_av_two_fifth  \" style='border-radius:0px; '><section class=\"av_textblock_section \"  itemscope=\"itemscope\" itemtype=\"https:\/\/schema.org\/CreativeWork\" ><div class='avia_textblock  '   itemprop=\"text\" ><h5>\u00dcberblick<\/h5>\n<ul>\n<li class=\"varMusik\">Dauer: 4 Semester<\/li>\n<li class=\"varMusik\">Abschluss: Master of Arts (MA)<\/li>\n<li class=\"varMusik\">Voraussetzung: erfolgreiche Zulassungspr\u00fcfung, abgeschlossenes fachlich in Frage kommendes Bachelor- oder Diplomstudium, Nachweis der Deutschkenntnisse siehe &#8222;Informationen zur Zulassungspr\u00fcfung&#8220;<\/li>\n<li>Hinweis: Ab dem 01.10.2026 gilt das neue Master-Curriculum Alte Musik (Version 26W)<\/li>\n<\/ul>\n<p>Das Masterstudium Alte Musik an der Universit\u00e4t f\u00fcr Musik und darstellende Kunst Wien dient der Vertiefung und Erg\u00e4nzung der wissenschaftlichen und k\u00fcnstlerischen Berufsvorbildung auf der Grundlage von fachlich in Frage kommenden Bachelorstudien oder anderen gleichwertigen Vorstudien.<\/p>\n<p>Das Masterstudium Alte Musik richtet sich an Instrumentalist_innen und S\u00e4nger_innen, die sich auf Musik des 17. bis 19. Jahrhunderts spezialisieren und die diesen Zeitr\u00e4umen zugeh\u00f6rende \u201ehistorische\u201c Instrumente bzw. Gesangstechniken verwenden wollen. Zentraler Inhalt ist dabei der Erwerb von praktisch-technischen Fertigkeiten, k\u00fcnstlerisch-interpretatorischen F\u00e4higkeiten und historisch-wissenschaftlichen Kenntnissen in einer eng aufeinander bezogenen, integrierten Weise.<\/p>\n<\/div><\/section><\/div><div class=\"flex_column av_two_fifth  flex_column_div av-zero-column-padding   avia-builder-el-11  el_after_av_three_fifth  avia-builder-el-last  \" style='border-radius:0px; '><p><div style='height:20px' class='hr hr-invisible   avia-builder-el-12  el_before_av_textblock  avia-builder-el-first  '><span class='hr-inner ' ><span class='hr-inner-style'><\/span><\/span><\/div><br \/>\n<section class=\"av_textblock_section \"  itemscope=\"itemscope\" itemtype=\"https:\/\/schema.org\/CreativeWork\" ><div class='avia_textblock  '   itemprop=\"text\" ><h5>Lehrkr\u00e4fte der zentralen k\u00fcnstlerischen F\u00e4cher<\/h5>\n<h5><\/h5>\n<ul>\n<li>Gesang: Giulia Semenzato, Michael Schade<\/li>\n<li>Violine: Eva Saladin<\/li>\n<li>Violoncello: Dorothea Sch\u00f6nwiese<\/li>\n<li>Viola da Gamba: Christoph Urbanetz<\/li>\n<li>Barockgitarre &#038; Vihuela: Pierre Pitzl<\/li>\n<li>Traversfl\u00f6te: Gertraud Wimmer<\/li>\n<li>Blockfl\u00f6te: Carsten Eckert, Rahel Stoellger<\/li>\n<li>Oboe: Elisabeth Baumer<\/li>\n<li>Historische Klarinetteninstrumente: Ernst Schlader<\/li>\n<li>Posaune: Bernhard Rainer<\/li>\n<li>Cembalo &#038; Generalbass: Magdalena Hasibeder, Erich Traxler<\/li>\n<li>Hammerklavier: Carlos Goikoetxea<\/li>\n<li>Salterio: Franziska Fleischanderl<\/li>\n<\/ul>\n<\/div><\/section><\/p><\/div><\/p>\n","protected":false},"excerpt":{"rendered":"","protected":false},"author":1,"featured_media":0,"parent":324,"menu_order":0,"comment_status":"closed","ping_status":"closed","template":"","meta":{"_price":"","_stock":"","_tribe_ticket_header":"","_tribe_default_ticket_provider":"","_tribe_ticket_capacity":"","_ticket_start_date":"","_ticket_end_date":"","_tribe_ticket_show_description":"","_tribe_ticket_show_not_going":false,"_tribe_ticket_use_global_stock":"","_tribe_ticket_global_stock_level":"","_global_stock_mode":"","_global_stock_cap":"","_tribe_rsvp_for_event":"","_tribe_ticket_going_count":"","_tribe_ticket_not_going_count":"","_tribe_tickets_list":"[]","_tribe_ticket_has_attendee_info_fields":false,"footnotes":""},"class_list":["post-404","page","type-page","status-publish","hentry"],"_links":{"self":[{"href":"https:\/\/mdw.ac.at\/altemusik\/wp-json\/wp\/v2\/pages\/404","targetHints":{"allow":["GET"]}}],"collection":[{"href":"https:\/\/mdw.ac.at\/altemusik\/wp-json\/wp\/v2\/pages"}],"about":[{"href":"https:\/\/mdw.ac.at\/altemusik\/wp-json\/wp\/v2\/types\/page"}],"author":[{"embeddable":true,"href":"https:\/\/mdw.ac.at\/altemusik\/wp-json\/wp\/v2\/users\/1"}],"replies":[{"embeddable":true,"href":"https:\/\/mdw.ac.at\/altemusik\/wp-json\/wp\/v2\/comments?post=404"}],"version-history":[{"count":113,"href":"https:\/\/mdw.ac.at\/altemusik\/wp-json\/wp\/v2\/pages\/404\/revisions"}],"predecessor-version":[{"id":18590,"href":"https:\/\/mdw.ac.at\/altemusik\/wp-json\/wp\/v2\/pages\/404\/revisions\/18590"}],"up":[{"embeddable":true,"href":"https:\/\/mdw.ac.at\/altemusik\/wp-json\/wp\/v2\/pages\/324"}],"wp:attachment":[{"href":"https:\/\/mdw.ac.at\/altemusik\/wp-json\/wp\/v2\/media?parent=404"}],"curies":[{"name":"wp","href":"https:\/\/api.w.org\/{rel}","templated":true}]}}