{"id":412,"date":"2019-07-08T14:42:35","date_gmt":"2019-07-08T12:42:35","guid":{"rendered":"https:\/\/www.mdw.ac.at\/altemusik\/?page_id=412"},"modified":"2026-03-11T10:02:58","modified_gmt":"2026-03-11T09:02:58","slug":"pierre-pitzl","status":"publish","type":"page","link":"https:\/\/mdw.ac.at\/altemusik\/lehrende\/pierre-pitzl\/","title":{"rendered":"Pierre PITZL"},"content":{"rendered":"<div class=\"flex_column av_two_third  flex_column_div av-zero-column-padding first  avia-builder-el-0  el_before_av_one_third  avia-builder-el-first  \" style='border-radius:0px; '><div class='avia-image-container  av-styling-    avia-builder-el-1  avia-builder-el-no-sibling   avia-align-center '  itemprop=\"image\" itemscope=\"itemscope\" itemtype=\"https:\/\/schema.org\/ImageObject\"  ><div class='avia-image-container-inner'><div class='avia-image-overlay-wrap'><a href=\"https:\/\/mdw.ac.at\/altemusik\/blog2\/wp-content\/uploads\/2019\/10\/F33E9E15-9790-4E53-BCE2-4C4CCB364635-1030x1030.jpeg\" class='avia_image'   data-rel=\"lightbox-image-0\" data-rl_title=\"\" data-rl_caption=\"\"><img class='avia_image ' src='https:\/\/mdw.ac.at\/altemusik\/blog2\/wp-content\/uploads\/2019\/10\/F33E9E15-9790-4E53-BCE2-4C4CCB364635-1030x1030.jpeg' alt='' title=''  itemprop=\"thumbnailUrl\"  \/><\/a><\/div><\/div><\/div><\/div>\n<div class=\"flex_column av_one_third  flex_column_div av-zero-column-padding   avia-builder-el-2  el_after_av_two_third  el_before_av_one_full  \" style='border-radius:0px; '><\/div>\n<div class=\"flex_column av_one_full  flex_column_div av-zero-column-padding first  avia-builder-el-3  el_after_av_one_third  el_before_av_one_full  column-top-margin\" style='border-radius:0px; '><section class=\"av_textblock_section \"  itemscope=\"itemscope\" itemtype=\"https:\/\/schema.org\/CreativeWork\" ><div class='avia_textblock  '   itemprop=\"text\" ><h2>Pierre Pitzl<\/h2>\n<\/div><\/section><br \/>\n<section class=\"av_textblock_section \"  itemscope=\"itemscope\" itemtype=\"https:\/\/schema.org\/CreativeWork\" ><div class='avia_textblock  '   itemprop=\"text\" ><h5>Barockgitarre, Vihuela<\/h5>\n<h5>Viola da Gamba (erg\u00e4nzendes Fach)<\/h5>\n<\/div><\/section><br \/>\n<div style='height:20px' class='hr hr-invisible   avia-builder-el-6  el_after_av_textblock  el_before_av_textblock  '><span class='hr-inner ' ><span class='hr-inner-style'><\/span><\/span><\/div><br \/>\n<section class=\"av_textblock_section \"  itemscope=\"itemscope\" itemtype=\"https:\/\/schema.org\/CreativeWork\" ><div class='avia_textblock  '   itemprop=\"text\" ><p>Pierre Pitzl begann seinen Einstieg in die Welt der Musik sehr sp\u00e4t, mit 12 Jahren und einer Elektrogitarre, ehe er ins Fach der Klassischen Musik wechselte.<\/p>\n<p>Er studierte Gitarre an der Hochschule f\u00fcr Musik und darstellende Kunst in Wien bei Walter W\u00fcrdinger wo er mit 19 Jahren sein Solistendiplom &#8222;cum laude&#8220; ablegte. Danach widmete er sich der Laute, der Kammermusik und dem Generalbass an der Schola Cantorum Basiliensis (bei Eugen Dombois, Hopkinson Smith, J\u00fcrgen H\u00fcbscher und Jesper Christensen) sowie am Conservatorium Den Haag der Viola da Gamba (bei Wieland Kuijken und Christoph Coin).<\/p>\n<p>Seither ist er, als Solist und Kammermusiker mit der Viola da Gamba sowie der Barockgitarre t\u00e4tig.<\/p>\n<p>Aufnahmen und Konzertt\u00e4tigkeit mit Ayre Espanol, Frans Br\u00fcggen, Rene Jacobs, Concerto K\u00f6ln, La Galania, Clemencic Consort, Concentus Musicus Wien, Ensemble Daedalus, Accademia Montis Regalis u.a.<\/p>\n<p>Mit dem von ihm geleiteten Ensemble PRIVATE MUSICKE war Pierre Pitzl bei den renommiertesten europ\u00e4ischen Konzerth\u00e4usern und Festivals, wie Festival Aix-en-Provence, Resonanzen Wien, Lucerne Festival, Edinburgh Festival, Theatre des Champs Elys\u00e9es, Helsinki Festival, London Wigmore Hall, Amsterdam Concertgebouw, Berlin Kammerphilharmonie u a, sowie in Japan, Korea und China zu Gast.<\/p>\n<p>Als Solist sowie mit seinem Ensemble hat Pierre Pitzl zahlreiche CDs bei \u201eORF Edition Alte Musik\u201c, ACCENT und der Deutschen Grammophon ver\u00f6ffentlicht. Sie wurden mit dem Diapason d&#8217;Or und vielen anderen Preisen ausgezeichnet.<\/p>\n<p>In j\u00fcngster Zeit wirkt der Musiker verst\u00e4rkt auch als Leiter von Projekten mit barocker Vokal- und Opernmusik.<\/p>\n<p>Als Dozent ist Pierre Pitzl bei verschiedenen Meisterkursen t\u00e4tig und unterrichtet Viola da Gamba an der Konservatorium-Wien Privatuniversit\u00e4t sowie Barockgitarre an der Musikuniversit\u00e4t Wien. 2017\/18 f\u00fchrte ihn auch ein Lehrauftrag f\u00fcr Barockgitarre an die Hochschule f\u00fcr Musik nach Bremen.<\/p>\n<\/div><\/section><\/p><\/div><div class=\"flex_column av_one_full  flex_column_div av-zero-column-padding first  avia-builder-el-8  el_after_av_one_full  avia-builder-el-last  column-top-margin\" style='border-radius:0px; '><div class='avia-buttonrow-wrap avia-buttonrow-right   avia-builder-el-9  avia-builder-el-no-sibling  '>\n<a href='https:\/\/online.mdw.ac.at\/mdw_online\/visitenkarte.show_vcard?pPersonenId=0F16BB1B9C8DD51F&pPersonenGruppe=3'  class='avia-button  avia-icon_select-no avia-color-theme-color avia-size-small '  target=\"_blank\"  style='margin-bottom:5px; margin-left:5px; ' ><span class='avia_iconbox_title' >Visitenkarte<\/span><\/a>\n<a href='https:\/\/online.mdw.ac.at\/mdw_online\/wblvangebot.wbshowlvoffer?ppersonnr=25497'  class='avia-button  avia-icon_select-no avia-color-theme-color avia-size-small '  target=\"_blank\"  style='margin-bottom:5px; margin-left:5px; ' ><span class='avia_iconbox_title' >Lehrveranstaltungen<\/span><\/a>\n<\/div><\/div><\/p>\n","protected":false},"excerpt":{"rendered":"","protected":false},"author":1,"featured_media":0,"parent":257,"menu_order":0,"comment_status":"closed","ping_status":"closed","template":"","meta":{"_price":"","_stock":"","_tribe_ticket_header":"","_tribe_default_ticket_provider":"","_tribe_ticket_capacity":"","_ticket_start_date":"","_ticket_end_date":"","_tribe_ticket_show_description":"","_tribe_ticket_show_not_going":false,"_tribe_ticket_use_global_stock":"","_tribe_ticket_global_stock_level":"","_global_stock_mode":"","_global_stock_cap":"","_tribe_rsvp_for_event":"","_tribe_ticket_going_count":"","_tribe_ticket_not_going_count":"","_tribe_tickets_list":"[]","_tribe_ticket_has_attendee_info_fields":false,"footnotes":""},"class_list":["post-412","page","type-page","status-publish","hentry"],"_links":{"self":[{"href":"https:\/\/mdw.ac.at\/altemusik\/wp-json\/wp\/v2\/pages\/412","targetHints":{"allow":["GET"]}}],"collection":[{"href":"https:\/\/mdw.ac.at\/altemusik\/wp-json\/wp\/v2\/pages"}],"about":[{"href":"https:\/\/mdw.ac.at\/altemusik\/wp-json\/wp\/v2\/types\/page"}],"author":[{"embeddable":true,"href":"https:\/\/mdw.ac.at\/altemusik\/wp-json\/wp\/v2\/users\/1"}],"replies":[{"embeddable":true,"href":"https:\/\/mdw.ac.at\/altemusik\/wp-json\/wp\/v2\/comments?post=412"}],"version-history":[{"count":18,"href":"https:\/\/mdw.ac.at\/altemusik\/wp-json\/wp\/v2\/pages\/412\/revisions"}],"predecessor-version":[{"id":18960,"href":"https:\/\/mdw.ac.at\/altemusik\/wp-json\/wp\/v2\/pages\/412\/revisions\/18960"}],"up":[{"embeddable":true,"href":"https:\/\/mdw.ac.at\/altemusik\/wp-json\/wp\/v2\/pages\/257"}],"wp:attachment":[{"href":"https:\/\/mdw.ac.at\/altemusik\/wp-json\/wp\/v2\/media?parent=412"}],"curies":[{"name":"wp","href":"https:\/\/api.w.org\/{rel}","templated":true}]}}