{"id":4709,"date":"2019-09-11T13:07:34","date_gmt":"2019-09-11T11:07:34","guid":{"rendered":"https:\/\/mdw.ac.at\/altemusik\/?page_id=4709"},"modified":"2021-12-16T14:51:45","modified_gmt":"2021-12-16T13:51:45","slug":"elisabeth-wirth","status":"publish","type":"page","link":"https:\/\/mdw.ac.at\/altemusik\/en\/faculty\/elisabeth-wirth\/","title":{"rendered":"Elisabeth WIRTH"},"content":{"rendered":"<div class=\"flex_column av_two_third  flex_column_div av-zero-column-padding first  avia-builder-el-0  el_before_av_one_third  avia-builder-el-first  \" style='border-radius:0px; '><div class='avia-image-container  av-styling-  av-has-copyright av-copyright-icon-reveal   avia-builder-el-1  avia-builder-el-no-sibling   avia-align-center '  itemprop=\"image\" itemscope=\"itemscope\" itemtype=\"https:\/\/schema.org\/ImageObject\"  ><div class='avia-image-container-inner'><div class='avia-image-overlay-wrap'><img class='avia_image' src='https:\/\/mdw.ac.at\/altemusik\/blog2\/wp-content\/uploads\/2019\/09\/4C984665-4613-43C1-8691-D1BA4C242EF6-1030x731.jpeg' alt='' title='Elisabeth Wirth' height=\"731\" width=\"1030\"  itemprop=\"thumbnailUrl\"  \/><\/div><small class='avia-copyright'>Andr\u00e9 Hinderlich<\/small><\/div><\/div><\/div>\n<div class=\"flex_column av_one_third  flex_column_div av-zero-column-padding   avia-builder-el-2  el_after_av_two_third  el_before_av_one_full  \" style='border-radius:0px; '><\/div>\n<div class=\"flex_column av_one_full  flex_column_div av-zero-column-padding first  avia-builder-el-3  el_after_av_one_third  el_before_av_one_full  column-top-margin\" style='border-radius:0px; '><section class=\"av_textblock_section \"  itemscope=\"itemscope\" itemtype=\"https:\/\/schema.org\/CreativeWork\" ><div class='avia_textblock  '   itemprop=\"text\" ><h2>Elisabeth Wirth<\/h2>\n<\/div><\/section><br \/>\n<div style='height:20px' class='hr hr-invisible   avia-builder-el-5  el_after_av_textblock  el_before_av_textblock  '><span class='hr-inner ' ><span class='hr-inner-style'><\/span><\/span><\/div><br \/>\n<section class=\"av_textblock_section \"  itemscope=\"itemscope\" itemtype=\"https:\/\/schema.org\/CreativeWork\" ><div class='avia_textblock  '   itemprop=\"text\" ><p>Elisabeth Wirth completed her master&#8217;s degree in recorder at the Universit\u00e4t Mozarteum Salzburg with honors. Her teachers were Gerd L\u00fcnenb\u00fcrger and Christoph Huntgeburth within a preparatory course at Universit\u00e4t der K\u00fcnste Berlin. She completed the bachelor&#8217;s as well as the master&#8217;s degree with Dorothee Oberlinger at Mozarteum. Masterclasses with Walter van Hauwe, Kees Boeke, Paul Leenhouts, Han Tol, Vittorio Ghielmi and Erik Bosgraaf (to name just a few) provided her with important impulses for her playing.<\/p>\n<p>In addition to her recorder education Elisabeth takes singing and viola da gamba lessons. She sings in the award-winning youth choir &#8222;Die Primaner&#8220; under Jan Olberg in Berlin. Elisabeth Wirth performes as soloist and chamber musician with artists such as Dorothee Oberlinger, Vittorio Ghielmi, Andreas Scholl, Nils M\u00f6nkemeyer, Enrico Onofri or Reinhard Goebel, the Ensemble Suonar parlante, the Ensemble 1700 or theMunich Philharmonics under Valery Gergiev.<\/p>\n<p>She is the founder of the Early Music ensemble Fontana di Musica with received a scholarship of the Deutscher Musikrat 2012 and also an audience&#8217;s prize at the Biago-Marini-competition in Neuburg an der Donau. In March 2017 she got into the 3rd round of the Deutscher Musikwettbewerb which held a &#8222;Recorder Solo&#8220; category for the first time that year. For this achievement she received a scholarship and was affiliated with the Agentur Bundesauswahl Junger K\u00fcnstler.<\/p>\n<\/div><\/section><\/p><\/div><div class=\"flex_column av_one_full  flex_column_div av-zero-column-padding first  avia-builder-el-7  el_after_av_one_full  avia-builder-el-last  column-top-margin\" style='border-radius:0px; '><div class='avia-buttonrow-wrap avia-buttonrow-right   avia-builder-el-8  avia-builder-el-no-sibling  '>\n<a href='https:\/\/online.mdw.ac.at\/mdw_online\/visitenkarte.show_vcard?pPersonenId=6588357ED0A151AA&pPersonenGruppe=3'  class='avia-button  avia-icon_select-no avia-color-theme-color avia-size-small '  target=\"_blank\"  style='margin-bottom:5px; margin-left:5px; ' ><span class='avia_iconbox_title' >Business card<\/span><\/a>\n<\/div><\/div><\/p>\n","protected":false},"excerpt":{"rendered":"","protected":false},"author":1,"featured_media":0,"parent":255,"menu_order":0,"comment_status":"closed","ping_status":"closed","template":"","meta":{"_price":"","_stock":"","_tribe_ticket_header":"","_tribe_default_ticket_provider":"","_tribe_ticket_capacity":"","_ticket_start_date":"","_ticket_end_date":"","_tribe_ticket_show_description":"","_tribe_ticket_show_not_going":false,"_tribe_ticket_use_global_stock":"","_tribe_ticket_global_stock_level":"","_global_stock_mode":"","_global_stock_cap":"","_tribe_rsvp_for_event":"","_tribe_ticket_going_count":"","_tribe_ticket_not_going_count":"","_tribe_tickets_list":"[]","_tribe_ticket_has_attendee_info_fields":false,"footnotes":""},"class_list":["post-4709","page","type-page","status-publish","hentry"],"_links":{"self":[{"href":"https:\/\/mdw.ac.at\/altemusik\/wp-json\/wp\/v2\/pages\/4709","targetHints":{"allow":["GET"]}}],"collection":[{"href":"https:\/\/mdw.ac.at\/altemusik\/wp-json\/wp\/v2\/pages"}],"about":[{"href":"https:\/\/mdw.ac.at\/altemusik\/wp-json\/wp\/v2\/types\/page"}],"author":[{"embeddable":true,"href":"https:\/\/mdw.ac.at\/altemusik\/wp-json\/wp\/v2\/users\/1"}],"replies":[{"embeddable":true,"href":"https:\/\/mdw.ac.at\/altemusik\/wp-json\/wp\/v2\/comments?post=4709"}],"version-history":[{"count":8,"href":"https:\/\/mdw.ac.at\/altemusik\/wp-json\/wp\/v2\/pages\/4709\/revisions"}],"predecessor-version":[{"id":10850,"href":"https:\/\/mdw.ac.at\/altemusik\/wp-json\/wp\/v2\/pages\/4709\/revisions\/10850"}],"up":[{"embeddable":true,"href":"https:\/\/mdw.ac.at\/altemusik\/wp-json\/wp\/v2\/pages\/255"}],"wp:attachment":[{"href":"https:\/\/mdw.ac.at\/altemusik\/wp-json\/wp\/v2\/media?parent=4709"}],"curies":[{"name":"wp","href":"https:\/\/api.w.org\/{rel}","templated":true}]}}