{"id":6562,"date":"2020-03-09T19:12:50","date_gmt":"2020-03-09T18:12:50","guid":{"rendered":"https:\/\/mdw.ac.at\/altemusik\/?page_id=6562"},"modified":"2023-06-07T11:14:38","modified_gmt":"2023-06-07T09:14:38","slug":"lehramtstudium-musikerziehung-cembalo","status":"publish","type":"page","link":"https:\/\/mdw.ac.at\/altemusik\/lehramtstudium-musikerziehung-cembalo\/","title":{"rendered":"ME (Cembalo)"},"content":{"rendered":"<div class=\"flex_column av_one_full  flex_column_div av-zero-column-padding first  avia-builder-el-0  el_before_av_three_fifth  avia-builder-el-first  \" style='border-radius:0px; '><section class=\"av_textblock_section \"  itemscope=\"itemscope\" itemtype=\"https:\/\/schema.org\/CreativeWork\" ><div class='avia_textblock  '   itemprop=\"text\" ><h2>MUSIKERZIEHUNG\u00a0 (Cembalo)<\/h2>\n<\/div><\/section><\/div>\n<div class=\"flex_column av_three_fifth  flex_column_div av-zero-column-padding first  avia-builder-el-2  el_after_av_one_full  el_before_av_two_fifth  column-top-margin\" style='border-radius:0px; '><section class=\"av_textblock_section \"  itemscope=\"itemscope\" itemtype=\"https:\/\/schema.org\/CreativeWork\" ><div class='avia_textblock  '   itemprop=\"text\" ><h3>Termine zur Zulassungspr\u00fcfung finden Sie <a href=\"https:\/\/www.mdw.ac.at\/stdmp\/zulassungspruefungstermine\/\">HIER<\/a><\/h3>\n<\/div><\/section><br \/>\n<div style='height:30px' class='hr hr-invisible   avia-builder-el-4  el_after_av_textblock  el_before_av_textblock  '><span class='hr-inner ' ><span class='hr-inner-style'><\/span><\/span><\/div><br \/>\n<section class=\"av_textblock_section \"  itemscope=\"itemscope\" itemtype=\"https:\/\/schema.org\/CreativeWork\" ><div class='avia_textblock  '   itemprop=\"text\" ><div class=\"spalte spalte-66\">\n<div id=\"e245\" class=\"element element-text g50 element-1\">\n<p>Das <strong>Bachelorstudium <\/strong>Lehramt aus dem <strong>Unterrichtsfach Musikerziehung<\/strong> ist ein berufsvorbildendes k\u00fcnstlerisch-wissenschaftlich-p\u00e4dagogisches Studium im Hinblick auf Musikunterricht (ME) an Sekundarstufen (Allgemeinbildung).<\/p>\n<p>Es dient der Entwicklung der k\u00fcnstlerischen, musikalisch-praktischen, musikalisch-theoretischen, wissenschaftlichen, fachdidaktischen und p\u00e4dagogischen Kompetenz auf Bachelorniveau.<\/p>\n<p>Diese soll in den Studienbereichen Vokalmusik und Dirigieren, Instrumentalmusik, Musiktheorie, Musikwissenschaft, Musikp\u00e4dagogik sowie in der Bildungswissenschaft\/Allgemeine bildungswissenschaftliche Grundlagen sowie Querschnittsaufgaben und dem schulpraktischen Studium zur Entfaltung kommen.<\/p>\n<p>Ausgangs- und Angelpunkt des Studiums ist die stete Kl\u00e4rung und bewusste Weiterentwicklung der musikalisch-k\u00fcnstlerischen Identit\u00e4t der Studierenden.<\/p>\n<p>Das <strong>Masterstudium <\/strong>Lehramt aus dem Unterrichtsfach Musikerziehung ist ein berufsqualifizierendes k\u00fcnstlerisch-wissenschaftlich-p\u00e4dagogisches Studium. Es qualifiziert zum vollwertigen Berufseinstieg in das Unterrichtsfach ME an Sekundarstufen (Allgemeinbildung).<\/p>\n<p>BA Lehramt ME ist als das berufsvorbildende, MA Lehramt ME als das berufsqualifizierende, stark professionsorientierte Studium konzipiert. Ausgangspunkt des Masterstudiums sind die im BA Lehramt ME entwickelten k\u00fcnstlerischen, musikalisch-praktischen, musikalischtheoretischen, wissenschaftlichen, fachdidaktischen und p\u00e4dagogischen Kompetenzen.<\/p>\n<p>Voraussetzung ist der Abschluss des Bachelorstudiums Musikerziehung oder eines fachlich gleichwertigen Studiums an einer anerkannten postsekund\u00e4ren Bildungseinrichtung.<\/p>\n<\/div>\n<\/div>\n<\/div><\/section><\/p><\/div>\n<div class=\"flex_column av_two_fifth  av-hide-on-mobile  flex_column_div av-zero-column-padding   avia-builder-el-6  el_after_av_three_fifth  el_before_av_hr   column-top-margin\" style='border-radius:0px; '><div class='avia-image-container  av-styling-    avia-builder-el-7  avia-builder-el-no-sibling   avia-align-center '  itemprop=\"image\" itemscope=\"itemscope\" itemtype=\"https:\/\/schema.org\/ImageObject\"  ><div class='avia-image-container-inner'><div class='avia-image-overlay-wrap'><img class='avia_image' src='https:\/\/mdw.ac.at\/altemusik\/blog2\/wp-content\/uploads\/2019\/07\/tibaut-3.jpg' alt='' title='Tibaut Mus\u00e9e de la Musique' height=\"410\" width=\"615\"  itemprop=\"thumbnailUrl\"  \/><\/div><\/div><\/div><\/div>\n<div style='height:50px' class='hr hr-invisible   avia-builder-el-8  el_after_av_two_fifth  el_before_av_one_full  '><span class='hr-inner ' ><span class='hr-inner-style'><\/span><\/span><\/div>\n<div class=\"flex_column av_one_full  flex_column_div av-zero-column-padding first  avia-builder-el-9  el_after_av_hr  avia-builder-el-last  \" style='border-radius:0px; '><div class='avia-buttonrow-wrap avia-buttonrow-right   avia-builder-el-10  avia-builder-el-no-sibling  '>\n<a href='https:\/\/www.mdw.ac.at\/1382\/?lang=de'  class='avia-button  avia-icon_select-no avia-color-theme-color avia-size-small '  style='margin-bottom:5px; margin-left:5px; ' ><span class='avia_iconbox_title' >Zum Studiencenter<\/span><\/a>\n<a href='https:\/\/mdw.ac.at\/altemusik\/blog2\/wp-content\/uploads\/2023\/06\/ZLP-alle-Cembalostudien-v5.pdf'  class='avia-button  avia-icon_select-no avia-color-theme-color avia-size-small '  target=\"_blank\"  style='margin-bottom:5px; margin-left:5px; ' ><span class='avia_iconbox_title' >ZP-Bedingungen<\/span><\/a>\n<\/div><\/div>\n","protected":false},"excerpt":{"rendered":"","protected":false},"author":1,"featured_media":0,"parent":0,"menu_order":0,"comment_status":"closed","ping_status":"closed","template":"","meta":{"_price":"","_stock":"","_tribe_ticket_header":"","_tribe_default_ticket_provider":"","_tribe_ticket_capacity":"","_ticket_start_date":"","_ticket_end_date":"","_tribe_ticket_show_description":"","_tribe_ticket_show_not_going":false,"_tribe_ticket_use_global_stock":"","_tribe_ticket_global_stock_level":"","_global_stock_mode":"","_global_stock_cap":"","_tribe_rsvp_for_event":"","_tribe_ticket_going_count":"","_tribe_ticket_not_going_count":"","_tribe_tickets_list":"[]","_tribe_ticket_has_attendee_info_fields":false,"footnotes":""},"class_list":["post-6562","page","type-page","status-publish","hentry"],"_links":{"self":[{"href":"https:\/\/mdw.ac.at\/altemusik\/wp-json\/wp\/v2\/pages\/6562","targetHints":{"allow":["GET"]}}],"collection":[{"href":"https:\/\/mdw.ac.at\/altemusik\/wp-json\/wp\/v2\/pages"}],"about":[{"href":"https:\/\/mdw.ac.at\/altemusik\/wp-json\/wp\/v2\/types\/page"}],"author":[{"embeddable":true,"href":"https:\/\/mdw.ac.at\/altemusik\/wp-json\/wp\/v2\/users\/1"}],"replies":[{"embeddable":true,"href":"https:\/\/mdw.ac.at\/altemusik\/wp-json\/wp\/v2\/comments?post=6562"}],"version-history":[{"count":9,"href":"https:\/\/mdw.ac.at\/altemusik\/wp-json\/wp\/v2\/pages\/6562\/revisions"}],"predecessor-version":[{"id":13727,"href":"https:\/\/mdw.ac.at\/altemusik\/wp-json\/wp\/v2\/pages\/6562\/revisions\/13727"}],"wp:attachment":[{"href":"https:\/\/mdw.ac.at\/altemusik\/wp-json\/wp\/v2\/media?parent=6562"}],"curies":[{"name":"wp","href":"https:\/\/api.w.org\/{rel}","templated":true}]}}