{"id":7103,"date":"2020-05-25T11:12:49","date_gmt":"2020-05-25T09:12:49","guid":{"rendered":"https:\/\/mdw.ac.at\/altemusik\/?page_id=7103"},"modified":"2026-02-26T10:29:43","modified_gmt":"2026-02-26T09:29:43","slug":"prufungsprogramme-fur-zwischen-und-abschlussprufungen","status":"publish","type":"page","link":"https:\/\/mdw.ac.at\/altemusik\/prufungsprogramme-fur-zwischen-und-abschlussprufungen\/","title":{"rendered":"Pr\u00fcfungsprogramme f\u00fcr Zwischen- und Abschlusspr\u00fcfungen"},"content":{"rendered":"<section class=\"av_textblock_section \"  itemscope=\"itemscope\" itemtype=\"https:\/\/schema.org\/CreativeWork\" ><div class='avia_textblock  '   itemprop=\"text\" ><h3>Pr\u00fcfungsprogramme f\u00fcr Zwischen- und Abschlusspr\u00fcfungen<\/h3>\n<\/div><\/section>\n<div style='height:50px' class='hr hr-invisible   avia-builder-el-1  el_after_av_textblock  el_before_av_blog  '><span class='hr-inner ' ><span class='hr-inner-style'><\/span><\/span><\/div>\n<div class='av-alb-blogposts template-blog  av-blog-meta-author-disabled av-blog-meta-comments-disabled av-blog-meta-html-info-disabled '  itemscope=\"itemscope\" itemtype=\"https:\/\/schema.org\/Blog\" ><article class='post-entry post-entry-type-standard post-entry-7122 post-loop-1 post-parity-odd bloglist-compact with-slider post-7122 post type-post status-publish format-standard has-post-thumbnail hentry category-programme-prufungen'  itemscope=\"itemscope\" itemtype=\"https:\/\/schema.org\/BlogPosting\" ><div class='blog-meta'><\/div><div class='entry-content-wrapper clearfix standard-content'><header class=\"entry-content-header\"><span class=' fallback-post-type-icon' aria-hidden='true' data-av_icon='\ue836' data-av_iconfont='entypo-fontello'><\/span><h2 class='post-title entry-title '  itemprop=\"headline\" >\t<a href='https:\/\/mdw.ac.at\/altemusik\/2020\/05\/25\/igp-cembalo\/' rel='bookmark' title='Permanent Link: BA IGP Cembalo \/ MA IGP Cembalo'>BA IGP Cembalo \/ MA IGP Cembalo\t\t\t<span class='post-format-icon minor-meta'><\/span>\t<\/a><\/h2><\/header><footer class=\"entry-footer\"><\/footer><div class='post_delimiter'><\/div><\/div><div class='post_author_timeline'><\/div><span class='hidden'>\n\t\t\t<span class='av-structured-data'  itemprop=\"image\" itemscope=\"itemscope\" itemtype=\"https:\/\/schema.org\/ImageObject\"  itemprop='image'>\n\t\t\t\t\t   <span itemprop='url' >https:\/\/mdw.ac.at\/altemusik\/blog2\/wp-content\/uploads\/2020\/05\/AMI-Er\u00f6ffnung-by-Theresa-Pewal-179-scaled.jpg<\/span>\n\t\t\t\t\t   <span itemprop='height' >1707<\/span>\n\t\t\t\t\t   <span itemprop='width' >2560<\/span>\n\t\t\t\t  <\/span><span class='av-structured-data'  itemprop=\"publisher\" itemtype=\"https:\/\/schema.org\/Organization\" itemscope=\"itemscope\" >\n\t\t\t\t<span itemprop='name'>eugene<\/span>\n\t\t\t\t<span itemprop='logo' itemscope itemtype='https:\/\/schema.org\/ImageObject'>\n\t\t\t\t   <span itemprop='url'>https:\/\/mdw.ac.at\/altemusik\/blog2\/wp-content\/uploads\/2020\/09\/Bildschirmfoto-2020-09-06-um-13.04.20-1030x187.png<\/span>\n\t\t\t\t <\/span>\n\t\t\t  <\/span><span class='av-structured-data'  itemprop=\"author\" itemscope=\"itemscope\" itemtype=\"https:\/\/schema.org\/Person\" ><span itemprop='name'>eugene<\/span><\/span><span class='av-structured-data'  itemprop=\"datePublished\" datetime=\"2020-05-25T11:38:16+02:00\" >2020-05-25 11:38:16<\/span><span class='av-structured-data'  itemprop=\"dateModified\" itemtype=\"https:\/\/schema.org\/dateModified\" >2026-02-26 13:36:48<\/span><span class='av-structured-data'  itemprop=\"mainEntityOfPage\" itemtype=\"https:\/\/schema.org\/mainEntityOfPage\" ><span itemprop='name'>BA IGP Cembalo \/ MA IGP Cembalo<\/span><\/span><\/span><\/article><article class='post-entry post-entry-type-standard post-entry-7117 post-loop-2 post-parity-even bloglist-compact with-slider post-7117 post type-post status-publish format-standard has-post-thumbnail hentry category-programme-prufungen'  itemscope=\"itemscope\" itemtype=\"https:\/\/schema.org\/BlogPosting\" ><div class='blog-meta'><\/div><div class='entry-content-wrapper clearfix standard-content'><header class=\"entry-content-header\"><span class=' fallback-post-type-icon' aria-hidden='true' data-av_icon='\ue836' data-av_iconfont='entypo-fontello'><\/span><h2 class='post-title entry-title '  itemprop=\"headline\" >\t<a href='https:\/\/mdw.ac.at\/altemusik\/2020\/05\/25\/programme-prufungen-historische-auffuhrungspraxis\/' rel='bookmark' title='Permanent Link: MA Alte Musik \/ MA Historische Auff\u00fchrungspraxis'>MA Alte Musik \/ MA Historische Auff\u00fchrungspraxis\t\t\t<span class='post-format-icon minor-meta'><\/span>\t<\/a><\/h2><\/header><footer class=\"entry-footer\"><\/footer><div class='post_delimiter'><\/div><\/div><div class='post_author_timeline'><\/div><span class='hidden'>\n\t\t\t<span class='av-structured-data'  itemprop=\"image\" itemscope=\"itemscope\" itemtype=\"https:\/\/schema.org\/ImageObject\"  itemprop='image'>\n\t\t\t\t\t   <span itemprop='url' >https:\/\/mdw.ac.at\/altemusik\/blog2\/wp-content\/uploads\/2019\/07\/0906-MA-Hist-Auffuehrungspraxis-v1-Poster-e1565875075818.jpg<\/span>\n\t\t\t\t\t   <span itemprop='height' >570<\/span>\n\t\t\t\t\t   <span itemprop='width' >1039<\/span>\n\t\t\t\t  <\/span><span class='av-structured-data'  itemprop=\"publisher\" itemtype=\"https:\/\/schema.org\/Organization\" itemscope=\"itemscope\" >\n\t\t\t\t<span itemprop='name'>eugene<\/span>\n\t\t\t\t<span itemprop='logo' itemscope itemtype='https:\/\/schema.org\/ImageObject'>\n\t\t\t\t   <span itemprop='url'>https:\/\/mdw.ac.at\/altemusik\/blog2\/wp-content\/uploads\/2020\/09\/Bildschirmfoto-2020-09-06-um-13.04.20-1030x187.png<\/span>\n\t\t\t\t <\/span>\n\t\t\t  <\/span><span class='av-structured-data'  itemprop=\"author\" itemscope=\"itemscope\" itemtype=\"https:\/\/schema.org\/Person\" ><span itemprop='name'>eugene<\/span><\/span><span class='av-structured-data'  itemprop=\"datePublished\" datetime=\"2020-05-25T11:29:53+02:00\" >2020-05-25 11:29:53<\/span><span class='av-structured-data'  itemprop=\"dateModified\" itemtype=\"https:\/\/schema.org\/dateModified\" >2026-02-26 13:37:51<\/span><span class='av-structured-data'  itemprop=\"mainEntityOfPage\" itemtype=\"https:\/\/schema.org\/mainEntityOfPage\" ><span itemprop='name'>MA Alte Musik \/ MA Historische Auff\u00fchrungspraxis<\/span><\/span><\/span><\/article><article class='post-entry post-entry-type-standard post-entry-7114 post-loop-3 post-parity-odd bloglist-compact with-slider post-7114 post type-post status-publish format-standard has-post-thumbnail hentry category-programme-prufungen'  itemscope=\"itemscope\" itemtype=\"https:\/\/schema.org\/BlogPosting\" ><div class='blog-meta'><\/div><div class='entry-content-wrapper clearfix standard-content'><header class=\"entry-content-header\"><span class=' fallback-post-type-icon' aria-hidden='true' data-av_icon='\ue836' data-av_iconfont='entypo-fontello'><\/span><h2 class='post-title entry-title '  itemprop=\"headline\" >\t<a href='https:\/\/mdw.ac.at\/altemusik\/2020\/05\/25\/programme-prufungen-ba-ma-blockflote\/' rel='bookmark' title='Permanent Link: BA Konzertfach Blockfl\u00f6te \/ MA Konzertfach Blockfl\u00f6te'>BA Konzertfach Blockfl\u00f6te \/ MA Konzertfach Blockfl\u00f6te\t\t\t<span class='post-format-icon minor-meta'><\/span>\t<\/a><\/h2><\/header><footer class=\"entry-footer\"><\/footer><div class='post_delimiter'><\/div><\/div><div class='post_author_timeline'><\/div><span class='hidden'>\n\t\t\t<span class='av-structured-data'  itemprop=\"image\" itemscope=\"itemscope\" itemtype=\"https:\/\/schema.org\/ImageObject\"  itemprop='image'>\n\t\t\t\t\t   <span itemprop='url' >https:\/\/mdw.ac.at\/altemusik\/blog2\/wp-content\/uploads\/2020\/05\/AMI-Er\u00f6ffnung-by-Theresa-Pewal-119-scaled.jpg<\/span>\n\t\t\t\t\t   <span itemprop='height' >2560<\/span>\n\t\t\t\t\t   <span itemprop='width' >1707<\/span>\n\t\t\t\t  <\/span><span class='av-structured-data'  itemprop=\"publisher\" itemtype=\"https:\/\/schema.org\/Organization\" itemscope=\"itemscope\" >\n\t\t\t\t<span itemprop='name'>eugene<\/span>\n\t\t\t\t<span itemprop='logo' itemscope itemtype='https:\/\/schema.org\/ImageObject'>\n\t\t\t\t   <span itemprop='url'>https:\/\/mdw.ac.at\/altemusik\/blog2\/wp-content\/uploads\/2020\/09\/Bildschirmfoto-2020-09-06-um-13.04.20-1030x187.png<\/span>\n\t\t\t\t <\/span>\n\t\t\t  <\/span><span class='av-structured-data'  itemprop=\"author\" itemscope=\"itemscope\" itemtype=\"https:\/\/schema.org\/Person\" ><span itemprop='name'>eugene<\/span><\/span><span class='av-structured-data'  itemprop=\"datePublished\" datetime=\"2020-05-25T11:27:10+02:00\" >2020-05-25 11:27:10<\/span><span class='av-structured-data'  itemprop=\"dateModified\" itemtype=\"https:\/\/schema.org\/dateModified\" >2026-02-26 13:38:22<\/span><span class='av-structured-data'  itemprop=\"mainEntityOfPage\" itemtype=\"https:\/\/schema.org\/mainEntityOfPage\" ><span itemprop='name'>BA Konzertfach Blockfl\u00f6te \/ MA Konzertfach Blockfl\u00f6te<\/span><\/span><\/span><\/article><article class='post-entry post-entry-type-standard post-entry-7110 post-loop-4 post-parity-even post-entry-last bloglist-compact with-slider post-7110 post type-post status-publish format-standard has-post-thumbnail hentry category-programme-prufungen'  itemscope=\"itemscope\" itemtype=\"https:\/\/schema.org\/BlogPosting\" ><div class='blog-meta'><\/div><div class='entry-content-wrapper clearfix standard-content'><header class=\"entry-content-header\"><span class=' fallback-post-type-icon' aria-hidden='true' data-av_icon='\ue836' data-av_iconfont='entypo-fontello'><\/span><h2 class='post-title entry-title '  itemprop=\"headline\" >\t<a href='https:\/\/mdw.ac.at\/altemusik\/2020\/05\/25\/programme-prufungen-ba-cembalo\/' rel='bookmark' title='Permanent Link: BA Konzertfach Cembalo \/ MA Konzertfach Cembalo'>BA Konzertfach Cembalo \/ MA Konzertfach Cembalo\t\t\t<span class='post-format-icon minor-meta'><\/span>\t<\/a><\/h2><\/header><footer class=\"entry-footer\"><\/footer><div class='post_delimiter'><\/div><\/div><div class='post_author_timeline'><\/div><span class='hidden'>\n\t\t\t<span class='av-structured-data'  itemprop=\"image\" itemscope=\"itemscope\" itemtype=\"https:\/\/schema.org\/ImageObject\"  itemprop='image'>\n\t\t\t\t\t   <span itemprop='url' >https:\/\/mdw.ac.at\/altemusik\/blog2\/wp-content\/uploads\/2020\/05\/AMI-Er\u00f6ffnung-by-Theresa-Pewal-66-scaled.jpg<\/span>\n\t\t\t\t\t   <span itemprop='height' >1707<\/span>\n\t\t\t\t\t   <span itemprop='width' >2560<\/span>\n\t\t\t\t  <\/span><span class='av-structured-data'  itemprop=\"publisher\" itemtype=\"https:\/\/schema.org\/Organization\" itemscope=\"itemscope\" >\n\t\t\t\t<span itemprop='name'>eugene<\/span>\n\t\t\t\t<span itemprop='logo' itemscope itemtype='https:\/\/schema.org\/ImageObject'>\n\t\t\t\t   <span itemprop='url'>https:\/\/mdw.ac.at\/altemusik\/blog2\/wp-content\/uploads\/2020\/09\/Bildschirmfoto-2020-09-06-um-13.04.20-1030x187.png<\/span>\n\t\t\t\t <\/span>\n\t\t\t  <\/span><span class='av-structured-data'  itemprop=\"author\" itemscope=\"itemscope\" itemtype=\"https:\/\/schema.org\/Person\" ><span itemprop='name'>eugene<\/span><\/span><span class='av-structured-data'  itemprop=\"datePublished\" datetime=\"2020-05-25T11:23:21+02:00\" >2020-05-25 11:23:21<\/span><span class='av-structured-data'  itemprop=\"dateModified\" itemtype=\"https:\/\/schema.org\/dateModified\" >2026-02-26 13:38:51<\/span><span class='av-structured-data'  itemprop=\"mainEntityOfPage\" itemtype=\"https:\/\/schema.org\/mainEntityOfPage\" ><span itemprop='name'>BA Konzertfach Cembalo \/ MA Konzertfach Cembalo<\/span><\/span><\/span><\/article><div class='bloglist-compact'><\/div><\/div>\n","protected":false},"excerpt":{"rendered":"","protected":false},"author":1,"featured_media":0,"parent":0,"menu_order":0,"comment_status":"closed","ping_status":"closed","template":"","meta":{"_price":"","_stock":"","_tribe_ticket_header":"","_tribe_default_ticket_provider":"","_tribe_ticket_capacity":"","_ticket_start_date":"","_ticket_end_date":"","_tribe_ticket_show_description":"","_tribe_ticket_show_not_going":false,"_tribe_ticket_use_global_stock":"","_tribe_ticket_global_stock_level":"","_global_stock_mode":"","_global_stock_cap":"","_tribe_rsvp_for_event":"","_tribe_ticket_going_count":"","_tribe_ticket_not_going_count":"","_tribe_tickets_list":"[]","_tribe_ticket_has_attendee_info_fields":false,"footnotes":""},"class_list":["post-7103","page","type-page","status-publish","hentry"],"_links":{"self":[{"href":"https:\/\/mdw.ac.at\/altemusik\/wp-json\/wp\/v2\/pages\/7103","targetHints":{"allow":["GET"]}}],"collection":[{"href":"https:\/\/mdw.ac.at\/altemusik\/wp-json\/wp\/v2\/pages"}],"about":[{"href":"https:\/\/mdw.ac.at\/altemusik\/wp-json\/wp\/v2\/types\/page"}],"author":[{"embeddable":true,"href":"https:\/\/mdw.ac.at\/altemusik\/wp-json\/wp\/v2\/users\/1"}],"replies":[{"embeddable":true,"href":"https:\/\/mdw.ac.at\/altemusik\/wp-json\/wp\/v2\/comments?post=7103"}],"version-history":[{"count":9,"href":"https:\/\/mdw.ac.at\/altemusik\/wp-json\/wp\/v2\/pages\/7103\/revisions"}],"predecessor-version":[{"id":18277,"href":"https:\/\/mdw.ac.at\/altemusik\/wp-json\/wp\/v2\/pages\/7103\/revisions\/18277"}],"wp:attachment":[{"href":"https:\/\/mdw.ac.at\/altemusik\/wp-json\/wp\/v2\/media?parent=7103"}],"curies":[{"name":"wp","href":"https:\/\/api.w.org\/{rel}","templated":true}]}}