{"id":731,"date":"2019-07-09T15:50:20","date_gmt":"2019-07-09T13:50:20","guid":{"rendered":"https:\/\/www.mdw.ac.at\/altemusik\/?page_id=731"},"modified":"2026-03-08T12:41:19","modified_gmt":"2026-03-08T11:41:19","slug":"rahel-stoellger","status":"publish","type":"page","link":"https:\/\/mdw.ac.at\/altemusik\/lehrende\/rahel-stoellger\/","title":{"rendered":"Rahel STOELLGER (Inst. 18)"},"content":{"rendered":"<div class=\"flex_column av_two_fifth  flex_column_div av-zero-column-padding first  avia-builder-el-0  el_before_av_three_fifth  avia-builder-el-first  \" style='border-radius:0px; '><div class='avia-image-container  av-styling-    avia-builder-el-1  avia-builder-el-no-sibling   avia-align-center '  itemprop=\"image\" itemscope=\"itemscope\" itemtype=\"https:\/\/schema.org\/ImageObject\"  ><div class='avia-image-container-inner'><div class='avia-image-overlay-wrap'><a href=\"https:\/\/mdw.ac.at\/altemusik\/blog2\/wp-content\/uploads\/2019\/07\/stoellger-5.jpg\" class='avia_image'   data-rel=\"lightbox-image-0\" data-rl_title=\"\" data-rl_caption=\"\"><img class='avia_image ' src='https:\/\/mdw.ac.at\/altemusik\/blog2\/wp-content\/uploads\/2019\/07\/stoellger-5.jpg' alt='' title=''  itemprop=\"thumbnailUrl\"  \/><\/a><\/div><\/div><\/div><\/div>\n<div class=\"flex_column av_three_fifth  flex_column_div av-zero-column-padding   avia-builder-el-2  el_after_av_two_fifth  el_before_av_one_full  \" style='border-radius:0px; '><section class=\"av_textblock_section \"  itemscope=\"itemscope\" itemtype=\"https:\/\/schema.org\/CreativeWork\" ><div class='avia_textblock  '   itemprop=\"text\" ><h2>Rahel STOELLGER (Inst. 18)<\/h2>\n<\/div><\/section><br \/>\n<section class=\"av_textblock_section \"  itemscope=\"itemscope\" itemtype=\"https:\/\/schema.org\/CreativeWork\" ><div class='avia_textblock  '   itemprop=\"text\" ><h5>ao. Univ.-Prof. f\u00fcr Blockfl\u00f6te<\/h5>\n<\/div><\/section><br \/>\n<div style='height:20px' class='hr hr-invisible   avia-builder-el-5  el_after_av_textblock  el_before_av_textblock  '><span class='hr-inner ' ><span class='hr-inner-style'><\/span><\/span><\/div><br \/>\n<section class=\"av_textblock_section \"  itemscope=\"itemscope\" itemtype=\"https:\/\/schema.org\/CreativeWork\" ><div class='avia_textblock  '   itemprop=\"text\" ><p>Rahel Stoellger studierte an der Musikhochschule M\u00fcnster und bei Walter van Hauwe am Sweelinck-Conservatorium Amsterdam, wo sie 1990 das Konzertexamen ablegte. Es folgten weiterf\u00fchrende Studien bei Kees Boeke und Pedro Memmelsdorff.<\/p>\n<p>Als Mitglied verschiedener Ensembles und mit der 1992 von ihr gegr\u00fcndeten Gruppe &#8222;Badinerie&#8220; konzertierte sie in Deutschland, Frankreich, \u00d6sterreich, Italien, Polen und in Taiwan.<\/p>\n<p>Auftritte erhielt sie u.a. im Mozarteum Salzburg, beim &#8222;Brunnenthaler Konzertsommer&#8220;, bei den &#8222;Sommerserenaden Linz&#8220;, beim Festival f\u00fcr Alte Musik in Krakau, im Bach-Archiv Leibzig und im ORF Wien. Sie wirkte bei verschiedenen Rundfunk- und CD-Aufnahmen mit, u.a. mit italienischer Musik des 17. Jahrhunderts in der Reihe &#8222;ORF-Edition Alte Musik&#8220; und bei &#8222;carpe diem&#8220; in Berlin.<\/p>\n<p>Rahel Stoellger unterrichtet an der Universit\u00e4t f\u00fcr Musik Wien Blockfl\u00f6te und Didaktik und gibt daneben au\u00dferdem zahlreiche Workshops, z.B. bei den &#8222;Tagen Alter Musik&#8220; in P\u00f6llau\/Steiermark, an den Konservatorien Klagenfurt, Graz und Wiener Neustadt, am Institut f\u00fcr Musikerziehung und in Bozen und Taiwan.<\/p>\n<\/div><\/section><\/p><\/div><div class=\"flex_column av_one_full  flex_column_div av-zero-column-padding first  avia-builder-el-7  el_after_av_three_fifth  avia-builder-el-last  \" style='border-radius:0px; '><div class='avia-buttonrow-wrap avia-buttonrow-right   avia-builder-el-8  avia-builder-el-no-sibling  '>\n<a href='https:\/\/online.mdw.ac.at\/mdw_online\/visitenkarte.show_vcard?pPersonenId=CCE47D7F085D4DED&pPersonenGruppe=3'  class='avia-button  avia-icon_select-no avia-color-theme-color avia-size-small '  target=\"_blank\"  style='margin-bottom:5px; margin-left:5px; ' ><span class='avia_iconbox_title' >Visitenkarte<\/span><\/a>\n<a href='https:\/\/online.mdw.ac.at\/mdw_online\/wblvangebot.wbshowlvoffer?ppersonnr=18419'  class='avia-button  avia-icon_select-no avia-color-theme-color avia-size-small '  target=\"_blank\"  style='margin-bottom:5px; margin-left:5px; ' ><span class='avia_iconbox_title' >Lehrveranstaltungen<\/span><\/a>\n<\/div><\/div><\/p>\n","protected":false},"excerpt":{"rendered":"","protected":false},"author":1,"featured_media":0,"parent":257,"menu_order":0,"comment_status":"closed","ping_status":"closed","template":"","meta":{"_price":"","_stock":"","_tribe_ticket_header":"","_tribe_default_ticket_provider":"","_tribe_ticket_capacity":"","_ticket_start_date":"","_ticket_end_date":"","_tribe_ticket_show_description":"","_tribe_ticket_show_not_going":false,"_tribe_ticket_use_global_stock":"","_tribe_ticket_global_stock_level":"","_global_stock_mode":"","_global_stock_cap":"","_tribe_rsvp_for_event":"","_tribe_ticket_going_count":"","_tribe_ticket_not_going_count":"","_tribe_tickets_list":"[]","_tribe_ticket_has_attendee_info_fields":false,"footnotes":""},"class_list":["post-731","page","type-page","status-publish","hentry"],"_links":{"self":[{"href":"https:\/\/mdw.ac.at\/altemusik\/wp-json\/wp\/v2\/pages\/731","targetHints":{"allow":["GET"]}}],"collection":[{"href":"https:\/\/mdw.ac.at\/altemusik\/wp-json\/wp\/v2\/pages"}],"about":[{"href":"https:\/\/mdw.ac.at\/altemusik\/wp-json\/wp\/v2\/types\/page"}],"author":[{"embeddable":true,"href":"https:\/\/mdw.ac.at\/altemusik\/wp-json\/wp\/v2\/users\/1"}],"replies":[{"embeddable":true,"href":"https:\/\/mdw.ac.at\/altemusik\/wp-json\/wp\/v2\/comments?post=731"}],"version-history":[{"count":13,"href":"https:\/\/mdw.ac.at\/altemusik\/wp-json\/wp\/v2\/pages\/731\/revisions"}],"predecessor-version":[{"id":18880,"href":"https:\/\/mdw.ac.at\/altemusik\/wp-json\/wp\/v2\/pages\/731\/revisions\/18880"}],"up":[{"embeddable":true,"href":"https:\/\/mdw.ac.at\/altemusik\/wp-json\/wp\/v2\/pages\/257"}],"wp:attachment":[{"href":"https:\/\/mdw.ac.at\/altemusik\/wp-json\/wp\/v2\/media?parent=731"}],"curies":[{"name":"wp","href":"https:\/\/api.w.org\/{rel}","templated":true}]}}