{"id":7332,"date":"2020-07-14T16:28:23","date_gmt":"2020-07-14T14:28:23","guid":{"rendered":"https:\/\/mdw.ac.at\/altemusik\/?page_id=7332"},"modified":"2026-03-08T14:00:01","modified_gmt":"2026-03-08T13:00:01","slug":"hannelore-unfried","status":"publish","type":"page","link":"https:\/\/mdw.ac.at\/altemusik\/hannelore-unfried\/","title":{"rendered":"Hannelore UNFRIED"},"content":{"rendered":"<div class=\"flex_column av_two_third  flex_column_div av-zero-column-padding first  avia-builder-el-0  el_before_av_one_third  avia-builder-el-first  \" style='border-radius:0px; '><div class='avia-image-container  av-styling-    avia-builder-el-1  avia-builder-el-no-sibling   avia-align-left '  itemprop=\"image\" itemscope=\"itemscope\" itemtype=\"https:\/\/schema.org\/ImageObject\"  ><div class='avia-image-container-inner'><div class='avia-image-overlay-wrap'><img class='avia_image' src='https:\/\/mdw.ac.at\/altemusik\/blog2\/wp-content\/uploads\/2020\/10\/E972FDE9-D4CC-435C-818D-AB5A5C5214FC-495x400.jpeg' alt='' title='Hannelore UNFRIED' height=\"400\" width=\"495\"  itemprop=\"thumbnailUrl\"  \/><\/div><\/div><\/div><\/div>\n<div class=\"flex_column av_one_third  flex_column_div av-zero-column-padding   avia-builder-el-2  el_after_av_two_third  el_before_av_one_full  \" style='border-radius:0px; '><\/div>\n<div class=\"flex_column av_one_full  flex_column_div av-zero-column-padding first  avia-builder-el-3  el_after_av_one_third  el_before_av_one_full  column-top-margin\" style='border-radius:0px; '><section class=\"av_textblock_section \"  itemscope=\"itemscope\" itemtype=\"https:\/\/schema.org\/CreativeWork\" ><div class='avia_textblock  '   itemprop=\"text\" ><h2>Hannelore UNFRIED<\/h2>\n<\/div><\/section><br \/>\n<section class=\"av_textblock_section \"  itemscope=\"itemscope\" itemtype=\"https:\/\/schema.org\/CreativeWork\" ><div class='avia_textblock  '   itemprop=\"text\" ><h5>Historischer Tanz<\/h5>\n<\/div><\/section><br \/>\n<div style='height:20px' class='hr hr-invisible   avia-builder-el-6  el_after_av_textblock  el_before_av_textblock  '><span class='hr-inner ' ><span class='hr-inner-style'><\/span><\/span><\/div><br \/>\n<section class=\"av_textblock_section \"  itemscope=\"itemscope\" itemtype=\"https:\/\/schema.org\/CreativeWork\" ><div class='avia_textblock  '   itemprop=\"text\" ><p>Tanz und Musik bestimmten gleicherma\u00dfen den k\u00fcnstlerischen Ausbildungsweg von Hannelore Unfried. Sie verlie\u00df die Universit\u00e4t f\u00fcr Musik und darstellende Kunst in Wien als Magister artium. Die solide Basis ihrer t\u00e4nzerischen Ausbildung verdankt sie der Grande Dame des \u00f6sterreichischen Ausdruckstanzes Rosalia Chladek. Den vertieften Zugang zur franz\u00f6sischen Tanzkultur des Ancien Regime er\u00f6ffneten ihr die franz\u00f6sischen Spezialistinnen Fran\u00e7ine Lancelot und Christine Bayle.<\/p>\n<p>Das 1988 von Hannelore Unfried gegr\u00fcndete Ensemble \u201eHOF-DANTZER\u201c hat seine stilistischen Schwerpunkte im 18. und 19. Jahrhundert und erm\u00f6glicht einen fruchtbaren Austausch von k\u00fcnstlerischer Tanzpraxis und Tanzforschung. Auftritte in \u00d6sterreich, Frankreich, Deutschland, England und Amerika bezauberten das Publikum. Zusammen mit Frank Perenboom entstanden die Programme \u201eLes F\u00eates galantes\u201c (2001) und \u201eLe Triomphe des muses\u201c (2002) f\u00fcr die Schlo\u00dffestspiele in Ludwigsburg.<\/p>\n<p>Hannelore Unfried ist f\u00fchrend auf dem Gebiet der Ballpraxis der Strau\u00df\u00e4ra: Cotillon, K\u00f6r, Sir Roger und L\u2019Alliance haben durch ihre Arbeit den Weg von der Forschung und die Publikation \u00fcber Kurse und Auff\u00fchrungen zur\u00fcck in den Ballsaal gefunden. Unsch\u00e4tzbare Bereicherung verdankt sie der Zusammenarbeit mit Dr. Patri Pugliese, Boston, USA.<\/p>\n<p>Hannelore Unfried lehrt historischen Tanz an der Universit\u00e4t f\u00fcr Musik und darstellende Kunst Wien und der Konservatorium-Wien-Privatuniversit\u00e4t sowie Gitarre an einer Musikschule. Ihre Kurst\u00e4tigkeit erstreckt sich neben \u00d6sterreich und Deutschland auch auf die Schweiz, England, Russland, Tschechien, Ungarn, Slowakei und die USA.<\/p>\n<\/div><\/section><\/p><\/div><div class=\"flex_column av_one_full  flex_column_div av-zero-column-padding first  avia-builder-el-8  el_after_av_one_full  avia-builder-el-last  column-top-margin\" style='border-radius:0px; '><div class='avia-buttonrow-wrap avia-buttonrow-right   avia-builder-el-9  avia-builder-el-no-sibling  '>\n<a href='https:\/\/online.mdw.ac.at\/mdw_online\/visitenkarte.show_vcard?pPersonenId=612BF93A510292AA&pPersonenGruppe=3'  class='avia-button  avia-icon_select-no avia-color-theme-color avia-size-small '  target=\"_blank\"  style='margin-bottom:5px; margin-left:5px; ' ><span class='avia_iconbox_title' >Visitenkarte<\/span><\/a>\n<a href='https:\/\/online.mdw.ac.at\/mdw_online\/wblvangebot.wbshowlvoffer?ppersonnr=16896'  class='avia-button  avia-icon_select-no avia-color-theme-color avia-size-small '  target=\"_blank\"  style='margin-bottom:5px; margin-left:5px; ' ><span class='avia_iconbox_title' >Lehrveranstaltungen<\/span><\/a>\n<\/div><\/div><\/p>\n","protected":false},"excerpt":{"rendered":"","protected":false},"author":1,"featured_media":0,"parent":0,"menu_order":0,"comment_status":"closed","ping_status":"closed","template":"","meta":{"_price":"","_stock":"","_tribe_ticket_header":"","_tribe_default_ticket_provider":"","_tribe_ticket_capacity":"","_ticket_start_date":"","_ticket_end_date":"","_tribe_ticket_show_description":"","_tribe_ticket_show_not_going":false,"_tribe_ticket_use_global_stock":"","_tribe_ticket_global_stock_level":"","_global_stock_mode":"","_global_stock_cap":"","_tribe_rsvp_for_event":"","_tribe_ticket_going_count":"","_tribe_ticket_not_going_count":"","_tribe_tickets_list":"[]","_tribe_ticket_has_attendee_info_fields":false,"footnotes":""},"class_list":["post-7332","page","type-page","status-publish","hentry"],"_links":{"self":[{"href":"https:\/\/mdw.ac.at\/altemusik\/wp-json\/wp\/v2\/pages\/7332","targetHints":{"allow":["GET"]}}],"collection":[{"href":"https:\/\/mdw.ac.at\/altemusik\/wp-json\/wp\/v2\/pages"}],"about":[{"href":"https:\/\/mdw.ac.at\/altemusik\/wp-json\/wp\/v2\/types\/page"}],"author":[{"embeddable":true,"href":"https:\/\/mdw.ac.at\/altemusik\/wp-json\/wp\/v2\/users\/1"}],"replies":[{"embeddable":true,"href":"https:\/\/mdw.ac.at\/altemusik\/wp-json\/wp\/v2\/comments?post=7332"}],"version-history":[{"count":10,"href":"https:\/\/mdw.ac.at\/altemusik\/wp-json\/wp\/v2\/pages\/7332\/revisions"}],"predecessor-version":[{"id":18910,"href":"https:\/\/mdw.ac.at\/altemusik\/wp-json\/wp\/v2\/pages\/7332\/revisions\/18910"}],"wp:attachment":[{"href":"https:\/\/mdw.ac.at\/altemusik\/wp-json\/wp\/v2\/media?parent=7332"}],"curies":[{"name":"wp","href":"https:\/\/api.w.org\/{rel}","templated":true}]}}