{"id":7334,"date":"2020-07-14T16:28:41","date_gmt":"2020-07-14T14:28:41","guid":{"rendered":"https:\/\/mdw.ac.at\/altemusik\/?page_id=7334"},"modified":"2025-09-25T13:47:46","modified_gmt":"2025-09-25T11:47:46","slug":"hannelore-unfried-2","status":"publish","type":"page","link":"https:\/\/mdw.ac.at\/altemusik\/en\/hannelore-unfried-2\/","title":{"rendered":"Hannelore UNFRIED"},"content":{"rendered":"<div class=\"flex_column av_one_full  flex_column_div av-zero-column-padding first  avia-builder-el-0  el_before_av_hr  avia-builder-el-first  \" style='border-radius:0px; '><p><div class='avia-image-container  av-styling-    avia-builder-el-1  el_before_av_hr  avia-builder-el-first   avia-align-left '  itemprop=\"image\" itemscope=\"itemscope\" itemtype=\"https:\/\/schema.org\/ImageObject\"  ><div class='avia-image-container-inner'><div class='avia-image-overlay-wrap'><img class='avia_image' src='https:\/\/mdw.ac.at\/altemusik\/blog2\/wp-content\/uploads\/2020\/10\/4D42AE64-06BC-4421-B45D-C0B315A142E1-495x400.jpeg' alt='' title='Hannelore UNFRIED' height=\"400\" width=\"495\"  itemprop=\"thumbnailUrl\"  \/><\/div><\/div><\/div><br \/>\n<div style='height:50px' class='hr hr-invisible   avia-builder-el-2  el_after_av_image  el_before_av_textblock  '><span class='hr-inner ' ><span class='hr-inner-style'><\/span><\/span><\/div><br \/>\n<section class=\"av_textblock_section \"  itemscope=\"itemscope\" itemtype=\"https:\/\/schema.org\/CreativeWork\" ><div class='avia_textblock  '   itemprop=\"text\" ><h2>Hannelore UNFRIED<\/h2>\n<\/div><\/section><br \/>\n<section class=\"av_textblock_section \"  itemscope=\"itemscope\" itemtype=\"https:\/\/schema.org\/CreativeWork\" ><div class='avia_textblock  '   itemprop=\"text\" ><h5>Historical Dance<\/h5>\n<\/div><\/section><br \/>\n<div style='height:20px' class='hr hr-invisible   avia-builder-el-5  el_after_av_textblock  el_before_av_textblock  '><span class='hr-inner ' ><span class='hr-inner-style'><\/span><\/span><\/div><br \/>\n<section class=\"av_textblock_section \"  itemscope=\"itemscope\" itemtype=\"https:\/\/schema.org\/CreativeWork\" ><div class='avia_textblock  '   itemprop=\"text\" ><p><strong>[This content hasn&#8217;t yet been translated. Please check back soon!]<\/strong><\/p>\n<\/div><\/section><br \/>\n<div style='height:20px' class='hr hr-invisible   avia-builder-el-7  el_after_av_textblock  el_before_av_textblock  '><span class='hr-inner ' ><span class='hr-inner-style'><\/span><\/span><\/div><br \/>\n<section class=\"av_textblock_section \"  itemscope=\"itemscope\" itemtype=\"https:\/\/schema.org\/CreativeWork\" ><div class='avia_textblock  '   itemprop=\"text\" ><p><em>Tanz und Musik bestimmten gleicherma\u00dfen den k\u00fcnstlerischen Ausbildungsweg von Hannelore Unfried. Sie verlie\u00df die Universit\u00e4t f\u00fcr Musik und darstellende Kunst in Wien als Magister artium. Die solide Basis ihrer t\u00e4nzerischen Ausbildung verdankt Hannelore Unfried der Grande Dame des \u00f6sterreichischen Ausdruckstanzes Rosalia Chladek. Den vertieften Zugang zur franz\u00f6sischen Tanzkultur des Ancien Regime er\u00f6ffneten ihr die franz\u00f6sischen Spezialistinnen Fran\u00e7ine Lancelot und Christine Bayle. Das 1988 von Hannelore Unfried gegr\u00fcndete Ensemble \u201eHOF-DANTZER\u201c hat seine stilistischen Schwerpunkte im 18. und 19. Jahrhundert und erm\u00f6glicht einen fruchtbaren Austausch von k\u00fcnstlerischer Tanzpraxis und Tanzforschung. Auftritte in \u00d6sterreich, Frankreich, Deutschland, England und Amerika bezauberten das Publikum. Zusammen mit Frank Perenboom entstanden die Programme \u201eLes F\u00eates galantes\u201c (2001) und \u201eLe Triomphe des muses\u201c (2002) f\u00fcr die Schlo\u00dffestspiele in Ludwigsburg. Hannelore Unfried ist f\u00fchrend auf dem Gebiet der Ballpraxis der Strau\u00df\u00e4ra: Cotillon, K\u00f6r, Sir Roger und L\u2019Alliance haben durch ihre Arbeit den Weg von der Forschung und die Publikation \u00fcber Kurse und Auff\u00fchrungen zur\u00fcck in den Ballsaal gefunden. Unsch\u00e4tzbare Bereicherung verdankt Hannelore Unfried der Zusammenarbeit mit Dr. Patri Pugliese, Boston, USA. Hannelore Unfried lehrt historischen Tanz an der Universit\u00e4t f\u00fcr Musik in Wien und der Konservatorium-Wien-Privatuniversi\u00e4t sowie Gitarre an einer Musikschule. Ihre Kurst\u00e4tigkeit erstreckt sich neben \u00d6sterreich und Deutschland auch auf Schweiz, England, Russland, Tschechien, Ungarn, Slowakei und USA.<\/em><\/p>\n<\/div><\/section><\/p><\/div><div  class='hr hr-default   avia-builder-el-9  el_after_av_one_full  el_before_av_one_full '><span class='hr-inner ' ><span class='hr-inner-style'><\/span><\/span><\/div><\/p>\n<div class=\"flex_column av_one_full  flex_column_div av-zero-column-padding first  avia-builder-el-10  el_after_av_hr  avia-builder-el-last  \" style='border-radius:0px; '><div class='avia-buttonrow-wrap avia-buttonrow-right   avia-builder-el-11  avia-builder-el-no-sibling  '>\n<a href='https:\/\/online.mdw.ac.at\/mdw_online\/visitenkarte.show_vcard?pPersonenId=612BF93A510292AA&pPersonenGruppe=3'  class='avia-button  avia-icon_select-no avia-color-theme-color avia-size-small '  target=\"_blank\"  style='margin-bottom:5px; margin-left:5px; ' ><span class='avia_iconbox_title' >Business card<\/span><\/a>\n<a href='https:\/\/online.mdw.ac.at\/mdw_online\/wblvangebot.wbshowlvoffer?ppersonnr=16896'  class='avia-button  avia-icon_select-no avia-color-theme-color avia-size-small '  target=\"_blank\"  style='margin-bottom:5px; margin-left:5px; ' ><span class='avia_iconbox_title' >Courses<\/span><\/a>\n<\/div><\/div>\n","protected":false},"excerpt":{"rendered":"","protected":false},"author":1,"featured_media":0,"parent":0,"menu_order":0,"comment_status":"closed","ping_status":"closed","template":"","meta":{"_price":"","_stock":"","_tribe_ticket_header":"","_tribe_default_ticket_provider":"","_tribe_ticket_capacity":"","_ticket_start_date":"","_ticket_end_date":"","_tribe_ticket_show_description":"","_tribe_ticket_show_not_going":false,"_tribe_ticket_use_global_stock":"","_tribe_ticket_global_stock_level":"","_global_stock_mode":"","_global_stock_cap":"","_tribe_rsvp_for_event":"","_tribe_ticket_going_count":"","_tribe_ticket_not_going_count":"","_tribe_tickets_list":"[]","_tribe_ticket_has_attendee_info_fields":false,"footnotes":""},"class_list":["post-7334","page","type-page","status-publish","hentry"],"_links":{"self":[{"href":"https:\/\/mdw.ac.at\/altemusik\/wp-json\/wp\/v2\/pages\/7334","targetHints":{"allow":["GET"]}}],"collection":[{"href":"https:\/\/mdw.ac.at\/altemusik\/wp-json\/wp\/v2\/pages"}],"about":[{"href":"https:\/\/mdw.ac.at\/altemusik\/wp-json\/wp\/v2\/types\/page"}],"author":[{"embeddable":true,"href":"https:\/\/mdw.ac.at\/altemusik\/wp-json\/wp\/v2\/users\/1"}],"replies":[{"embeddable":true,"href":"https:\/\/mdw.ac.at\/altemusik\/wp-json\/wp\/v2\/comments?post=7334"}],"version-history":[{"count":9,"href":"https:\/\/mdw.ac.at\/altemusik\/wp-json\/wp\/v2\/pages\/7334\/revisions"}],"predecessor-version":[{"id":17251,"href":"https:\/\/mdw.ac.at\/altemusik\/wp-json\/wp\/v2\/pages\/7334\/revisions\/17251"}],"wp:attachment":[{"href":"https:\/\/mdw.ac.at\/altemusik\/wp-json\/wp\/v2\/media?parent=7334"}],"curies":[{"name":"wp","href":"https:\/\/api.w.org\/{rel}","templated":true}]}}