{"id":7497,"date":"2020-09-07T14:53:58","date_gmt":"2020-09-07T12:53:58","guid":{"rendered":"https:\/\/mdw.ac.at\/altemusik\/?page_id=7497"},"modified":"2026-03-11T09:31:35","modified_gmt":"2026-03-11T08:31:35","slug":"wolfgang-gaisbock","status":"publish","type":"page","link":"https:\/\/mdw.ac.at\/altemusik\/lehrende\/wolfgang-gaisbock\/","title":{"rendered":"Wolfgang GAISB\u00d6CK"},"content":{"rendered":"<div class=\"flex_column av_two_fifth  flex_column_div av-zero-column-padding first  avia-builder-el-0  el_before_av_three_fifth  avia-builder-el-first  \" style='border-radius:0px; '><div class='avia-image-container  av-styling-    avia-builder-el-1  avia-builder-el-no-sibling   avia-align-center '  itemprop=\"image\" itemscope=\"itemscope\" itemtype=\"https:\/\/schema.org\/ImageObject\"  ><div class='avia-image-container-inner'><div class='avia-image-overlay-wrap'><a href=\"https:\/\/mdw.ac.at\/altemusik\/blog2\/wp-content\/uploads\/2020\/09\/Wolfgang_Gaisb\u00f6ck-scaled-e1599483044821-820x1030.jpeg\" class='avia_image'   data-rel=\"lightbox-image-0\" data-rl_title=\"\" data-rl_caption=\"\"><img class='avia_image ' src='https:\/\/mdw.ac.at\/altemusik\/blog2\/wp-content\/uploads\/2020\/09\/Wolfgang_Gaisb\u00f6ck-scaled-e1599483044821.jpeg' alt='' title=''  itemprop=\"thumbnailUrl\"  \/><\/a><\/div><\/div><\/div><\/div><div class=\"flex_column av_three_fifth  flex_column_div av-zero-column-padding   avia-builder-el-2  el_after_av_two_fifth  el_before_av_buttonrow  \" style='border-radius:0px; '><section class=\"av_textblock_section \"  itemscope=\"itemscope\" itemtype=\"https:\/\/schema.org\/CreativeWork\" ><div class='avia_textblock  '   itemprop=\"text\" ><h2>Wolfgang GAISB\u00d6CK<\/h2>\n<\/div><\/section><br \/>\n<section class=\"av_textblock_section \"  itemscope=\"itemscope\" itemtype=\"https:\/\/schema.org\/CreativeWork\" ><div class='avia_textblock  '   itemprop=\"text\" ><h5>Barocktrompete (erg\u00e4nzendes Fach)<\/h5>\n<\/div><\/section><br \/>\n<div style='height:20px' class='hr hr-invisible   avia-builder-el-5  el_after_av_textblock  el_before_av_textblock  '><span class='hr-inner ' ><span class='hr-inner-style'><\/span><\/span><\/div><br \/>\n<section class=\"av_textblock_section \"  itemscope=\"itemscope\" itemtype=\"https:\/\/schema.org\/CreativeWork\" ><div class='avia_textblock  '   itemprop=\"text\" ><p align=\"justify\">Wolfgang Gaisb\u00f6ck studierte ab 1990 Trompete am Brucknerkonservatorium Linz bei Josef Eidenberger und am Mozarteum Salzburg bei Hans Gansch.<\/p>\n<p align=\"justify\">Seit 1996 ist er Mitglied bei der Camerata Salzburg. Als Solist hat er bei f\u00fchrenden Ensembles der Alten Musik mitgewirkt (Concentus Musicus Wien unter Nikolaus Harnoncourt, Akademie f\u00fcr Alte Musik Berlin, Il Giardino Armonico, Concerto K\u00f6ln, \u201eThe Bach Ensemble\u201c unter Joshua Rifkin). Konzerte mit diesen Ensembles f\u00fchrten ihn in die Berliner Philharmonie, ins Concertgebouw Amsterdam, ins italienische Teatro Municipale Valli, nach Finnland, Japan und Slowenien und im Rahmen der Proms in die Royal Albert Hall.<\/p>\n<p align=\"justify\">Gaisb\u00f6ck gilt als einer der f\u00fchrenden Barocktrompeter, insbesondere als Spezialist f\u00fcr das 2. Brandenburgisches Konzert und dem Kantatenwerk von J. S. Bach.<\/p>\n<p align=\"justify\">Er ist zudem Mitbegr\u00fcnder des \u201eSchwanthaler Trompeten Consort\u201c.<\/p>\n<\/div><\/section><\/p><\/div><\/p>\n<div class='avia-buttonrow-wrap avia-buttonrow-right   avia-builder-el-7  el_after_av_three_fifth  avia-builder-el-last  '>\n<a href='https:\/\/online.mdw.ac.at\/mdw_online\/visitenkarte.show_vcard?pPersonenId=0DB314307A66B153&pPersonenGruppe=3'  class='avia-button  avia-icon_select-no avia-color-theme-color avia-size-small '  target=\"_blank\"  style='margin-bottom:5px; margin-left:5px; ' ><span class='avia_iconbox_title' >Visitenkarte<\/span><\/a>\n<a href='https:\/\/online.mdw.ac.at\/mdw_online\/wblvangebot.wbshowlvoffer?ppersonnr=36012'  class='avia-button  avia-icon_select-no avia-color-theme-color avia-size-small '  target=\"_blank\"  style='margin-bottom:5px; margin-left:5px; ' ><span class='avia_iconbox_title' >Lehrveranstaltungen<\/span><\/a>\n<\/div>\n","protected":false},"excerpt":{"rendered":"","protected":false},"author":1,"featured_media":0,"parent":257,"menu_order":0,"comment_status":"closed","ping_status":"closed","template":"","meta":{"_price":"","_stock":"","_tribe_ticket_header":"","_tribe_default_ticket_provider":"","_tribe_ticket_capacity":"","_ticket_start_date":"","_ticket_end_date":"","_tribe_ticket_show_description":"","_tribe_ticket_show_not_going":false,"_tribe_ticket_use_global_stock":"","_tribe_ticket_global_stock_level":"","_global_stock_mode":"","_global_stock_cap":"","_tribe_rsvp_for_event":"","_tribe_ticket_going_count":"","_tribe_ticket_not_going_count":"","_tribe_tickets_list":"[]","_tribe_ticket_has_attendee_info_fields":false,"footnotes":""},"class_list":["post-7497","page","type-page","status-publish","hentry"],"_links":{"self":[{"href":"https:\/\/mdw.ac.at\/altemusik\/wp-json\/wp\/v2\/pages\/7497","targetHints":{"allow":["GET"]}}],"collection":[{"href":"https:\/\/mdw.ac.at\/altemusik\/wp-json\/wp\/v2\/pages"}],"about":[{"href":"https:\/\/mdw.ac.at\/altemusik\/wp-json\/wp\/v2\/types\/page"}],"author":[{"embeddable":true,"href":"https:\/\/mdw.ac.at\/altemusik\/wp-json\/wp\/v2\/users\/1"}],"replies":[{"embeddable":true,"href":"https:\/\/mdw.ac.at\/altemusik\/wp-json\/wp\/v2\/comments?post=7497"}],"version-history":[{"count":7,"href":"https:\/\/mdw.ac.at\/altemusik\/wp-json\/wp\/v2\/pages\/7497\/revisions"}],"predecessor-version":[{"id":18939,"href":"https:\/\/mdw.ac.at\/altemusik\/wp-json\/wp\/v2\/pages\/7497\/revisions\/18939"}],"up":[{"embeddable":true,"href":"https:\/\/mdw.ac.at\/altemusik\/wp-json\/wp\/v2\/pages\/257"}],"wp:attachment":[{"href":"https:\/\/mdw.ac.at\/altemusik\/wp-json\/wp\/v2\/media?parent=7497"}],"curies":[{"name":"wp","href":"https:\/\/api.w.org\/{rel}","templated":true}]}}