{"id":7901,"date":"2020-10-24T12:53:46","date_gmt":"2020-10-24T10:53:46","guid":{"rendered":"https:\/\/mdw.ac.at\/altemusik\/?page_id=7901"},"modified":"2026-04-09T10:01:56","modified_gmt":"2026-04-09T08:01:56","slug":"ernst-schlader","status":"publish","type":"page","link":"https:\/\/mdw.ac.at\/altemusik\/lehrende\/ernst-schlader\/","title":{"rendered":"Ernst SCHLADER"},"content":{"rendered":"<div class=\"flex_column av_two_fifth  flex_column_div av-zero-column-padding first  avia-builder-el-0  el_before_av_three_fifth  avia-builder-el-first  \" style='border-radius:0px; '><div class='avia-image-container  av-styling-  av-has-copyright av-copyright-icon-reveal   avia-builder-el-1  avia-builder-el-no-sibling   avia-align-center '  itemprop=\"image\" itemscope=\"itemscope\" itemtype=\"https:\/\/schema.org\/ImageObject\"  ><div class='avia-image-container-inner'><div class='avia-image-overlay-wrap'><a href=\"https:\/\/mdw.ac.at\/altemusik\/blog2\/wp-content\/uploads\/2020\/10\/ErnstSchlader_c_GerhardHolzinger-689x1030.jpg\" class='avia_image'   data-rel=\"lightbox-image-0\" data-rl_title=\"\" data-rl_caption=\"\"><img class='avia_image ' src='https:\/\/mdw.ac.at\/altemusik\/blog2\/wp-content\/uploads\/2020\/10\/ErnstSchlader_c_GerhardHolzinger-689x1030.jpg' alt='' title=''  itemprop=\"thumbnailUrl\"  \/><\/a><\/div><small class='avia-copyright'>\u00a9 Gerhard Holzinger<\/small><\/div><\/div><\/div>\n<div class=\"flex_column av_three_fifth  flex_column_div av-zero-column-padding   avia-builder-el-2  el_after_av_two_fifth  el_before_av_one_full  \" style='border-radius:0px; '><section class=\"av_textblock_section \"  itemscope=\"itemscope\" itemtype=\"https:\/\/schema.org\/CreativeWork\" ><div class='avia_textblock  '   itemprop=\"text\" ><h2>Ernst SCHLADER<\/h2>\n<\/div><\/section><br \/>\n<section class=\"av_textblock_section \"  itemscope=\"itemscope\" itemtype=\"https:\/\/schema.org\/CreativeWork\" ><div class='avia_textblock  '   itemprop=\"text\" ><h5>Historische Klarinetteninstrumente<\/h5>\n<\/div><\/section><br \/>\n<div style='height:20px' class='hr hr-invisible   avia-builder-el-5  el_after_av_textblock  el_before_av_textblock  '><span class='hr-inner ' ><span class='hr-inner-style'><\/span><\/span><\/div><br \/>\n<section class=\"av_textblock_section \"  itemscope=\"itemscope\" itemtype=\"https:\/\/schema.org\/CreativeWork\" ><div class='avia_textblock  '   itemprop=\"text\" ><p>Ernst Schlader wurde in Gmunden geboren und absolvierte mehrere Studien (Klarinette, Orgel, Musikwissenschaft, Alte Musik) in Linz, Den Haag, Leiden und Frankfurt am Main.<\/p>\n<p>Von 2007\u20122016 leitete er die deutschlandweit einzige Hauptfachklasse f\u00fcr Historische Klarinetten-Instrumente an der Staatlichen Hochschule f\u00fcr Musik in Trossingen und wurde 2014 zum Honorar-Professor ernannt. Seit 2009 unterrichtet er als Lehrbeauftragter f\u00fcr Musikwissenschaft an der Hochschule f\u00fcr Musik und Darstellende Kunst in Frankfurt am Main und seit 2012 als Senior-Lecturer an der Kunst-Universit\u00e4t Graz.<\/p>\n<p>Ernst Schlader hat bei \u00fcber 45 CD-Einspielungen (2014 Pasticcio Preis von Radio \u00d61 f\u00fcr die Gesamteinspielung der Sonaten von J. B. Vanhal) mitgewirkt und erhielt 2012 f\u00fcr seine musikwissenschaftliche Dissertation \u00fcber den Komponisten Georg Pasterwiz die Talentf\u00f6rderungspr\u00e4mie f\u00fcr Wissenschaft des Landes Ober\u00f6sterreich.<\/p>\n<p>Er ist Mitglied und Solo-Klarinettist der Akademie f\u00fcr Alte Musik Berlin und musiziert regelm\u00e4\u00dfig u. a. mit Ars Antiqua Austria, Amsterdam Baroque Orchestra, Concerto K\u00f6ln, Orchestre des Champs-\u00c9lys\u00e9es und dem Collegium 1704 Prag.<\/p>\n<p>Als wissenschaftlicher Beirat engagiert er sich im Anton Bruckner Institut Linz.<\/p>\n<\/div><\/section><\/p><\/div><div class=\"flex_column av_one_full  flex_column_div av-zero-column-padding first  avia-builder-el-7  el_after_av_three_fifth  avia-builder-el-last  \" style='border-radius:0px; '><div class='avia-buttonrow-wrap avia-buttonrow-right   avia-builder-el-8  avia-builder-el-no-sibling  '>\n<a href='https:\/\/online.mdw.ac.at\/mdw_online\/visitenkarte.show_vcard?pPersonenId=FFE28914C22E2244&pPersonenGruppe=3'  class='avia-button  avia-icon_select-no avia-color-theme-color avia-size-small '  target=\"_blank\"  style='margin-bottom:5px; margin-left:5px; ' ><span class='avia_iconbox_title' >Visitenkarte<\/span><\/a>\n<a href='https:\/\/online.mdw.ac.at\/mdw_online\/wblvangebot.wbshowlvoffer?ppersonnr=36072'  class='avia-button  avia-icon_select-no avia-color-theme-color avia-size-small '  target=\"_blank\"  style='margin-bottom:5px; margin-left:5px; ' ><span class='avia_iconbox_title' >Lehrveranstaltungen<\/span><\/a>\n<\/div><\/div><\/p>\n","protected":false},"excerpt":{"rendered":"","protected":false},"author":1,"featured_media":0,"parent":257,"menu_order":0,"comment_status":"closed","ping_status":"closed","template":"","meta":{"_price":"","_stock":"","_tribe_ticket_header":"","_tribe_default_ticket_provider":"","_tribe_ticket_capacity":"0","_ticket_start_date":"","_ticket_end_date":"","_tribe_ticket_show_description":"","_tribe_ticket_show_not_going":false,"_tribe_ticket_use_global_stock":"","_tribe_ticket_global_stock_level":"","_global_stock_mode":"","_global_stock_cap":"","_tribe_rsvp_for_event":"","_tribe_ticket_going_count":"","_tribe_ticket_not_going_count":"","_tribe_tickets_list":"[]","_tribe_ticket_has_attendee_info_fields":false,"footnotes":""},"class_list":["post-7901","page","type-page","status-publish","hentry"],"_links":{"self":[{"href":"https:\/\/mdw.ac.at\/altemusik\/wp-json\/wp\/v2\/pages\/7901","targetHints":{"allow":["GET"]}}],"collection":[{"href":"https:\/\/mdw.ac.at\/altemusik\/wp-json\/wp\/v2\/pages"}],"about":[{"href":"https:\/\/mdw.ac.at\/altemusik\/wp-json\/wp\/v2\/types\/page"}],"author":[{"embeddable":true,"href":"https:\/\/mdw.ac.at\/altemusik\/wp-json\/wp\/v2\/users\/1"}],"replies":[{"embeddable":true,"href":"https:\/\/mdw.ac.at\/altemusik\/wp-json\/wp\/v2\/comments?post=7901"}],"version-history":[{"count":7,"href":"https:\/\/mdw.ac.at\/altemusik\/wp-json\/wp\/v2\/pages\/7901\/revisions"}],"predecessor-version":[{"id":19109,"href":"https:\/\/mdw.ac.at\/altemusik\/wp-json\/wp\/v2\/pages\/7901\/revisions\/19109"}],"up":[{"embeddable":true,"href":"https:\/\/mdw.ac.at\/altemusik\/wp-json\/wp\/v2\/pages\/257"}],"wp:attachment":[{"href":"https:\/\/mdw.ac.at\/altemusik\/wp-json\/wp\/v2\/media?parent=7901"}],"curies":[{"name":"wp","href":"https:\/\/api.w.org\/{rel}","templated":true}]}}