{"id":7908,"date":"2020-10-24T12:56:17","date_gmt":"2020-10-24T10:56:17","guid":{"rendered":"https:\/\/mdw.ac.at\/altemusik\/?page_id=7908"},"modified":"2026-04-09T10:02:27","modified_gmt":"2026-04-09T08:02:27","slug":"ernst-schlader","status":"publish","type":"page","link":"https:\/\/mdw.ac.at\/altemusik\/en\/faculty\/ernst-schlader\/","title":{"rendered":"Ernst SCHLADER"},"content":{"rendered":"<div class=\"flex_column av_two_fifth  flex_column_div av-zero-column-padding first  avia-builder-el-0  el_before_av_three_fifth  avia-builder-el-first  \" style='border-radius:0px; '><div class='avia-image-container  av-styling-  av-has-copyright av-copyright-icon-reveal   avia-builder-el-1  avia-builder-el-no-sibling   avia-align-center '  itemprop=\"image\" itemscope=\"itemscope\" itemtype=\"https:\/\/schema.org\/ImageObject\"  ><div class='avia-image-container-inner'><div class='avia-image-overlay-wrap'><a href=\"https:\/\/mdw.ac.at\/altemusik\/blog2\/wp-content\/uploads\/2020\/10\/ErnstSchlader_c_GerhardHolzinger-689x1030.jpg\" class='avia_image'   data-rel=\"lightbox-image-0\" data-rl_title=\"\" data-rl_caption=\"\"><img class='avia_image ' src='https:\/\/mdw.ac.at\/altemusik\/blog2\/wp-content\/uploads\/2020\/10\/ErnstSchlader_c_GerhardHolzinger-689x1030.jpg' alt='' title=''  itemprop=\"thumbnailUrl\"  \/><\/a><\/div><small class='avia-copyright'>\u00a9 Gerhard Holzinger<\/small><\/div><\/div><\/div>\n<div class=\"flex_column av_three_fifth  flex_column_div av-zero-column-padding   avia-builder-el-2  el_after_av_two_fifth  el_before_av_one_full  \" style='border-radius:0px; '><section class=\"av_textblock_section \"  itemscope=\"itemscope\" itemtype=\"https:\/\/schema.org\/CreativeWork\" ><div class='avia_textblock  '   itemprop=\"text\" ><h2>Ernst SCHLADER<\/h2>\n<\/div><\/section><br \/>\n<section class=\"av_textblock_section \"  itemscope=\"itemscope\" itemtype=\"https:\/\/schema.org\/CreativeWork\" ><div class='avia_textblock  '   itemprop=\"text\" ><h5>Historical Clarinette Instruments<\/h5>\n<\/div><\/section><br \/>\n<div style='height:20px' class='hr hr-invisible   avia-builder-el-5  el_after_av_textblock  el_before_av_textblock  '><span class='hr-inner ' ><span class='hr-inner-style'><\/span><\/span><\/div><br \/>\n<section class=\"av_textblock_section \"  itemscope=\"itemscope\" itemtype=\"https:\/\/schema.org\/CreativeWork\" ><div class='avia_textblock  '   itemprop=\"text\" ><p>Ernst Schlader was born in Gmunden and completed several degrees (clarinet, organ, musicology, Early Music) in Linz, The Hague, Leiden, and Frankfurt am Main.<\/p>\n<p>From 2007 to 2016, he led Germany\u2019s only major program for historical clarinet instruments at the State University of Music in Trossingen and was appointed honorary professor in 2014. Since 2009, he has taught as a lecturer in musicology at the University of Music and Performing Arts in Frankfurt am Main, and since 2012 as a senior lecturer at the University of Music and Performing Arts in Graz.<\/p>\n<p>Ernst Schlader has contributed to over 45 CD recordings (2014 Pasticcio Prize from Radio \u00d61 for the complete recording of the sonatas by J. B. Vanhal) and received the Talent Promotion Award for Science from the State of Upper Austria in 2012 for his musicological dissertation on the composer Georg Pasterwiz.<\/p>\n<p>He is a member and principal clarinetist of the Akademie f\u00fcr Alte Musik Berlin and performs regularly with ensembles such as Ars Antiqua Austria, the Amsterdam Baroque Orchestra, Concerto K\u00f6ln, the Orchestre des Champs-\u00c9lys\u00e9es, and Collegium 1704 Prague.<\/p>\n<p>He serves on the academic advisory board of the Anton Bruckner Institute in Linz.<\/p>\n<\/div><\/section><\/p><\/div><div class=\"flex_column av_one_full  flex_column_div av-zero-column-padding first  avia-builder-el-7  el_after_av_three_fifth  avia-builder-el-last  \" style='border-radius:0px; '><div class='avia-buttonrow-wrap avia-buttonrow-right   avia-builder-el-8  avia-builder-el-no-sibling  '>\n<a href='https:\/\/online.mdw.ac.at\/mdw_online\/visitenkarte.show_vcard?pPersonenId=FFE28914C22E2244&pPersonenGruppe=3'  class='avia-button  avia-icon_select-no avia-color-theme-color avia-size-small '  target=\"_blank\"  style='margin-bottom:5px; margin-left:5px; ' ><span class='avia_iconbox_title' >Business card<\/span><\/a>\n<a href='https:\/\/online.mdw.ac.at\/mdw_online\/wblvangebot.wbshowlvoffer?ppersonnr=36072'  class='avia-button  avia-icon_select-no avia-color-theme-color avia-size-small '  target=\"_blank\"  style='margin-bottom:5px; margin-left:5px; ' ><span class='avia_iconbox_title' >Courses<\/span><\/a>\n<\/div><\/div><\/p>\n","protected":false},"excerpt":{"rendered":"","protected":false},"author":1,"featured_media":0,"parent":255,"menu_order":0,"comment_status":"closed","ping_status":"closed","template":"","meta":{"_price":"","_stock":"","_tribe_ticket_header":"","_tribe_default_ticket_provider":"","_tribe_ticket_capacity":"0","_ticket_start_date":"","_ticket_end_date":"","_tribe_ticket_show_description":"","_tribe_ticket_show_not_going":false,"_tribe_ticket_use_global_stock":"","_tribe_ticket_global_stock_level":"","_global_stock_mode":"","_global_stock_cap":"","_tribe_rsvp_for_event":"","_tribe_ticket_going_count":"","_tribe_ticket_not_going_count":"","_tribe_tickets_list":"[]","_tribe_ticket_has_attendee_info_fields":false,"footnotes":""},"class_list":["post-7908","page","type-page","status-publish","hentry"],"_links":{"self":[{"href":"https:\/\/mdw.ac.at\/altemusik\/wp-json\/wp\/v2\/pages\/7908","targetHints":{"allow":["GET"]}}],"collection":[{"href":"https:\/\/mdw.ac.at\/altemusik\/wp-json\/wp\/v2\/pages"}],"about":[{"href":"https:\/\/mdw.ac.at\/altemusik\/wp-json\/wp\/v2\/types\/page"}],"author":[{"embeddable":true,"href":"https:\/\/mdw.ac.at\/altemusik\/wp-json\/wp\/v2\/users\/1"}],"replies":[{"embeddable":true,"href":"https:\/\/mdw.ac.at\/altemusik\/wp-json\/wp\/v2\/comments?post=7908"}],"version-history":[{"count":4,"href":"https:\/\/mdw.ac.at\/altemusik\/wp-json\/wp\/v2\/pages\/7908\/revisions"}],"predecessor-version":[{"id":19110,"href":"https:\/\/mdw.ac.at\/altemusik\/wp-json\/wp\/v2\/pages\/7908\/revisions\/19110"}],"up":[{"embeddable":true,"href":"https:\/\/mdw.ac.at\/altemusik\/wp-json\/wp\/v2\/pages\/255"}],"wp:attachment":[{"href":"https:\/\/mdw.ac.at\/altemusik\/wp-json\/wp\/v2\/media?parent=7908"}],"curies":[{"name":"wp","href":"https:\/\/api.w.org\/{rel}","templated":true}]}}