{"id":7912,"date":"2020-10-24T13:03:45","date_gmt":"2020-10-24T11:03:45","guid":{"rendered":"https:\/\/mdw.ac.at\/altemusik\/?page_id=7912"},"modified":"2026-03-08T11:55:36","modified_gmt":"2026-03-08T10:55:36","slug":"marco-primultini","status":"publish","type":"page","link":"https:\/\/mdw.ac.at\/altemusik\/lehrende\/marco-primultini\/","title":{"rendered":"Marco PRIMULTINI"},"content":{"rendered":"<div class=\"flex_column av_two_fifth  flex_column_div av-zero-column-padding first  avia-builder-el-0  el_before_av_three_fifth  avia-builder-el-first  \" style='border-radius:0px; '><div class='avia-image-container  av-styling-  av-has-copyright av-copyright-icon-reveal   avia-builder-el-1  avia-builder-el-no-sibling   avia-align-center '  itemprop=\"image\" itemscope=\"itemscope\" itemtype=\"https:\/\/schema.org\/ImageObject\"  ><div class='avia-image-container-inner'><div class='avia-image-overlay-wrap'><img class='avia_image' src='https:\/\/mdw.ac.at\/altemusik\/blog2\/wp-content\/uploads\/2024\/10\/Marco-Primultini-\u00a9-Nicolas-Leroux.jpg' alt='' title='Marco Primultini \u00a9 Nicolas Leroux' height=\"2048\" width=\"1367\"  itemprop=\"thumbnailUrl\"  \/><\/div><small class='avia-copyright'>\u00a9 Nicolas Leroux<\/small><\/div><\/div><\/div>\n<div class=\"flex_column av_three_fifth  flex_column_div av-zero-column-padding   avia-builder-el-2  el_after_av_two_fifth  el_before_av_one_full  \" style='border-radius:0px; '><section class=\"av_textblock_section \"  itemscope=\"itemscope\" itemtype=\"https:\/\/schema.org\/CreativeWork\" ><div class='avia_textblock  '   itemprop=\"text\" ><h2>Marco PRIMULTINI<\/h2>\n<\/div><\/section><br \/>\n<section class=\"av_textblock_section \"  itemscope=\"itemscope\" itemtype=\"https:\/\/schema.org\/CreativeWork\" ><div class='avia_textblock  '   itemprop=\"text\" ><h5>Veranstaltungsmanagement, Disposition Tasteninstrumente<\/h5>\n<\/div><\/section><br \/>\n<div style='height:20px' class='hr hr-invisible   avia-builder-el-5  el_after_av_textblock  el_before_av_textblock  '><span class='hr-inner ' ><span class='hr-inner-style'><\/span><\/span><\/div><br \/>\n<section class=\"av_textblock_section \"  itemscope=\"itemscope\" itemtype=\"https:\/\/schema.org\/CreativeWork\" ><div class='avia_textblock  '   itemprop=\"text\" ><p>Marco Primultini wurde in Thiene (Italien) geboren. Schon in seiner Kindheit zeigte er ein starkes Interesse f\u00fcr die Musik und 2004 setzte er seine Ausbildung dann am Konservatorium \u201eArrigo Pedrollo\u201c in Vicenza im Fach Orgel und Orgelkomposition fort. Gleichzeitig studierte er Moderne Literaturwissenschaft an der Universit\u00e4t Padua. Nach dem k\u00fcnstlerischen Diplom wurde er 2013 an der Universit\u00e4t f\u00fcr Musik und darstellende Kunst in Wien aufgenommen und hier abschloss er das Masterstudium Orgel Konzertfach sowie das Bachelorstudium IGP beim Prof. Peretti und das Masterstudium Cembalo bei den Prof. Campagne und Traxler. Er tritt in verschiedenen L\u00e4ndern Europas und Japan als Konzertorganist und als Cembalist in Erscheinung, dabei agiert er sowohl als Solist als auch in gr\u00f6\u00dferen Besetzungen (RSO-Radio Symphonie Orchester, Wiener Philharmoniker, L&#8217;arpeggiata &#8211; Christina Pluhar). Wichtige musikalische Impulse erhielt er bei zahlreichen Meisterkursen, u.a. bei A. Heurtematte, M. Harris, R. Antonello, M. Ruggeri, P. Van Dijk, F. Danksagm\u00fcller, M. Radulescu, B. Kuijken, J. Christensen. 2023 gr\u00fcndete er mit seiner Kollegin Verena Grundner den Kulturverein Constellations.<\/p>\n<\/div><\/section><\/p><\/div>\n<div class=\"flex_column av_one_full  flex_column_div av-zero-column-padding first  avia-builder-el-7  el_after_av_three_fifth  avia-builder-el-last  \" style='border-radius:0px; '><div class='avia-buttonrow-wrap avia-buttonrow-right   avia-builder-el-8  avia-builder-el-no-sibling  '>\n<a href='https:\/\/online.mdw.ac.at\/mdw_online\/pl\/ui\/$ctx\/visitenkarte.show_vcard?pPersonenId=1D45ECE90F6E7C10&pPersonenGruppe=3'  class='avia-button  avia-icon_select-no avia-color-theme-color avia-size-small '  target=\"_blank\"  style='margin-bottom:5px; margin-left:5px; ' ><span class='avia_iconbox_title' >Visitenkarte<\/span><\/a>\n<\/div><\/div>\n","protected":false},"excerpt":{"rendered":"","protected":false},"author":18,"featured_media":0,"parent":257,"menu_order":0,"comment_status":"closed","ping_status":"closed","template":"","meta":{"_price":"","_stock":"","_tribe_ticket_header":"","_tribe_default_ticket_provider":"","_tribe_ticket_capacity":"","_ticket_start_date":"","_ticket_end_date":"","_tribe_ticket_show_description":"","_tribe_ticket_show_not_going":false,"_tribe_ticket_use_global_stock":"","_tribe_ticket_global_stock_level":"","_global_stock_mode":"","_global_stock_cap":"","_tribe_rsvp_for_event":"","_tribe_ticket_going_count":"","_tribe_ticket_not_going_count":"","_tribe_tickets_list":"[]","_tribe_ticket_has_attendee_info_fields":false,"footnotes":""},"class_list":["post-7912","page","type-page","status-publish","hentry"],"_links":{"self":[{"href":"https:\/\/mdw.ac.at\/altemusik\/wp-json\/wp\/v2\/pages\/7912","targetHints":{"allow":["GET"]}}],"collection":[{"href":"https:\/\/mdw.ac.at\/altemusik\/wp-json\/wp\/v2\/pages"}],"about":[{"href":"https:\/\/mdw.ac.at\/altemusik\/wp-json\/wp\/v2\/types\/page"}],"author":[{"embeddable":true,"href":"https:\/\/mdw.ac.at\/altemusik\/wp-json\/wp\/v2\/users\/18"}],"replies":[{"embeddable":true,"href":"https:\/\/mdw.ac.at\/altemusik\/wp-json\/wp\/v2\/comments?post=7912"}],"version-history":[{"count":17,"href":"https:\/\/mdw.ac.at\/altemusik\/wp-json\/wp\/v2\/pages\/7912\/revisions"}],"predecessor-version":[{"id":18848,"href":"https:\/\/mdw.ac.at\/altemusik\/wp-json\/wp\/v2\/pages\/7912\/revisions\/18848"}],"up":[{"embeddable":true,"href":"https:\/\/mdw.ac.at\/altemusik\/wp-json\/wp\/v2\/pages\/257"}],"wp:attachment":[{"href":"https:\/\/mdw.ac.at\/altemusik\/wp-json\/wp\/v2\/media?parent=7912"}],"curies":[{"name":"wp","href":"https:\/\/api.w.org\/{rel}","templated":true}]}}