{"id":8702,"date":"2020-12-13T14:05:05","date_gmt":"2020-12-13T13:05:05","guid":{"rendered":"https:\/\/mdw.ac.at\/altemusik\/?page_id=8702"},"modified":"2021-11-24T14:07:47","modified_gmt":"2021-11-24T13:07:47","slug":"celine-frisch","status":"publish","type":"page","link":"https:\/\/mdw.ac.at\/altemusik\/lehrende\/celine-frisch\/","title":{"rendered":"C\u00e9line FRISCH"},"content":{"rendered":"<div class=\"flex_column av_two_third  flex_column_div av-zero-column-padding first  avia-builder-el-0  el_before_av_one_third  avia-builder-el-first  \" style='border-radius:0px; '><div class='avia-image-container  av-styling-  av-has-copyright av-copyright-icon-reveal   avia-builder-el-1  avia-builder-el-no-sibling   avia-align-center '  itemprop=\"image\" itemscope=\"itemscope\" itemtype=\"https:\/\/schema.org\/ImageObject\"  ><div class='avia-image-container-inner'><div class='avia-image-overlay-wrap'><a href=\"https:\/\/mdw.ac.at\/altemusik\/blog2\/wp-content\/uploads\/2020\/12\/C\u00e9line-Frisch\u00a9Jean-Baptiste-Millot-1030x685.jpg\" class='avia_image'   data-rel=\"lightbox-image-0\" data-rl_title=\"\" data-rl_caption=\"\"><img class='avia_image ' src='https:\/\/mdw.ac.at\/altemusik\/blog2\/wp-content\/uploads\/2020\/12\/C\u00e9line-Frisch\u00a9Jean-Baptiste-Millot-1030x685.jpg' alt='' title=''  itemprop=\"thumbnailUrl\"  \/><\/a><\/div><small class='avia-copyright'>\u00a9Jean-Baptiste Millot<\/small><\/div><\/div><\/div>\n<div class=\"flex_column av_one_third  flex_column_div av-zero-column-padding   avia-builder-el-2  el_after_av_two_third  el_before_av_one_full  \" style='border-radius:0px; '><\/div>\n<div class=\"flex_column av_one_full  flex_column_div av-zero-column-padding first  avia-builder-el-3  el_after_av_one_third  el_before_av_one_full  column-top-margin\" style='border-radius:0px; '><section class=\"av_textblock_section \"  itemscope=\"itemscope\" itemtype=\"https:\/\/schema.org\/CreativeWork\" ><div class='avia_textblock  '   itemprop=\"text\" ><h2>C\u00e9line Frisch<\/h2>\n<\/div><\/section><br \/>\n<div style='height:20px' class='hr hr-invisible   avia-builder-el-5  el_after_av_textblock  el_before_av_textblock  '><span class='hr-inner ' ><span class='hr-inner-style'><\/span><\/span><\/div><br \/>\n<section class=\"av_textblock_section \"  itemscope=\"itemscope\" itemtype=\"https:\/\/schema.org\/CreativeWork\" ><div class='avia_textblock  '   itemprop=\"text\" ><p>C\u00e9line Frisch wurde in Marseille geboren und spielt seit dem 6. Lebensjahr Cembalo. Ihren ersten Cembalo und Kammermusik-Preis erhielt sie 1992 am Konservatorium Aix-en-Provence. Sie setzte ihre Studien an der Schola Cantorum in Basel bei Andreas Staier und Jesper Christensen fort und schloss schlie\u00dflich dort ihr Solistinnen-Studium ab. Als Preistr\u00e4gerin des &#8222;Juventus Preises&#8220; (1996) wurde sie im Jahr 2002 als erste Cembalistin f\u00fcr die &#8222;Victoires de la Musique Classique&#8220; nominiert.<\/p>\n<p>Seit 1993 konzertiert C\u00e9line Frisch unter anderem auch in kammermusikalischen Besetzungen, wobei sie mit K\u00fcnstler*innen wie etwa dem Gambisten Juan Manuel Quintana zusammen auf der B\u00fchne steht.<\/p>\n<p>Heute tritt sie vor allem als Solistin auf sowie als Mitglied und Leiterin des Caf\u00e9 Zimmermann Orchesters, das sie 1998 zusammen mit Pablo Valetti gr\u00fcndete. Sie spielt in den renommiertesten franz\u00f6sischen Konzerth\u00e4usern (wie etwa im Th\u00e9\u00e2tre de la Ville, Radio France, Th\u00e9\u00e2tre de Chatelet in Paris, in den zahlreichen Festivals in Ile-de-France oder auch in Roque d&#8217;Anth\u00e9ron) und in Washington, Toronto, Buenos Aires, Seoul, Br\u00fcssel und Lissabon, um nur einige zu nennen.<\/p>\n<p>F\u00fcr ihre Interpretation der Werke von J. S. Bach wurde C\u00e9line Frisch von der internationalen Presse vielfach gelobt, doch sie zeigt auch starkes Interesse an der Musik Frankreichs aus dem 18. Jahrhundert, der Musik englischer Virginalisten sowie an deutscher Literatur aus dem 17. Jahrhundert. Dar\u00fcber hinaus widmet sie sich zeitgen\u00f6ssischen Werken und Werken aus dem 20. Jahrhundert (Ligeti, Dutilleux, Manuel de Falla, Alfred Schnittke, Brice Pauset oder Fran\u00e7ois Sarhan).<\/p>\n<p>In ihren bisherigen Aufnahmen hat sich C\u00e9line Frisch ganz der Musik von Bach, D&#8217;Anglebert oder Rameau verschrieben und erhielt daf\u00fcr exzellente Rezensionen sowie die h\u00f6chsten Preise der Fachpresse. Ihre Aufnahme der Goldberg Variationen wurde mit dem &#8222;Diapason d&#8217;or of the year&#8220; und dem &#8222;Choc de l&#8217;ann\u00e9e du Monde de la Musique&#8220; ausgezeichnet. Weiters erhielt sie f\u00fcr ihre Aufnahme von Rameau&#8217;s &#8222;Pi\u00e8ce de clavecin&#8220; einen &#8222;Grand prix de l&#8217;Acad\u00e9mie du disque Charles Cros&#8220;, einen &#8222;Choc de Classica&#8220; sowie einen &#8222;Diapason d&#8217;or&#8220;. Im Jahr 2021 nahm sie au\u00dferdem eine Anthologie von St\u00fccken des jungen Bach und einigen Vorg\u00e4ngern auf, wof\u00fcr ihr ebenfalls ein &#8222;Choc de Classica&#8220; und ein &#8222;Diapason d&#8217;or&#8220; verliehen wurden. Ihre letzten Aufnahmen von J. S. Bach&#8217;s\u00a0 &#8222;Wohltemperiertem Clavier&#8220;, erschienen 2015 und 2019, wurden auch mit einigen Auszeichnungen versehen (Diapason d\u2019or, Choc de Classica, ffff by Telerama, Disco del mese des italienischen Magazins Amadeus and Gramophone UK). Die n\u00e4chste Aufnahme ist f\u00fcr September 2021 geplant und hier widmet sich C\u00e9line Frisch der franz\u00f6sischen Musik aus der Zeit Louis XV.<\/p>\n<\/div><\/section><\/p><\/div><div class=\"flex_column av_one_full  flex_column_div av-zero-column-padding first  avia-builder-el-7  el_after_av_one_full  avia-builder-el-last  column-top-margin\" style='border-radius:0px; '><div class='avia-buttonrow-wrap avia-buttonrow-right   avia-builder-el-8  avia-builder-el-no-sibling  '>\n<a href='https:\/\/online.mdw.ac.at\/mdw_online\/pl\/ui\/$ctx\/visitenkarte.show_vcard?pPersonenId=031CFD0DEC7B6ED2&pPersonenGruppe=3'  class='avia-button  avia-icon_select-no avia-color-theme-color avia-size-small '  target=\"_blank\"  style='margin-bottom:5px; margin-left:5px; ' ><span class='avia_iconbox_title' >Visitenkarte<\/span><\/a>\n<a href='https:\/\/online.mdw.ac.at\/mdw_online\/pl\/ui\/$ctx\/wblvangebot.wbshowlvoffer?ppersonnr=36727'  class='avia-button  avia-icon_select-no avia-color-theme-color avia-size-small '  target=\"_blank\"  style='margin-bottom:5px; margin-left:5px; ' ><span class='avia_iconbox_title' >Lehrveranstaltungen<\/span><\/a>\n<\/div><\/div><\/p>\n","protected":false},"excerpt":{"rendered":"","protected":false},"author":1,"featured_media":0,"parent":257,"menu_order":0,"comment_status":"closed","ping_status":"closed","template":"","meta":{"_price":"","_stock":"","_tribe_ticket_header":"","_tribe_default_ticket_provider":"","_tribe_ticket_capacity":"","_ticket_start_date":"","_ticket_end_date":"","_tribe_ticket_show_description":"","_tribe_ticket_show_not_going":false,"_tribe_ticket_use_global_stock":"","_tribe_ticket_global_stock_level":"","_global_stock_mode":"","_global_stock_cap":"","_tribe_rsvp_for_event":"","_tribe_ticket_going_count":"","_tribe_ticket_not_going_count":"","_tribe_tickets_list":"[]","_tribe_ticket_has_attendee_info_fields":false,"footnotes":""},"class_list":["post-8702","page","type-page","status-publish","hentry"],"_links":{"self":[{"href":"https:\/\/mdw.ac.at\/altemusik\/wp-json\/wp\/v2\/pages\/8702","targetHints":{"allow":["GET"]}}],"collection":[{"href":"https:\/\/mdw.ac.at\/altemusik\/wp-json\/wp\/v2\/pages"}],"about":[{"href":"https:\/\/mdw.ac.at\/altemusik\/wp-json\/wp\/v2\/types\/page"}],"author":[{"embeddable":true,"href":"https:\/\/mdw.ac.at\/altemusik\/wp-json\/wp\/v2\/users\/1"}],"replies":[{"embeddable":true,"href":"https:\/\/mdw.ac.at\/altemusik\/wp-json\/wp\/v2\/comments?post=8702"}],"version-history":[{"count":3,"href":"https:\/\/mdw.ac.at\/altemusik\/wp-json\/wp\/v2\/pages\/8702\/revisions"}],"predecessor-version":[{"id":10641,"href":"https:\/\/mdw.ac.at\/altemusik\/wp-json\/wp\/v2\/pages\/8702\/revisions\/10641"}],"up":[{"embeddable":true,"href":"https:\/\/mdw.ac.at\/altemusik\/wp-json\/wp\/v2\/pages\/257"}],"wp:attachment":[{"href":"https:\/\/mdw.ac.at\/altemusik\/wp-json\/wp\/v2\/media?parent=8702"}],"curies":[{"name":"wp","href":"https:\/\/api.w.org\/{rel}","templated":true}]}}