{"id":8707,"date":"2020-12-13T14:06:51","date_gmt":"2020-12-13T13:06:51","guid":{"rendered":"https:\/\/mdw.ac.at\/altemusik\/?page_id=8707"},"modified":"2020-12-13T14:06:52","modified_gmt":"2020-12-13T13:06:52","slug":"celine-frisch","status":"publish","type":"page","link":"https:\/\/mdw.ac.at\/altemusik\/en\/faculty\/celine-frisch\/","title":{"rendered":"C\u00e9line FRISCH"},"content":{"rendered":"<div class=\"flex_column av_two_third  flex_column_div av-zero-column-padding first  avia-builder-el-0  el_before_av_one_third  avia-builder-el-first  \" style='border-radius:0px; '><div class='avia-image-container  av-styling-  av-has-copyright av-copyright-icon-reveal   avia-builder-el-1  avia-builder-el-no-sibling   avia-align-center '  itemprop=\"image\" itemscope=\"itemscope\" itemtype=\"https:\/\/schema.org\/ImageObject\"  ><div class='avia-image-container-inner'><div class='avia-image-overlay-wrap'><a href=\"https:\/\/mdw.ac.at\/altemusik\/blog2\/wp-content\/uploads\/2020\/12\/C\u00e9line-Frisch\u00a9Jean-Baptiste-Millot-1030x685.jpg\" class='avia_image'   data-rel=\"lightbox-image-0\" data-rl_title=\"\" data-rl_caption=\"\"><img class='avia_image ' src='https:\/\/mdw.ac.at\/altemusik\/blog2\/wp-content\/uploads\/2020\/12\/C\u00e9line-Frisch\u00a9Jean-Baptiste-Millot-1030x685.jpg' alt='' title=''  itemprop=\"thumbnailUrl\"  \/><\/a><\/div><small class='avia-copyright'>\u00a9Jean-Baptiste Millot<\/small><\/div><\/div><\/div>\n<div class=\"flex_column av_one_third  flex_column_div av-zero-column-padding   avia-builder-el-2  el_after_av_two_third  el_before_av_one_full  \" style='border-radius:0px; '><\/div>\n<div class=\"flex_column av_one_full  flex_column_div av-zero-column-padding first  avia-builder-el-3  el_after_av_one_third  el_before_av_one_full  column-top-margin\" style='border-radius:0px; '><section class=\"av_textblock_section \"  itemscope=\"itemscope\" itemtype=\"https:\/\/schema.org\/CreativeWork\" ><div class='avia_textblock  '   itemprop=\"text\" ><h2>C\u00e9line Frisch<\/h2>\n<\/div><\/section><br \/>\n<div style='height:20px' class='hr hr-invisible   avia-builder-el-5  el_after_av_textblock  el_before_av_textblock  '><span class='hr-inner ' ><span class='hr-inner-style'><\/span><\/span><\/div><br \/>\n<section class=\"av_textblock_section \"  itemscope=\"itemscope\" itemtype=\"https:\/\/schema.org\/CreativeWork\" ><div class='avia_textblock  '   itemprop=\"text\" ><p>C\u00e9line Frisch was born in Marseille and started playing the harpsichord at the age of six. In 1992, she was awarded her first harpsichord and chamber music prizes at the Conservatoire of Aix-en-Provence. She then carried on studying at the Schola Cantorum in B\u00e2le with Andreas Staier and Jesper Christensen, before being graced with her soloist certificate. Winner of the &#8222;Juventus Prize&#8220; in 1996, she became, in 2002, the first harpsichord player ever chosen for the &#8222;Victoires de la Musique Classique&#8220;.<\/p>\n<p>It was in 1993 that she started giving recitals and participating to chamber concerts, collaborating with such artists as the bass viol player Juan Manuel Quintana.<\/p>\n<p>Today, she is mainly involved in her activities as a soloist and as a member and director of the Caf\u00e9 Zimmermann orchestra, which she founded with Pablo Valetti in 1998. Thus, she performs as a guest star in the greatest French concert halls, (such as the Th\u00e9\u00e2tre de la Ville, Radio France, the Th\u00e9\u00e2tre du Chatelet in Paris, the various festivals taking place in Ile-de-France or even in Roque d&#8217;Anth\u00e9ron), as well as in Washington, Toronto, Buenos Aires, Seoul, Brussels, Lisboa&#8230;<\/p>\n<p>The international musical press has vividly praised her performances of J.S. Bach&#8217;s pieces. However, she is also inclined to explore 18th century French music, English virginalists works and 17th century German pieces. Moreover, Celine Frisch appreciates experimenting with contemporary creations and 20th century pieces (Ligeti, Dutilleux, Manuel de Falla, Alfred Schnittke, Brice Pauset or Fran\u00e7ois Sarhan&#8230;).<\/p>\n<p>Dedicated to the music of Bach, D\u2019Anglebert or Rameau, her recordings all have been warmly encouraged and praised by the critics and have been graced with the greatest prizes by the specialized press. Indeed, her recording of the Goldberg Variations was awarded the \u201cDiapason d&#8217;or of the year\u201d as well as the &#8222;Choc de l&#8217;ann\u00e9e du Monde de la Musique&#8220;. Her recording of Rameau\u2019s \u201cPi\u00e8ces de clavecin\u201d was awarded a \u201cGrand prix de l\u2019Acad\u00e9mie du disque Charles Cros\u201d, as well as a Choc de Classica and a Diapason d\u2019or. In 2010 she recorded an anthlogy of pieces by the young Bach and precursors, which has also been given a Choc de Classica and a Diapason d\u2019or. Her last recordings with the two books of Well tempered Clavier by J.S. Bach came out in 2015 and 2019 and were awarded with several distinctions (Diapason d\u2019or, Choc de Classica, ffff by Telerama, Disco del mese from the Italian magazine Amadeus and Gramophone UK). Her next recording coming out in Septembre 2021 is dedicated to French repertoire from the Louis XV era.<\/p>\n<\/div><\/section><\/p><\/div><div class=\"flex_column av_one_full  flex_column_div av-zero-column-padding first  avia-builder-el-7  el_after_av_one_full  avia-builder-el-last  column-top-margin\" style='border-radius:0px; '><div class='avia-buttonrow-wrap avia-buttonrow-right   avia-builder-el-8  avia-builder-el-no-sibling  '>\n<a href='https:\/\/online.mdw.ac.at\/mdw_online\/pl\/ui\/$ctx\/visitenkarte.show_vcard?pPersonenId=031CFD0DEC7B6ED2&pPersonenGruppe=3'  class='avia-button  avia-icon_select-no avia-color-theme-color avia-size-small '  target=\"_blank\"  style='margin-bottom:5px; margin-left:5px; ' ><span class='avia_iconbox_title' >Business Card<\/span><\/a>\n<a href='https:\/\/online.mdw.ac.at\/mdw_online\/pl\/ui\/$ctx\/wblvangebot.wbshowlvoffer?ppersonnr=36727'  class='avia-button  avia-icon_select-no avia-color-theme-color avia-size-small '  target=\"_blank\"  style='margin-bottom:5px; margin-left:5px; ' ><span class='avia_iconbox_title' >Courses<\/span><\/a>\n<\/div><\/div><\/p>\n","protected":false},"excerpt":{"rendered":"","protected":false},"author":1,"featured_media":0,"parent":255,"menu_order":0,"comment_status":"closed","ping_status":"closed","template":"","meta":{"_price":"","_stock":"","_tribe_ticket_header":"","_tribe_default_ticket_provider":"","_tribe_ticket_capacity":"0","_ticket_start_date":"","_ticket_end_date":"","_tribe_ticket_show_description":"","_tribe_ticket_show_not_going":false,"_tribe_ticket_use_global_stock":"","_tribe_ticket_global_stock_level":"","_global_stock_mode":"","_global_stock_cap":"","_tribe_rsvp_for_event":"","_tribe_ticket_going_count":"","_tribe_ticket_not_going_count":"","_tribe_tickets_list":"[]","_tribe_ticket_has_attendee_info_fields":false,"footnotes":""},"class_list":["post-8707","page","type-page","status-publish","hentry"],"_links":{"self":[{"href":"https:\/\/mdw.ac.at\/altemusik\/wp-json\/wp\/v2\/pages\/8707","targetHints":{"allow":["GET"]}}],"collection":[{"href":"https:\/\/mdw.ac.at\/altemusik\/wp-json\/wp\/v2\/pages"}],"about":[{"href":"https:\/\/mdw.ac.at\/altemusik\/wp-json\/wp\/v2\/types\/page"}],"author":[{"embeddable":true,"href":"https:\/\/mdw.ac.at\/altemusik\/wp-json\/wp\/v2\/users\/1"}],"replies":[{"embeddable":true,"href":"https:\/\/mdw.ac.at\/altemusik\/wp-json\/wp\/v2\/comments?post=8707"}],"version-history":[{"count":1,"href":"https:\/\/mdw.ac.at\/altemusik\/wp-json\/wp\/v2\/pages\/8707\/revisions"}],"predecessor-version":[{"id":8708,"href":"https:\/\/mdw.ac.at\/altemusik\/wp-json\/wp\/v2\/pages\/8707\/revisions\/8708"}],"up":[{"embeddable":true,"href":"https:\/\/mdw.ac.at\/altemusik\/wp-json\/wp\/v2\/pages\/255"}],"wp:attachment":[{"href":"https:\/\/mdw.ac.at\/altemusik\/wp-json\/wp\/v2\/media?parent=8707"}],"curies":[{"name":"wp","href":"https:\/\/api.w.org\/{rel}","templated":true}]}}