{"id":9940,"date":"2021-07-19T17:03:44","date_gmt":"2021-07-19T15:03:44","guid":{"rendered":"https:\/\/mdw.ac.at\/altemusik\/?page_id=9940"},"modified":"2024-04-29T19:24:33","modified_gmt":"2024-04-29T17:24:33","slug":"iason-marmaras-2","status":"publish","type":"page","link":"https:\/\/mdw.ac.at\/altemusik\/lehrende\/iason-marmaras-2\/","title":{"rendered":"Iason MARMARAS"},"content":{"rendered":"<div class=\"flex_column av_two_fifth  flex_column_div av-zero-column-padding first  avia-builder-el-0  el_before_av_three_fifth  avia-builder-el-first  \" style='border-radius:0px; '><div class='avia-image-container  av-styling-    avia-builder-el-1  avia-builder-el-no-sibling   avia-align-center '  itemprop=\"image\" itemscope=\"itemscope\" itemtype=\"https:\/\/schema.org\/ImageObject\"  ><div class='avia-image-container-inner'><div class='avia-image-overlay-wrap'><a href=\"https:\/\/mdw.ac.at\/altemusik\/blog2\/wp-content\/uploads\/2021\/07\/31C6D192-294C-44F6-B43F-66B56F149909-687x1030.jpeg\" class='avia_image'   data-rel=\"lightbox-image-0\" data-rl_title=\"\" data-rl_caption=\"\"><img class='avia_image ' src='https:\/\/mdw.ac.at\/altemusik\/blog2\/wp-content\/uploads\/2021\/07\/31C6D192-294C-44F6-B43F-66B56F149909-687x1030.jpeg' alt='' title=''  itemprop=\"thumbnailUrl\"  \/><\/a><\/div><\/div><\/div><\/div>\n<div class=\"flex_column av_three_fifth  flex_column_div av-zero-column-padding   avia-builder-el-2  el_after_av_two_fifth  el_before_av_buttonrow  \" style='border-radius:0px; '><section class=\"av_textblock_section \"  itemscope=\"itemscope\" itemtype=\"https:\/\/schema.org\/CreativeWork\" ><div class='avia_textblock  '   itemprop=\"text\" ><h2>Iason MARMARAS<\/h2>\n<\/div><\/section><br \/>\n<section class=\"av_textblock_section \"  itemscope=\"itemscope\" itemtype=\"https:\/\/schema.org\/CreativeWork\" ><div class='avia_textblock  '   itemprop=\"text\" ><h5>Generalbass, Improvisation, Vokalensemble<\/h5>\n<\/div><\/section><br \/>\n<div style='height:20px' class='hr hr-invisible   avia-builder-el-5  el_after_av_textblock  el_before_av_textblock  '><span class='hr-inner ' ><span class='hr-inner-style'><\/span><\/span><\/div><br \/>\n<section class=\"av_textblock_section \"  itemscope=\"itemscope\" itemtype=\"https:\/\/schema.org\/CreativeWork\" ><div class='avia_textblock  '   itemprop=\"text\" ><p dir=\"ltr\">Iason Marmaras ist Tasteninstrumentalist, S\u00e4nger und Dirigent.<\/p>\n<p dir=\"ltr\">Als Solist, S\u00e4nger und Spieler ist er regelm\u00e4\u00dfig Gast bei verschiedenen Ensembles wie etwa Cappella Pratensis (Stratton Bull), La Risonanza (Fabio Bonizzoni), Ex Silentio (Dimitris Kountouras), und Armonia Atenea (George Petrou and Markellos Chryssicos). Auftritte mit diesen &#8211; und anderen &#8211; Ensembles f\u00fchrten ihn an zahlreiche Orte in Europa und Nordamerika.<\/p>\n<p dir=\"ltr\">In seiner T\u00e4tigkeit als leidenschaftlicher Improvisateur und Continuo Spieler ist er Mitglied des Scroll Ensembles, mit dem er ganze Konzerte nach historischem Vorbild improvisiert.<\/p>\n<p dir=\"ltr\">Au\u00dferdem hat er eine besondere Faszination f\u00fcr die Intimit\u00e4t des Solo-Gesangs und h\u00e4lt regelm\u00e4\u00dfig Liederabende ab, bei denen er sich selbst auf dem Fortepiano begleitet oder Renaissance-Lieder in Begleitung seines Freundes, dem Lautenisten Paul Beier, singt.<\/p>\n<p align=\"justify\">Iason ist Gr\u00fcnder und Leiter des Schola Cantorum Sancti Pauli, einem Chor und einer Schule der Polyphonie in Kooperation mit dem Athener Konservatorium und der Anglikanischen Kirche St. Paul in Athen. Er leitete ihre Ensembles, die Cantores &#038; Cappella Sancti Pauli, bei monatlichen Renaissance Choral-Gottesdiensten in der St. Paul-Kirche, bei Lateinischen Renaissance Vespern in der St. Dionysius-Kathedrale in Athen und auch bei anderen Konzerten in Griechenland sowie im Ausland.<\/p>\n<p align=\"justify\">Iason ist Preistr\u00e4ger des 1. Preises der &#8222;First International Basso Continuo and Partimento Realization Competition&#8220; (2019) und des Berliner Bach-Wettbewerbes mit dem Ensemble Chorda Elegans.<\/p>\n<p align=\"justify\">Er studierte Cembalo, Gesang &#8211; Alte Musik und &#8222;Maestro al Cembalo&#8220; am K\u00f6niglichen Konservatorium Den Haag sowie Theorie und Komposition der Alten Musik an der Schola Cantorum Basiliensis in Basel.<\/p>\n<p align=\"justify\">Seit 2017 unterrichtet er Cembalo, Theorie der Alten Musik und Basso Continuo am Zentrum f\u00fcr Alte Musik des Athener Konservatoriums.<\/p>\n<\/div><\/section><\/p><\/div><div class='avia-buttonrow-wrap avia-buttonrow-right   avia-builder-el-7  el_after_av_three_fifth  avia-builder-el-last  '>\n<a href='https:\/\/online.mdw.ac.at\/mdw_online\/pl\/ui\/$ctx\/visitenkarte.show_vcard?pPersonenId=712FE45369F2799B&pPersonenGruppe=3'  class='avia-button  avia-icon_select-no avia-color-theme-color avia-size-small '  target=\"_blank\"  style='margin-bottom:5px; margin-left:5px; ' ><span class='avia_iconbox_title' >Visitenkarte<\/span><\/a>\n<a href=''  class='avia-button  avia-icon_select-no avia-color-theme-color avia-size-small '  target=\"_blank\"  style='margin-bottom:5px; margin-left:5px; ' ><span class='avia_iconbox_title' >Lehrveranstaltungen<\/span><\/a>\n<\/div><\/p>\n","protected":false},"excerpt":{"rendered":"","protected":false},"author":1,"featured_media":0,"parent":257,"menu_order":0,"comment_status":"closed","ping_status":"closed","template":"","meta":{"_price":"","_stock":"","_tribe_ticket_header":"","_tribe_default_ticket_provider":"","_tribe_ticket_capacity":"","_ticket_start_date":"","_ticket_end_date":"","_tribe_ticket_show_description":"","_tribe_ticket_show_not_going":false,"_tribe_ticket_use_global_stock":"","_tribe_ticket_global_stock_level":"","_global_stock_mode":"","_global_stock_cap":"","_tribe_rsvp_for_event":"","_tribe_ticket_going_count":"","_tribe_ticket_not_going_count":"","_tribe_tickets_list":"[]","_tribe_ticket_has_attendee_info_fields":false,"footnotes":""},"class_list":["post-9940","page","type-page","status-publish","hentry"],"_links":{"self":[{"href":"https:\/\/mdw.ac.at\/altemusik\/wp-json\/wp\/v2\/pages\/9940","targetHints":{"allow":["GET"]}}],"collection":[{"href":"https:\/\/mdw.ac.at\/altemusik\/wp-json\/wp\/v2\/pages"}],"about":[{"href":"https:\/\/mdw.ac.at\/altemusik\/wp-json\/wp\/v2\/types\/page"}],"author":[{"embeddable":true,"href":"https:\/\/mdw.ac.at\/altemusik\/wp-json\/wp\/v2\/users\/1"}],"replies":[{"embeddable":true,"href":"https:\/\/mdw.ac.at\/altemusik\/wp-json\/wp\/v2\/comments?post=9940"}],"version-history":[{"count":8,"href":"https:\/\/mdw.ac.at\/altemusik\/wp-json\/wp\/v2\/pages\/9940\/revisions"}],"predecessor-version":[{"id":15327,"href":"https:\/\/mdw.ac.at\/altemusik\/wp-json\/wp\/v2\/pages\/9940\/revisions\/15327"}],"up":[{"embeddable":true,"href":"https:\/\/mdw.ac.at\/altemusik\/wp-json\/wp\/v2\/pages\/257"}],"wp:attachment":[{"href":"https:\/\/mdw.ac.at\/altemusik\/wp-json\/wp\/v2\/media?parent=9940"}],"curies":[{"name":"wp","href":"https:\/\/api.w.org\/{rel}","templated":true}]}}